{"id":24511,"date":"2025-06-27T13:54:37","date_gmt":"2025-06-27T13:54:37","guid":{"rendered":"https:\/\/joyroom.is\/product\/simahaldari-i-bilinn-med-segulfestingu-og-sogskal\/"},"modified":"2026-01-21T12:17:01","modified_gmt":"2026-01-21T12:17:01","slug":"jr-zs501-0","status":"publish","type":"product","link":"https:\/\/joyroom.is\/en\/product\/jr-zs501-0\/","title":{"rendered":"S\u00edmahaldari \u00ed b\u00edlinn me\u00f0 segulfestingu og sogsk\u00e1l"},"content":{"rendered":"<div style=\"width: 1020px;\" class=\"wp-video\"><video class=\"wp-video-shortcode\" id=\"video-24511-1\" width=\"1020\" height=\"574\" preload=\"metadata\" controls=\"controls\"><source type=\"video\/mp4\" src=\"https:\/\/fodurlandid.is\/wp-content\/uploads\/2025\/06\/JR-ZS501-0.mp4?_=1\" \/><a href=\"https:\/\/fodurlandid.is\/wp-content\/uploads\/2025\/06\/JR-ZS501-0.mp4\">https:\/\/fodurlandid.is\/wp-content\/uploads\/2025\/06\/JR-ZS501-0.mp4<\/a><\/video><\/div>\n","protected":false},"excerpt":{"rendered":"<p>\u00d6flugur og sterkur s\u00edmahaldari sem komi\u00f0 er t.d. fyrir \u00e1 r\u00fa\u00f0u e\u00f0a innr\u00e9ttingu b\u00edlsins. Hann er festur me\u00f0 \u00fev\u00ed a\u00f0 sn\u00faa botnstykki til vinstri og leystur me\u00f0 a\u00f0 sn\u00faa til h\u00e6gri. \u00dea\u00f0 m\u00e1 l\u00edka festa hann \u00e1 skrifbor\u00f0, spegil, \u00edssk\u00e1p o.s.frv.<\/p>\n<p>S\u00edmahaldarinn er me\u00f0 segulfestingu sem heldur s\u00edmanum alveg f\u00f6stum vi\u00f0 akstur. H\u00e6gt a\u00f0 sn\u00faa \u00ed 360 gr\u00e1\u00f0ur, leggja ni\u00f0ur og halla til vinstri og h\u00e6gri alveg eftir \u00fe\u00f6rfum b\u00edlstj\u00f3rans. S\u00edmahaldarinn hentar fullkomlega fyrir iPhone 12\/13\/14\/15 og 16 en \u00feessir s\u00edmar eru allir me\u00f0 innbygg\u00f0an MageSafe segul. \u00dea\u00f0 fylgir me\u00f0 segulhringur sem h\u00e6gt er a\u00f0 festa aftan \u00e1 Android s\u00edma e\u00f0a s\u00edmahulstur.<\/p>\n<p>Fr\u00e1b\u00e6r s\u00edmahaldari sem h\u00e6gt er a\u00f0 f\u00e6ra til eftir \u00fe\u00f6rfum og festa n\u00e1nast hvar sem er.<\/p>\n<p>&#8211; Sj\u00e1 myndband af v\u00f6ru ne\u00f0ar \u00e1 \u00feessari s\u00ed\u00f0u<br \/>\n&#8211; Litur: Svartur<br \/>\n&#8211; St\u00e6r\u00f0:<br \/>\n&#8211; \u00deyngd: 94,5g<br \/>\n&#8211; S\u00edmast\u00e6r\u00f0: 4,7&#8243;-7&#8243;<br \/>\n&#8211; MageSafe<br \/>\n&#8211; Efni: PC, TPU, Zinc Alloy<br \/>\n&#8211; Segulhringur fylgir me\u00f0<\/p>\n","protected":false},"featured_media":24503,"template":"","meta":[],"product_brand":[],"product_cat":[434],"product_tag":[],"class_list":{"0":"post-24511","1":"product","2":"type-product","3":"status-publish","4":"has-post-thumbnail","6":"product_cat-simahaldari-i-bil","8":"first","9":"instock","10":"taxable","11":"shipping-taxable","12":"purchasable","13":"product-type-simple"},"yoast_head":"<!-- This site is optimized with the Yoast SEO Premium plugin v21.5 (Yoast SEO v27.4) - https:\/\/yoast.com\/product\/yoast-seo-premium-wordpress\/ -->\n<title>S\u00edmahaldari \u00ed b\u00edlinn me\u00f0 segulfestingu og sogsk\u00e1l | Joyroom<\/title>\n<meta name=\"description\" content=\"\u00d6flugur og sterkur s\u00edmahaldari sem komi\u00f0 er t.d. fyrir \u00e1 r\u00fa\u00f0u e\u00f0a innr\u00e9ttingu b\u00edlsins. Hann er festur me\u00f0 \u00fev\u00ed a\u00f0 sn\u00faa botnstykki til vinstri og leystur me\u00f0 a\u00f0 sn\u00faa til h\u00e6gri. \u00dea\u00f0 m\u00e1 l\u00edka festa hann \u00e1 skrifbor\u00f0, spegil, \u00edssk\u00e1p o.s.frv.  S\u00edmahaldarinn er me\u00f0 segulfestingu sem heldur s\u00edmanum alveg f\u00f6stum vi\u00f0 akstur. H\u00e6gt a\u00f0 sn\u00faa \u00ed 360 gr\u00e1\u00f0ur, leggja ni\u00f0ur og halla til vinstri og h\u00e6gri alveg eftir \u00fe\u00f6rfum b\u00edlstj\u00f3rans. S\u00edmahaldarinn hentar fullkomlega fyrir iPhone 12\/13\/14\/15 og 16 en \u00feessir s\u00edmar eru allir me\u00f0 innbygg\u00f0an MageSafe segul. \u00dea\u00f0 fylgir me\u00f0 segulhringur sem h\u00e6gt er a\u00f0 festa aftan \u00e1 Android s\u00edma e\u00f0a s\u00edmahulstur.  Fr\u00e1b\u00e6r s\u00edmahaldari sem h\u00e6gt er a\u00f0 f\u00e6ra til eftir \u00fe\u00f6rfum og festa n\u00e1nast hvar sem er.  - Sj\u00e1 myndband af v\u00f6ru ne\u00f0ar \u00e1 \u00feessari s\u00ed\u00f0u - Litur: Svartur - St\u00e6r\u00f0: - \u00deyngd: 94,5g - S\u00edmast\u00e6r\u00f0: 4,7&quot;-7&quot; - MageSafe - Efni: PC, TPU, Zinc Alloy - Segulhringur fylgir me\u00f0\" \/>\n<meta name=\"robots\" content=\"index, follow, max-snippet:-1, max-image-preview:large, max-video-preview:-1\" \/>\n<link rel=\"canonical\" href=\"https:\/\/joyroom.is\/vara\/jr-zs501-0\/\" \/>\n<meta property=\"og:locale\" content=\"en_US\" \/>\n<meta property=\"og:type\" content=\"article\" \/>\n<meta property=\"og:title\" content=\"S\u00edmahaldari \u00ed b\u00edlinn me\u00f0 segulfestingu og sogsk\u00e1l\" \/>\n<meta property=\"og:description\" content=\"\u00d6flugur og sterkur s\u00edmahaldari sem komi\u00f0 er t.d. fyrir \u00e1 r\u00fa\u00f0u e\u00f0a innr\u00e9ttingu b\u00edlsins. Hann er festur me\u00f0 \u00fev\u00ed a\u00f0 sn\u00faa botnstykki til vinstri og leystur me\u00f0 a\u00f0 sn\u00faa til h\u00e6gri. \u00dea\u00f0 m\u00e1 l\u00edka festa hann \u00e1 skrifbor\u00f0, spegil, \u00edssk\u00e1p o.s.frv.  S\u00edmahaldarinn er me\u00f0 segulfestingu sem heldur s\u00edmanum alveg f\u00f6stum vi\u00f0 akstur. H\u00e6gt a\u00f0 sn\u00faa \u00ed 360 gr\u00e1\u00f0ur, leggja ni\u00f0ur og halla til vinstri og h\u00e6gri alveg eftir \u00fe\u00f6rfum b\u00edlstj\u00f3rans. S\u00edmahaldarinn hentar fullkomlega fyrir iPhone 12\/13\/14\/15 og 16 en \u00feessir s\u00edmar eru allir me\u00f0 innbygg\u00f0an MageSafe segul. \u00dea\u00f0 fylgir me\u00f0 segulhringur sem h\u00e6gt er a\u00f0 festa aftan \u00e1 Android s\u00edma e\u00f0a s\u00edmahulstur.  Fr\u00e1b\u00e6r s\u00edmahaldari sem h\u00e6gt er a\u00f0 f\u00e6ra til eftir \u00fe\u00f6rfum og festa n\u00e1nast hvar sem er.  - Sj\u00e1 myndband af v\u00f6ru ne\u00f0ar \u00e1 \u00feessari s\u00ed\u00f0u - Litur: Svartur - St\u00e6r\u00f0: - \u00deyngd: 94,5g - S\u00edmast\u00e6r\u00f0: 4,7&quot;-7&quot; - MageSafe - Efni: PC, TPU, Zinc Alloy - Segulhringur fylgir me\u00f0\" \/>\n<meta property=\"og:url\" content=\"https:\/\/joyroom.is\/vara\/jr-zs501-0\/\" \/>\n<meta property=\"og:site_name\" content=\"Joyroom\" \/>\n<meta property=\"article:modified_time\" content=\"2026-01-21T12:17:01+00:00\" \/>\n<meta property=\"og:image\" content=\"https:\/\/joyroom.is\/wp-content\/uploads\/2025\/06\/JR-ZS501-0.jpg\" \/>\n\t<meta property=\"og:image:width\" content=\"600\" \/>\n\t<meta property=\"og:image:height\" content=\"600\" \/>\n\t<meta property=\"og:image:type\" content=\"image\/jpeg\" \/>\n<meta name=\"twitter:card\" content=\"summary_large_image\" \/>\n<meta name=\"twitter:label1\" content=\"Est. reading time\" \/>\n\t<meta name=\"twitter:data1\" content=\"1 minute\" \/>\n<script type=\"application\/ld+json\" class=\"yoast-schema-graph\">{\"@context\":\"https:\\\/\\\/schema.org\",\"@graph\":[{\"@type\":\"WebPage\",\"@id\":\"https:\\\/\\\/joyroom.is\\\/vara\\\/jr-zs501-0\\\/\",\"url\":\"https:\\\/\\\/joyroom.is\\\/vara\\\/jr-zs501-0\\\/\",\"name\":\"S\u00edmahaldari \u00ed b\u00edlinn me\u00f0 segulfestingu og sogsk\u00e1l | Joyroom\",\"isPartOf\":{\"@id\":\"https:\\\/\\\/joyroom.is\\\/#website\"},\"primaryImageOfPage\":{\"@id\":\"https:\\\/\\\/joyroom.is\\\/vara\\\/jr-zs501-0\\\/#primaryimage\"},\"image\":{\"@id\":\"https:\\\/\\\/joyroom.is\\\/vara\\\/jr-zs501-0\\\/#primaryimage\"},\"thumbnailUrl\":\"https:\\\/\\\/joyroom.is\\\/wp-content\\\/uploads\\\/2025\\\/06\\\/JR-ZS501-0.jpg\",\"datePublished\":\"2025-06-27T13:54:37+00:00\",\"dateModified\":\"2026-01-21T12:17:01+00:00\",\"description\":\"\u00d6flugur og sterkur s\u00edmahaldari sem komi\u00f0 er t.d. fyrir \u00e1 r\u00fa\u00f0u e\u00f0a innr\u00e9ttingu b\u00edlsins. Hann er festur me\u00f0 \u00fev\u00ed a\u00f0 sn\u00faa botnstykki til vinstri og leystur me\u00f0 a\u00f0 sn\u00faa til h\u00e6gri. \u00dea\u00f0 m\u00e1 l\u00edka festa hann \u00e1 skrifbor\u00f0, spegil, \u00edssk\u00e1p o.s.frv. S\u00edmahaldarinn er me\u00f0 segulfestingu sem heldur s\u00edmanum alveg f\u00f6stum vi\u00f0 akstur. H\u00e6gt a\u00f0 sn\u00faa \u00ed 360 gr\u00e1\u00f0ur, leggja ni\u00f0ur og halla til vinstri og h\u00e6gri alveg eftir \u00fe\u00f6rfum b\u00edlstj\u00f3rans. S\u00edmahaldarinn hentar fullkomlega fyrir iPhone 12\\\/13\\\/14\\\/15 og 16 en \u00feessir s\u00edmar eru allir me\u00f0 innbygg\u00f0an MageSafe segul. \u00dea\u00f0 fylgir me\u00f0 segulhringur sem h\u00e6gt er a\u00f0 festa aftan \u00e1 Android s\u00edma e\u00f0a s\u00edmahulstur. Fr\u00e1b\u00e6r s\u00edmahaldari sem h\u00e6gt er a\u00f0 f\u00e6ra til eftir \u00fe\u00f6rfum og festa n\u00e1nast hvar sem er. - Sj\u00e1 myndband af v\u00f6ru ne\u00f0ar \u00e1 \u00feessari s\u00ed\u00f0u - Litur: Svartur - St\u00e6r\u00f0: - \u00deyngd: 94,5g - S\u00edmast\u00e6r\u00f0: 4,7\\\"-7\\\" - MageSafe - Efni: PC, TPU, Zinc Alloy - Segulhringur fylgir me\u00f0\",\"breadcrumb\":{\"@id\":\"https:\\\/\\\/joyroom.is\\\/vara\\\/jr-zs501-0\\\/#breadcrumb\"},\"inLanguage\":\"en-US\",\"potentialAction\":[{\"@type\":\"ReadAction\",\"target\":[\"https:\\\/\\\/joyroom.is\\\/vara\\\/jr-zs501-0\\\/\"]}]},{\"@type\":\"ImageObject\",\"inLanguage\":\"en-US\",\"@id\":\"https:\\\/\\\/joyroom.is\\\/vara\\\/jr-zs501-0\\\/#primaryimage\",\"url\":\"https:\\\/\\\/joyroom.is\\\/wp-content\\\/uploads\\\/2025\\\/06\\\/JR-ZS501-0.jpg\",\"contentUrl\":\"https:\\\/\\\/joyroom.is\\\/wp-content\\\/uploads\\\/2025\\\/06\\\/JR-ZS501-0.jpg\",\"width\":600,\"height\":600},{\"@type\":\"BreadcrumbList\",\"@id\":\"https:\\\/\\\/joyroom.is\\\/vara\\\/jr-zs501-0\\\/#breadcrumb\",\"itemListElement\":[{\"@type\":\"ListItem\",\"position\":1,\"name\":\"Home\",\"item\":\"https:\\\/\\\/joyroom.is\\\/\"},{\"@type\":\"ListItem\",\"position\":2,\"name\":\"Shop\",\"item\":\"https:\\\/\\\/www.vorulagerinn.is\\\/heildsala\\\/en\\\/shop\\\/\"},{\"@type\":\"ListItem\",\"position\":3,\"name\":\"S\u00edmahaldari \u00ed b\u00edlinn me\u00f0 segulfestingu og sogsk\u00e1l\"}]},{\"@type\":\"WebSite\",\"@id\":\"https:\\\/\\\/joyroom.is\\\/#website\",\"url\":\"https:\\\/\\\/joyroom.is\\\/\",\"name\":\"Joyroom \u00e1 \u00cdslandi\",\"description\":\"Vali&eth; er einfalt\",\"publisher\":{\"@id\":\"https:\\\/\\\/joyroom.is\\\/#organization\"},\"alternateName\":\"Joyroom\",\"potentialAction\":[{\"@type\":\"SearchAction\",\"target\":{\"@type\":\"EntryPoint\",\"urlTemplate\":\"https:\\\/\\\/joyroom.is\\\/?s={search_term_string}\"},\"query-input\":{\"@type\":\"PropertyValueSpecification\",\"valueRequired\":true,\"valueName\":\"search_term_string\"}}],\"inLanguage\":\"en-US\"},{\"@type\":\"Organization\",\"@id\":\"https:\\\/\\\/joyroom.is\\\/#organization\",\"name\":\"Joyroom \u00e1 \u00cdslandi\",\"alternateName\":\"Joyroom\",\"url\":\"https:\\\/\\\/joyroom.is\\\/\",\"logo\":{\"@type\":\"ImageObject\",\"inLanguage\":\"en-US\",\"@id\":\"https:\\\/\\\/joyroom.is\\\/#\\\/schema\\\/logo\\\/image\\\/\",\"url\":\"https:\\\/\\\/joyroom.is\\\/wp-content\\\/uploads\\\/2024\\\/08\\\/JR.jpg\",\"contentUrl\":\"https:\\\/\\\/joyroom.is\\\/wp-content\\\/uploads\\\/2024\\\/08\\\/JR.jpg\",\"width\":1200,\"height\":1200,\"caption\":\"Joyroom \u00e1 \u00cdslandi\"},\"image\":{\"@id\":\"https:\\\/\\\/joyroom.is\\\/#\\\/schema\\\/logo\\\/image\\\/\"}}]}<\/script>\n<!-- \/ Yoast SEO Premium plugin. -->","yoast_head_json":{"title":"S\u00edmahaldari \u00ed b\u00edlinn me\u00f0 segulfestingu og sogsk\u00e1l | Joyroom","description":"\u00d6flugur og sterkur s\u00edmahaldari sem komi\u00f0 er t.d. fyrir \u00e1 r\u00fa\u00f0u e\u00f0a innr\u00e9ttingu b\u00edlsins. Hann er festur me\u00f0 \u00fev\u00ed a\u00f0 sn\u00faa botnstykki til vinstri og leystur me\u00f0 a\u00f0 sn\u00faa til h\u00e6gri. \u00dea\u00f0 m\u00e1 l\u00edka festa hann \u00e1 skrifbor\u00f0, spegil, \u00edssk\u00e1p o.s.frv.  S\u00edmahaldarinn er me\u00f0 segulfestingu sem heldur s\u00edmanum alveg f\u00f6stum vi\u00f0 akstur. H\u00e6gt a\u00f0 sn\u00faa \u00ed 360 gr\u00e1\u00f0ur, leggja ni\u00f0ur og halla til vinstri og h\u00e6gri alveg eftir \u00fe\u00f6rfum b\u00edlstj\u00f3rans. S\u00edmahaldarinn hentar fullkomlega fyrir iPhone 12\/13\/14\/15 og 16 en \u00feessir s\u00edmar eru allir me\u00f0 innbygg\u00f0an MageSafe segul. \u00dea\u00f0 fylgir me\u00f0 segulhringur sem h\u00e6gt er a\u00f0 festa aftan \u00e1 Android s\u00edma e\u00f0a s\u00edmahulstur.  Fr\u00e1b\u00e6r s\u00edmahaldari sem h\u00e6gt er a\u00f0 f\u00e6ra til eftir \u00fe\u00f6rfum og festa n\u00e1nast hvar sem er.  - Sj\u00e1 myndband af v\u00f6ru ne\u00f0ar \u00e1 \u00feessari s\u00ed\u00f0u - Litur: Svartur - St\u00e6r\u00f0: - \u00deyngd: 94,5g - S\u00edmast\u00e6r\u00f0: 4,7\"-7\" - MageSafe - Efni: PC, TPU, Zinc Alloy - Segulhringur fylgir me\u00f0","robots":{"index":"index","follow":"follow","max-snippet":"max-snippet:-1","max-image-preview":"max-image-preview:large","max-video-preview":"max-video-preview:-1"},"canonical":"https:\/\/joyroom.is\/vara\/jr-zs501-0\/","og_locale":"en_US","og_type":"article","og_title":"S\u00edmahaldari \u00ed b\u00edlinn me\u00f0 segulfestingu og sogsk\u00e1l","og_description":"\u00d6flugur og sterkur s\u00edmahaldari sem komi\u00f0 er t.d. fyrir \u00e1 r\u00fa\u00f0u e\u00f0a innr\u00e9ttingu b\u00edlsins. Hann er festur me\u00f0 \u00fev\u00ed a\u00f0 sn\u00faa botnstykki til vinstri og leystur me\u00f0 a\u00f0 sn\u00faa til h\u00e6gri. \u00dea\u00f0 m\u00e1 l\u00edka festa hann \u00e1 skrifbor\u00f0, spegil, \u00edssk\u00e1p o.s.frv.  S\u00edmahaldarinn er me\u00f0 segulfestingu sem heldur s\u00edmanum alveg f\u00f6stum vi\u00f0 akstur. H\u00e6gt a\u00f0 sn\u00faa \u00ed 360 gr\u00e1\u00f0ur, leggja ni\u00f0ur og halla til vinstri og h\u00e6gri alveg eftir \u00fe\u00f6rfum b\u00edlstj\u00f3rans. S\u00edmahaldarinn hentar fullkomlega fyrir iPhone 12\/13\/14\/15 og 16 en \u00feessir s\u00edmar eru allir me\u00f0 innbygg\u00f0an MageSafe segul. \u00dea\u00f0 fylgir me\u00f0 segulhringur sem h\u00e6gt er a\u00f0 festa aftan \u00e1 Android s\u00edma e\u00f0a s\u00edmahulstur.  Fr\u00e1b\u00e6r s\u00edmahaldari sem h\u00e6gt er a\u00f0 f\u00e6ra til eftir \u00fe\u00f6rfum og festa n\u00e1nast hvar sem er.  - Sj\u00e1 myndband af v\u00f6ru ne\u00f0ar \u00e1 \u00feessari s\u00ed\u00f0u - Litur: Svartur - St\u00e6r\u00f0: - \u00deyngd: 94,5g - S\u00edmast\u00e6r\u00f0: 4,7\"-7\" - MageSafe - Efni: PC, TPU, Zinc Alloy - Segulhringur fylgir me\u00f0","og_url":"https:\/\/joyroom.is\/vara\/jr-zs501-0\/","og_site_name":"Joyroom","article_modified_time":"2026-01-21T12:17:01+00:00","og_image":[{"width":600,"height":600,"url":"https:\/\/joyroom.is\/wp-content\/uploads\/2025\/06\/JR-ZS501-0.jpg","type":"image\/jpeg"}],"twitter_card":"summary_large_image","twitter_misc":{"Est. reading time":"1 minute"},"schema":{"@context":"https:\/\/schema.org","@graph":[{"@type":"WebPage","@id":"https:\/\/joyroom.is\/vara\/jr-zs501-0\/","url":"https:\/\/joyroom.is\/vara\/jr-zs501-0\/","name":"S\u00edmahaldari \u00ed b\u00edlinn me\u00f0 segulfestingu og sogsk\u00e1l | Joyroom","isPartOf":{"@id":"https:\/\/joyroom.is\/#website"},"primaryImageOfPage":{"@id":"https:\/\/joyroom.is\/vara\/jr-zs501-0\/#primaryimage"},"image":{"@id":"https:\/\/joyroom.is\/vara\/jr-zs501-0\/#primaryimage"},"thumbnailUrl":"https:\/\/joyroom.is\/wp-content\/uploads\/2025\/06\/JR-ZS501-0.jpg","datePublished":"2025-06-27T13:54:37+00:00","dateModified":"2026-01-21T12:17:01+00:00","description":"\u00d6flugur og sterkur s\u00edmahaldari sem komi\u00f0 er t.d. fyrir \u00e1 r\u00fa\u00f0u e\u00f0a innr\u00e9ttingu b\u00edlsins. Hann er festur me\u00f0 \u00fev\u00ed a\u00f0 sn\u00faa botnstykki til vinstri og leystur me\u00f0 a\u00f0 sn\u00faa til h\u00e6gri. \u00dea\u00f0 m\u00e1 l\u00edka festa hann \u00e1 skrifbor\u00f0, spegil, \u00edssk\u00e1p o.s.frv. S\u00edmahaldarinn er me\u00f0 segulfestingu sem heldur s\u00edmanum alveg f\u00f6stum vi\u00f0 akstur. H\u00e6gt a\u00f0 sn\u00faa \u00ed 360 gr\u00e1\u00f0ur, leggja ni\u00f0ur og halla til vinstri og h\u00e6gri alveg eftir \u00fe\u00f6rfum b\u00edlstj\u00f3rans. S\u00edmahaldarinn hentar fullkomlega fyrir iPhone 12\/13\/14\/15 og 16 en \u00feessir s\u00edmar eru allir me\u00f0 innbygg\u00f0an MageSafe segul. \u00dea\u00f0 fylgir me\u00f0 segulhringur sem h\u00e6gt er a\u00f0 festa aftan \u00e1 Android s\u00edma e\u00f0a s\u00edmahulstur. Fr\u00e1b\u00e6r s\u00edmahaldari sem h\u00e6gt er a\u00f0 f\u00e6ra til eftir \u00fe\u00f6rfum og festa n\u00e1nast hvar sem er. - Sj\u00e1 myndband af v\u00f6ru ne\u00f0ar \u00e1 \u00feessari s\u00ed\u00f0u - Litur: Svartur - St\u00e6r\u00f0: - \u00deyngd: 94,5g - S\u00edmast\u00e6r\u00f0: 4,7\"-7\" - MageSafe - Efni: PC, TPU, Zinc Alloy - Segulhringur fylgir me\u00f0","breadcrumb":{"@id":"https:\/\/joyroom.is\/vara\/jr-zs501-0\/#breadcrumb"},"inLanguage":"en-US","potentialAction":[{"@type":"ReadAction","target":["https:\/\/joyroom.is\/vara\/jr-zs501-0\/"]}]},{"@type":"ImageObject","inLanguage":"en-US","@id":"https:\/\/joyroom.is\/vara\/jr-zs501-0\/#primaryimage","url":"https:\/\/joyroom.is\/wp-content\/uploads\/2025\/06\/JR-ZS501-0.jpg","contentUrl":"https:\/\/joyroom.is\/wp-content\/uploads\/2025\/06\/JR-ZS501-0.jpg","width":600,"height":600},{"@type":"BreadcrumbList","@id":"https:\/\/joyroom.is\/vara\/jr-zs501-0\/#breadcrumb","itemListElement":[{"@type":"ListItem","position":1,"name":"Home","item":"https:\/\/joyroom.is\/"},{"@type":"ListItem","position":2,"name":"Shop","item":"https:\/\/www.vorulagerinn.is\/heildsala\/en\/shop\/"},{"@type":"ListItem","position":3,"name":"S\u00edmahaldari \u00ed b\u00edlinn me\u00f0 segulfestingu og sogsk\u00e1l"}]},{"@type":"WebSite","@id":"https:\/\/joyroom.is\/#website","url":"https:\/\/joyroom.is\/","name":"Joyroom \u00e1 \u00cdslandi","description":"Vali&eth; er einfalt","publisher":{"@id":"https:\/\/joyroom.is\/#organization"},"alternateName":"Joyroom","potentialAction":[{"@type":"SearchAction","target":{"@type":"EntryPoint","urlTemplate":"https:\/\/joyroom.is\/?s={search_term_string}"},"query-input":{"@type":"PropertyValueSpecification","valueRequired":true,"valueName":"search_term_string"}}],"inLanguage":"en-US"},{"@type":"Organization","@id":"https:\/\/joyroom.is\/#organization","name":"Joyroom \u00e1 \u00cdslandi","alternateName":"Joyroom","url":"https:\/\/joyroom.is\/","logo":{"@type":"ImageObject","inLanguage":"en-US","@id":"https:\/\/joyroom.is\/#\/schema\/logo\/image\/","url":"https:\/\/joyroom.is\/wp-content\/uploads\/2024\/08\/JR.jpg","contentUrl":"https:\/\/joyroom.is\/wp-content\/uploads\/2024\/08\/JR.jpg","width":1200,"height":1200,"caption":"Joyroom \u00e1 \u00cdslandi"},"image":{"@id":"https:\/\/joyroom.is\/#\/schema\/logo\/image\/"}}]}},"_links":{"self":[{"href":"https:\/\/joyroom.is\/en\/wp-json\/wp\/v2\/product\/24511","targetHints":{"allow":["GET"]}}],"collection":[{"href":"https:\/\/joyroom.is\/en\/wp-json\/wp\/v2\/product"}],"about":[{"href":"https:\/\/joyroom.is\/en\/wp-json\/wp\/v2\/types\/product"}],"wp:featuredmedia":[{"embeddable":true,"href":"https:\/\/joyroom.is\/en\/wp-json\/wp\/v2\/media\/24503"}],"wp:attachment":[{"href":"https:\/\/joyroom.is\/en\/wp-json\/wp\/v2\/media?parent=24511"}],"wp:term":[{"taxonomy":"product_brand","embeddable":true,"href":"https:\/\/joyroom.is\/en\/wp-json\/wp\/v2\/product_brand?post=24511"},{"taxonomy":"product_cat","embeddable":true,"href":"https:\/\/joyroom.is\/en\/wp-json\/wp\/v2\/product_cat?post=24511"},{"taxonomy":"product_tag","embeddable":true,"href":"https:\/\/joyroom.is\/en\/wp-json\/wp\/v2\/product_tag?post=24511"}],"curies":[{"name":"wp","href":"https:\/\/api.w.org\/{rel}","templated":true}]}}