{"id":24644,"date":"2025-07-27T11:55:36","date_gmt":"2025-07-27T11:55:36","guid":{"rendered":"https:\/\/joyroom.is\/product\/jr-ep1\/"},"modified":"2026-02-15T17:51:53","modified_gmt":"2026-02-15T17:51:53","slug":"jr-ep1","status":"publish","type":"product","link":"https:\/\/joyroom.is\/en\/product\/jr-ep1\/","title":{"rendered":"Heyrnart\u00f3l me\u00f0 fjarst\u00fdringu \u00e1 sn\u00faru me\u00f0 \u00f6flugum bassa &amp; t\u00e6rum hlj\u00f3mum"},"content":{"rendered":"","protected":false},"excerpt":{"rendered":"<p>Heyrnart\u00f3lin eru l\u00e9tt og einf\u00f6ld \u00ed notkun. \u00deau eru me\u00f0 n\u00e6man hlj\u00f3\u00f0nema og fjarst\u00fdringu \u00e1 sn\u00faru til a\u00f0 skipta um l\u00f6g, svara s\u00edmt\u00f6lum, h\u00e6kka og l\u00e6kka \u00ed hlj\u00f3\u00f0i. Tapparnir falla \u00fe\u00e6ginlega a\u00f0 eyra og skila t\u00e6rum hlj\u00f3mum (\u00f6flugur bassi). S\u00edmt\u00f6l eru \u00ed HD. \u00dea\u00f0 er upplagt a\u00f0 nota heyrnart\u00f3lin til a\u00f0 hlusta \u00e1 t\u00f3nlist, horfa \u00e1 YouTube, kvikmyndir e\u00f0a til a\u00f0 spila t\u00f6lvuleiki. \u00de\u00e1 koma \u00feau a\u00f0 g\u00f3\u00f0um notkum \u00feegar horft er \u00e1 af\u00fereyingu \u00ed Icelandair flugv\u00e9l til og fr\u00e1 \u00cdslandi.<\/p>\n<p>\u2013 Litur: Hv\u00edtur<br \/>\n\u2013 \u00deyngd: 46,5g<br \/>\n\u2013 Sn\u00fara: 1,2 metrar<br \/>\n\u2013 Tengi: 3.5mm jack<br \/>\n\u2013 Vottun: CE, ROHS og FCC<\/p>\n","protected":false},"featured_media":24545,"template":"","meta":[],"product_brand":[418],"product_cat":[424],"product_tag":[],"class_list":{"0":"post-24644","1":"product","2":"type-product","3":"status-publish","4":"has-post-thumbnail","6":"product_brand-joyroom","7":"product_cat-i-eyru-in-ear","9":"first","10":"instock","11":"taxable","12":"shipping-taxable","13":"purchasable","14":"product-type-simple"},"yoast_head":"<!-- This site is optimized with the Yoast SEO Premium plugin v21.5 (Yoast SEO v27.4) - https:\/\/yoast.com\/product\/yoast-seo-premium-wordpress\/ -->\n<title>Heyrnart\u00f3l me\u00f0 fjarst\u00fdringu \u00e1 sn\u00faru | \u00d6flugur bassi &amp; t\u00e6rir hlj\u00f3mar<\/title>\n<meta name=\"description\" content=\"N\u00e6mur hlj\u00f3\u00f0nemi og fjarst\u00fdring \u00e1 sn\u00faru til a\u00f0 skipta um l\u00f6g, svara s\u00edmt\u00f6lum, h\u00e6kka og l\u00e6kka \u00ed hlj\u00f3\u00f0i. Tapparnir falla \u00fe\u00e6ginlega a\u00f0 eyra. S\u00edmt\u00f6l eru \u00ed HD.\" \/>\n<meta name=\"robots\" content=\"index, follow, max-snippet:-1, max-image-preview:large, max-video-preview:-1\" \/>\n<link rel=\"canonical\" href=\"https:\/\/joyroom.is\/vara\/jr-ep1\/\" \/>\n<meta property=\"og:locale\" content=\"en_US\" \/>\n<meta property=\"og:type\" content=\"article\" \/>\n<meta property=\"og:title\" content=\"Heyrnart\u00f3l me\u00f0 fjarst\u00fdringu \u00e1 sn\u00faru me\u00f0 \u00f6flugum bassa &amp; t\u00e6rum hlj\u00f3mum\" \/>\n<meta property=\"og:description\" content=\"N\u00e6mur hlj\u00f3\u00f0nemi og fjarst\u00fdring \u00e1 sn\u00faru til a\u00f0 skipta um l\u00f6g, svara s\u00edmt\u00f6lum, h\u00e6kka og l\u00e6kka \u00ed hlj\u00f3\u00f0i. Tapparnir falla \u00fe\u00e6ginlega a\u00f0 eyra. S\u00edmt\u00f6l eru \u00ed HD.\" \/>\n<meta property=\"og:url\" content=\"https:\/\/joyroom.is\/vara\/jr-ep1\/\" \/>\n<meta property=\"og:site_name\" content=\"Joyroom\" \/>\n<meta property=\"article:modified_time\" content=\"2026-02-15T17:51:53+00:00\" \/>\n<meta property=\"og:image\" content=\"https:\/\/joyroom.is\/wp-content\/uploads\/2025\/07\/jr-ep1.jpg\" \/>\n\t<meta property=\"og:image:width\" content=\"600\" \/>\n\t<meta property=\"og:image:height\" content=\"600\" \/>\n\t<meta property=\"og:image:type\" content=\"image\/jpeg\" \/>\n<meta name=\"twitter:card\" content=\"summary_large_image\" \/>\n<meta name=\"twitter:label1\" content=\"Est. reading time\" \/>\n\t<meta name=\"twitter:data1\" content=\"1 minute\" \/>\n<script type=\"application\/ld+json\" class=\"yoast-schema-graph\">{\"@context\":\"https:\\\/\\\/schema.org\",\"@graph\":[{\"@type\":\"WebPage\",\"@id\":\"https:\\\/\\\/joyroom.is\\\/vara\\\/jr-ep1\\\/\",\"url\":\"https:\\\/\\\/joyroom.is\\\/vara\\\/jr-ep1\\\/\",\"name\":\"Heyrnart\u00f3l me\u00f0 fjarst\u00fdringu \u00e1 sn\u00faru | \u00d6flugur bassi & t\u00e6rir hlj\u00f3mar\",\"isPartOf\":{\"@id\":\"https:\\\/\\\/joyroom.is\\\/#website\"},\"primaryImageOfPage\":{\"@id\":\"https:\\\/\\\/joyroom.is\\\/vara\\\/jr-ep1\\\/#primaryimage\"},\"image\":{\"@id\":\"https:\\\/\\\/joyroom.is\\\/vara\\\/jr-ep1\\\/#primaryimage\"},\"thumbnailUrl\":\"https:\\\/\\\/joyroom.is\\\/wp-content\\\/uploads\\\/2025\\\/07\\\/jr-ep1.jpg\",\"datePublished\":\"2025-07-27T11:55:36+00:00\",\"dateModified\":\"2026-02-15T17:51:53+00:00\",\"description\":\"N\u00e6mur hlj\u00f3\u00f0nemi og fjarst\u00fdring \u00e1 sn\u00faru til a\u00f0 skipta um l\u00f6g, svara s\u00edmt\u00f6lum, h\u00e6kka og l\u00e6kka \u00ed hlj\u00f3\u00f0i. Tapparnir falla \u00fe\u00e6ginlega a\u00f0 eyra. S\u00edmt\u00f6l eru \u00ed HD.\",\"breadcrumb\":{\"@id\":\"https:\\\/\\\/joyroom.is\\\/vara\\\/jr-ep1\\\/#breadcrumb\"},\"inLanguage\":\"en-US\",\"potentialAction\":[{\"@type\":\"ReadAction\",\"target\":[\"https:\\\/\\\/joyroom.is\\\/vara\\\/jr-ep1\\\/\"]}]},{\"@type\":\"ImageObject\",\"inLanguage\":\"en-US\",\"@id\":\"https:\\\/\\\/joyroom.is\\\/vara\\\/jr-ep1\\\/#primaryimage\",\"url\":\"https:\\\/\\\/joyroom.is\\\/wp-content\\\/uploads\\\/2025\\\/07\\\/jr-ep1.jpg\",\"contentUrl\":\"https:\\\/\\\/joyroom.is\\\/wp-content\\\/uploads\\\/2025\\\/07\\\/jr-ep1.jpg\",\"width\":600,\"height\":600},{\"@type\":\"BreadcrumbList\",\"@id\":\"https:\\\/\\\/joyroom.is\\\/vara\\\/jr-ep1\\\/#breadcrumb\",\"itemListElement\":[{\"@type\":\"ListItem\",\"position\":1,\"name\":\"Home\",\"item\":\"https:\\\/\\\/joyroom.is\\\/\"},{\"@type\":\"ListItem\",\"position\":2,\"name\":\"Shop\",\"item\":\"https:\\\/\\\/www.vorulagerinn.is\\\/heildsala\\\/en\\\/shop\\\/\"},{\"@type\":\"ListItem\",\"position\":3,\"name\":\"Heyrnart\u00f3l me\u00f0 fjarst\u00fdringu \u00e1 sn\u00faru me\u00f0 \u00f6flugum bassa &amp; t\u00e6rum hlj\u00f3mum\"}]},{\"@type\":\"WebSite\",\"@id\":\"https:\\\/\\\/joyroom.is\\\/#website\",\"url\":\"https:\\\/\\\/joyroom.is\\\/\",\"name\":\"Joyroom \u00e1 \u00cdslandi\",\"description\":\"Vali&eth; er einfalt\",\"publisher\":{\"@id\":\"https:\\\/\\\/joyroom.is\\\/#organization\"},\"alternateName\":\"Joyroom\",\"potentialAction\":[{\"@type\":\"SearchAction\",\"target\":{\"@type\":\"EntryPoint\",\"urlTemplate\":\"https:\\\/\\\/joyroom.is\\\/?s={search_term_string}\"},\"query-input\":{\"@type\":\"PropertyValueSpecification\",\"valueRequired\":true,\"valueName\":\"search_term_string\"}}],\"inLanguage\":\"en-US\"},{\"@type\":\"Organization\",\"@id\":\"https:\\\/\\\/joyroom.is\\\/#organization\",\"name\":\"Joyroom \u00e1 \u00cdslandi\",\"alternateName\":\"Joyroom\",\"url\":\"https:\\\/\\\/joyroom.is\\\/\",\"logo\":{\"@type\":\"ImageObject\",\"inLanguage\":\"en-US\",\"@id\":\"https:\\\/\\\/joyroom.is\\\/#\\\/schema\\\/logo\\\/image\\\/\",\"url\":\"https:\\\/\\\/joyroom.is\\\/wp-content\\\/uploads\\\/2024\\\/08\\\/JR.jpg\",\"contentUrl\":\"https:\\\/\\\/joyroom.is\\\/wp-content\\\/uploads\\\/2024\\\/08\\\/JR.jpg\",\"width\":1200,\"height\":1200,\"caption\":\"Joyroom \u00e1 \u00cdslandi\"},\"image\":{\"@id\":\"https:\\\/\\\/joyroom.is\\\/#\\\/schema\\\/logo\\\/image\\\/\"}}]}<\/script>\n<!-- \/ Yoast SEO Premium plugin. -->","yoast_head_json":{"title":"Heyrnart\u00f3l me\u00f0 fjarst\u00fdringu \u00e1 sn\u00faru | \u00d6flugur bassi & t\u00e6rir hlj\u00f3mar","description":"N\u00e6mur hlj\u00f3\u00f0nemi og fjarst\u00fdring \u00e1 sn\u00faru til a\u00f0 skipta um l\u00f6g, svara s\u00edmt\u00f6lum, h\u00e6kka og l\u00e6kka \u00ed hlj\u00f3\u00f0i. Tapparnir falla \u00fe\u00e6ginlega a\u00f0 eyra. S\u00edmt\u00f6l eru \u00ed HD.","robots":{"index":"index","follow":"follow","max-snippet":"max-snippet:-1","max-image-preview":"max-image-preview:large","max-video-preview":"max-video-preview:-1"},"canonical":"https:\/\/joyroom.is\/vara\/jr-ep1\/","og_locale":"en_US","og_type":"article","og_title":"Heyrnart\u00f3l me\u00f0 fjarst\u00fdringu \u00e1 sn\u00faru me\u00f0 \u00f6flugum bassa &amp; t\u00e6rum hlj\u00f3mum","og_description":"N\u00e6mur hlj\u00f3\u00f0nemi og fjarst\u00fdring \u00e1 sn\u00faru til a\u00f0 skipta um l\u00f6g, svara s\u00edmt\u00f6lum, h\u00e6kka og l\u00e6kka \u00ed hlj\u00f3\u00f0i. Tapparnir falla \u00fe\u00e6ginlega a\u00f0 eyra. S\u00edmt\u00f6l eru \u00ed HD.","og_url":"https:\/\/joyroom.is\/vara\/jr-ep1\/","og_site_name":"Joyroom","article_modified_time":"2026-02-15T17:51:53+00:00","og_image":[{"width":600,"height":600,"url":"https:\/\/joyroom.is\/wp-content\/uploads\/2025\/07\/jr-ep1.jpg","type":"image\/jpeg"}],"twitter_card":"summary_large_image","twitter_misc":{"Est. reading time":"1 minute"},"schema":{"@context":"https:\/\/schema.org","@graph":[{"@type":"WebPage","@id":"https:\/\/joyroom.is\/vara\/jr-ep1\/","url":"https:\/\/joyroom.is\/vara\/jr-ep1\/","name":"Heyrnart\u00f3l me\u00f0 fjarst\u00fdringu \u00e1 sn\u00faru | \u00d6flugur bassi & t\u00e6rir hlj\u00f3mar","isPartOf":{"@id":"https:\/\/joyroom.is\/#website"},"primaryImageOfPage":{"@id":"https:\/\/joyroom.is\/vara\/jr-ep1\/#primaryimage"},"image":{"@id":"https:\/\/joyroom.is\/vara\/jr-ep1\/#primaryimage"},"thumbnailUrl":"https:\/\/joyroom.is\/wp-content\/uploads\/2025\/07\/jr-ep1.jpg","datePublished":"2025-07-27T11:55:36+00:00","dateModified":"2026-02-15T17:51:53+00:00","description":"N\u00e6mur hlj\u00f3\u00f0nemi og fjarst\u00fdring \u00e1 sn\u00faru til a\u00f0 skipta um l\u00f6g, svara s\u00edmt\u00f6lum, h\u00e6kka og l\u00e6kka \u00ed hlj\u00f3\u00f0i. Tapparnir falla \u00fe\u00e6ginlega a\u00f0 eyra. S\u00edmt\u00f6l eru \u00ed HD.","breadcrumb":{"@id":"https:\/\/joyroom.is\/vara\/jr-ep1\/#breadcrumb"},"inLanguage":"en-US","potentialAction":[{"@type":"ReadAction","target":["https:\/\/joyroom.is\/vara\/jr-ep1\/"]}]},{"@type":"ImageObject","inLanguage":"en-US","@id":"https:\/\/joyroom.is\/vara\/jr-ep1\/#primaryimage","url":"https:\/\/joyroom.is\/wp-content\/uploads\/2025\/07\/jr-ep1.jpg","contentUrl":"https:\/\/joyroom.is\/wp-content\/uploads\/2025\/07\/jr-ep1.jpg","width":600,"height":600},{"@type":"BreadcrumbList","@id":"https:\/\/joyroom.is\/vara\/jr-ep1\/#breadcrumb","itemListElement":[{"@type":"ListItem","position":1,"name":"Home","item":"https:\/\/joyroom.is\/"},{"@type":"ListItem","position":2,"name":"Shop","item":"https:\/\/www.vorulagerinn.is\/heildsala\/en\/shop\/"},{"@type":"ListItem","position":3,"name":"Heyrnart\u00f3l me\u00f0 fjarst\u00fdringu \u00e1 sn\u00faru me\u00f0 \u00f6flugum bassa &amp; t\u00e6rum hlj\u00f3mum"}]},{"@type":"WebSite","@id":"https:\/\/joyroom.is\/#website","url":"https:\/\/joyroom.is\/","name":"Joyroom \u00e1 \u00cdslandi","description":"Vali&eth; er einfalt","publisher":{"@id":"https:\/\/joyroom.is\/#organization"},"alternateName":"Joyroom","potentialAction":[{"@type":"SearchAction","target":{"@type":"EntryPoint","urlTemplate":"https:\/\/joyroom.is\/?s={search_term_string}"},"query-input":{"@type":"PropertyValueSpecification","valueRequired":true,"valueName":"search_term_string"}}],"inLanguage":"en-US"},{"@type":"Organization","@id":"https:\/\/joyroom.is\/#organization","name":"Joyroom \u00e1 \u00cdslandi","alternateName":"Joyroom","url":"https:\/\/joyroom.is\/","logo":{"@type":"ImageObject","inLanguage":"en-US","@id":"https:\/\/joyroom.is\/#\/schema\/logo\/image\/","url":"https:\/\/joyroom.is\/wp-content\/uploads\/2024\/08\/JR.jpg","contentUrl":"https:\/\/joyroom.is\/wp-content\/uploads\/2024\/08\/JR.jpg","width":1200,"height":1200,"caption":"Joyroom \u00e1 \u00cdslandi"},"image":{"@id":"https:\/\/joyroom.is\/#\/schema\/logo\/image\/"}}]}},"_links":{"self":[{"href":"https:\/\/joyroom.is\/en\/wp-json\/wp\/v2\/product\/24644","targetHints":{"allow":["GET"]}}],"collection":[{"href":"https:\/\/joyroom.is\/en\/wp-json\/wp\/v2\/product"}],"about":[{"href":"https:\/\/joyroom.is\/en\/wp-json\/wp\/v2\/types\/product"}],"wp:featuredmedia":[{"embeddable":true,"href":"https:\/\/joyroom.is\/en\/wp-json\/wp\/v2\/media\/24545"}],"wp:attachment":[{"href":"https:\/\/joyroom.is\/en\/wp-json\/wp\/v2\/media?parent=24644"}],"wp:term":[{"taxonomy":"product_brand","embeddable":true,"href":"https:\/\/joyroom.is\/en\/wp-json\/wp\/v2\/product_brand?post=24644"},{"taxonomy":"product_cat","embeddable":true,"href":"https:\/\/joyroom.is\/en\/wp-json\/wp\/v2\/product_cat?post=24644"},{"taxonomy":"product_tag","embeddable":true,"href":"https:\/\/joyroom.is\/en\/wp-json\/wp\/v2\/product_tag?post=24644"}],"curies":[{"name":"wp","href":"https:\/\/api.w.org\/{rel}","templated":true}]}}