{"id":24656,"date":"2025-07-26T09:32:06","date_gmt":"2025-07-26T09:32:06","guid":{"rendered":"https:\/\/joyroom.is\/product\/s-iw008-w\/"},"modified":"2026-02-15T17:42:55","modified_gmt":"2026-02-15T17:42:55","slug":"s-iw008-w","status":"publish","type":"product","link":"https:\/\/joyroom.is\/en\/product\/s-iw008-w\/","title":{"rendered":"3 in 1 iPhone hle\u00f0slusn\u00fara (3,5A) fyrir Apple Watch + USB-A \u00ed Lightning + USB-C"},"content":{"rendered":"","protected":false},"excerpt":{"rendered":"<p>3,5A fj\u00f6lnota 3 in 1 Apple hle\u00f0slusn\u00fara fyrir \u00f6ll Apple t\u00e6ki. Sn\u00faran er me\u00f0 segul til a\u00f0 hla\u00f0a Apple Watch \u00fer\u00e1\u00f0laust og USB-C og Lightning sn\u00farur til a\u00f0 hla\u00f0a allar \u00fatg\u00e1fur af AirPods, iPads og iPhone s\u00edma. Sn\u00faran er 1,2 metrar \u00e1 lengd, sterkbygg\u00f0 me\u00f0 \u00feykkum koparkjarna fyrir hra\u00f0ari og st\u00f6\u00f0ugri hle\u00f0slu. Sn\u00faran flytur allt a\u00f0 480 mb\/sek \u00e1 milli t\u00e6kja, er slit\u00feolin og endist \u00fev\u00ed lengur.<\/p>\n<p>Fr\u00e1b\u00e6r lausn fyrir Apple notendur.<\/p>\n<p>\u2013 Litur: Hv\u00edtur<br \/>\n\u2013 St\u00e6r\u00f0: 1,2 metrar<br \/>\n\u2013 Hra\u00f0hle\u00f0slusn\u00fara: 3,5A<br \/>\n\u2013 Tengi: USB-A \u00ed Lightning, USB-C og Apple Watch (segulfesting)<br \/>\n\u2013 Gangaflutningur: Allt a\u00f0 480 mb \u00e1 sek<br \/>\n\u2013 Vottun: CE, ROHS, FC og UKCA<\/p>\n","protected":false},"featured_media":24602,"template":"","meta":[],"product_brand":[],"product_cat":[428,429,430],"product_tag":[],"class_list":{"0":"post-24656","1":"product","2":"type-product","3":"status-publish","4":"has-post-thumbnail","6":"product_cat-usb-a-i-apple-watch","7":"product_cat-usb-a-i-lightning","8":"product_cat-usb-a-i-usb-c","10":"first","11":"instock","12":"taxable","13":"shipping-taxable","14":"purchasable","15":"product-type-simple"},"yoast_head":"<!-- This site is optimized with the Yoast SEO Premium plugin v21.5 (Yoast SEO v27.5) - https:\/\/yoast.com\/product\/yoast-seo-premium-wordpress\/ -->\n<title>3 in 1 iPhone hle\u00f0slusn\u00fara (3,5A) fyrir Apple Watch + USB-A \u00ed Lightning + USB-C | Joyroom<\/title>\n<meta name=\"description\" content=\"3,5A fj\u00f6lnota 3 in 1 Apple hle\u00f0slusn\u00fara fyrir \u00f6ll Apple t\u00e6ki. Sn\u00faran er me\u00f0 segul til a\u00f0 hla\u00f0a Apple Watch \u00fer\u00e1\u00f0laust og USB-C og Lightning sn\u00farur til a\u00f0 hla\u00f0a allar \u00fatg\u00e1fur af AirPods, iPads og iPhone s\u00edma. Sn\u00faran er 1,2 metrar \u00e1 lengd, sterkbygg\u00f0 me\u00f0 \u00feykkum koparkjarna fyrir hra\u00f0ari og st\u00f6\u00f0ugri hle\u00f0slu. Sn\u00faran flytur allt a\u00f0 480 mb\/sek \u00e1 milli t\u00e6kja, er slit\u00feolin og endist \u00fev\u00ed lengur.  Fr\u00e1b\u00e6r lausn fyrir Apple notendur.  \u2013 Litur: Hv\u00edtur \u2013 St\u00e6r\u00f0: 1,2 metrar \u2013 Hra\u00f0hle\u00f0slusn\u00fara: 3,5A \u2013 Tengi: USB-A \u00ed Lightning, USB-C og Apple Watch (segulfesting) \u2013 Gangaflutningur: Allt a\u00f0 480 mb \u00e1 sek \u2013 Vottun: CE, ROHS, FC og UKCA\" \/>\n<meta name=\"robots\" content=\"index, follow, max-snippet:-1, max-image-preview:large, max-video-preview:-1\" \/>\n<link rel=\"canonical\" href=\"https:\/\/joyroom.is\/vara\/s-iw008-w\/\" \/>\n<meta property=\"og:locale\" content=\"en_US\" \/>\n<meta property=\"og:type\" content=\"article\" \/>\n<meta property=\"og:title\" content=\"3 in 1 iPhone hle\u00f0slusn\u00fara (3,5A) fyrir Apple Watch + USB-A \u00ed Lightning + USB-C\" \/>\n<meta property=\"og:description\" content=\"3,5A fj\u00f6lnota 3 in 1 Apple hle\u00f0slusn\u00fara fyrir \u00f6ll Apple t\u00e6ki. Sn\u00faran er me\u00f0 segul til a\u00f0 hla\u00f0a Apple Watch \u00fer\u00e1\u00f0laust og USB-C og Lightning sn\u00farur til a\u00f0 hla\u00f0a allar \u00fatg\u00e1fur af AirPods, iPads og iPhone s\u00edma. Sn\u00faran er 1,2 metrar \u00e1 lengd, sterkbygg\u00f0 me\u00f0 \u00feykkum koparkjarna fyrir hra\u00f0ari og st\u00f6\u00f0ugri hle\u00f0slu. Sn\u00faran flytur allt a\u00f0 480 mb\/sek \u00e1 milli t\u00e6kja, er slit\u00feolin og endist \u00fev\u00ed lengur.  Fr\u00e1b\u00e6r lausn fyrir Apple notendur.  \u2013 Litur: Hv\u00edtur \u2013 St\u00e6r\u00f0: 1,2 metrar \u2013 Hra\u00f0hle\u00f0slusn\u00fara: 3,5A \u2013 Tengi: USB-A \u00ed Lightning, USB-C og Apple Watch (segulfesting) \u2013 Gangaflutningur: Allt a\u00f0 480 mb \u00e1 sek \u2013 Vottun: CE, ROHS, FC og UKCA\" \/>\n<meta property=\"og:url\" content=\"https:\/\/joyroom.is\/vara\/s-iw008-w\/\" \/>\n<meta property=\"og:site_name\" content=\"Joyroom\" \/>\n<meta property=\"article:modified_time\" content=\"2026-02-15T17:42:55+00:00\" \/>\n<meta property=\"og:image\" content=\"https:\/\/joyroom.is\/wp-content\/uploads\/2025\/07\/S-IW008-W.jpg\" \/>\n\t<meta property=\"og:image:width\" content=\"600\" \/>\n\t<meta property=\"og:image:height\" content=\"600\" \/>\n\t<meta property=\"og:image:type\" content=\"image\/jpeg\" \/>\n<meta name=\"twitter:card\" content=\"summary_large_image\" \/>\n<script type=\"application\/ld+json\" class=\"yoast-schema-graph\">{\"@context\":\"https:\\\/\\\/schema.org\",\"@graph\":[{\"@type\":\"WebPage\",\"@id\":\"https:\\\/\\\/joyroom.is\\\/vara\\\/s-iw008-w\\\/\",\"url\":\"https:\\\/\\\/joyroom.is\\\/vara\\\/s-iw008-w\\\/\",\"name\":\"3 in 1 iPhone hle\u00f0slusn\u00fara (3,5A) fyrir Apple Watch + USB-A \u00ed Lightning + USB-C | Joyroom\",\"isPartOf\":{\"@id\":\"https:\\\/\\\/joyroom.is\\\/#website\"},\"primaryImageOfPage\":{\"@id\":\"https:\\\/\\\/joyroom.is\\\/vara\\\/s-iw008-w\\\/#primaryimage\"},\"image\":{\"@id\":\"https:\\\/\\\/joyroom.is\\\/vara\\\/s-iw008-w\\\/#primaryimage\"},\"thumbnailUrl\":\"https:\\\/\\\/joyroom.is\\\/wp-content\\\/uploads\\\/2025\\\/07\\\/S-IW008-W.jpg\",\"datePublished\":\"2025-07-26T09:32:06+00:00\",\"dateModified\":\"2026-02-15T17:42:55+00:00\",\"description\":\"3,5A fj\u00f6lnota 3 in 1 Apple hle\u00f0slusn\u00fara fyrir \u00f6ll Apple t\u00e6ki. Sn\u00faran er me\u00f0 segul til a\u00f0 hla\u00f0a Apple Watch \u00fer\u00e1\u00f0laust og USB-C og Lightning sn\u00farur til a\u00f0 hla\u00f0a allar \u00fatg\u00e1fur af AirPods, iPads og iPhone s\u00edma. Sn\u00faran er 1,2 metrar \u00e1 lengd, sterkbygg\u00f0 me\u00f0 \u00feykkum koparkjarna fyrir hra\u00f0ari og st\u00f6\u00f0ugri hle\u00f0slu. Sn\u00faran flytur allt a\u00f0 480 mb\\\/sek \u00e1 milli t\u00e6kja, er slit\u00feolin og endist \u00fev\u00ed lengur. Fr\u00e1b\u00e6r lausn fyrir Apple notendur. \u2013 Litur: Hv\u00edtur \u2013 St\u00e6r\u00f0: 1,2 metrar \u2013 Hra\u00f0hle\u00f0slusn\u00fara: 3,5A \u2013 Tengi: USB-A \u00ed Lightning, USB-C og Apple Watch (segulfesting) \u2013 Gangaflutningur: Allt a\u00f0 480 mb \u00e1 sek \u2013 Vottun: CE, ROHS, FC og UKCA\",\"breadcrumb\":{\"@id\":\"https:\\\/\\\/joyroom.is\\\/vara\\\/s-iw008-w\\\/#breadcrumb\"},\"inLanguage\":\"en-US\",\"potentialAction\":[{\"@type\":\"ReadAction\",\"target\":[\"https:\\\/\\\/joyroom.is\\\/vara\\\/s-iw008-w\\\/\"]}]},{\"@type\":\"ImageObject\",\"inLanguage\":\"en-US\",\"@id\":\"https:\\\/\\\/joyroom.is\\\/vara\\\/s-iw008-w\\\/#primaryimage\",\"url\":\"https:\\\/\\\/joyroom.is\\\/wp-content\\\/uploads\\\/2025\\\/07\\\/S-IW008-W.jpg\",\"contentUrl\":\"https:\\\/\\\/joyroom.is\\\/wp-content\\\/uploads\\\/2025\\\/07\\\/S-IW008-W.jpg\",\"width\":600,\"height\":600},{\"@type\":\"BreadcrumbList\",\"@id\":\"https:\\\/\\\/joyroom.is\\\/vara\\\/s-iw008-w\\\/#breadcrumb\",\"itemListElement\":[{\"@type\":\"ListItem\",\"position\":1,\"name\":\"Home\",\"item\":\"https:\\\/\\\/joyroom.is\\\/\"},{\"@type\":\"ListItem\",\"position\":2,\"name\":\"Shop\",\"item\":\"https:\\\/\\\/www.vorulagerinn.is\\\/heildsala\\\/en\\\/shop\\\/\"},{\"@type\":\"ListItem\",\"position\":3,\"name\":\"3 in 1 iPhone hle\u00f0slusn\u00fara (3,5A) fyrir Apple Watch + USB-A \u00ed Lightning + USB-C\"}]},{\"@type\":\"WebSite\",\"@id\":\"https:\\\/\\\/joyroom.is\\\/#website\",\"url\":\"https:\\\/\\\/joyroom.is\\\/\",\"name\":\"Joyroom \u00e1 \u00cdslandi\",\"description\":\"Vali&eth; er einfalt\",\"publisher\":{\"@id\":\"https:\\\/\\\/joyroom.is\\\/#organization\"},\"alternateName\":\"Joyroom\",\"potentialAction\":[{\"@type\":\"SearchAction\",\"target\":{\"@type\":\"EntryPoint\",\"urlTemplate\":\"https:\\\/\\\/joyroom.is\\\/?s={search_term_string}\"},\"query-input\":{\"@type\":\"PropertyValueSpecification\",\"valueRequired\":true,\"valueName\":\"search_term_string\"}}],\"inLanguage\":\"en-US\"},{\"@type\":\"Organization\",\"@id\":\"https:\\\/\\\/joyroom.is\\\/#organization\",\"name\":\"Joyroom \u00e1 \u00cdslandi\",\"alternateName\":\"Joyroom\",\"url\":\"https:\\\/\\\/joyroom.is\\\/\",\"logo\":{\"@type\":\"ImageObject\",\"inLanguage\":\"en-US\",\"@id\":\"https:\\\/\\\/joyroom.is\\\/#\\\/schema\\\/logo\\\/image\\\/\",\"url\":\"https:\\\/\\\/joyroom.is\\\/wp-content\\\/uploads\\\/2024\\\/08\\\/JR.jpg\",\"contentUrl\":\"https:\\\/\\\/joyroom.is\\\/wp-content\\\/uploads\\\/2024\\\/08\\\/JR.jpg\",\"width\":1200,\"height\":1200,\"caption\":\"Joyroom \u00e1 \u00cdslandi\"},\"image\":{\"@id\":\"https:\\\/\\\/joyroom.is\\\/#\\\/schema\\\/logo\\\/image\\\/\"}}]}<\/script>\n<!-- \/ Yoast SEO Premium plugin. -->","yoast_head_json":{"title":"3 in 1 iPhone hle\u00f0slusn\u00fara (3,5A) fyrir Apple Watch + USB-A \u00ed Lightning + USB-C | Joyroom","description":"3,5A fj\u00f6lnota 3 in 1 Apple hle\u00f0slusn\u00fara fyrir \u00f6ll Apple t\u00e6ki. Sn\u00faran er me\u00f0 segul til a\u00f0 hla\u00f0a Apple Watch \u00fer\u00e1\u00f0laust og USB-C og Lightning sn\u00farur til a\u00f0 hla\u00f0a allar \u00fatg\u00e1fur af AirPods, iPads og iPhone s\u00edma. Sn\u00faran er 1,2 metrar \u00e1 lengd, sterkbygg\u00f0 me\u00f0 \u00feykkum koparkjarna fyrir hra\u00f0ari og st\u00f6\u00f0ugri hle\u00f0slu. Sn\u00faran flytur allt a\u00f0 480 mb\/sek \u00e1 milli t\u00e6kja, er slit\u00feolin og endist \u00fev\u00ed lengur.  Fr\u00e1b\u00e6r lausn fyrir Apple notendur.  \u2013 Litur: Hv\u00edtur \u2013 St\u00e6r\u00f0: 1,2 metrar \u2013 Hra\u00f0hle\u00f0slusn\u00fara: 3,5A \u2013 Tengi: USB-A \u00ed Lightning, USB-C og Apple Watch (segulfesting) \u2013 Gangaflutningur: Allt a\u00f0 480 mb \u00e1 sek \u2013 Vottun: CE, ROHS, FC og UKCA","robots":{"index":"index","follow":"follow","max-snippet":"max-snippet:-1","max-image-preview":"max-image-preview:large","max-video-preview":"max-video-preview:-1"},"canonical":"https:\/\/joyroom.is\/vara\/s-iw008-w\/","og_locale":"en_US","og_type":"article","og_title":"3 in 1 iPhone hle\u00f0slusn\u00fara (3,5A) fyrir Apple Watch + USB-A \u00ed Lightning + USB-C","og_description":"3,5A fj\u00f6lnota 3 in 1 Apple hle\u00f0slusn\u00fara fyrir \u00f6ll Apple t\u00e6ki. Sn\u00faran er me\u00f0 segul til a\u00f0 hla\u00f0a Apple Watch \u00fer\u00e1\u00f0laust og USB-C og Lightning sn\u00farur til a\u00f0 hla\u00f0a allar \u00fatg\u00e1fur af AirPods, iPads og iPhone s\u00edma. Sn\u00faran er 1,2 metrar \u00e1 lengd, sterkbygg\u00f0 me\u00f0 \u00feykkum koparkjarna fyrir hra\u00f0ari og st\u00f6\u00f0ugri hle\u00f0slu. Sn\u00faran flytur allt a\u00f0 480 mb\/sek \u00e1 milli t\u00e6kja, er slit\u00feolin og endist \u00fev\u00ed lengur.  Fr\u00e1b\u00e6r lausn fyrir Apple notendur.  \u2013 Litur: Hv\u00edtur \u2013 St\u00e6r\u00f0: 1,2 metrar \u2013 Hra\u00f0hle\u00f0slusn\u00fara: 3,5A \u2013 Tengi: USB-A \u00ed Lightning, USB-C og Apple Watch (segulfesting) \u2013 Gangaflutningur: Allt a\u00f0 480 mb \u00e1 sek \u2013 Vottun: CE, ROHS, FC og UKCA","og_url":"https:\/\/joyroom.is\/vara\/s-iw008-w\/","og_site_name":"Joyroom","article_modified_time":"2026-02-15T17:42:55+00:00","og_image":[{"width":600,"height":600,"url":"https:\/\/joyroom.is\/wp-content\/uploads\/2025\/07\/S-IW008-W.jpg","type":"image\/jpeg"}],"twitter_card":"summary_large_image","schema":{"@context":"https:\/\/schema.org","@graph":[{"@type":"WebPage","@id":"https:\/\/joyroom.is\/vara\/s-iw008-w\/","url":"https:\/\/joyroom.is\/vara\/s-iw008-w\/","name":"3 in 1 iPhone hle\u00f0slusn\u00fara (3,5A) fyrir Apple Watch + USB-A \u00ed Lightning + USB-C | Joyroom","isPartOf":{"@id":"https:\/\/joyroom.is\/#website"},"primaryImageOfPage":{"@id":"https:\/\/joyroom.is\/vara\/s-iw008-w\/#primaryimage"},"image":{"@id":"https:\/\/joyroom.is\/vara\/s-iw008-w\/#primaryimage"},"thumbnailUrl":"https:\/\/joyroom.is\/wp-content\/uploads\/2025\/07\/S-IW008-W.jpg","datePublished":"2025-07-26T09:32:06+00:00","dateModified":"2026-02-15T17:42:55+00:00","description":"3,5A fj\u00f6lnota 3 in 1 Apple hle\u00f0slusn\u00fara fyrir \u00f6ll Apple t\u00e6ki. Sn\u00faran er me\u00f0 segul til a\u00f0 hla\u00f0a Apple Watch \u00fer\u00e1\u00f0laust og USB-C og Lightning sn\u00farur til a\u00f0 hla\u00f0a allar \u00fatg\u00e1fur af AirPods, iPads og iPhone s\u00edma. Sn\u00faran er 1,2 metrar \u00e1 lengd, sterkbygg\u00f0 me\u00f0 \u00feykkum koparkjarna fyrir hra\u00f0ari og st\u00f6\u00f0ugri hle\u00f0slu. Sn\u00faran flytur allt a\u00f0 480 mb\/sek \u00e1 milli t\u00e6kja, er slit\u00feolin og endist \u00fev\u00ed lengur. Fr\u00e1b\u00e6r lausn fyrir Apple notendur. \u2013 Litur: Hv\u00edtur \u2013 St\u00e6r\u00f0: 1,2 metrar \u2013 Hra\u00f0hle\u00f0slusn\u00fara: 3,5A \u2013 Tengi: USB-A \u00ed Lightning, USB-C og Apple Watch (segulfesting) \u2013 Gangaflutningur: Allt a\u00f0 480 mb \u00e1 sek \u2013 Vottun: CE, ROHS, FC og UKCA","breadcrumb":{"@id":"https:\/\/joyroom.is\/vara\/s-iw008-w\/#breadcrumb"},"inLanguage":"en-US","potentialAction":[{"@type":"ReadAction","target":["https:\/\/joyroom.is\/vara\/s-iw008-w\/"]}]},{"@type":"ImageObject","inLanguage":"en-US","@id":"https:\/\/joyroom.is\/vara\/s-iw008-w\/#primaryimage","url":"https:\/\/joyroom.is\/wp-content\/uploads\/2025\/07\/S-IW008-W.jpg","contentUrl":"https:\/\/joyroom.is\/wp-content\/uploads\/2025\/07\/S-IW008-W.jpg","width":600,"height":600},{"@type":"BreadcrumbList","@id":"https:\/\/joyroom.is\/vara\/s-iw008-w\/#breadcrumb","itemListElement":[{"@type":"ListItem","position":1,"name":"Home","item":"https:\/\/joyroom.is\/"},{"@type":"ListItem","position":2,"name":"Shop","item":"https:\/\/www.vorulagerinn.is\/heildsala\/en\/shop\/"},{"@type":"ListItem","position":3,"name":"3 in 1 iPhone hle\u00f0slusn\u00fara (3,5A) fyrir Apple Watch + USB-A \u00ed Lightning + USB-C"}]},{"@type":"WebSite","@id":"https:\/\/joyroom.is\/#website","url":"https:\/\/joyroom.is\/","name":"Joyroom \u00e1 \u00cdslandi","description":"Vali&eth; er einfalt","publisher":{"@id":"https:\/\/joyroom.is\/#organization"},"alternateName":"Joyroom","potentialAction":[{"@type":"SearchAction","target":{"@type":"EntryPoint","urlTemplate":"https:\/\/joyroom.is\/?s={search_term_string}"},"query-input":{"@type":"PropertyValueSpecification","valueRequired":true,"valueName":"search_term_string"}}],"inLanguage":"en-US"},{"@type":"Organization","@id":"https:\/\/joyroom.is\/#organization","name":"Joyroom \u00e1 \u00cdslandi","alternateName":"Joyroom","url":"https:\/\/joyroom.is\/","logo":{"@type":"ImageObject","inLanguage":"en-US","@id":"https:\/\/joyroom.is\/#\/schema\/logo\/image\/","url":"https:\/\/joyroom.is\/wp-content\/uploads\/2024\/08\/JR.jpg","contentUrl":"https:\/\/joyroom.is\/wp-content\/uploads\/2024\/08\/JR.jpg","width":1200,"height":1200,"caption":"Joyroom \u00e1 \u00cdslandi"},"image":{"@id":"https:\/\/joyroom.is\/#\/schema\/logo\/image\/"}}]}},"_links":{"self":[{"href":"https:\/\/joyroom.is\/en\/wp-json\/wp\/v2\/product\/24656","targetHints":{"allow":["GET"]}}],"collection":[{"href":"https:\/\/joyroom.is\/en\/wp-json\/wp\/v2\/product"}],"about":[{"href":"https:\/\/joyroom.is\/en\/wp-json\/wp\/v2\/types\/product"}],"wp:featuredmedia":[{"embeddable":true,"href":"https:\/\/joyroom.is\/en\/wp-json\/wp\/v2\/media\/24602"}],"wp:attachment":[{"href":"https:\/\/joyroom.is\/en\/wp-json\/wp\/v2\/media?parent=24656"}],"wp:term":[{"taxonomy":"product_brand","embeddable":true,"href":"https:\/\/joyroom.is\/en\/wp-json\/wp\/v2\/product_brand?post=24656"},{"taxonomy":"product_cat","embeddable":true,"href":"https:\/\/joyroom.is\/en\/wp-json\/wp\/v2\/product_cat?post=24656"},{"taxonomy":"product_tag","embeddable":true,"href":"https:\/\/joyroom.is\/en\/wp-json\/wp\/v2\/product_tag?post=24656"}],"curies":[{"name":"wp","href":"https:\/\/api.w.org\/{rel}","templated":true}]}}