{"id":24658,"date":"2025-07-26T08:47:43","date_gmt":"2025-07-26T08:47:43","guid":{"rendered":"https:\/\/joyroom.is\/product\/s-1t3015a5\/"},"modified":"2025-09-21T11:37:30","modified_gmt":"2025-09-21T11:37:30","slug":"s-1t3015a5","status":"publish","type":"product","link":"https:\/\/joyroom.is\/en\/product\/s-1t3015a5\/","title":{"rendered":"3.5A gagna- og hle\u00f0slusn\u00faa (3 in 1) &#8211; USB-A \u00ed USB-C + Lightning + Micro tengi"},"content":{"rendered":"","protected":false},"excerpt":{"rendered":"<p>3.5A h\u00e1hra\u00f0a og gagna- og hle\u00f0slusn\u00fara me\u00f0 USB-A sem tengist \u00ed USB-C + micro + Lightning tengi. \u00dea\u00f0 er h\u00e6gt a\u00f0 hla\u00f0a \u00ferj\u00fa t\u00e6ki \u00ed einu og gagnahra\u00f0i er allt a\u00f0 480 Mbps. Sn\u00faran er hr\u00f6\u00f0 3.5A og er samh\u00e6f\u00f0 flestum t\u00e6kjum \u00ed dag sem eru me\u00f0 eitt af ofangreindum USB st\u00f6\u00f0lum. Sn\u00faran er n\u00e6lonvafin sem h\u00e1markar endingu og veitir v\u00f6rn gegn sliti og \u00f6\u00f0ru hnjaski.<\/p>\n<p>&#8211; Litur: Svartur<br \/>\n&#8211; Lengd: 1,2 metrar<br \/>\n&#8211; Efni: \u00c1l og vafi\u00f0 n\u00e6lon<br \/>\n&#8211; USB-A \u00ed USB-C + Lightning + Micro<br \/>\n&#8211; Gagnahra\u00f0i: 480 Mbps<br \/>\n&#8211; Efni: PVC + braided nylon<br \/>\n&#8211; Vottun: Ce, ROHS, FCC og UKCA<\/p>\n","protected":false},"featured_media":24608,"template":"","meta":[],"product_brand":[],"product_cat":[431,429,430],"product_tag":[],"class_list":{"0":"post-24658","1":"product","2":"type-product","3":"status-publish","4":"has-post-thumbnail","6":"product_cat-micro-usb","7":"product_cat-usb-a-i-lightning","8":"product_cat-usb-a-i-usb-c","10":"first","11":"instock","12":"taxable","13":"shipping-taxable","14":"purchasable","15":"product-type-simple"},"yoast_head":"<!-- This site is optimized with the Yoast SEO Premium plugin v21.5 (Yoast SEO v27.4) - https:\/\/yoast.com\/product\/yoast-seo-premium-wordpress\/ -->\n<title>3.5A gagna- og hle\u00f0slusn\u00faa (3 in 1) - USB-A \u00ed USB-C + Lightning + Micro tengi | Joyroom<\/title>\n<meta name=\"description\" content=\"3.5A h\u00e1hra\u00f0a og gagna- og hle\u00f0slusn\u00fara me\u00f0 USB-A sem tengist \u00ed USB-C + micro + Lightning tengi. \u00dea\u00f0 er h\u00e6gt a\u00f0 hla\u00f0a \u00ferj\u00fa t\u00e6ki \u00ed einu og gagnahra\u00f0i er allt a\u00f0 480 Mbps. Sn\u00faran er hr\u00f6\u00f0 3.5A og er samh\u00e6f\u00f0 flestum t\u00e6kjum \u00ed dag sem eru me\u00f0 eitt af ofangreindum USB st\u00f6\u00f0lum. Sn\u00faran er n\u00e6lonvafin sem h\u00e1markar endingu og veitir v\u00f6rn gegn sliti og \u00f6\u00f0ru hnjaski.  - Litur: Svartur - Lengd: 1,2 metrar - Efni: \u00c1l og vafi\u00f0 n\u00e6lon - USB-A \u00ed USB-C + Lightning + Micro - Gagnahra\u00f0i: 480 Mbps - Efni: PVC + braided nylon - Vottun: Ce, ROHS, FCC og UKCA\" \/>\n<meta name=\"robots\" content=\"index, follow, max-snippet:-1, max-image-preview:large, max-video-preview:-1\" \/>\n<link rel=\"canonical\" href=\"https:\/\/joyroom.is\/vara\/s-1t3015a5\/\" \/>\n<meta property=\"og:locale\" content=\"en_US\" \/>\n<meta property=\"og:type\" content=\"article\" \/>\n<meta property=\"og:title\" content=\"3.5A gagna- og hle\u00f0slusn\u00faa (3 in 1) - USB-A \u00ed USB-C + Lightning + Micro tengi\" \/>\n<meta property=\"og:description\" content=\"3.5A h\u00e1hra\u00f0a og gagna- og hle\u00f0slusn\u00fara me\u00f0 USB-A sem tengist \u00ed USB-C + micro + Lightning tengi. \u00dea\u00f0 er h\u00e6gt a\u00f0 hla\u00f0a \u00ferj\u00fa t\u00e6ki \u00ed einu og gagnahra\u00f0i er allt a\u00f0 480 Mbps. Sn\u00faran er hr\u00f6\u00f0 3.5A og er samh\u00e6f\u00f0 flestum t\u00e6kjum \u00ed dag sem eru me\u00f0 eitt af ofangreindum USB st\u00f6\u00f0lum. Sn\u00faran er n\u00e6lonvafin sem h\u00e1markar endingu og veitir v\u00f6rn gegn sliti og \u00f6\u00f0ru hnjaski.  - Litur: Svartur - Lengd: 1,2 metrar - Efni: \u00c1l og vafi\u00f0 n\u00e6lon - USB-A \u00ed USB-C + Lightning + Micro - Gagnahra\u00f0i: 480 Mbps - Efni: PVC + braided nylon - Vottun: Ce, ROHS, FCC og UKCA\" \/>\n<meta property=\"og:url\" content=\"https:\/\/joyroom.is\/vara\/s-1t3015a5\/\" \/>\n<meta property=\"og:site_name\" content=\"Joyroom\" \/>\n<meta property=\"article:modified_time\" content=\"2025-09-21T11:37:30+00:00\" \/>\n<meta property=\"og:image\" content=\"https:\/\/joyroom.is\/wp-content\/uploads\/2025\/07\/S-1T3015A5.jpg\" \/>\n\t<meta property=\"og:image:width\" content=\"600\" \/>\n\t<meta property=\"og:image:height\" content=\"600\" \/>\n\t<meta property=\"og:image:type\" content=\"image\/jpeg\" \/>\n<meta name=\"twitter:card\" content=\"summary_large_image\" \/>\n<script type=\"application\/ld+json\" class=\"yoast-schema-graph\">{\"@context\":\"https:\\\/\\\/schema.org\",\"@graph\":[{\"@type\":\"WebPage\",\"@id\":\"https:\\\/\\\/joyroom.is\\\/vara\\\/s-1t3015a5\\\/\",\"url\":\"https:\\\/\\\/joyroom.is\\\/vara\\\/s-1t3015a5\\\/\",\"name\":\"3.5A gagna- og hle\u00f0slusn\u00faa (3 in 1) - USB-A \u00ed USB-C + Lightning + Micro tengi | Joyroom\",\"isPartOf\":{\"@id\":\"https:\\\/\\\/joyroom.is\\\/#website\"},\"primaryImageOfPage\":{\"@id\":\"https:\\\/\\\/joyroom.is\\\/vara\\\/s-1t3015a5\\\/#primaryimage\"},\"image\":{\"@id\":\"https:\\\/\\\/joyroom.is\\\/vara\\\/s-1t3015a5\\\/#primaryimage\"},\"thumbnailUrl\":\"https:\\\/\\\/joyroom.is\\\/wp-content\\\/uploads\\\/2025\\\/07\\\/S-1T3015A5.jpg\",\"datePublished\":\"2025-07-26T08:47:43+00:00\",\"dateModified\":\"2025-09-21T11:37:30+00:00\",\"description\":\"3.5A h\u00e1hra\u00f0a og gagna- og hle\u00f0slusn\u00fara me\u00f0 USB-A sem tengist \u00ed USB-C + micro + Lightning tengi. \u00dea\u00f0 er h\u00e6gt a\u00f0 hla\u00f0a \u00ferj\u00fa t\u00e6ki \u00ed einu og gagnahra\u00f0i er allt a\u00f0 480 Mbps. Sn\u00faran er hr\u00f6\u00f0 3.5A og er samh\u00e6f\u00f0 flestum t\u00e6kjum \u00ed dag sem eru me\u00f0 eitt af ofangreindum USB st\u00f6\u00f0lum. Sn\u00faran er n\u00e6lonvafin sem h\u00e1markar endingu og veitir v\u00f6rn gegn sliti og \u00f6\u00f0ru hnjaski. - Litur: Svartur - Lengd: 1,2 metrar - Efni: \u00c1l og vafi\u00f0 n\u00e6lon - USB-A \u00ed USB-C + Lightning + Micro - Gagnahra\u00f0i: 480 Mbps - Efni: PVC + braided nylon - Vottun: Ce, ROHS, FCC og UKCA\",\"breadcrumb\":{\"@id\":\"https:\\\/\\\/joyroom.is\\\/vara\\\/s-1t3015a5\\\/#breadcrumb\"},\"inLanguage\":\"en-US\",\"potentialAction\":[{\"@type\":\"ReadAction\",\"target\":[\"https:\\\/\\\/joyroom.is\\\/vara\\\/s-1t3015a5\\\/\"]}]},{\"@type\":\"ImageObject\",\"inLanguage\":\"en-US\",\"@id\":\"https:\\\/\\\/joyroom.is\\\/vara\\\/s-1t3015a5\\\/#primaryimage\",\"url\":\"https:\\\/\\\/joyroom.is\\\/wp-content\\\/uploads\\\/2025\\\/07\\\/S-1T3015A5.jpg\",\"contentUrl\":\"https:\\\/\\\/joyroom.is\\\/wp-content\\\/uploads\\\/2025\\\/07\\\/S-1T3015A5.jpg\",\"width\":600,\"height\":600},{\"@type\":\"BreadcrumbList\",\"@id\":\"https:\\\/\\\/joyroom.is\\\/vara\\\/s-1t3015a5\\\/#breadcrumb\",\"itemListElement\":[{\"@type\":\"ListItem\",\"position\":1,\"name\":\"Home\",\"item\":\"https:\\\/\\\/joyroom.is\\\/\"},{\"@type\":\"ListItem\",\"position\":2,\"name\":\"Shop\",\"item\":\"https:\\\/\\\/www.vorulagerinn.is\\\/heildsala\\\/en\\\/shop\\\/\"},{\"@type\":\"ListItem\",\"position\":3,\"name\":\"3.5A gagna- og hle\u00f0slusn\u00faa (3 in 1) &#8211; USB-A \u00ed USB-C + Lightning + Micro tengi\"}]},{\"@type\":\"WebSite\",\"@id\":\"https:\\\/\\\/joyroom.is\\\/#website\",\"url\":\"https:\\\/\\\/joyroom.is\\\/\",\"name\":\"Joyroom \u00e1 \u00cdslandi\",\"description\":\"Vali&eth; er einfalt\",\"publisher\":{\"@id\":\"https:\\\/\\\/joyroom.is\\\/#organization\"},\"alternateName\":\"Joyroom\",\"potentialAction\":[{\"@type\":\"SearchAction\",\"target\":{\"@type\":\"EntryPoint\",\"urlTemplate\":\"https:\\\/\\\/joyroom.is\\\/?s={search_term_string}\"},\"query-input\":{\"@type\":\"PropertyValueSpecification\",\"valueRequired\":true,\"valueName\":\"search_term_string\"}}],\"inLanguage\":\"en-US\"},{\"@type\":\"Organization\",\"@id\":\"https:\\\/\\\/joyroom.is\\\/#organization\",\"name\":\"Joyroom \u00e1 \u00cdslandi\",\"alternateName\":\"Joyroom\",\"url\":\"https:\\\/\\\/joyroom.is\\\/\",\"logo\":{\"@type\":\"ImageObject\",\"inLanguage\":\"en-US\",\"@id\":\"https:\\\/\\\/joyroom.is\\\/#\\\/schema\\\/logo\\\/image\\\/\",\"url\":\"https:\\\/\\\/joyroom.is\\\/wp-content\\\/uploads\\\/2024\\\/08\\\/JR.jpg\",\"contentUrl\":\"https:\\\/\\\/joyroom.is\\\/wp-content\\\/uploads\\\/2024\\\/08\\\/JR.jpg\",\"width\":1200,\"height\":1200,\"caption\":\"Joyroom \u00e1 \u00cdslandi\"},\"image\":{\"@id\":\"https:\\\/\\\/joyroom.is\\\/#\\\/schema\\\/logo\\\/image\\\/\"}}]}<\/script>\n<!-- \/ Yoast SEO Premium plugin. -->","yoast_head_json":{"title":"3.5A gagna- og hle\u00f0slusn\u00faa (3 in 1) - USB-A \u00ed USB-C + Lightning + Micro tengi | Joyroom","description":"3.5A h\u00e1hra\u00f0a og gagna- og hle\u00f0slusn\u00fara me\u00f0 USB-A sem tengist \u00ed USB-C + micro + Lightning tengi. \u00dea\u00f0 er h\u00e6gt a\u00f0 hla\u00f0a \u00ferj\u00fa t\u00e6ki \u00ed einu og gagnahra\u00f0i er allt a\u00f0 480 Mbps. Sn\u00faran er hr\u00f6\u00f0 3.5A og er samh\u00e6f\u00f0 flestum t\u00e6kjum \u00ed dag sem eru me\u00f0 eitt af ofangreindum USB st\u00f6\u00f0lum. Sn\u00faran er n\u00e6lonvafin sem h\u00e1markar endingu og veitir v\u00f6rn gegn sliti og \u00f6\u00f0ru hnjaski.  - Litur: Svartur - Lengd: 1,2 metrar - Efni: \u00c1l og vafi\u00f0 n\u00e6lon - USB-A \u00ed USB-C + Lightning + Micro - Gagnahra\u00f0i: 480 Mbps - Efni: PVC + braided nylon - Vottun: Ce, ROHS, FCC og UKCA","robots":{"index":"index","follow":"follow","max-snippet":"max-snippet:-1","max-image-preview":"max-image-preview:large","max-video-preview":"max-video-preview:-1"},"canonical":"https:\/\/joyroom.is\/vara\/s-1t3015a5\/","og_locale":"en_US","og_type":"article","og_title":"3.5A gagna- og hle\u00f0slusn\u00faa (3 in 1) - USB-A \u00ed USB-C + Lightning + Micro tengi","og_description":"3.5A h\u00e1hra\u00f0a og gagna- og hle\u00f0slusn\u00fara me\u00f0 USB-A sem tengist \u00ed USB-C + micro + Lightning tengi. \u00dea\u00f0 er h\u00e6gt a\u00f0 hla\u00f0a \u00ferj\u00fa t\u00e6ki \u00ed einu og gagnahra\u00f0i er allt a\u00f0 480 Mbps. Sn\u00faran er hr\u00f6\u00f0 3.5A og er samh\u00e6f\u00f0 flestum t\u00e6kjum \u00ed dag sem eru me\u00f0 eitt af ofangreindum USB st\u00f6\u00f0lum. Sn\u00faran er n\u00e6lonvafin sem h\u00e1markar endingu og veitir v\u00f6rn gegn sliti og \u00f6\u00f0ru hnjaski.  - Litur: Svartur - Lengd: 1,2 metrar - Efni: \u00c1l og vafi\u00f0 n\u00e6lon - USB-A \u00ed USB-C + Lightning + Micro - Gagnahra\u00f0i: 480 Mbps - Efni: PVC + braided nylon - Vottun: Ce, ROHS, FCC og UKCA","og_url":"https:\/\/joyroom.is\/vara\/s-1t3015a5\/","og_site_name":"Joyroom","article_modified_time":"2025-09-21T11:37:30+00:00","og_image":[{"width":600,"height":600,"url":"https:\/\/joyroom.is\/wp-content\/uploads\/2025\/07\/S-1T3015A5.jpg","type":"image\/jpeg"}],"twitter_card":"summary_large_image","schema":{"@context":"https:\/\/schema.org","@graph":[{"@type":"WebPage","@id":"https:\/\/joyroom.is\/vara\/s-1t3015a5\/","url":"https:\/\/joyroom.is\/vara\/s-1t3015a5\/","name":"3.5A gagna- og hle\u00f0slusn\u00faa (3 in 1) - USB-A \u00ed USB-C + Lightning + Micro tengi | Joyroom","isPartOf":{"@id":"https:\/\/joyroom.is\/#website"},"primaryImageOfPage":{"@id":"https:\/\/joyroom.is\/vara\/s-1t3015a5\/#primaryimage"},"image":{"@id":"https:\/\/joyroom.is\/vara\/s-1t3015a5\/#primaryimage"},"thumbnailUrl":"https:\/\/joyroom.is\/wp-content\/uploads\/2025\/07\/S-1T3015A5.jpg","datePublished":"2025-07-26T08:47:43+00:00","dateModified":"2025-09-21T11:37:30+00:00","description":"3.5A h\u00e1hra\u00f0a og gagna- og hle\u00f0slusn\u00fara me\u00f0 USB-A sem tengist \u00ed USB-C + micro + Lightning tengi. \u00dea\u00f0 er h\u00e6gt a\u00f0 hla\u00f0a \u00ferj\u00fa t\u00e6ki \u00ed einu og gagnahra\u00f0i er allt a\u00f0 480 Mbps. Sn\u00faran er hr\u00f6\u00f0 3.5A og er samh\u00e6f\u00f0 flestum t\u00e6kjum \u00ed dag sem eru me\u00f0 eitt af ofangreindum USB st\u00f6\u00f0lum. Sn\u00faran er n\u00e6lonvafin sem h\u00e1markar endingu og veitir v\u00f6rn gegn sliti og \u00f6\u00f0ru hnjaski. - Litur: Svartur - Lengd: 1,2 metrar - Efni: \u00c1l og vafi\u00f0 n\u00e6lon - USB-A \u00ed USB-C + Lightning + Micro - Gagnahra\u00f0i: 480 Mbps - Efni: PVC + braided nylon - Vottun: Ce, ROHS, FCC og UKCA","breadcrumb":{"@id":"https:\/\/joyroom.is\/vara\/s-1t3015a5\/#breadcrumb"},"inLanguage":"en-US","potentialAction":[{"@type":"ReadAction","target":["https:\/\/joyroom.is\/vara\/s-1t3015a5\/"]}]},{"@type":"ImageObject","inLanguage":"en-US","@id":"https:\/\/joyroom.is\/vara\/s-1t3015a5\/#primaryimage","url":"https:\/\/joyroom.is\/wp-content\/uploads\/2025\/07\/S-1T3015A5.jpg","contentUrl":"https:\/\/joyroom.is\/wp-content\/uploads\/2025\/07\/S-1T3015A5.jpg","width":600,"height":600},{"@type":"BreadcrumbList","@id":"https:\/\/joyroom.is\/vara\/s-1t3015a5\/#breadcrumb","itemListElement":[{"@type":"ListItem","position":1,"name":"Home","item":"https:\/\/joyroom.is\/"},{"@type":"ListItem","position":2,"name":"Shop","item":"https:\/\/www.vorulagerinn.is\/heildsala\/en\/shop\/"},{"@type":"ListItem","position":3,"name":"3.5A gagna- og hle\u00f0slusn\u00faa (3 in 1) &#8211; USB-A \u00ed USB-C + Lightning + Micro tengi"}]},{"@type":"WebSite","@id":"https:\/\/joyroom.is\/#website","url":"https:\/\/joyroom.is\/","name":"Joyroom \u00e1 \u00cdslandi","description":"Vali&eth; er einfalt","publisher":{"@id":"https:\/\/joyroom.is\/#organization"},"alternateName":"Joyroom","potentialAction":[{"@type":"SearchAction","target":{"@type":"EntryPoint","urlTemplate":"https:\/\/joyroom.is\/?s={search_term_string}"},"query-input":{"@type":"PropertyValueSpecification","valueRequired":true,"valueName":"search_term_string"}}],"inLanguage":"en-US"},{"@type":"Organization","@id":"https:\/\/joyroom.is\/#organization","name":"Joyroom \u00e1 \u00cdslandi","alternateName":"Joyroom","url":"https:\/\/joyroom.is\/","logo":{"@type":"ImageObject","inLanguage":"en-US","@id":"https:\/\/joyroom.is\/#\/schema\/logo\/image\/","url":"https:\/\/joyroom.is\/wp-content\/uploads\/2024\/08\/JR.jpg","contentUrl":"https:\/\/joyroom.is\/wp-content\/uploads\/2024\/08\/JR.jpg","width":1200,"height":1200,"caption":"Joyroom \u00e1 \u00cdslandi"},"image":{"@id":"https:\/\/joyroom.is\/#\/schema\/logo\/image\/"}}]}},"_links":{"self":[{"href":"https:\/\/joyroom.is\/en\/wp-json\/wp\/v2\/product\/24658","targetHints":{"allow":["GET"]}}],"collection":[{"href":"https:\/\/joyroom.is\/en\/wp-json\/wp\/v2\/product"}],"about":[{"href":"https:\/\/joyroom.is\/en\/wp-json\/wp\/v2\/types\/product"}],"wp:featuredmedia":[{"embeddable":true,"href":"https:\/\/joyroom.is\/en\/wp-json\/wp\/v2\/media\/24608"}],"wp:attachment":[{"href":"https:\/\/joyroom.is\/en\/wp-json\/wp\/v2\/media?parent=24658"}],"wp:term":[{"taxonomy":"product_brand","embeddable":true,"href":"https:\/\/joyroom.is\/en\/wp-json\/wp\/v2\/product_brand?post=24658"},{"taxonomy":"product_cat","embeddable":true,"href":"https:\/\/joyroom.is\/en\/wp-json\/wp\/v2\/product_cat?post=24658"},{"taxonomy":"product_tag","embeddable":true,"href":"https:\/\/joyroom.is\/en\/wp-json\/wp\/v2\/product_tag?post=24658"}],"curies":[{"name":"wp","href":"https:\/\/api.w.org\/{rel}","templated":true}]}}