{"id":24659,"date":"2025-07-26T08:40:11","date_gmt":"2025-07-26T08:40:11","guid":{"rendered":"https:\/\/joyroom.is\/product\/s-ac066a16\/"},"modified":"2025-11-29T02:53:28","modified_gmt":"2025-11-29T02:53:28","slug":"s-ac066a16","status":"publish","type":"product","link":"https:\/\/joyroom.is\/en\/product\/s-ac066a16\/","title":{"rendered":"66W h\u00e1hra\u00f0a gagna- og hle\u00f0slusn\u00fara me\u00f0 LED skj\u00e1 &#8211; USB-A \u00ed USB-C tengi (1,2 metrar)"},"content":{"rendered":"","protected":false},"excerpt":{"rendered":"<p>66W hle\u00f0slusn\u00fara me\u00f0 USB-A \u00ed USB-C tengi. Sn\u00faran er me\u00f0 LED skj\u00e1 sem s\u00fdnir magn straums \u00e1 hle\u00f0slu og er skotstund a\u00f0 hla\u00f0a hvert t\u00e6ki. Gagnaflutningshra\u00f0inn er allt a\u00f0 480 Mbps. Sn\u00faran er n\u00e6lonvafin sem h\u00e1markar endingu og veitir v\u00f6rn gegn sliti og \u00f6\u00f0ru hnaski.<\/p>\n<p>Litur: Svartur<br \/>\nLengd: 1,2 metrar<br \/>\nEfni: \u00c1l og vafi\u00f0 n\u00e6lon<br \/>\n66W USB-A \u00ed USB-C tengi<br \/>\nGagnahra\u00f0i: 480 Mbps<br \/>\nVottun: Ce, ROHS, FCC og UKCA<\/p>\n","protected":false},"featured_media":24610,"template":"","meta":[],"product_brand":[],"product_cat":[430],"product_tag":[],"class_list":{"0":"post-24659","1":"product","2":"type-product","3":"status-publish","4":"has-post-thumbnail","6":"product_cat-usb-a-i-usb-c","8":"first","9":"instock","10":"taxable","11":"shipping-taxable","12":"purchasable","13":"product-type-simple"},"yoast_head":"<!-- This site is optimized with the Yoast SEO Premium plugin v21.5 (Yoast SEO v27.4) - https:\/\/yoast.com\/product\/yoast-seo-premium-wordpress\/ -->\n<title>66W h\u00e1hra\u00f0a gagna- og hle\u00f0slusn\u00fara me\u00f0 LED skj\u00e1 - USB-A \u00ed USB-C tengi (1,2 metrar) | Joyroom<\/title>\n<meta name=\"description\" content=\"66W hle\u00f0slusn\u00fara me\u00f0 USB-A \u00ed USB-C tengi. Sn\u00faran er me\u00f0 LED skj\u00e1 sem s\u00fdnir magn straums \u00e1 hle\u00f0slu og er skotstund a\u00f0 hla\u00f0a hvert t\u00e6ki. Gagnaflutningshra\u00f0inn er allt a\u00f0 480 Mbps. Sn\u00faran er n\u00e6lonvafin sem h\u00e1markar endingu og veitir v\u00f6rn gegn sliti og \u00f6\u00f0ru hnaski.  Litur: Svartur Lengd: 1,2 metrar Efni: \u00c1l og vafi\u00f0 n\u00e6lon 66W USB-A \u00ed USB-C tengi Gagnahra\u00f0i: 480 Mbps Vottun: Ce, ROHS, FCC og UKCA\" \/>\n<meta name=\"robots\" content=\"index, follow, max-snippet:-1, max-image-preview:large, max-video-preview:-1\" \/>\n<link rel=\"canonical\" href=\"https:\/\/joyroom.is\/vara\/s-ac066a16\/\" \/>\n<meta property=\"og:locale\" content=\"en_US\" \/>\n<meta property=\"og:type\" content=\"article\" \/>\n<meta property=\"og:title\" content=\"66W h\u00e1hra\u00f0a gagna- og hle\u00f0slusn\u00fara me\u00f0 LED skj\u00e1 - USB-A \u00ed USB-C tengi (1,2 metrar)\" \/>\n<meta property=\"og:description\" content=\"66W hle\u00f0slusn\u00fara me\u00f0 USB-A \u00ed USB-C tengi. Sn\u00faran er me\u00f0 LED skj\u00e1 sem s\u00fdnir magn straums \u00e1 hle\u00f0slu og er skotstund a\u00f0 hla\u00f0a hvert t\u00e6ki. Gagnaflutningshra\u00f0inn er allt a\u00f0 480 Mbps. Sn\u00faran er n\u00e6lonvafin sem h\u00e1markar endingu og veitir v\u00f6rn gegn sliti og \u00f6\u00f0ru hnaski.  Litur: Svartur Lengd: 1,2 metrar Efni: \u00c1l og vafi\u00f0 n\u00e6lon 66W USB-A \u00ed USB-C tengi Gagnahra\u00f0i: 480 Mbps Vottun: Ce, ROHS, FCC og UKCA\" \/>\n<meta property=\"og:url\" content=\"https:\/\/joyroom.is\/vara\/s-ac066a16\/\" \/>\n<meta property=\"og:site_name\" content=\"Joyroom\" \/>\n<meta property=\"article:modified_time\" content=\"2025-11-29T02:53:28+00:00\" \/>\n<meta property=\"og:image\" content=\"https:\/\/joyroom.is\/wp-content\/uploads\/2025\/07\/S-AC066A16.jpg\" \/>\n\t<meta property=\"og:image:width\" content=\"600\" \/>\n\t<meta property=\"og:image:height\" content=\"600\" \/>\n\t<meta property=\"og:image:type\" content=\"image\/jpeg\" \/>\n<meta name=\"twitter:card\" content=\"summary_large_image\" \/>\n<script type=\"application\/ld+json\" class=\"yoast-schema-graph\">{\"@context\":\"https:\\\/\\\/schema.org\",\"@graph\":[{\"@type\":\"WebPage\",\"@id\":\"https:\\\/\\\/joyroom.is\\\/vara\\\/s-ac066a16\\\/\",\"url\":\"https:\\\/\\\/joyroom.is\\\/vara\\\/s-ac066a16\\\/\",\"name\":\"66W h\u00e1hra\u00f0a gagna- og hle\u00f0slusn\u00fara me\u00f0 LED skj\u00e1 - USB-A \u00ed USB-C tengi (1,2 metrar) | Joyroom\",\"isPartOf\":{\"@id\":\"https:\\\/\\\/joyroom.is\\\/#website\"},\"primaryImageOfPage\":{\"@id\":\"https:\\\/\\\/joyroom.is\\\/vara\\\/s-ac066a16\\\/#primaryimage\"},\"image\":{\"@id\":\"https:\\\/\\\/joyroom.is\\\/vara\\\/s-ac066a16\\\/#primaryimage\"},\"thumbnailUrl\":\"https:\\\/\\\/joyroom.is\\\/wp-content\\\/uploads\\\/2025\\\/07\\\/S-AC066A16.jpg\",\"datePublished\":\"2025-07-26T08:40:11+00:00\",\"dateModified\":\"2025-11-29T02:53:28+00:00\",\"description\":\"66W hle\u00f0slusn\u00fara me\u00f0 USB-A \u00ed USB-C tengi. Sn\u00faran er me\u00f0 LED skj\u00e1 sem s\u00fdnir magn straums \u00e1 hle\u00f0slu og er skotstund a\u00f0 hla\u00f0a hvert t\u00e6ki. Gagnaflutningshra\u00f0inn er allt a\u00f0 480 Mbps. Sn\u00faran er n\u00e6lonvafin sem h\u00e1markar endingu og veitir v\u00f6rn gegn sliti og \u00f6\u00f0ru hnaski. Litur: Svartur Lengd: 1,2 metrar Efni: \u00c1l og vafi\u00f0 n\u00e6lon 66W USB-A \u00ed USB-C tengi Gagnahra\u00f0i: 480 Mbps Vottun: Ce, ROHS, FCC og UKCA\",\"breadcrumb\":{\"@id\":\"https:\\\/\\\/joyroom.is\\\/vara\\\/s-ac066a16\\\/#breadcrumb\"},\"inLanguage\":\"en-US\",\"potentialAction\":[{\"@type\":\"ReadAction\",\"target\":[\"https:\\\/\\\/joyroom.is\\\/vara\\\/s-ac066a16\\\/\"]}]},{\"@type\":\"ImageObject\",\"inLanguage\":\"en-US\",\"@id\":\"https:\\\/\\\/joyroom.is\\\/vara\\\/s-ac066a16\\\/#primaryimage\",\"url\":\"https:\\\/\\\/joyroom.is\\\/wp-content\\\/uploads\\\/2025\\\/07\\\/S-AC066A16.jpg\",\"contentUrl\":\"https:\\\/\\\/joyroom.is\\\/wp-content\\\/uploads\\\/2025\\\/07\\\/S-AC066A16.jpg\",\"width\":600,\"height\":600},{\"@type\":\"BreadcrumbList\",\"@id\":\"https:\\\/\\\/joyroom.is\\\/vara\\\/s-ac066a16\\\/#breadcrumb\",\"itemListElement\":[{\"@type\":\"ListItem\",\"position\":1,\"name\":\"Home\",\"item\":\"https:\\\/\\\/joyroom.is\\\/\"},{\"@type\":\"ListItem\",\"position\":2,\"name\":\"Shop\",\"item\":\"https:\\\/\\\/www.vorulagerinn.is\\\/heildsala\\\/en\\\/shop\\\/\"},{\"@type\":\"ListItem\",\"position\":3,\"name\":\"66W h\u00e1hra\u00f0a gagna- og hle\u00f0slusn\u00fara me\u00f0 LED skj\u00e1 &#8211; USB-A \u00ed USB-C tengi (1,2 metrar)\"}]},{\"@type\":\"WebSite\",\"@id\":\"https:\\\/\\\/joyroom.is\\\/#website\",\"url\":\"https:\\\/\\\/joyroom.is\\\/\",\"name\":\"Joyroom \u00e1 \u00cdslandi\",\"description\":\"Vali&eth; er einfalt\",\"publisher\":{\"@id\":\"https:\\\/\\\/joyroom.is\\\/#organization\"},\"alternateName\":\"Joyroom\",\"potentialAction\":[{\"@type\":\"SearchAction\",\"target\":{\"@type\":\"EntryPoint\",\"urlTemplate\":\"https:\\\/\\\/joyroom.is\\\/?s={search_term_string}\"},\"query-input\":{\"@type\":\"PropertyValueSpecification\",\"valueRequired\":true,\"valueName\":\"search_term_string\"}}],\"inLanguage\":\"en-US\"},{\"@type\":\"Organization\",\"@id\":\"https:\\\/\\\/joyroom.is\\\/#organization\",\"name\":\"Joyroom \u00e1 \u00cdslandi\",\"alternateName\":\"Joyroom\",\"url\":\"https:\\\/\\\/joyroom.is\\\/\",\"logo\":{\"@type\":\"ImageObject\",\"inLanguage\":\"en-US\",\"@id\":\"https:\\\/\\\/joyroom.is\\\/#\\\/schema\\\/logo\\\/image\\\/\",\"url\":\"https:\\\/\\\/joyroom.is\\\/wp-content\\\/uploads\\\/2024\\\/08\\\/JR.jpg\",\"contentUrl\":\"https:\\\/\\\/joyroom.is\\\/wp-content\\\/uploads\\\/2024\\\/08\\\/JR.jpg\",\"width\":1200,\"height\":1200,\"caption\":\"Joyroom \u00e1 \u00cdslandi\"},\"image\":{\"@id\":\"https:\\\/\\\/joyroom.is\\\/#\\\/schema\\\/logo\\\/image\\\/\"}}]}<\/script>\n<!-- \/ Yoast SEO Premium plugin. -->","yoast_head_json":{"title":"66W h\u00e1hra\u00f0a gagna- og hle\u00f0slusn\u00fara me\u00f0 LED skj\u00e1 - USB-A \u00ed USB-C tengi (1,2 metrar) | Joyroom","description":"66W hle\u00f0slusn\u00fara me\u00f0 USB-A \u00ed USB-C tengi. Sn\u00faran er me\u00f0 LED skj\u00e1 sem s\u00fdnir magn straums \u00e1 hle\u00f0slu og er skotstund a\u00f0 hla\u00f0a hvert t\u00e6ki. Gagnaflutningshra\u00f0inn er allt a\u00f0 480 Mbps. Sn\u00faran er n\u00e6lonvafin sem h\u00e1markar endingu og veitir v\u00f6rn gegn sliti og \u00f6\u00f0ru hnaski.  Litur: Svartur Lengd: 1,2 metrar Efni: \u00c1l og vafi\u00f0 n\u00e6lon 66W USB-A \u00ed USB-C tengi Gagnahra\u00f0i: 480 Mbps Vottun: Ce, ROHS, FCC og UKCA","robots":{"index":"index","follow":"follow","max-snippet":"max-snippet:-1","max-image-preview":"max-image-preview:large","max-video-preview":"max-video-preview:-1"},"canonical":"https:\/\/joyroom.is\/vara\/s-ac066a16\/","og_locale":"en_US","og_type":"article","og_title":"66W h\u00e1hra\u00f0a gagna- og hle\u00f0slusn\u00fara me\u00f0 LED skj\u00e1 - USB-A \u00ed USB-C tengi (1,2 metrar)","og_description":"66W hle\u00f0slusn\u00fara me\u00f0 USB-A \u00ed USB-C tengi. Sn\u00faran er me\u00f0 LED skj\u00e1 sem s\u00fdnir magn straums \u00e1 hle\u00f0slu og er skotstund a\u00f0 hla\u00f0a hvert t\u00e6ki. Gagnaflutningshra\u00f0inn er allt a\u00f0 480 Mbps. Sn\u00faran er n\u00e6lonvafin sem h\u00e1markar endingu og veitir v\u00f6rn gegn sliti og \u00f6\u00f0ru hnaski.  Litur: Svartur Lengd: 1,2 metrar Efni: \u00c1l og vafi\u00f0 n\u00e6lon 66W USB-A \u00ed USB-C tengi Gagnahra\u00f0i: 480 Mbps Vottun: Ce, ROHS, FCC og UKCA","og_url":"https:\/\/joyroom.is\/vara\/s-ac066a16\/","og_site_name":"Joyroom","article_modified_time":"2025-11-29T02:53:28+00:00","og_image":[{"width":600,"height":600,"url":"https:\/\/joyroom.is\/wp-content\/uploads\/2025\/07\/S-AC066A16.jpg","type":"image\/jpeg"}],"twitter_card":"summary_large_image","schema":{"@context":"https:\/\/schema.org","@graph":[{"@type":"WebPage","@id":"https:\/\/joyroom.is\/vara\/s-ac066a16\/","url":"https:\/\/joyroom.is\/vara\/s-ac066a16\/","name":"66W h\u00e1hra\u00f0a gagna- og hle\u00f0slusn\u00fara me\u00f0 LED skj\u00e1 - USB-A \u00ed USB-C tengi (1,2 metrar) | Joyroom","isPartOf":{"@id":"https:\/\/joyroom.is\/#website"},"primaryImageOfPage":{"@id":"https:\/\/joyroom.is\/vara\/s-ac066a16\/#primaryimage"},"image":{"@id":"https:\/\/joyroom.is\/vara\/s-ac066a16\/#primaryimage"},"thumbnailUrl":"https:\/\/joyroom.is\/wp-content\/uploads\/2025\/07\/S-AC066A16.jpg","datePublished":"2025-07-26T08:40:11+00:00","dateModified":"2025-11-29T02:53:28+00:00","description":"66W hle\u00f0slusn\u00fara me\u00f0 USB-A \u00ed USB-C tengi. Sn\u00faran er me\u00f0 LED skj\u00e1 sem s\u00fdnir magn straums \u00e1 hle\u00f0slu og er skotstund a\u00f0 hla\u00f0a hvert t\u00e6ki. Gagnaflutningshra\u00f0inn er allt a\u00f0 480 Mbps. Sn\u00faran er n\u00e6lonvafin sem h\u00e1markar endingu og veitir v\u00f6rn gegn sliti og \u00f6\u00f0ru hnaski. Litur: Svartur Lengd: 1,2 metrar Efni: \u00c1l og vafi\u00f0 n\u00e6lon 66W USB-A \u00ed USB-C tengi Gagnahra\u00f0i: 480 Mbps Vottun: Ce, ROHS, FCC og UKCA","breadcrumb":{"@id":"https:\/\/joyroom.is\/vara\/s-ac066a16\/#breadcrumb"},"inLanguage":"en-US","potentialAction":[{"@type":"ReadAction","target":["https:\/\/joyroom.is\/vara\/s-ac066a16\/"]}]},{"@type":"ImageObject","inLanguage":"en-US","@id":"https:\/\/joyroom.is\/vara\/s-ac066a16\/#primaryimage","url":"https:\/\/joyroom.is\/wp-content\/uploads\/2025\/07\/S-AC066A16.jpg","contentUrl":"https:\/\/joyroom.is\/wp-content\/uploads\/2025\/07\/S-AC066A16.jpg","width":600,"height":600},{"@type":"BreadcrumbList","@id":"https:\/\/joyroom.is\/vara\/s-ac066a16\/#breadcrumb","itemListElement":[{"@type":"ListItem","position":1,"name":"Home","item":"https:\/\/joyroom.is\/"},{"@type":"ListItem","position":2,"name":"Shop","item":"https:\/\/www.vorulagerinn.is\/heildsala\/en\/shop\/"},{"@type":"ListItem","position":3,"name":"66W h\u00e1hra\u00f0a gagna- og hle\u00f0slusn\u00fara me\u00f0 LED skj\u00e1 &#8211; USB-A \u00ed USB-C tengi (1,2 metrar)"}]},{"@type":"WebSite","@id":"https:\/\/joyroom.is\/#website","url":"https:\/\/joyroom.is\/","name":"Joyroom \u00e1 \u00cdslandi","description":"Vali&eth; er einfalt","publisher":{"@id":"https:\/\/joyroom.is\/#organization"},"alternateName":"Joyroom","potentialAction":[{"@type":"SearchAction","target":{"@type":"EntryPoint","urlTemplate":"https:\/\/joyroom.is\/?s={search_term_string}"},"query-input":{"@type":"PropertyValueSpecification","valueRequired":true,"valueName":"search_term_string"}}],"inLanguage":"en-US"},{"@type":"Organization","@id":"https:\/\/joyroom.is\/#organization","name":"Joyroom \u00e1 \u00cdslandi","alternateName":"Joyroom","url":"https:\/\/joyroom.is\/","logo":{"@type":"ImageObject","inLanguage":"en-US","@id":"https:\/\/joyroom.is\/#\/schema\/logo\/image\/","url":"https:\/\/joyroom.is\/wp-content\/uploads\/2024\/08\/JR.jpg","contentUrl":"https:\/\/joyroom.is\/wp-content\/uploads\/2024\/08\/JR.jpg","width":1200,"height":1200,"caption":"Joyroom \u00e1 \u00cdslandi"},"image":{"@id":"https:\/\/joyroom.is\/#\/schema\/logo\/image\/"}}]}},"_links":{"self":[{"href":"https:\/\/joyroom.is\/en\/wp-json\/wp\/v2\/product\/24659","targetHints":{"allow":["GET"]}}],"collection":[{"href":"https:\/\/joyroom.is\/en\/wp-json\/wp\/v2\/product"}],"about":[{"href":"https:\/\/joyroom.is\/en\/wp-json\/wp\/v2\/types\/product"}],"wp:featuredmedia":[{"embeddable":true,"href":"https:\/\/joyroom.is\/en\/wp-json\/wp\/v2\/media\/24610"}],"wp:attachment":[{"href":"https:\/\/joyroom.is\/en\/wp-json\/wp\/v2\/media?parent=24659"}],"wp:term":[{"taxonomy":"product_brand","embeddable":true,"href":"https:\/\/joyroom.is\/en\/wp-json\/wp\/v2\/product_brand?post=24659"},{"taxonomy":"product_cat","embeddable":true,"href":"https:\/\/joyroom.is\/en\/wp-json\/wp\/v2\/product_cat?post=24659"},{"taxonomy":"product_tag","embeddable":true,"href":"https:\/\/joyroom.is\/en\/wp-json\/wp\/v2\/product_tag?post=24659"}],"curies":[{"name":"wp","href":"https:\/\/api.w.org\/{rel}","templated":true}]}}