{"id":24662,"date":"2025-07-25T19:32:47","date_gmt":"2025-07-25T19:32:47","guid":{"rendered":"https:\/\/joyroom.is\/product\/s-cl020a16\/"},"modified":"2026-02-15T19:05:32","modified_gmt":"2026-02-15T19:05:32","slug":"s-cl020a16","status":"publish","type":"product","link":"https:\/\/joyroom.is\/en\/product\/s-cl020a16\/","title":{"rendered":"20W gagna- og hle\u00f0slusn\u00fara me\u00f0 LED skj\u00e1. USB-C \u00ed Lightning tengi (1,2 metrar)"},"content":{"rendered":"","protected":false},"excerpt":{"rendered":"<p>20W h\u00e1hra\u00f0a gagna- og hle\u00f0slusn\u00fara me\u00f0 USB-C \u00ed Lightning tengi. Sn\u00faran er me\u00f0 led skj\u00e1 sem s\u00fdnir magn straums \u00e1 hle\u00f0slu. Gagnaflutningshra\u00f0inn er allt a\u00f0 480 Mbps \u00e1 sek og sn\u00faran 1,2 metrar. Sn\u00faran er n\u00e6lonvafin sem h\u00e1markar endingu og veitir v\u00f6rn gegn sliti og \u00f6\u00f0ru hnjaski.<\/p>\n<p>Litur: Svartur<br \/>\nLengd: 1,2 metrar<br \/>\nEfni: \u00c1l og vafi\u00f0 n\u00e6lon<br \/>\n20W hra\u00f0hle\u00f0slusn\u00fara me\u00f0 LED skj\u00e1<br \/>\nGagnahra\u00f0i: 480 Mbps<br \/>\nVottun: CE, ROHS, FCC og UKCA<\/p>\n","protected":false},"featured_media":24627,"template":"","meta":[],"product_brand":[],"product_cat":[432],"product_tag":[],"class_list":{"0":"post-24662","1":"product","2":"type-product","3":"status-publish","4":"has-post-thumbnail","6":"product_cat-usb-c-i-lightning","8":"first","9":"instock","10":"taxable","11":"shipping-taxable","12":"purchasable","13":"product-type-simple"},"yoast_head":"<!-- This site is optimized with the Yoast SEO Premium plugin v21.5 (Yoast SEO v27.4) - https:\/\/yoast.com\/product\/yoast-seo-premium-wordpress\/ -->\n<title>20W gagna- og hle\u00f0slusn\u00fara me\u00f0 LED skj\u00e1. USB-C \u00ed Lightning tengi (1,2 metrar) | Joyroom<\/title>\n<meta name=\"description\" content=\"20W h\u00e1hra\u00f0a gagna- og hle\u00f0slusn\u00fara me\u00f0 USB-C \u00ed Lightning tengi. Sn\u00faran er me\u00f0 led skj\u00e1 sem s\u00fdnir magn straums \u00e1 hle\u00f0slu. Gagnaflutningshra\u00f0inn er allt a\u00f0 480 Mbps \u00e1 sek og sn\u00faran 1,2 metrar. Sn\u00faran er n\u00e6lonvafin sem h\u00e1markar endingu og veitir v\u00f6rn gegn sliti og \u00f6\u00f0ru hnjaski.  Litur: Svartur Lengd: 1,2 metrar Efni: \u00c1l og vafi\u00f0 n\u00e6lon 20W hra\u00f0hle\u00f0slusn\u00fara me\u00f0 LED skj\u00e1 Gagnahra\u00f0i: 480 Mbps Vottun: CE, ROHS, FCC og UKCA\" \/>\n<meta name=\"robots\" content=\"index, follow, max-snippet:-1, max-image-preview:large, max-video-preview:-1\" \/>\n<link rel=\"canonical\" href=\"https:\/\/joyroom.is\/vara\/s-cl020a16\/\" \/>\n<meta property=\"og:locale\" content=\"en_US\" \/>\n<meta property=\"og:type\" content=\"article\" \/>\n<meta property=\"og:title\" content=\"20W gagna- og hle\u00f0slusn\u00fara me\u00f0 LED skj\u00e1. USB-C \u00ed Lightning tengi (1,2 metrar)\" \/>\n<meta property=\"og:description\" content=\"20W h\u00e1hra\u00f0a gagna- og hle\u00f0slusn\u00fara me\u00f0 USB-C \u00ed Lightning tengi. Sn\u00faran er me\u00f0 led skj\u00e1 sem s\u00fdnir magn straums \u00e1 hle\u00f0slu. Gagnaflutningshra\u00f0inn er allt a\u00f0 480 Mbps \u00e1 sek og sn\u00faran 1,2 metrar. Sn\u00faran er n\u00e6lonvafin sem h\u00e1markar endingu og veitir v\u00f6rn gegn sliti og \u00f6\u00f0ru hnjaski.  Litur: Svartur Lengd: 1,2 metrar Efni: \u00c1l og vafi\u00f0 n\u00e6lon 20W hra\u00f0hle\u00f0slusn\u00fara me\u00f0 LED skj\u00e1 Gagnahra\u00f0i: 480 Mbps Vottun: CE, ROHS, FCC og UKCA\" \/>\n<meta property=\"og:url\" content=\"https:\/\/joyroom.is\/vara\/s-cl020a16\/\" \/>\n<meta property=\"og:site_name\" content=\"Joyroom\" \/>\n<meta property=\"article:modified_time\" content=\"2026-02-15T19:05:32+00:00\" \/>\n<meta property=\"og:image\" content=\"https:\/\/joyroom.is\/wp-content\/uploads\/2025\/07\/S-CL020A16-.jpg\" \/>\n\t<meta property=\"og:image:width\" content=\"600\" \/>\n\t<meta property=\"og:image:height\" content=\"600\" \/>\n\t<meta property=\"og:image:type\" content=\"image\/jpeg\" \/>\n<meta name=\"twitter:card\" content=\"summary_large_image\" \/>\n<script type=\"application\/ld+json\" class=\"yoast-schema-graph\">{\"@context\":\"https:\\\/\\\/schema.org\",\"@graph\":[{\"@type\":\"WebPage\",\"@id\":\"https:\\\/\\\/joyroom.is\\\/vara\\\/s-cl020a16\\\/\",\"url\":\"https:\\\/\\\/joyroom.is\\\/vara\\\/s-cl020a16\\\/\",\"name\":\"20W gagna- og hle\u00f0slusn\u00fara me\u00f0 LED skj\u00e1. USB-C \u00ed Lightning tengi (1,2 metrar) | Joyroom\",\"isPartOf\":{\"@id\":\"https:\\\/\\\/joyroom.is\\\/#website\"},\"primaryImageOfPage\":{\"@id\":\"https:\\\/\\\/joyroom.is\\\/vara\\\/s-cl020a16\\\/#primaryimage\"},\"image\":{\"@id\":\"https:\\\/\\\/joyroom.is\\\/vara\\\/s-cl020a16\\\/#primaryimage\"},\"thumbnailUrl\":\"https:\\\/\\\/joyroom.is\\\/wp-content\\\/uploads\\\/2025\\\/07\\\/S-CL020A16-.jpg\",\"datePublished\":\"2025-07-25T19:32:47+00:00\",\"dateModified\":\"2026-02-15T19:05:32+00:00\",\"description\":\"20W h\u00e1hra\u00f0a gagna- og hle\u00f0slusn\u00fara me\u00f0 USB-C \u00ed Lightning tengi. Sn\u00faran er me\u00f0 led skj\u00e1 sem s\u00fdnir magn straums \u00e1 hle\u00f0slu. Gagnaflutningshra\u00f0inn er allt a\u00f0 480 Mbps \u00e1 sek og sn\u00faran 1,2 metrar. Sn\u00faran er n\u00e6lonvafin sem h\u00e1markar endingu og veitir v\u00f6rn gegn sliti og \u00f6\u00f0ru hnjaski. Litur: Svartur Lengd: 1,2 metrar Efni: \u00c1l og vafi\u00f0 n\u00e6lon 20W hra\u00f0hle\u00f0slusn\u00fara me\u00f0 LED skj\u00e1 Gagnahra\u00f0i: 480 Mbps Vottun: CE, ROHS, FCC og UKCA\",\"breadcrumb\":{\"@id\":\"https:\\\/\\\/joyroom.is\\\/vara\\\/s-cl020a16\\\/#breadcrumb\"},\"inLanguage\":\"en-US\",\"potentialAction\":[{\"@type\":\"ReadAction\",\"target\":[\"https:\\\/\\\/joyroom.is\\\/vara\\\/s-cl020a16\\\/\"]}]},{\"@type\":\"ImageObject\",\"inLanguage\":\"en-US\",\"@id\":\"https:\\\/\\\/joyroom.is\\\/vara\\\/s-cl020a16\\\/#primaryimage\",\"url\":\"https:\\\/\\\/joyroom.is\\\/wp-content\\\/uploads\\\/2025\\\/07\\\/S-CL020A16-.jpg\",\"contentUrl\":\"https:\\\/\\\/joyroom.is\\\/wp-content\\\/uploads\\\/2025\\\/07\\\/S-CL020A16-.jpg\",\"width\":600,\"height\":600},{\"@type\":\"BreadcrumbList\",\"@id\":\"https:\\\/\\\/joyroom.is\\\/vara\\\/s-cl020a16\\\/#breadcrumb\",\"itemListElement\":[{\"@type\":\"ListItem\",\"position\":1,\"name\":\"Home\",\"item\":\"https:\\\/\\\/joyroom.is\\\/\"},{\"@type\":\"ListItem\",\"position\":2,\"name\":\"Shop\",\"item\":\"https:\\\/\\\/www.vorulagerinn.is\\\/heildsala\\\/en\\\/shop\\\/\"},{\"@type\":\"ListItem\",\"position\":3,\"name\":\"20W gagna- og hle\u00f0slusn\u00fara me\u00f0 LED skj\u00e1. USB-C \u00ed Lightning tengi (1,2 metrar)\"}]},{\"@type\":\"WebSite\",\"@id\":\"https:\\\/\\\/joyroom.is\\\/#website\",\"url\":\"https:\\\/\\\/joyroom.is\\\/\",\"name\":\"Joyroom \u00e1 \u00cdslandi\",\"description\":\"Vali&eth; er einfalt\",\"publisher\":{\"@id\":\"https:\\\/\\\/joyroom.is\\\/#organization\"},\"alternateName\":\"Joyroom\",\"potentialAction\":[{\"@type\":\"SearchAction\",\"target\":{\"@type\":\"EntryPoint\",\"urlTemplate\":\"https:\\\/\\\/joyroom.is\\\/?s={search_term_string}\"},\"query-input\":{\"@type\":\"PropertyValueSpecification\",\"valueRequired\":true,\"valueName\":\"search_term_string\"}}],\"inLanguage\":\"en-US\"},{\"@type\":\"Organization\",\"@id\":\"https:\\\/\\\/joyroom.is\\\/#organization\",\"name\":\"Joyroom \u00e1 \u00cdslandi\",\"alternateName\":\"Joyroom\",\"url\":\"https:\\\/\\\/joyroom.is\\\/\",\"logo\":{\"@type\":\"ImageObject\",\"inLanguage\":\"en-US\",\"@id\":\"https:\\\/\\\/joyroom.is\\\/#\\\/schema\\\/logo\\\/image\\\/\",\"url\":\"https:\\\/\\\/joyroom.is\\\/wp-content\\\/uploads\\\/2024\\\/08\\\/JR.jpg\",\"contentUrl\":\"https:\\\/\\\/joyroom.is\\\/wp-content\\\/uploads\\\/2024\\\/08\\\/JR.jpg\",\"width\":1200,\"height\":1200,\"caption\":\"Joyroom \u00e1 \u00cdslandi\"},\"image\":{\"@id\":\"https:\\\/\\\/joyroom.is\\\/#\\\/schema\\\/logo\\\/image\\\/\"}}]}<\/script>\n<!-- \/ Yoast SEO Premium plugin. -->","yoast_head_json":{"title":"20W gagna- og hle\u00f0slusn\u00fara me\u00f0 LED skj\u00e1. USB-C \u00ed Lightning tengi (1,2 metrar) | Joyroom","description":"20W h\u00e1hra\u00f0a gagna- og hle\u00f0slusn\u00fara me\u00f0 USB-C \u00ed Lightning tengi. Sn\u00faran er me\u00f0 led skj\u00e1 sem s\u00fdnir magn straums \u00e1 hle\u00f0slu. Gagnaflutningshra\u00f0inn er allt a\u00f0 480 Mbps \u00e1 sek og sn\u00faran 1,2 metrar. Sn\u00faran er n\u00e6lonvafin sem h\u00e1markar endingu og veitir v\u00f6rn gegn sliti og \u00f6\u00f0ru hnjaski.  Litur: Svartur Lengd: 1,2 metrar Efni: \u00c1l og vafi\u00f0 n\u00e6lon 20W hra\u00f0hle\u00f0slusn\u00fara me\u00f0 LED skj\u00e1 Gagnahra\u00f0i: 480 Mbps Vottun: CE, ROHS, FCC og UKCA","robots":{"index":"index","follow":"follow","max-snippet":"max-snippet:-1","max-image-preview":"max-image-preview:large","max-video-preview":"max-video-preview:-1"},"canonical":"https:\/\/joyroom.is\/vara\/s-cl020a16\/","og_locale":"en_US","og_type":"article","og_title":"20W gagna- og hle\u00f0slusn\u00fara me\u00f0 LED skj\u00e1. USB-C \u00ed Lightning tengi (1,2 metrar)","og_description":"20W h\u00e1hra\u00f0a gagna- og hle\u00f0slusn\u00fara me\u00f0 USB-C \u00ed Lightning tengi. Sn\u00faran er me\u00f0 led skj\u00e1 sem s\u00fdnir magn straums \u00e1 hle\u00f0slu. Gagnaflutningshra\u00f0inn er allt a\u00f0 480 Mbps \u00e1 sek og sn\u00faran 1,2 metrar. Sn\u00faran er n\u00e6lonvafin sem h\u00e1markar endingu og veitir v\u00f6rn gegn sliti og \u00f6\u00f0ru hnjaski.  Litur: Svartur Lengd: 1,2 metrar Efni: \u00c1l og vafi\u00f0 n\u00e6lon 20W hra\u00f0hle\u00f0slusn\u00fara me\u00f0 LED skj\u00e1 Gagnahra\u00f0i: 480 Mbps Vottun: CE, ROHS, FCC og UKCA","og_url":"https:\/\/joyroom.is\/vara\/s-cl020a16\/","og_site_name":"Joyroom","article_modified_time":"2026-02-15T19:05:32+00:00","og_image":[{"width":600,"height":600,"url":"https:\/\/joyroom.is\/wp-content\/uploads\/2025\/07\/S-CL020A16-.jpg","type":"image\/jpeg"}],"twitter_card":"summary_large_image","schema":{"@context":"https:\/\/schema.org","@graph":[{"@type":"WebPage","@id":"https:\/\/joyroom.is\/vara\/s-cl020a16\/","url":"https:\/\/joyroom.is\/vara\/s-cl020a16\/","name":"20W gagna- og hle\u00f0slusn\u00fara me\u00f0 LED skj\u00e1. USB-C \u00ed Lightning tengi (1,2 metrar) | Joyroom","isPartOf":{"@id":"https:\/\/joyroom.is\/#website"},"primaryImageOfPage":{"@id":"https:\/\/joyroom.is\/vara\/s-cl020a16\/#primaryimage"},"image":{"@id":"https:\/\/joyroom.is\/vara\/s-cl020a16\/#primaryimage"},"thumbnailUrl":"https:\/\/joyroom.is\/wp-content\/uploads\/2025\/07\/S-CL020A16-.jpg","datePublished":"2025-07-25T19:32:47+00:00","dateModified":"2026-02-15T19:05:32+00:00","description":"20W h\u00e1hra\u00f0a gagna- og hle\u00f0slusn\u00fara me\u00f0 USB-C \u00ed Lightning tengi. Sn\u00faran er me\u00f0 led skj\u00e1 sem s\u00fdnir magn straums \u00e1 hle\u00f0slu. Gagnaflutningshra\u00f0inn er allt a\u00f0 480 Mbps \u00e1 sek og sn\u00faran 1,2 metrar. Sn\u00faran er n\u00e6lonvafin sem h\u00e1markar endingu og veitir v\u00f6rn gegn sliti og \u00f6\u00f0ru hnjaski. Litur: Svartur Lengd: 1,2 metrar Efni: \u00c1l og vafi\u00f0 n\u00e6lon 20W hra\u00f0hle\u00f0slusn\u00fara me\u00f0 LED skj\u00e1 Gagnahra\u00f0i: 480 Mbps Vottun: CE, ROHS, FCC og UKCA","breadcrumb":{"@id":"https:\/\/joyroom.is\/vara\/s-cl020a16\/#breadcrumb"},"inLanguage":"en-US","potentialAction":[{"@type":"ReadAction","target":["https:\/\/joyroom.is\/vara\/s-cl020a16\/"]}]},{"@type":"ImageObject","inLanguage":"en-US","@id":"https:\/\/joyroom.is\/vara\/s-cl020a16\/#primaryimage","url":"https:\/\/joyroom.is\/wp-content\/uploads\/2025\/07\/S-CL020A16-.jpg","contentUrl":"https:\/\/joyroom.is\/wp-content\/uploads\/2025\/07\/S-CL020A16-.jpg","width":600,"height":600},{"@type":"BreadcrumbList","@id":"https:\/\/joyroom.is\/vara\/s-cl020a16\/#breadcrumb","itemListElement":[{"@type":"ListItem","position":1,"name":"Home","item":"https:\/\/joyroom.is\/"},{"@type":"ListItem","position":2,"name":"Shop","item":"https:\/\/www.vorulagerinn.is\/heildsala\/en\/shop\/"},{"@type":"ListItem","position":3,"name":"20W gagna- og hle\u00f0slusn\u00fara me\u00f0 LED skj\u00e1. USB-C \u00ed Lightning tengi (1,2 metrar)"}]},{"@type":"WebSite","@id":"https:\/\/joyroom.is\/#website","url":"https:\/\/joyroom.is\/","name":"Joyroom \u00e1 \u00cdslandi","description":"Vali&eth; er einfalt","publisher":{"@id":"https:\/\/joyroom.is\/#organization"},"alternateName":"Joyroom","potentialAction":[{"@type":"SearchAction","target":{"@type":"EntryPoint","urlTemplate":"https:\/\/joyroom.is\/?s={search_term_string}"},"query-input":{"@type":"PropertyValueSpecification","valueRequired":true,"valueName":"search_term_string"}}],"inLanguage":"en-US"},{"@type":"Organization","@id":"https:\/\/joyroom.is\/#organization","name":"Joyroom \u00e1 \u00cdslandi","alternateName":"Joyroom","url":"https:\/\/joyroom.is\/","logo":{"@type":"ImageObject","inLanguage":"en-US","@id":"https:\/\/joyroom.is\/#\/schema\/logo\/image\/","url":"https:\/\/joyroom.is\/wp-content\/uploads\/2024\/08\/JR.jpg","contentUrl":"https:\/\/joyroom.is\/wp-content\/uploads\/2024\/08\/JR.jpg","width":1200,"height":1200,"caption":"Joyroom \u00e1 \u00cdslandi"},"image":{"@id":"https:\/\/joyroom.is\/#\/schema\/logo\/image\/"}}]}},"_links":{"self":[{"href":"https:\/\/joyroom.is\/en\/wp-json\/wp\/v2\/product\/24662","targetHints":{"allow":["GET"]}}],"collection":[{"href":"https:\/\/joyroom.is\/en\/wp-json\/wp\/v2\/product"}],"about":[{"href":"https:\/\/joyroom.is\/en\/wp-json\/wp\/v2\/types\/product"}],"wp:featuredmedia":[{"embeddable":true,"href":"https:\/\/joyroom.is\/en\/wp-json\/wp\/v2\/media\/24627"}],"wp:attachment":[{"href":"https:\/\/joyroom.is\/en\/wp-json\/wp\/v2\/media?parent=24662"}],"wp:term":[{"taxonomy":"product_brand","embeddable":true,"href":"https:\/\/joyroom.is\/en\/wp-json\/wp\/v2\/product_brand?post=24662"},{"taxonomy":"product_cat","embeddable":true,"href":"https:\/\/joyroom.is\/en\/wp-json\/wp\/v2\/product_cat?post=24662"},{"taxonomy":"product_tag","embeddable":true,"href":"https:\/\/joyroom.is\/en\/wp-json\/wp\/v2\/product_tag?post=24662"}],"curies":[{"name":"wp","href":"https:\/\/api.w.org\/{rel}","templated":true}]}}