{"id":24676,"date":"2025-07-25T11:19:30","date_gmt":"2025-07-25T11:19:30","guid":{"rendered":"https:\/\/joyroom.is\/product\/sa21-2t3\/"},"modified":"2025-09-21T11:56:03","modified_gmt":"2025-09-21T11:56:03","slug":"sa21","status":"publish","type":"product","link":"https:\/\/joyroom.is\/en\/product\/sa21\/","title":{"rendered":"100W h\u00e1hra\u00f0a 6 in 1 gagna- og hle\u00f0slusn\u00fara (1,5m) &#8211; USB-A &amp; USB-C \u00ed Lightning, USB-C &amp; Micro-USB"},"content":{"rendered":"","protected":false},"excerpt":{"rendered":"<p>Fj\u00f6lnota 6 in 1 gagna- og hra\u00f0hle\u00f0slusn\u00fara fyrir Apple og Android sem b\u00fd\u00f0ur upp \u00e1 marga m\u00f6guleika. USB-A &amp; USB-C \u00ed Lightning, USB-C &amp; Micro-USB tengi. Gagnaflutningshra\u00f0inn er allt a\u00f0 480 Mbps \u00e1 sek og sn\u00faran er 1,5 metrar \u00e1 lengd. Sn\u00faran er n\u00e6lonvafin sem h\u00e1markar endingu og veitir v\u00f6rn gegn sliti og \u00f6\u00f0ru hnjaski.<\/p>\n<p>Litur: Svartur<br \/>\nLengd: 1,5 metrar<br \/>\nEfni: \u00c1l og vafi\u00f0 n\u00e6lon<br \/>\n100W 6 in 1 h\u00e1hra\u00f0a gagna- og hle\u00f0slusn\u00fara<br \/>\nUSB-C: 110W, Lightning: 30W, Micro USB: 18W, Lightning USB-C Micro USB: 3.5 A<br \/>\nGagnahra\u00f0i: 480 Mbps<br \/>\nVottun: CE, ROHS, CEE &amp; UKCA<\/p>\n","protected":false},"featured_media":24672,"template":"","meta":[],"product_brand":[],"product_cat":[429,432,427],"product_tag":[],"class_list":{"0":"post-24676","1":"product","2":"type-product","3":"status-publish","4":"has-post-thumbnail","6":"product_cat-usb-a-i-lightning","7":"product_cat-usb-c-i-lightning","8":"product_cat-usb-c-i-usb-c","10":"first","11":"instock","12":"taxable","13":"shipping-taxable","14":"purchasable","15":"product-type-simple"},"yoast_head":"<!-- This site is optimized with the Yoast SEO Premium plugin v21.5 (Yoast SEO v27.4) - https:\/\/yoast.com\/product\/yoast-seo-premium-wordpress\/ -->\n<title>100W h\u00e1hra\u00f0a 6 in 1 gagna- og hle\u00f0slusn\u00fara (1,5m) - USB-A &amp; USB-C \u00ed Lightning, USB-C &amp; Micro-USB | Joyroom<\/title>\n<meta name=\"description\" content=\"Fj\u00f6lnota 6 in 1 gagna- og hra\u00f0hle\u00f0slusn\u00fara fyrir Apple og Android sem b\u00fd\u00f0ur upp \u00e1 marga m\u00f6guleika. USB-A &amp; USB-C \u00ed Lightning, USB-C &amp; Micro-USB tengi. Gagnaflutningshra\u00f0inn er allt a\u00f0 480 Mbps \u00e1 sek og sn\u00faran er 1,5 metrar \u00e1 lengd. Sn\u00faran er n\u00e6lonvafin sem h\u00e1markar endingu og veitir v\u00f6rn gegn sliti og \u00f6\u00f0ru hnjaski.  Litur: Svartur Lengd: 1,5 metrar Efni: \u00c1l og vafi\u00f0 n\u00e6lon 100W 6 in 1 h\u00e1hra\u00f0a gagna- og hle\u00f0slusn\u00fara USB-C: 110W, Lightning: 30W, Micro USB: 18W, Lightning USB-C Micro USB: 3.5 A Gagnahra\u00f0i: 480 Mbps Vottun: CE, ROHS, CEE &amp; UKCA\" \/>\n<meta name=\"robots\" content=\"index, follow, max-snippet:-1, max-image-preview:large, max-video-preview:-1\" \/>\n<link rel=\"canonical\" href=\"https:\/\/joyroom.is\/vara\/sa21\/\" \/>\n<meta property=\"og:locale\" content=\"en_US\" \/>\n<meta property=\"og:type\" content=\"article\" \/>\n<meta property=\"og:title\" content=\"100W h\u00e1hra\u00f0a 6 in 1 gagna- og hle\u00f0slusn\u00fara (1,5m) - USB-A &amp; USB-C \u00ed Lightning, USB-C &amp; Micro-USB\" \/>\n<meta property=\"og:description\" content=\"Fj\u00f6lnota 6 in 1 gagna- og hra\u00f0hle\u00f0slusn\u00fara fyrir Apple og Android sem b\u00fd\u00f0ur upp \u00e1 marga m\u00f6guleika. USB-A &amp; USB-C \u00ed Lightning, USB-C &amp; Micro-USB tengi. Gagnaflutningshra\u00f0inn er allt a\u00f0 480 Mbps \u00e1 sek og sn\u00faran er 1,5 metrar \u00e1 lengd. Sn\u00faran er n\u00e6lonvafin sem h\u00e1markar endingu og veitir v\u00f6rn gegn sliti og \u00f6\u00f0ru hnjaski.  Litur: Svartur Lengd: 1,5 metrar Efni: \u00c1l og vafi\u00f0 n\u00e6lon 100W 6 in 1 h\u00e1hra\u00f0a gagna- og hle\u00f0slusn\u00fara USB-C: 110W, Lightning: 30W, Micro USB: 18W, Lightning USB-C Micro USB: 3.5 A Gagnahra\u00f0i: 480 Mbps Vottun: CE, ROHS, CEE &amp; UKCA\" \/>\n<meta property=\"og:url\" content=\"https:\/\/joyroom.is\/vara\/sa21\/\" \/>\n<meta property=\"og:site_name\" content=\"Joyroom\" \/>\n<meta property=\"article:modified_time\" content=\"2025-09-21T11:56:03+00:00\" \/>\n<meta property=\"og:image\" content=\"https:\/\/joyroom.is\/wp-content\/uploads\/2025\/07\/SA21-2T3.jpg\" \/>\n\t<meta property=\"og:image:width\" content=\"600\" \/>\n\t<meta property=\"og:image:height\" content=\"600\" \/>\n\t<meta property=\"og:image:type\" content=\"image\/jpeg\" \/>\n<meta name=\"twitter:card\" content=\"summary_large_image\" \/>\n<script type=\"application\/ld+json\" class=\"yoast-schema-graph\">{\"@context\":\"https:\\\/\\\/schema.org\",\"@graph\":[{\"@type\":\"WebPage\",\"@id\":\"https:\\\/\\\/joyroom.is\\\/vara\\\/sa21\\\/\",\"url\":\"https:\\\/\\\/joyroom.is\\\/vara\\\/sa21\\\/\",\"name\":\"100W h\u00e1hra\u00f0a 6 in 1 gagna- og hle\u00f0slusn\u00fara (1,5m) - USB-A &amp; USB-C \u00ed Lightning, USB-C &amp; Micro-USB | Joyroom\",\"isPartOf\":{\"@id\":\"https:\\\/\\\/joyroom.is\\\/#website\"},\"primaryImageOfPage\":{\"@id\":\"https:\\\/\\\/joyroom.is\\\/vara\\\/sa21\\\/#primaryimage\"},\"image\":{\"@id\":\"https:\\\/\\\/joyroom.is\\\/vara\\\/sa21\\\/#primaryimage\"},\"thumbnailUrl\":\"https:\\\/\\\/joyroom.is\\\/wp-content\\\/uploads\\\/2025\\\/07\\\/SA21-2T3.jpg\",\"datePublished\":\"2025-07-25T11:19:30+00:00\",\"dateModified\":\"2025-09-21T11:56:03+00:00\",\"description\":\"Fj\u00f6lnota 6 in 1 gagna- og hra\u00f0hle\u00f0slusn\u00fara fyrir Apple og Android sem b\u00fd\u00f0ur upp \u00e1 marga m\u00f6guleika. USB-A &amp; USB-C \u00ed Lightning, USB-C &amp; Micro-USB tengi. Gagnaflutningshra\u00f0inn er allt a\u00f0 480 Mbps \u00e1 sek og sn\u00faran er 1,5 metrar \u00e1 lengd. Sn\u00faran er n\u00e6lonvafin sem h\u00e1markar endingu og veitir v\u00f6rn gegn sliti og \u00f6\u00f0ru hnjaski. Litur: Svartur Lengd: 1,5 metrar Efni: \u00c1l og vafi\u00f0 n\u00e6lon 100W 6 in 1 h\u00e1hra\u00f0a gagna- og hle\u00f0slusn\u00fara USB-C: 110W, Lightning: 30W, Micro USB: 18W, Lightning USB-C Micro USB: 3.5 A Gagnahra\u00f0i: 480 Mbps Vottun: CE, ROHS, CEE &amp; UKCA\",\"breadcrumb\":{\"@id\":\"https:\\\/\\\/joyroom.is\\\/vara\\\/sa21\\\/#breadcrumb\"},\"inLanguage\":\"en-US\",\"potentialAction\":[{\"@type\":\"ReadAction\",\"target\":[\"https:\\\/\\\/joyroom.is\\\/vara\\\/sa21\\\/\"]}]},{\"@type\":\"ImageObject\",\"inLanguage\":\"en-US\",\"@id\":\"https:\\\/\\\/joyroom.is\\\/vara\\\/sa21\\\/#primaryimage\",\"url\":\"https:\\\/\\\/joyroom.is\\\/wp-content\\\/uploads\\\/2025\\\/07\\\/SA21-2T3.jpg\",\"contentUrl\":\"https:\\\/\\\/joyroom.is\\\/wp-content\\\/uploads\\\/2025\\\/07\\\/SA21-2T3.jpg\",\"width\":600,\"height\":600},{\"@type\":\"BreadcrumbList\",\"@id\":\"https:\\\/\\\/joyroom.is\\\/vara\\\/sa21\\\/#breadcrumb\",\"itemListElement\":[{\"@type\":\"ListItem\",\"position\":1,\"name\":\"Home\",\"item\":\"https:\\\/\\\/joyroom.is\\\/\"},{\"@type\":\"ListItem\",\"position\":2,\"name\":\"Shop\",\"item\":\"https:\\\/\\\/www.vorulagerinn.is\\\/heildsala\\\/en\\\/shop\\\/\"},{\"@type\":\"ListItem\",\"position\":3,\"name\":\"100W h\u00e1hra\u00f0a 6 in 1 gagna- og hle\u00f0slusn\u00fara (1,5m) &#8211; USB-A &amp; USB-C \u00ed Lightning, USB-C &amp; Micro-USB\"}]},{\"@type\":\"WebSite\",\"@id\":\"https:\\\/\\\/joyroom.is\\\/#website\",\"url\":\"https:\\\/\\\/joyroom.is\\\/\",\"name\":\"Joyroom \u00e1 \u00cdslandi\",\"description\":\"Vali&eth; er einfalt\",\"publisher\":{\"@id\":\"https:\\\/\\\/joyroom.is\\\/#organization\"},\"alternateName\":\"Joyroom\",\"potentialAction\":[{\"@type\":\"SearchAction\",\"target\":{\"@type\":\"EntryPoint\",\"urlTemplate\":\"https:\\\/\\\/joyroom.is\\\/?s={search_term_string}\"},\"query-input\":{\"@type\":\"PropertyValueSpecification\",\"valueRequired\":true,\"valueName\":\"search_term_string\"}}],\"inLanguage\":\"en-US\"},{\"@type\":\"Organization\",\"@id\":\"https:\\\/\\\/joyroom.is\\\/#organization\",\"name\":\"Joyroom \u00e1 \u00cdslandi\",\"alternateName\":\"Joyroom\",\"url\":\"https:\\\/\\\/joyroom.is\\\/\",\"logo\":{\"@type\":\"ImageObject\",\"inLanguage\":\"en-US\",\"@id\":\"https:\\\/\\\/joyroom.is\\\/#\\\/schema\\\/logo\\\/image\\\/\",\"url\":\"https:\\\/\\\/joyroom.is\\\/wp-content\\\/uploads\\\/2024\\\/08\\\/JR.jpg\",\"contentUrl\":\"https:\\\/\\\/joyroom.is\\\/wp-content\\\/uploads\\\/2024\\\/08\\\/JR.jpg\",\"width\":1200,\"height\":1200,\"caption\":\"Joyroom \u00e1 \u00cdslandi\"},\"image\":{\"@id\":\"https:\\\/\\\/joyroom.is\\\/#\\\/schema\\\/logo\\\/image\\\/\"}}]}<\/script>\n<!-- \/ Yoast SEO Premium plugin. -->","yoast_head_json":{"title":"100W h\u00e1hra\u00f0a 6 in 1 gagna- og hle\u00f0slusn\u00fara (1,5m) - USB-A &amp; USB-C \u00ed Lightning, USB-C &amp; Micro-USB | Joyroom","description":"Fj\u00f6lnota 6 in 1 gagna- og hra\u00f0hle\u00f0slusn\u00fara fyrir Apple og Android sem b\u00fd\u00f0ur upp \u00e1 marga m\u00f6guleika. USB-A &amp; USB-C \u00ed Lightning, USB-C &amp; Micro-USB tengi. Gagnaflutningshra\u00f0inn er allt a\u00f0 480 Mbps \u00e1 sek og sn\u00faran er 1,5 metrar \u00e1 lengd. Sn\u00faran er n\u00e6lonvafin sem h\u00e1markar endingu og veitir v\u00f6rn gegn sliti og \u00f6\u00f0ru hnjaski.  Litur: Svartur Lengd: 1,5 metrar Efni: \u00c1l og vafi\u00f0 n\u00e6lon 100W 6 in 1 h\u00e1hra\u00f0a gagna- og hle\u00f0slusn\u00fara USB-C: 110W, Lightning: 30W, Micro USB: 18W, Lightning USB-C Micro USB: 3.5 A Gagnahra\u00f0i: 480 Mbps Vottun: CE, ROHS, CEE &amp; UKCA","robots":{"index":"index","follow":"follow","max-snippet":"max-snippet:-1","max-image-preview":"max-image-preview:large","max-video-preview":"max-video-preview:-1"},"canonical":"https:\/\/joyroom.is\/vara\/sa21\/","og_locale":"en_US","og_type":"article","og_title":"100W h\u00e1hra\u00f0a 6 in 1 gagna- og hle\u00f0slusn\u00fara (1,5m) - USB-A &amp; USB-C \u00ed Lightning, USB-C &amp; Micro-USB","og_description":"Fj\u00f6lnota 6 in 1 gagna- og hra\u00f0hle\u00f0slusn\u00fara fyrir Apple og Android sem b\u00fd\u00f0ur upp \u00e1 marga m\u00f6guleika. USB-A &amp; USB-C \u00ed Lightning, USB-C &amp; Micro-USB tengi. Gagnaflutningshra\u00f0inn er allt a\u00f0 480 Mbps \u00e1 sek og sn\u00faran er 1,5 metrar \u00e1 lengd. Sn\u00faran er n\u00e6lonvafin sem h\u00e1markar endingu og veitir v\u00f6rn gegn sliti og \u00f6\u00f0ru hnjaski.  Litur: Svartur Lengd: 1,5 metrar Efni: \u00c1l og vafi\u00f0 n\u00e6lon 100W 6 in 1 h\u00e1hra\u00f0a gagna- og hle\u00f0slusn\u00fara USB-C: 110W, Lightning: 30W, Micro USB: 18W, Lightning USB-C Micro USB: 3.5 A Gagnahra\u00f0i: 480 Mbps Vottun: CE, ROHS, CEE &amp; UKCA","og_url":"https:\/\/joyroom.is\/vara\/sa21\/","og_site_name":"Joyroom","article_modified_time":"2025-09-21T11:56:03+00:00","og_image":[{"width":600,"height":600,"url":"https:\/\/joyroom.is\/wp-content\/uploads\/2025\/07\/SA21-2T3.jpg","type":"image\/jpeg"}],"twitter_card":"summary_large_image","schema":{"@context":"https:\/\/schema.org","@graph":[{"@type":"WebPage","@id":"https:\/\/joyroom.is\/vara\/sa21\/","url":"https:\/\/joyroom.is\/vara\/sa21\/","name":"100W h\u00e1hra\u00f0a 6 in 1 gagna- og hle\u00f0slusn\u00fara (1,5m) - USB-A &amp; USB-C \u00ed Lightning, USB-C &amp; Micro-USB | Joyroom","isPartOf":{"@id":"https:\/\/joyroom.is\/#website"},"primaryImageOfPage":{"@id":"https:\/\/joyroom.is\/vara\/sa21\/#primaryimage"},"image":{"@id":"https:\/\/joyroom.is\/vara\/sa21\/#primaryimage"},"thumbnailUrl":"https:\/\/joyroom.is\/wp-content\/uploads\/2025\/07\/SA21-2T3.jpg","datePublished":"2025-07-25T11:19:30+00:00","dateModified":"2025-09-21T11:56:03+00:00","description":"Fj\u00f6lnota 6 in 1 gagna- og hra\u00f0hle\u00f0slusn\u00fara fyrir Apple og Android sem b\u00fd\u00f0ur upp \u00e1 marga m\u00f6guleika. USB-A &amp; USB-C \u00ed Lightning, USB-C &amp; Micro-USB tengi. Gagnaflutningshra\u00f0inn er allt a\u00f0 480 Mbps \u00e1 sek og sn\u00faran er 1,5 metrar \u00e1 lengd. Sn\u00faran er n\u00e6lonvafin sem h\u00e1markar endingu og veitir v\u00f6rn gegn sliti og \u00f6\u00f0ru hnjaski. Litur: Svartur Lengd: 1,5 metrar Efni: \u00c1l og vafi\u00f0 n\u00e6lon 100W 6 in 1 h\u00e1hra\u00f0a gagna- og hle\u00f0slusn\u00fara USB-C: 110W, Lightning: 30W, Micro USB: 18W, Lightning USB-C Micro USB: 3.5 A Gagnahra\u00f0i: 480 Mbps Vottun: CE, ROHS, CEE &amp; UKCA","breadcrumb":{"@id":"https:\/\/joyroom.is\/vara\/sa21\/#breadcrumb"},"inLanguage":"en-US","potentialAction":[{"@type":"ReadAction","target":["https:\/\/joyroom.is\/vara\/sa21\/"]}]},{"@type":"ImageObject","inLanguage":"en-US","@id":"https:\/\/joyroom.is\/vara\/sa21\/#primaryimage","url":"https:\/\/joyroom.is\/wp-content\/uploads\/2025\/07\/SA21-2T3.jpg","contentUrl":"https:\/\/joyroom.is\/wp-content\/uploads\/2025\/07\/SA21-2T3.jpg","width":600,"height":600},{"@type":"BreadcrumbList","@id":"https:\/\/joyroom.is\/vara\/sa21\/#breadcrumb","itemListElement":[{"@type":"ListItem","position":1,"name":"Home","item":"https:\/\/joyroom.is\/"},{"@type":"ListItem","position":2,"name":"Shop","item":"https:\/\/www.vorulagerinn.is\/heildsala\/en\/shop\/"},{"@type":"ListItem","position":3,"name":"100W h\u00e1hra\u00f0a 6 in 1 gagna- og hle\u00f0slusn\u00fara (1,5m) &#8211; USB-A &amp; USB-C \u00ed Lightning, USB-C &amp; Micro-USB"}]},{"@type":"WebSite","@id":"https:\/\/joyroom.is\/#website","url":"https:\/\/joyroom.is\/","name":"Joyroom \u00e1 \u00cdslandi","description":"Vali&eth; er einfalt","publisher":{"@id":"https:\/\/joyroom.is\/#organization"},"alternateName":"Joyroom","potentialAction":[{"@type":"SearchAction","target":{"@type":"EntryPoint","urlTemplate":"https:\/\/joyroom.is\/?s={search_term_string}"},"query-input":{"@type":"PropertyValueSpecification","valueRequired":true,"valueName":"search_term_string"}}],"inLanguage":"en-US"},{"@type":"Organization","@id":"https:\/\/joyroom.is\/#organization","name":"Joyroom \u00e1 \u00cdslandi","alternateName":"Joyroom","url":"https:\/\/joyroom.is\/","logo":{"@type":"ImageObject","inLanguage":"en-US","@id":"https:\/\/joyroom.is\/#\/schema\/logo\/image\/","url":"https:\/\/joyroom.is\/wp-content\/uploads\/2024\/08\/JR.jpg","contentUrl":"https:\/\/joyroom.is\/wp-content\/uploads\/2024\/08\/JR.jpg","width":1200,"height":1200,"caption":"Joyroom \u00e1 \u00cdslandi"},"image":{"@id":"https:\/\/joyroom.is\/#\/schema\/logo\/image\/"}}]}},"_links":{"self":[{"href":"https:\/\/joyroom.is\/en\/wp-json\/wp\/v2\/product\/24676","targetHints":{"allow":["GET"]}}],"collection":[{"href":"https:\/\/joyroom.is\/en\/wp-json\/wp\/v2\/product"}],"about":[{"href":"https:\/\/joyroom.is\/en\/wp-json\/wp\/v2\/types\/product"}],"wp:featuredmedia":[{"embeddable":true,"href":"https:\/\/joyroom.is\/en\/wp-json\/wp\/v2\/media\/24672"}],"wp:attachment":[{"href":"https:\/\/joyroom.is\/en\/wp-json\/wp\/v2\/media?parent=24676"}],"wp:term":[{"taxonomy":"product_brand","embeddable":true,"href":"https:\/\/joyroom.is\/en\/wp-json\/wp\/v2\/product_brand?post=24676"},{"taxonomy":"product_cat","embeddable":true,"href":"https:\/\/joyroom.is\/en\/wp-json\/wp\/v2\/product_cat?post=24676"},{"taxonomy":"product_tag","embeddable":true,"href":"https:\/\/joyroom.is\/en\/wp-json\/wp\/v2\/product_tag?post=24676"}],"curies":[{"name":"wp","href":"https:\/\/api.w.org\/{rel}","templated":true}]}}