{"id":24770,"date":"2025-07-25T08:08:52","date_gmt":"2025-07-25T08:08:52","guid":{"rendered":"https:\/\/joyroom.is\/product\/jr-zs259-0\/"},"modified":"2025-12-26T11:57:18","modified_gmt":"2025-12-26T11:57:18","slug":"jr-zs259-0","status":"publish","type":"product","link":"https:\/\/joyroom.is\/en\/product\/jr-zs259-0\/","title":{"rendered":"S\u00edmahaldari \u00ed b\u00edl me\u00f0 sogsk\u00e1lafestingu"},"content":{"rendered":"","protected":false},"excerpt":{"rendered":"<p>St\u00edlhreinn s\u00edmahaldari sem heldur s\u00edmanum st\u00f6\u00f0ugum \u00e1 akstri. S\u00edmahaldarinn er me\u00f0 sogsk\u00e1l sem h\u00e6gt er a\u00f0 festa \u00e1 framr\u00fa\u00f0u e\u00f0a \u00e1 m\u00e6labor\u00f0i\u00f0 \u00ed b\u00edlnum. \u00dea\u00f0 er h\u00e6gt a\u00f0 sn\u00faa arminum sem heldur fars\u00edmanum \u00ed 360 gr\u00e1\u00f0ur sem kemur a\u00f0 g\u00f3\u00f0um notum \u00feegar nota\u00f0 er GPS g\u00f6tukort vi\u00f0 akstur.<\/p>\n<p>\u2013 Litur: Svartur<br \/>\n\u2013 St\u00e6r\u00f0: 10,8 x 6,8 x 5,1 cm<br \/>\n\u2013 \u00deyngd: 168,5g<br \/>\n\u2013 Festing: Sogsk\u00e1l<br \/>\n\u2013 S\u00edmast\u00e6r\u00f0: 4,7 \u2013 6,7\u2033<br \/>\n\u2013 Efni: ABS &amp; PC<br \/>\n\u2013 Lei\u00f0beiningar \u00e1 ensku fylgja me\u00f0<\/p>\n","protected":false},"featured_media":24764,"template":"","meta":[],"product_brand":[],"product_cat":[434],"product_tag":[],"class_list":{"0":"post-24770","1":"product","2":"type-product","3":"status-publish","4":"has-post-thumbnail","6":"product_cat-simahaldari-i-bil","8":"first","9":"instock","10":"taxable","11":"shipping-taxable","12":"purchasable","13":"product-type-simple"},"yoast_head":"<!-- This site is optimized with the Yoast SEO Premium plugin v21.5 (Yoast SEO v27.4) - https:\/\/yoast.com\/product\/yoast-seo-premium-wordpress\/ -->\n<title>S\u00edmahaldari \u00ed b\u00edl me\u00f0 sogsk\u00e1lafestingu | Joyroom<\/title>\n<meta name=\"description\" content=\"St\u00edlhreinn s\u00edmahaldari sem heldur s\u00edmanum st\u00f6\u00f0ugum \u00e1 akstri. S\u00edmahaldarinn er me\u00f0 sogsk\u00e1l sem h\u00e6gt er a\u00f0 festa \u00e1 framr\u00fa\u00f0u e\u00f0a \u00e1 m\u00e6labor\u00f0i\u00f0 \u00ed b\u00edlnum. \u00dea\u00f0 er h\u00e6gt a\u00f0 sn\u00faa arminum sem heldur fars\u00edmanum \u00ed 360 gr\u00e1\u00f0ur sem kemur a\u00f0 g\u00f3\u00f0um notum \u00feegar nota\u00f0 er GPS g\u00f6tukort vi\u00f0 akstur.  \u2013 Litur: Svartur \u2013 St\u00e6r\u00f0: 10,8 x 6,8 x 5,1 cm \u2013 \u00deyngd: 168,5g \u2013 Festing: Sogsk\u00e1l \u2013 S\u00edmast\u00e6r\u00f0: 4,7 \u2013 6,7\u2033 \u2013 Efni: ABS &amp; PC \u2013 Lei\u00f0beiningar \u00e1 ensku fylgja me\u00f0\" \/>\n<meta name=\"robots\" content=\"index, follow, max-snippet:-1, max-image-preview:large, max-video-preview:-1\" \/>\n<link rel=\"canonical\" href=\"https:\/\/joyroom.is\/vara\/jr-zs259-0\/\" \/>\n<meta property=\"og:locale\" content=\"en_US\" \/>\n<meta property=\"og:type\" content=\"article\" \/>\n<meta property=\"og:title\" content=\"S\u00edmahaldari \u00ed b\u00edl me\u00f0 sogsk\u00e1lafestingu\" \/>\n<meta property=\"og:description\" content=\"St\u00edlhreinn s\u00edmahaldari sem heldur s\u00edmanum st\u00f6\u00f0ugum \u00e1 akstri. S\u00edmahaldarinn er me\u00f0 sogsk\u00e1l sem h\u00e6gt er a\u00f0 festa \u00e1 framr\u00fa\u00f0u e\u00f0a \u00e1 m\u00e6labor\u00f0i\u00f0 \u00ed b\u00edlnum. \u00dea\u00f0 er h\u00e6gt a\u00f0 sn\u00faa arminum sem heldur fars\u00edmanum \u00ed 360 gr\u00e1\u00f0ur sem kemur a\u00f0 g\u00f3\u00f0um notum \u00feegar nota\u00f0 er GPS g\u00f6tukort vi\u00f0 akstur.  \u2013 Litur: Svartur \u2013 St\u00e6r\u00f0: 10,8 x 6,8 x 5,1 cm \u2013 \u00deyngd: 168,5g \u2013 Festing: Sogsk\u00e1l \u2013 S\u00edmast\u00e6r\u00f0: 4,7 \u2013 6,7\u2033 \u2013 Efni: ABS &amp; PC \u2013 Lei\u00f0beiningar \u00e1 ensku fylgja me\u00f0\" \/>\n<meta property=\"og:url\" content=\"https:\/\/joyroom.is\/vara\/jr-zs259-0\/\" \/>\n<meta property=\"og:site_name\" content=\"Joyroom\" \/>\n<meta property=\"article:modified_time\" content=\"2025-12-26T11:57:18+00:00\" \/>\n<meta property=\"og:image\" content=\"https:\/\/joyroom.is\/wp-content\/uploads\/2025\/07\/JR-ZS259_1.jpg\" \/>\n\t<meta property=\"og:image:width\" content=\"600\" \/>\n\t<meta property=\"og:image:height\" content=\"600\" \/>\n\t<meta property=\"og:image:type\" content=\"image\/jpeg\" \/>\n<meta name=\"twitter:card\" content=\"summary_large_image\" \/>\n<script type=\"application\/ld+json\" class=\"yoast-schema-graph\">{\"@context\":\"https:\\\/\\\/schema.org\",\"@graph\":[{\"@type\":\"WebPage\",\"@id\":\"https:\\\/\\\/joyroom.is\\\/vara\\\/jr-zs259-0\\\/\",\"url\":\"https:\\\/\\\/joyroom.is\\\/vara\\\/jr-zs259-0\\\/\",\"name\":\"S\u00edmahaldari \u00ed b\u00edl me\u00f0 sogsk\u00e1lafestingu | Joyroom\",\"isPartOf\":{\"@id\":\"https:\\\/\\\/joyroom.is\\\/#website\"},\"primaryImageOfPage\":{\"@id\":\"https:\\\/\\\/joyroom.is\\\/vara\\\/jr-zs259-0\\\/#primaryimage\"},\"image\":{\"@id\":\"https:\\\/\\\/joyroom.is\\\/vara\\\/jr-zs259-0\\\/#primaryimage\"},\"thumbnailUrl\":\"https:\\\/\\\/joyroom.is\\\/wp-content\\\/uploads\\\/2025\\\/07\\\/JR-ZS259_1.jpg\",\"datePublished\":\"2025-07-25T08:08:52+00:00\",\"dateModified\":\"2025-12-26T11:57:18+00:00\",\"description\":\"St\u00edlhreinn s\u00edmahaldari sem heldur s\u00edmanum st\u00f6\u00f0ugum \u00e1 akstri. S\u00edmahaldarinn er me\u00f0 sogsk\u00e1l sem h\u00e6gt er a\u00f0 festa \u00e1 framr\u00fa\u00f0u e\u00f0a \u00e1 m\u00e6labor\u00f0i\u00f0 \u00ed b\u00edlnum. \u00dea\u00f0 er h\u00e6gt a\u00f0 sn\u00faa arminum sem heldur fars\u00edmanum \u00ed 360 gr\u00e1\u00f0ur sem kemur a\u00f0 g\u00f3\u00f0um notum \u00feegar nota\u00f0 er GPS g\u00f6tukort vi\u00f0 akstur. \u2013 Litur: Svartur \u2013 St\u00e6r\u00f0: 10,8 x 6,8 x 5,1 cm \u2013 \u00deyngd: 168,5g \u2013 Festing: Sogsk\u00e1l \u2013 S\u00edmast\u00e6r\u00f0: 4,7 \u2013 6,7\u2033 \u2013 Efni: ABS &amp; PC \u2013 Lei\u00f0beiningar \u00e1 ensku fylgja me\u00f0\",\"breadcrumb\":{\"@id\":\"https:\\\/\\\/joyroom.is\\\/vara\\\/jr-zs259-0\\\/#breadcrumb\"},\"inLanguage\":\"en-US\",\"potentialAction\":[{\"@type\":\"ReadAction\",\"target\":[\"https:\\\/\\\/joyroom.is\\\/vara\\\/jr-zs259-0\\\/\"]}]},{\"@type\":\"ImageObject\",\"inLanguage\":\"en-US\",\"@id\":\"https:\\\/\\\/joyroom.is\\\/vara\\\/jr-zs259-0\\\/#primaryimage\",\"url\":\"https:\\\/\\\/joyroom.is\\\/wp-content\\\/uploads\\\/2025\\\/07\\\/JR-ZS259_1.jpg\",\"contentUrl\":\"https:\\\/\\\/joyroom.is\\\/wp-content\\\/uploads\\\/2025\\\/07\\\/JR-ZS259_1.jpg\",\"width\":600,\"height\":600},{\"@type\":\"BreadcrumbList\",\"@id\":\"https:\\\/\\\/joyroom.is\\\/vara\\\/jr-zs259-0\\\/#breadcrumb\",\"itemListElement\":[{\"@type\":\"ListItem\",\"position\":1,\"name\":\"Home\",\"item\":\"https:\\\/\\\/joyroom.is\\\/\"},{\"@type\":\"ListItem\",\"position\":2,\"name\":\"Shop\",\"item\":\"https:\\\/\\\/www.vorulagerinn.is\\\/heildsala\\\/en\\\/shop\\\/\"},{\"@type\":\"ListItem\",\"position\":3,\"name\":\"S\u00edmahaldari \u00ed b\u00edl me\u00f0 sogsk\u00e1lafestingu\"}]},{\"@type\":\"WebSite\",\"@id\":\"https:\\\/\\\/joyroom.is\\\/#website\",\"url\":\"https:\\\/\\\/joyroom.is\\\/\",\"name\":\"Joyroom \u00e1 \u00cdslandi\",\"description\":\"Vali&eth; er einfalt\",\"publisher\":{\"@id\":\"https:\\\/\\\/joyroom.is\\\/#organization\"},\"alternateName\":\"Joyroom\",\"potentialAction\":[{\"@type\":\"SearchAction\",\"target\":{\"@type\":\"EntryPoint\",\"urlTemplate\":\"https:\\\/\\\/joyroom.is\\\/?s={search_term_string}\"},\"query-input\":{\"@type\":\"PropertyValueSpecification\",\"valueRequired\":true,\"valueName\":\"search_term_string\"}}],\"inLanguage\":\"en-US\"},{\"@type\":\"Organization\",\"@id\":\"https:\\\/\\\/joyroom.is\\\/#organization\",\"name\":\"Joyroom \u00e1 \u00cdslandi\",\"alternateName\":\"Joyroom\",\"url\":\"https:\\\/\\\/joyroom.is\\\/\",\"logo\":{\"@type\":\"ImageObject\",\"inLanguage\":\"en-US\",\"@id\":\"https:\\\/\\\/joyroom.is\\\/#\\\/schema\\\/logo\\\/image\\\/\",\"url\":\"https:\\\/\\\/joyroom.is\\\/wp-content\\\/uploads\\\/2024\\\/08\\\/JR.jpg\",\"contentUrl\":\"https:\\\/\\\/joyroom.is\\\/wp-content\\\/uploads\\\/2024\\\/08\\\/JR.jpg\",\"width\":1200,\"height\":1200,\"caption\":\"Joyroom \u00e1 \u00cdslandi\"},\"image\":{\"@id\":\"https:\\\/\\\/joyroom.is\\\/#\\\/schema\\\/logo\\\/image\\\/\"}}]}<\/script>\n<!-- \/ Yoast SEO Premium plugin. -->","yoast_head_json":{"title":"S\u00edmahaldari \u00ed b\u00edl me\u00f0 sogsk\u00e1lafestingu | Joyroom","description":"St\u00edlhreinn s\u00edmahaldari sem heldur s\u00edmanum st\u00f6\u00f0ugum \u00e1 akstri. S\u00edmahaldarinn er me\u00f0 sogsk\u00e1l sem h\u00e6gt er a\u00f0 festa \u00e1 framr\u00fa\u00f0u e\u00f0a \u00e1 m\u00e6labor\u00f0i\u00f0 \u00ed b\u00edlnum. \u00dea\u00f0 er h\u00e6gt a\u00f0 sn\u00faa arminum sem heldur fars\u00edmanum \u00ed 360 gr\u00e1\u00f0ur sem kemur a\u00f0 g\u00f3\u00f0um notum \u00feegar nota\u00f0 er GPS g\u00f6tukort vi\u00f0 akstur.  \u2013 Litur: Svartur \u2013 St\u00e6r\u00f0: 10,8 x 6,8 x 5,1 cm \u2013 \u00deyngd: 168,5g \u2013 Festing: Sogsk\u00e1l \u2013 S\u00edmast\u00e6r\u00f0: 4,7 \u2013 6,7\u2033 \u2013 Efni: ABS &amp; PC \u2013 Lei\u00f0beiningar \u00e1 ensku fylgja me\u00f0","robots":{"index":"index","follow":"follow","max-snippet":"max-snippet:-1","max-image-preview":"max-image-preview:large","max-video-preview":"max-video-preview:-1"},"canonical":"https:\/\/joyroom.is\/vara\/jr-zs259-0\/","og_locale":"en_US","og_type":"article","og_title":"S\u00edmahaldari \u00ed b\u00edl me\u00f0 sogsk\u00e1lafestingu","og_description":"St\u00edlhreinn s\u00edmahaldari sem heldur s\u00edmanum st\u00f6\u00f0ugum \u00e1 akstri. S\u00edmahaldarinn er me\u00f0 sogsk\u00e1l sem h\u00e6gt er a\u00f0 festa \u00e1 framr\u00fa\u00f0u e\u00f0a \u00e1 m\u00e6labor\u00f0i\u00f0 \u00ed b\u00edlnum. \u00dea\u00f0 er h\u00e6gt a\u00f0 sn\u00faa arminum sem heldur fars\u00edmanum \u00ed 360 gr\u00e1\u00f0ur sem kemur a\u00f0 g\u00f3\u00f0um notum \u00feegar nota\u00f0 er GPS g\u00f6tukort vi\u00f0 akstur.  \u2013 Litur: Svartur \u2013 St\u00e6r\u00f0: 10,8 x 6,8 x 5,1 cm \u2013 \u00deyngd: 168,5g \u2013 Festing: Sogsk\u00e1l \u2013 S\u00edmast\u00e6r\u00f0: 4,7 \u2013 6,7\u2033 \u2013 Efni: ABS &amp; PC \u2013 Lei\u00f0beiningar \u00e1 ensku fylgja me\u00f0","og_url":"https:\/\/joyroom.is\/vara\/jr-zs259-0\/","og_site_name":"Joyroom","article_modified_time":"2025-12-26T11:57:18+00:00","og_image":[{"width":600,"height":600,"url":"https:\/\/joyroom.is\/wp-content\/uploads\/2025\/07\/JR-ZS259_1.jpg","type":"image\/jpeg"}],"twitter_card":"summary_large_image","schema":{"@context":"https:\/\/schema.org","@graph":[{"@type":"WebPage","@id":"https:\/\/joyroom.is\/vara\/jr-zs259-0\/","url":"https:\/\/joyroom.is\/vara\/jr-zs259-0\/","name":"S\u00edmahaldari \u00ed b\u00edl me\u00f0 sogsk\u00e1lafestingu | Joyroom","isPartOf":{"@id":"https:\/\/joyroom.is\/#website"},"primaryImageOfPage":{"@id":"https:\/\/joyroom.is\/vara\/jr-zs259-0\/#primaryimage"},"image":{"@id":"https:\/\/joyroom.is\/vara\/jr-zs259-0\/#primaryimage"},"thumbnailUrl":"https:\/\/joyroom.is\/wp-content\/uploads\/2025\/07\/JR-ZS259_1.jpg","datePublished":"2025-07-25T08:08:52+00:00","dateModified":"2025-12-26T11:57:18+00:00","description":"St\u00edlhreinn s\u00edmahaldari sem heldur s\u00edmanum st\u00f6\u00f0ugum \u00e1 akstri. S\u00edmahaldarinn er me\u00f0 sogsk\u00e1l sem h\u00e6gt er a\u00f0 festa \u00e1 framr\u00fa\u00f0u e\u00f0a \u00e1 m\u00e6labor\u00f0i\u00f0 \u00ed b\u00edlnum. \u00dea\u00f0 er h\u00e6gt a\u00f0 sn\u00faa arminum sem heldur fars\u00edmanum \u00ed 360 gr\u00e1\u00f0ur sem kemur a\u00f0 g\u00f3\u00f0um notum \u00feegar nota\u00f0 er GPS g\u00f6tukort vi\u00f0 akstur. \u2013 Litur: Svartur \u2013 St\u00e6r\u00f0: 10,8 x 6,8 x 5,1 cm \u2013 \u00deyngd: 168,5g \u2013 Festing: Sogsk\u00e1l \u2013 S\u00edmast\u00e6r\u00f0: 4,7 \u2013 6,7\u2033 \u2013 Efni: ABS &amp; PC \u2013 Lei\u00f0beiningar \u00e1 ensku fylgja me\u00f0","breadcrumb":{"@id":"https:\/\/joyroom.is\/vara\/jr-zs259-0\/#breadcrumb"},"inLanguage":"en-US","potentialAction":[{"@type":"ReadAction","target":["https:\/\/joyroom.is\/vara\/jr-zs259-0\/"]}]},{"@type":"ImageObject","inLanguage":"en-US","@id":"https:\/\/joyroom.is\/vara\/jr-zs259-0\/#primaryimage","url":"https:\/\/joyroom.is\/wp-content\/uploads\/2025\/07\/JR-ZS259_1.jpg","contentUrl":"https:\/\/joyroom.is\/wp-content\/uploads\/2025\/07\/JR-ZS259_1.jpg","width":600,"height":600},{"@type":"BreadcrumbList","@id":"https:\/\/joyroom.is\/vara\/jr-zs259-0\/#breadcrumb","itemListElement":[{"@type":"ListItem","position":1,"name":"Home","item":"https:\/\/joyroom.is\/"},{"@type":"ListItem","position":2,"name":"Shop","item":"https:\/\/www.vorulagerinn.is\/heildsala\/en\/shop\/"},{"@type":"ListItem","position":3,"name":"S\u00edmahaldari \u00ed b\u00edl me\u00f0 sogsk\u00e1lafestingu"}]},{"@type":"WebSite","@id":"https:\/\/joyroom.is\/#website","url":"https:\/\/joyroom.is\/","name":"Joyroom \u00e1 \u00cdslandi","description":"Vali&eth; er einfalt","publisher":{"@id":"https:\/\/joyroom.is\/#organization"},"alternateName":"Joyroom","potentialAction":[{"@type":"SearchAction","target":{"@type":"EntryPoint","urlTemplate":"https:\/\/joyroom.is\/?s={search_term_string}"},"query-input":{"@type":"PropertyValueSpecification","valueRequired":true,"valueName":"search_term_string"}}],"inLanguage":"en-US"},{"@type":"Organization","@id":"https:\/\/joyroom.is\/#organization","name":"Joyroom \u00e1 \u00cdslandi","alternateName":"Joyroom","url":"https:\/\/joyroom.is\/","logo":{"@type":"ImageObject","inLanguage":"en-US","@id":"https:\/\/joyroom.is\/#\/schema\/logo\/image\/","url":"https:\/\/joyroom.is\/wp-content\/uploads\/2024\/08\/JR.jpg","contentUrl":"https:\/\/joyroom.is\/wp-content\/uploads\/2024\/08\/JR.jpg","width":1200,"height":1200,"caption":"Joyroom \u00e1 \u00cdslandi"},"image":{"@id":"https:\/\/joyroom.is\/#\/schema\/logo\/image\/"}}]}},"_links":{"self":[{"href":"https:\/\/joyroom.is\/en\/wp-json\/wp\/v2\/product\/24770","targetHints":{"allow":["GET"]}}],"collection":[{"href":"https:\/\/joyroom.is\/en\/wp-json\/wp\/v2\/product"}],"about":[{"href":"https:\/\/joyroom.is\/en\/wp-json\/wp\/v2\/types\/product"}],"wp:featuredmedia":[{"embeddable":true,"href":"https:\/\/joyroom.is\/en\/wp-json\/wp\/v2\/media\/24764"}],"wp:attachment":[{"href":"https:\/\/joyroom.is\/en\/wp-json\/wp\/v2\/media?parent=24770"}],"wp:term":[{"taxonomy":"product_brand","embeddable":true,"href":"https:\/\/joyroom.is\/en\/wp-json\/wp\/v2\/product_brand?post=24770"},{"taxonomy":"product_cat","embeddable":true,"href":"https:\/\/joyroom.is\/en\/wp-json\/wp\/v2\/product_cat?post=24770"},{"taxonomy":"product_tag","embeddable":true,"href":"https:\/\/joyroom.is\/en\/wp-json\/wp\/v2\/product_tag?post=24770"}],"curies":[{"name":"wp","href":"https:\/\/api.w.org\/{rel}","templated":true}]}}