{"id":24794,"date":"2025-07-24T15:14:36","date_gmt":"2025-07-24T15:14:36","guid":{"rendered":"https:\/\/joyroom.is\/product\/jr-zs369\/"},"modified":"2026-04-07T13:41:16","modified_gmt":"2026-04-07T13:41:16","slug":"jr-zs369","status":"publish","type":"product","link":"https:\/\/joyroom.is\/en\/product\/jr-zs369\/","title":{"rendered":"H\u00f6fu\u00f0p\u00fa\u00f0afesting \u00ed b\u00edl sem heldur spjaldt\u00f6lvum og snjalls\u00edmum alveg f\u00f6stum vi\u00f0 akstur"},"content":{"rendered":"<div style=\"width: 960px;\" class=\"wp-video\"><video class=\"wp-video-shortcode\" id=\"video-24794-1\" width=\"960\" height=\"540\" preload=\"metadata\" controls=\"controls\"><source type=\"video\/mp4\" src=\"https:\/\/fodurlandid.is\/wp-content\/uploads\/2025\/07\/jr-zs369.mp4?_=1\" \/><a href=\"https:\/\/fodurlandid.is\/wp-content\/uploads\/2025\/07\/jr-zs369.mp4\">https:\/\/fodurlandid.is\/wp-content\/uploads\/2025\/07\/jr-zs369.mp4<\/a><\/video><\/div>\n","protected":false},"excerpt":{"rendered":"<p>Sterk h\u00f6fu\u00f0p\u00fa\u00f0afesting fyrir spjaldt\u00f6lvur og snjalls\u00edma (360 gr\u00e1\u00f0ur) sem komi\u00f0 er fyrir aftan \u00e1 h\u00f6fu\u00f0p\u00fa\u00f0a frams\u00e6tis \u00ed b\u00edlnum. Far\u00feegi \u00ed afturs\u00e6ti getur dregi\u00f0 arminn a\u00f0 s\u00e9r og a\u00f0laga\u00f0 a\u00f0 s\u00fdnum \u00fe\u00f6rfum til a\u00f0 f\u00e1 sem besta upplifun. \u00dea\u00f0 er h\u00e6gt a\u00f0 draga festinguna til hli\u00f0ar \u00e1 milli h\u00f6fu\u00f0p\u00fa\u00f0a b\u00edlsins \u00feannig a\u00f0 allir far\u00feegar \u00ed afturs\u00e6ti b\u00edlsins sj\u00e1i \u00e1 skj\u00e1inn.<\/p>\n<p>St\u00edlhrein og sterk h\u00f6fu\u00f0p\u00fa\u00f0afesting sem heldur spjaldt\u00f6lvum og snjalls\u00edmum alveg f\u00f6stum vi\u00f0 akstur. \u00dea\u00f0 er au\u00f0velt a\u00f0 setja festinguna upp og taka aftur ni\u00f0ur.<\/p>\n<p>\u2013 Sj\u00e1 myndband af v\u00f6ru ne\u00f0ar \u00e1 \u00feessari s\u00ed\u00f0u<br \/>\n\u2013 Litur: Svartur<br \/>\n\u2013 St\u00e6r\u00f0: 23x16x7 cm<br \/>\n\u2013 \u00deyngd: 0,285 kg<br \/>\n\u2013 Efni: APS, PC og \u00e1l<br \/>\n\u2013 Passar \u00e1 h\u00f6fu\u00f0p\u00fa\u00f0a: 7-15,8 cm<br \/>\n\u2013 T\u00e6ki \u00e1 festingu: 4,7\u2033-13\u2033<br \/>\n\u2013 Teygjanlegur armur og h\u00e6gt a\u00f0 sn\u00faa 360 gr\u00e1\u00f0ur<br \/>\n\u2013 Vottun: ROHS<\/p>\n","protected":false},"featured_media":24786,"template":"","meta":[],"product_brand":[],"product_cat":[435,434],"product_tag":[],"class_list":{"0":"post-24794","1":"product","2":"type-product","3":"status-publish","4":"has-post-thumbnail","6":"product_cat-festingar-og-standar","7":"product_cat-simahaldari-i-bil","9":"first","10":"instock","11":"taxable","12":"shipping-taxable","13":"purchasable","14":"product-type-simple"},"yoast_head":"<!-- This site is optimized with the Yoast SEO Premium plugin v21.5 (Yoast SEO v27.4) - https:\/\/yoast.com\/product\/yoast-seo-premium-wordpress\/ -->\n<title>H\u00f6fu\u00f0p\u00fa\u00f0afesting \u00ed b\u00edl sem heldur spjaldt\u00f6lvum og snjalls\u00edmum alveg f\u00f6stum vi\u00f0 akstur | Joyroom<\/title>\n<meta name=\"description\" content=\"Sterk h\u00f6fu\u00f0p\u00fa\u00f0afesting fyrir spjaldt\u00f6lvur og snjalls\u00edma (360 gr\u00e1\u00f0ur) sem komi\u00f0 er fyrir aftan \u00e1 h\u00f6fu\u00f0p\u00fa\u00f0a frams\u00e6tis \u00ed b\u00edlnum. Far\u00feegi \u00ed afturs\u00e6ti getur dregi\u00f0 arminn a\u00f0 s\u00e9r og a\u00f0laga\u00f0 a\u00f0 s\u00fdnum \u00fe\u00f6rfum til a\u00f0 f\u00e1 sem besta upplifun. \u00dea\u00f0 er h\u00e6gt a\u00f0 draga festinguna til hli\u00f0ar \u00e1 milli h\u00f6fu\u00f0p\u00fa\u00f0a b\u00edlsins \u00feannig a\u00f0 allir far\u00feegar \u00ed afturs\u00e6ti b\u00edlsins sj\u00e1i \u00e1 skj\u00e1inn.  St\u00edlhrein og sterk h\u00f6fu\u00f0p\u00fa\u00f0afesting sem heldur spjaldt\u00f6lvum og snjalls\u00edmum alveg f\u00f6stum vi\u00f0 akstur. \u00dea\u00f0 er au\u00f0velt a\u00f0 setja festinguna upp og taka aftur ni\u00f0ur.  \u2013 Sj\u00e1 myndband af v\u00f6ru ne\u00f0ar \u00e1 \u00feessari s\u00ed\u00f0u \u2013 Litur: Svartur \u2013 St\u00e6r\u00f0: 23x16x7 cm \u2013 \u00deyngd: 0,285 kg \u2013 Efni: APS, PC og \u00e1l \u2013 Passar \u00e1 h\u00f6fu\u00f0p\u00fa\u00f0a: 7-15,8 cm \u2013 T\u00e6ki \u00e1 festingu: 4,7\u2033-13\u2033 \u2013 Teygjanlegur armur og h\u00e6gt a\u00f0 sn\u00faa 360 gr\u00e1\u00f0ur \u2013 Vottun: ROHS\" \/>\n<meta name=\"robots\" content=\"index, follow, max-snippet:-1, max-image-preview:large, max-video-preview:-1\" \/>\n<link rel=\"canonical\" href=\"https:\/\/joyroom.is\/vara\/jr-zs369\/\" \/>\n<meta property=\"og:locale\" content=\"en_US\" \/>\n<meta property=\"og:type\" content=\"article\" \/>\n<meta property=\"og:title\" content=\"H\u00f6fu\u00f0p\u00fa\u00f0afesting \u00ed b\u00edl sem heldur spjaldt\u00f6lvum og snjalls\u00edmum alveg f\u00f6stum vi\u00f0 akstur\" \/>\n<meta property=\"og:description\" content=\"Sterk h\u00f6fu\u00f0p\u00fa\u00f0afesting fyrir spjaldt\u00f6lvur og snjalls\u00edma (360 gr\u00e1\u00f0ur) sem komi\u00f0 er fyrir aftan \u00e1 h\u00f6fu\u00f0p\u00fa\u00f0a frams\u00e6tis \u00ed b\u00edlnum. Far\u00feegi \u00ed afturs\u00e6ti getur dregi\u00f0 arminn a\u00f0 s\u00e9r og a\u00f0laga\u00f0 a\u00f0 s\u00fdnum \u00fe\u00f6rfum til a\u00f0 f\u00e1 sem besta upplifun. \u00dea\u00f0 er h\u00e6gt a\u00f0 draga festinguna til hli\u00f0ar \u00e1 milli h\u00f6fu\u00f0p\u00fa\u00f0a b\u00edlsins \u00feannig a\u00f0 allir far\u00feegar \u00ed afturs\u00e6ti b\u00edlsins sj\u00e1i \u00e1 skj\u00e1inn.  St\u00edlhrein og sterk h\u00f6fu\u00f0p\u00fa\u00f0afesting sem heldur spjaldt\u00f6lvum og snjalls\u00edmum alveg f\u00f6stum vi\u00f0 akstur. \u00dea\u00f0 er au\u00f0velt a\u00f0 setja festinguna upp og taka aftur ni\u00f0ur.  \u2013 Sj\u00e1 myndband af v\u00f6ru ne\u00f0ar \u00e1 \u00feessari s\u00ed\u00f0u \u2013 Litur: Svartur \u2013 St\u00e6r\u00f0: 23x16x7 cm \u2013 \u00deyngd: 0,285 kg \u2013 Efni: APS, PC og \u00e1l \u2013 Passar \u00e1 h\u00f6fu\u00f0p\u00fa\u00f0a: 7-15,8 cm \u2013 T\u00e6ki \u00e1 festingu: 4,7\u2033-13\u2033 \u2013 Teygjanlegur armur og h\u00e6gt a\u00f0 sn\u00faa 360 gr\u00e1\u00f0ur \u2013 Vottun: ROHS\" \/>\n<meta property=\"og:url\" content=\"https:\/\/joyroom.is\/vara\/jr-zs369\/\" \/>\n<meta property=\"og:site_name\" content=\"Joyroom\" \/>\n<meta property=\"article:modified_time\" content=\"2026-04-07T13:41:16+00:00\" \/>\n<meta property=\"og:image\" content=\"https:\/\/joyroom.is\/wp-content\/uploads\/2025\/07\/jr-zs369.jpg\" \/>\n\t<meta property=\"og:image:width\" content=\"600\" \/>\n\t<meta property=\"og:image:height\" content=\"600\" \/>\n\t<meta property=\"og:image:type\" content=\"image\/jpeg\" \/>\n<meta name=\"twitter:card\" content=\"summary_large_image\" \/>\n<script type=\"application\/ld+json\" class=\"yoast-schema-graph\">{\"@context\":\"https:\\\/\\\/schema.org\",\"@graph\":[{\"@type\":\"WebPage\",\"@id\":\"https:\\\/\\\/joyroom.is\\\/vara\\\/jr-zs369\\\/\",\"url\":\"https:\\\/\\\/joyroom.is\\\/vara\\\/jr-zs369\\\/\",\"name\":\"H\u00f6fu\u00f0p\u00fa\u00f0afesting \u00ed b\u00edl sem heldur spjaldt\u00f6lvum og snjalls\u00edmum alveg f\u00f6stum vi\u00f0 akstur | Joyroom\",\"isPartOf\":{\"@id\":\"https:\\\/\\\/joyroom.is\\\/#website\"},\"primaryImageOfPage\":{\"@id\":\"https:\\\/\\\/joyroom.is\\\/vara\\\/jr-zs369\\\/#primaryimage\"},\"image\":{\"@id\":\"https:\\\/\\\/joyroom.is\\\/vara\\\/jr-zs369\\\/#primaryimage\"},\"thumbnailUrl\":\"https:\\\/\\\/joyroom.is\\\/wp-content\\\/uploads\\\/2025\\\/07\\\/jr-zs369.jpg\",\"datePublished\":\"2025-07-24T15:14:36+00:00\",\"dateModified\":\"2026-04-07T13:41:16+00:00\",\"description\":\"Sterk h\u00f6fu\u00f0p\u00fa\u00f0afesting fyrir spjaldt\u00f6lvur og snjalls\u00edma (360 gr\u00e1\u00f0ur) sem komi\u00f0 er fyrir aftan \u00e1 h\u00f6fu\u00f0p\u00fa\u00f0a frams\u00e6tis \u00ed b\u00edlnum. Far\u00feegi \u00ed afturs\u00e6ti getur dregi\u00f0 arminn a\u00f0 s\u00e9r og a\u00f0laga\u00f0 a\u00f0 s\u00fdnum \u00fe\u00f6rfum til a\u00f0 f\u00e1 sem besta upplifun. \u00dea\u00f0 er h\u00e6gt a\u00f0 draga festinguna til hli\u00f0ar \u00e1 milli h\u00f6fu\u00f0p\u00fa\u00f0a b\u00edlsins \u00feannig a\u00f0 allir far\u00feegar \u00ed afturs\u00e6ti b\u00edlsins sj\u00e1i \u00e1 skj\u00e1inn. St\u00edlhrein og sterk h\u00f6fu\u00f0p\u00fa\u00f0afesting sem heldur spjaldt\u00f6lvum og snjalls\u00edmum alveg f\u00f6stum vi\u00f0 akstur. \u00dea\u00f0 er au\u00f0velt a\u00f0 setja festinguna upp og taka aftur ni\u00f0ur. \u2013 Sj\u00e1 myndband af v\u00f6ru ne\u00f0ar \u00e1 \u00feessari s\u00ed\u00f0u \u2013 Litur: Svartur \u2013 St\u00e6r\u00f0: 23x16x7 cm \u2013 \u00deyngd: 0,285 kg \u2013 Efni: APS, PC og \u00e1l \u2013 Passar \u00e1 h\u00f6fu\u00f0p\u00fa\u00f0a: 7-15,8 cm \u2013 T\u00e6ki \u00e1 festingu: 4,7\u2033-13\u2033 \u2013 Teygjanlegur armur og h\u00e6gt a\u00f0 sn\u00faa 360 gr\u00e1\u00f0ur \u2013 Vottun: ROHS\",\"breadcrumb\":{\"@id\":\"https:\\\/\\\/joyroom.is\\\/vara\\\/jr-zs369\\\/#breadcrumb\"},\"inLanguage\":\"en-US\",\"potentialAction\":[{\"@type\":\"ReadAction\",\"target\":[\"https:\\\/\\\/joyroom.is\\\/vara\\\/jr-zs369\\\/\"]}]},{\"@type\":\"ImageObject\",\"inLanguage\":\"en-US\",\"@id\":\"https:\\\/\\\/joyroom.is\\\/vara\\\/jr-zs369\\\/#primaryimage\",\"url\":\"https:\\\/\\\/joyroom.is\\\/wp-content\\\/uploads\\\/2025\\\/07\\\/jr-zs369.jpg\",\"contentUrl\":\"https:\\\/\\\/joyroom.is\\\/wp-content\\\/uploads\\\/2025\\\/07\\\/jr-zs369.jpg\",\"width\":600,\"height\":600},{\"@type\":\"BreadcrumbList\",\"@id\":\"https:\\\/\\\/joyroom.is\\\/vara\\\/jr-zs369\\\/#breadcrumb\",\"itemListElement\":[{\"@type\":\"ListItem\",\"position\":1,\"name\":\"Home\",\"item\":\"https:\\\/\\\/joyroom.is\\\/\"},{\"@type\":\"ListItem\",\"position\":2,\"name\":\"Shop\",\"item\":\"https:\\\/\\\/www.vorulagerinn.is\\\/heildsala\\\/en\\\/shop\\\/\"},{\"@type\":\"ListItem\",\"position\":3,\"name\":\"H\u00f6fu\u00f0p\u00fa\u00f0afesting \u00ed b\u00edl sem heldur spjaldt\u00f6lvum og snjalls\u00edmum alveg f\u00f6stum vi\u00f0 akstur\"}]},{\"@type\":\"WebSite\",\"@id\":\"https:\\\/\\\/joyroom.is\\\/#website\",\"url\":\"https:\\\/\\\/joyroom.is\\\/\",\"name\":\"Joyroom \u00e1 \u00cdslandi\",\"description\":\"Vali&eth; er einfalt\",\"publisher\":{\"@id\":\"https:\\\/\\\/joyroom.is\\\/#organization\"},\"alternateName\":\"Joyroom\",\"potentialAction\":[{\"@type\":\"SearchAction\",\"target\":{\"@type\":\"EntryPoint\",\"urlTemplate\":\"https:\\\/\\\/joyroom.is\\\/?s={search_term_string}\"},\"query-input\":{\"@type\":\"PropertyValueSpecification\",\"valueRequired\":true,\"valueName\":\"search_term_string\"}}],\"inLanguage\":\"en-US\"},{\"@type\":\"Organization\",\"@id\":\"https:\\\/\\\/joyroom.is\\\/#organization\",\"name\":\"Joyroom \u00e1 \u00cdslandi\",\"alternateName\":\"Joyroom\",\"url\":\"https:\\\/\\\/joyroom.is\\\/\",\"logo\":{\"@type\":\"ImageObject\",\"inLanguage\":\"en-US\",\"@id\":\"https:\\\/\\\/joyroom.is\\\/#\\\/schema\\\/logo\\\/image\\\/\",\"url\":\"https:\\\/\\\/joyroom.is\\\/wp-content\\\/uploads\\\/2024\\\/08\\\/JR.jpg\",\"contentUrl\":\"https:\\\/\\\/joyroom.is\\\/wp-content\\\/uploads\\\/2024\\\/08\\\/JR.jpg\",\"width\":1200,\"height\":1200,\"caption\":\"Joyroom \u00e1 \u00cdslandi\"},\"image\":{\"@id\":\"https:\\\/\\\/joyroom.is\\\/#\\\/schema\\\/logo\\\/image\\\/\"}}]}<\/script>\n<!-- \/ Yoast SEO Premium plugin. -->","yoast_head_json":{"title":"H\u00f6fu\u00f0p\u00fa\u00f0afesting \u00ed b\u00edl sem heldur spjaldt\u00f6lvum og snjalls\u00edmum alveg f\u00f6stum vi\u00f0 akstur | Joyroom","description":"Sterk h\u00f6fu\u00f0p\u00fa\u00f0afesting fyrir spjaldt\u00f6lvur og snjalls\u00edma (360 gr\u00e1\u00f0ur) sem komi\u00f0 er fyrir aftan \u00e1 h\u00f6fu\u00f0p\u00fa\u00f0a frams\u00e6tis \u00ed b\u00edlnum. Far\u00feegi \u00ed afturs\u00e6ti getur dregi\u00f0 arminn a\u00f0 s\u00e9r og a\u00f0laga\u00f0 a\u00f0 s\u00fdnum \u00fe\u00f6rfum til a\u00f0 f\u00e1 sem besta upplifun. \u00dea\u00f0 er h\u00e6gt a\u00f0 draga festinguna til hli\u00f0ar \u00e1 milli h\u00f6fu\u00f0p\u00fa\u00f0a b\u00edlsins \u00feannig a\u00f0 allir far\u00feegar \u00ed afturs\u00e6ti b\u00edlsins sj\u00e1i \u00e1 skj\u00e1inn.  St\u00edlhrein og sterk h\u00f6fu\u00f0p\u00fa\u00f0afesting sem heldur spjaldt\u00f6lvum og snjalls\u00edmum alveg f\u00f6stum vi\u00f0 akstur. \u00dea\u00f0 er au\u00f0velt a\u00f0 setja festinguna upp og taka aftur ni\u00f0ur.  \u2013 Sj\u00e1 myndband af v\u00f6ru ne\u00f0ar \u00e1 \u00feessari s\u00ed\u00f0u \u2013 Litur: Svartur \u2013 St\u00e6r\u00f0: 23x16x7 cm \u2013 \u00deyngd: 0,285 kg \u2013 Efni: APS, PC og \u00e1l \u2013 Passar \u00e1 h\u00f6fu\u00f0p\u00fa\u00f0a: 7-15,8 cm \u2013 T\u00e6ki \u00e1 festingu: 4,7\u2033-13\u2033 \u2013 Teygjanlegur armur og h\u00e6gt a\u00f0 sn\u00faa 360 gr\u00e1\u00f0ur \u2013 Vottun: ROHS","robots":{"index":"index","follow":"follow","max-snippet":"max-snippet:-1","max-image-preview":"max-image-preview:large","max-video-preview":"max-video-preview:-1"},"canonical":"https:\/\/joyroom.is\/vara\/jr-zs369\/","og_locale":"en_US","og_type":"article","og_title":"H\u00f6fu\u00f0p\u00fa\u00f0afesting \u00ed b\u00edl sem heldur spjaldt\u00f6lvum og snjalls\u00edmum alveg f\u00f6stum vi\u00f0 akstur","og_description":"Sterk h\u00f6fu\u00f0p\u00fa\u00f0afesting fyrir spjaldt\u00f6lvur og snjalls\u00edma (360 gr\u00e1\u00f0ur) sem komi\u00f0 er fyrir aftan \u00e1 h\u00f6fu\u00f0p\u00fa\u00f0a frams\u00e6tis \u00ed b\u00edlnum. Far\u00feegi \u00ed afturs\u00e6ti getur dregi\u00f0 arminn a\u00f0 s\u00e9r og a\u00f0laga\u00f0 a\u00f0 s\u00fdnum \u00fe\u00f6rfum til a\u00f0 f\u00e1 sem besta upplifun. \u00dea\u00f0 er h\u00e6gt a\u00f0 draga festinguna til hli\u00f0ar \u00e1 milli h\u00f6fu\u00f0p\u00fa\u00f0a b\u00edlsins \u00feannig a\u00f0 allir far\u00feegar \u00ed afturs\u00e6ti b\u00edlsins sj\u00e1i \u00e1 skj\u00e1inn.  St\u00edlhrein og sterk h\u00f6fu\u00f0p\u00fa\u00f0afesting sem heldur spjaldt\u00f6lvum og snjalls\u00edmum alveg f\u00f6stum vi\u00f0 akstur. \u00dea\u00f0 er au\u00f0velt a\u00f0 setja festinguna upp og taka aftur ni\u00f0ur.  \u2013 Sj\u00e1 myndband af v\u00f6ru ne\u00f0ar \u00e1 \u00feessari s\u00ed\u00f0u \u2013 Litur: Svartur \u2013 St\u00e6r\u00f0: 23x16x7 cm \u2013 \u00deyngd: 0,285 kg \u2013 Efni: APS, PC og \u00e1l \u2013 Passar \u00e1 h\u00f6fu\u00f0p\u00fa\u00f0a: 7-15,8 cm \u2013 T\u00e6ki \u00e1 festingu: 4,7\u2033-13\u2033 \u2013 Teygjanlegur armur og h\u00e6gt a\u00f0 sn\u00faa 360 gr\u00e1\u00f0ur \u2013 Vottun: ROHS","og_url":"https:\/\/joyroom.is\/vara\/jr-zs369\/","og_site_name":"Joyroom","article_modified_time":"2026-04-07T13:41:16+00:00","og_image":[{"width":600,"height":600,"url":"https:\/\/joyroom.is\/wp-content\/uploads\/2025\/07\/jr-zs369.jpg","type":"image\/jpeg"}],"twitter_card":"summary_large_image","schema":{"@context":"https:\/\/schema.org","@graph":[{"@type":"WebPage","@id":"https:\/\/joyroom.is\/vara\/jr-zs369\/","url":"https:\/\/joyroom.is\/vara\/jr-zs369\/","name":"H\u00f6fu\u00f0p\u00fa\u00f0afesting \u00ed b\u00edl sem heldur spjaldt\u00f6lvum og snjalls\u00edmum alveg f\u00f6stum vi\u00f0 akstur | Joyroom","isPartOf":{"@id":"https:\/\/joyroom.is\/#website"},"primaryImageOfPage":{"@id":"https:\/\/joyroom.is\/vara\/jr-zs369\/#primaryimage"},"image":{"@id":"https:\/\/joyroom.is\/vara\/jr-zs369\/#primaryimage"},"thumbnailUrl":"https:\/\/joyroom.is\/wp-content\/uploads\/2025\/07\/jr-zs369.jpg","datePublished":"2025-07-24T15:14:36+00:00","dateModified":"2026-04-07T13:41:16+00:00","description":"Sterk h\u00f6fu\u00f0p\u00fa\u00f0afesting fyrir spjaldt\u00f6lvur og snjalls\u00edma (360 gr\u00e1\u00f0ur) sem komi\u00f0 er fyrir aftan \u00e1 h\u00f6fu\u00f0p\u00fa\u00f0a frams\u00e6tis \u00ed b\u00edlnum. Far\u00feegi \u00ed afturs\u00e6ti getur dregi\u00f0 arminn a\u00f0 s\u00e9r og a\u00f0laga\u00f0 a\u00f0 s\u00fdnum \u00fe\u00f6rfum til a\u00f0 f\u00e1 sem besta upplifun. \u00dea\u00f0 er h\u00e6gt a\u00f0 draga festinguna til hli\u00f0ar \u00e1 milli h\u00f6fu\u00f0p\u00fa\u00f0a b\u00edlsins \u00feannig a\u00f0 allir far\u00feegar \u00ed afturs\u00e6ti b\u00edlsins sj\u00e1i \u00e1 skj\u00e1inn. St\u00edlhrein og sterk h\u00f6fu\u00f0p\u00fa\u00f0afesting sem heldur spjaldt\u00f6lvum og snjalls\u00edmum alveg f\u00f6stum vi\u00f0 akstur. \u00dea\u00f0 er au\u00f0velt a\u00f0 setja festinguna upp og taka aftur ni\u00f0ur. \u2013 Sj\u00e1 myndband af v\u00f6ru ne\u00f0ar \u00e1 \u00feessari s\u00ed\u00f0u \u2013 Litur: Svartur \u2013 St\u00e6r\u00f0: 23x16x7 cm \u2013 \u00deyngd: 0,285 kg \u2013 Efni: APS, PC og \u00e1l \u2013 Passar \u00e1 h\u00f6fu\u00f0p\u00fa\u00f0a: 7-15,8 cm \u2013 T\u00e6ki \u00e1 festingu: 4,7\u2033-13\u2033 \u2013 Teygjanlegur armur og h\u00e6gt a\u00f0 sn\u00faa 360 gr\u00e1\u00f0ur \u2013 Vottun: ROHS","breadcrumb":{"@id":"https:\/\/joyroom.is\/vara\/jr-zs369\/#breadcrumb"},"inLanguage":"en-US","potentialAction":[{"@type":"ReadAction","target":["https:\/\/joyroom.is\/vara\/jr-zs369\/"]}]},{"@type":"ImageObject","inLanguage":"en-US","@id":"https:\/\/joyroom.is\/vara\/jr-zs369\/#primaryimage","url":"https:\/\/joyroom.is\/wp-content\/uploads\/2025\/07\/jr-zs369.jpg","contentUrl":"https:\/\/joyroom.is\/wp-content\/uploads\/2025\/07\/jr-zs369.jpg","width":600,"height":600},{"@type":"BreadcrumbList","@id":"https:\/\/joyroom.is\/vara\/jr-zs369\/#breadcrumb","itemListElement":[{"@type":"ListItem","position":1,"name":"Home","item":"https:\/\/joyroom.is\/"},{"@type":"ListItem","position":2,"name":"Shop","item":"https:\/\/www.vorulagerinn.is\/heildsala\/en\/shop\/"},{"@type":"ListItem","position":3,"name":"H\u00f6fu\u00f0p\u00fa\u00f0afesting \u00ed b\u00edl sem heldur spjaldt\u00f6lvum og snjalls\u00edmum alveg f\u00f6stum vi\u00f0 akstur"}]},{"@type":"WebSite","@id":"https:\/\/joyroom.is\/#website","url":"https:\/\/joyroom.is\/","name":"Joyroom \u00e1 \u00cdslandi","description":"Vali&eth; er einfalt","publisher":{"@id":"https:\/\/joyroom.is\/#organization"},"alternateName":"Joyroom","potentialAction":[{"@type":"SearchAction","target":{"@type":"EntryPoint","urlTemplate":"https:\/\/joyroom.is\/?s={search_term_string}"},"query-input":{"@type":"PropertyValueSpecification","valueRequired":true,"valueName":"search_term_string"}}],"inLanguage":"en-US"},{"@type":"Organization","@id":"https:\/\/joyroom.is\/#organization","name":"Joyroom \u00e1 \u00cdslandi","alternateName":"Joyroom","url":"https:\/\/joyroom.is\/","logo":{"@type":"ImageObject","inLanguage":"en-US","@id":"https:\/\/joyroom.is\/#\/schema\/logo\/image\/","url":"https:\/\/joyroom.is\/wp-content\/uploads\/2024\/08\/JR.jpg","contentUrl":"https:\/\/joyroom.is\/wp-content\/uploads\/2024\/08\/JR.jpg","width":1200,"height":1200,"caption":"Joyroom \u00e1 \u00cdslandi"},"image":{"@id":"https:\/\/joyroom.is\/#\/schema\/logo\/image\/"}}]}},"_links":{"self":[{"href":"https:\/\/joyroom.is\/en\/wp-json\/wp\/v2\/product\/24794","targetHints":{"allow":["GET"]}}],"collection":[{"href":"https:\/\/joyroom.is\/en\/wp-json\/wp\/v2\/product"}],"about":[{"href":"https:\/\/joyroom.is\/en\/wp-json\/wp\/v2\/types\/product"}],"wp:featuredmedia":[{"embeddable":true,"href":"https:\/\/joyroom.is\/en\/wp-json\/wp\/v2\/media\/24786"}],"wp:attachment":[{"href":"https:\/\/joyroom.is\/en\/wp-json\/wp\/v2\/media?parent=24794"}],"wp:term":[{"taxonomy":"product_brand","embeddable":true,"href":"https:\/\/joyroom.is\/en\/wp-json\/wp\/v2\/product_brand?post=24794"},{"taxonomy":"product_cat","embeddable":true,"href":"https:\/\/joyroom.is\/en\/wp-json\/wp\/v2\/product_cat?post=24794"},{"taxonomy":"product_tag","embeddable":true,"href":"https:\/\/joyroom.is\/en\/wp-json\/wp\/v2\/product_tag?post=24794"}],"curies":[{"name":"wp","href":"https:\/\/api.w.org\/{rel}","templated":true}]}}