{"id":24842,"date":"2025-07-23T12:42:45","date_gmt":"2025-07-23T12:42:45","guid":{"rendered":"https:\/\/joyroom.is\/product\/jr-zs365\/"},"modified":"2026-02-15T18:47:30","modified_gmt":"2026-02-15T18:47:30","slug":"jr-zs365","status":"publish","type":"product","link":"https:\/\/joyroom.is\/en\/product\/jr-zs365\/","title":{"rendered":"S\u00edmahaldari me\u00f0 klemmufestingu &amp; segul til a\u00f0 halda snjalls\u00edmanum (360 gr\u00e1\u00f0u sn\u00faningur)"},"content":{"rendered":"","protected":false},"excerpt":{"rendered":"<p>G\u00f3\u00f0ur og sterkur s\u00edmahaldari me\u00f0 segulfestingu sem gerir \u00fe\u00e9r kleift a\u00f0 sn\u00faa s\u00edmanum \u00ed 360 gr\u00e1\u00f0ur og a\u00f0laga a\u00f0 \u00fe\u00ednum \u00fe\u00f6rfum. S\u00edmahaldarinn er me\u00f0 klemmufestingu\u00a0sem h\u00e6gt er a\u00f0 festa \u00e1 m\u00e6labor\u00f0i\u00f0 \u00ed b\u00edlnum, skrifbor\u00f0i\u00f0, hillur, barnakerrur, fer\u00f0at\u00f6skur, \u00e1 bor\u00f0i\u00f0 \u00ed flugv\u00e9linni, lestinni o.s.frv.<\/p>\n<p>Festingin er samanbrj\u00f3tanleg og \u00fev\u00ed au\u00f0velt a\u00f0 stinga ofan \u00ed t\u00f6sku og taka me\u00f0 \u00ed fer\u00f0alagi\u00f0. Segulfesting \u00e1 snjalls\u00edmann fylgir me\u00f0 en \u00feeir sem eru me\u00f0 iPhone 12\/13\/14\/15\/16 \u00feurfa ekki \u00e1 \u00fev\u00ed a\u00f0 halda \u00fev\u00ed \u00feessir iPhone s\u00edmar eru me\u00f0 innbygg\u00f0an segul.<\/p>\n<p>\u2013 Litur: Svartur<br \/>\n\u2013 \u00deyngd: 130g<br \/>\n\u2013 Efni: PC, ABS og s\u00edlikon<br \/>\n\u2013 Segulfesting \u00e1 fars\u00edma fylgja me\u00f0<br \/>\n\u2013 Vottun: ROHS<\/p>\n","protected":false},"featured_media":24836,"template":"","meta":[],"product_brand":[],"product_cat":[435],"product_tag":[],"class_list":{"0":"post-24842","1":"product","2":"type-product","3":"status-publish","4":"has-post-thumbnail","6":"product_cat-festingar-og-standar","8":"first","9":"instock","10":"taxable","11":"shipping-taxable","12":"purchasable","13":"product-type-simple"},"yoast_head":"<!-- This site is optimized with the Yoast SEO Premium plugin v21.5 (Yoast SEO v27.4) - https:\/\/yoast.com\/product\/yoast-seo-premium-wordpress\/ -->\n<title>S\u00edmahaldari me\u00f0 klemmufestingu &amp; segul til a\u00f0 halda snjalls\u00edmanum (360 gr\u00e1\u00f0u sn\u00faningur) | Joyroom<\/title>\n<meta name=\"description\" content=\"G\u00f3\u00f0ur og sterkur s\u00edmahaldari me\u00f0 segulfestingu sem gerir \u00fe\u00e9r kleift a\u00f0 sn\u00faa s\u00edmanum \u00ed 360 gr\u00e1\u00f0ur og a\u00f0laga a\u00f0 \u00fe\u00ednum \u00fe\u00f6rfum. S\u00edmahaldarinn er me\u00f0 klemmufestingu\u00a0sem h\u00e6gt er a\u00f0 festa \u00e1 m\u00e6labor\u00f0i\u00f0 \u00ed b\u00edlnum, skrifbor\u00f0i\u00f0, hillur, barnakerrur, fer\u00f0at\u00f6skur, \u00e1 bor\u00f0i\u00f0 \u00ed flugv\u00e9linni, lestinni o.s.frv.  Festingin er samanbrj\u00f3tanleg og \u00fev\u00ed au\u00f0velt a\u00f0 stinga ofan \u00ed t\u00f6sku og taka me\u00f0 \u00ed fer\u00f0alagi\u00f0. Segulfesting \u00e1 snjalls\u00edmann fylgir me\u00f0 en \u00feeir sem eru me\u00f0 iPhone 12\/13\/14\/15\/16 \u00feurfa ekki \u00e1 \u00fev\u00ed a\u00f0 halda \u00fev\u00ed \u00feessir iPhone s\u00edmar eru me\u00f0 innbygg\u00f0an segul.  \u2013 Litur: Svartur \u2013 \u00deyngd: 130g \u2013 Efni: PC, ABS og s\u00edlikon \u2013 Segulfesting \u00e1 fars\u00edma fylgja me\u00f0 \u2013 Vottun: ROHS\" \/>\n<meta name=\"robots\" content=\"index, follow, max-snippet:-1, max-image-preview:large, max-video-preview:-1\" \/>\n<link rel=\"canonical\" href=\"https:\/\/joyroom.is\/vara\/jr-zs365\/\" \/>\n<meta property=\"og:locale\" content=\"en_US\" \/>\n<meta property=\"og:type\" content=\"article\" \/>\n<meta property=\"og:title\" content=\"S\u00edmahaldari me\u00f0 klemmufestingu &amp; segul til a\u00f0 halda snjalls\u00edmanum (360 gr\u00e1\u00f0u sn\u00faningur)\" \/>\n<meta property=\"og:description\" content=\"G\u00f3\u00f0ur og sterkur s\u00edmahaldari me\u00f0 segulfestingu sem gerir \u00fe\u00e9r kleift a\u00f0 sn\u00faa s\u00edmanum \u00ed 360 gr\u00e1\u00f0ur og a\u00f0laga a\u00f0 \u00fe\u00ednum \u00fe\u00f6rfum. S\u00edmahaldarinn er me\u00f0 klemmufestingu\u00a0sem h\u00e6gt er a\u00f0 festa \u00e1 m\u00e6labor\u00f0i\u00f0 \u00ed b\u00edlnum, skrifbor\u00f0i\u00f0, hillur, barnakerrur, fer\u00f0at\u00f6skur, \u00e1 bor\u00f0i\u00f0 \u00ed flugv\u00e9linni, lestinni o.s.frv.  Festingin er samanbrj\u00f3tanleg og \u00fev\u00ed au\u00f0velt a\u00f0 stinga ofan \u00ed t\u00f6sku og taka me\u00f0 \u00ed fer\u00f0alagi\u00f0. Segulfesting \u00e1 snjalls\u00edmann fylgir me\u00f0 en \u00feeir sem eru me\u00f0 iPhone 12\/13\/14\/15\/16 \u00feurfa ekki \u00e1 \u00fev\u00ed a\u00f0 halda \u00fev\u00ed \u00feessir iPhone s\u00edmar eru me\u00f0 innbygg\u00f0an segul.  \u2013 Litur: Svartur \u2013 \u00deyngd: 130g \u2013 Efni: PC, ABS og s\u00edlikon \u2013 Segulfesting \u00e1 fars\u00edma fylgja me\u00f0 \u2013 Vottun: ROHS\" \/>\n<meta property=\"og:url\" content=\"https:\/\/joyroom.is\/vara\/jr-zs365\/\" \/>\n<meta property=\"og:site_name\" content=\"Joyroom\" \/>\n<meta property=\"article:modified_time\" content=\"2026-02-15T18:47:30+00:00\" \/>\n<meta property=\"og:image\" content=\"https:\/\/joyroom.is\/wp-content\/uploads\/2025\/07\/JR-ZS365.jpg\" \/>\n\t<meta property=\"og:image:width\" content=\"600\" \/>\n\t<meta property=\"og:image:height\" content=\"600\" \/>\n\t<meta property=\"og:image:type\" content=\"image\/jpeg\" \/>\n<meta name=\"twitter:card\" content=\"summary_large_image\" \/>\n<script type=\"application\/ld+json\" class=\"yoast-schema-graph\">{\"@context\":\"https:\\\/\\\/schema.org\",\"@graph\":[{\"@type\":\"WebPage\",\"@id\":\"https:\\\/\\\/joyroom.is\\\/vara\\\/jr-zs365\\\/\",\"url\":\"https:\\\/\\\/joyroom.is\\\/vara\\\/jr-zs365\\\/\",\"name\":\"S\u00edmahaldari me\u00f0 klemmufestingu &amp; segul til a\u00f0 halda snjalls\u00edmanum (360 gr\u00e1\u00f0u sn\u00faningur) | Joyroom\",\"isPartOf\":{\"@id\":\"https:\\\/\\\/joyroom.is\\\/#website\"},\"primaryImageOfPage\":{\"@id\":\"https:\\\/\\\/joyroom.is\\\/vara\\\/jr-zs365\\\/#primaryimage\"},\"image\":{\"@id\":\"https:\\\/\\\/joyroom.is\\\/vara\\\/jr-zs365\\\/#primaryimage\"},\"thumbnailUrl\":\"https:\\\/\\\/joyroom.is\\\/wp-content\\\/uploads\\\/2025\\\/07\\\/JR-ZS365.jpg\",\"datePublished\":\"2025-07-23T12:42:45+00:00\",\"dateModified\":\"2026-02-15T18:47:30+00:00\",\"description\":\"G\u00f3\u00f0ur og sterkur s\u00edmahaldari me\u00f0 segulfestingu sem gerir \u00fe\u00e9r kleift a\u00f0 sn\u00faa s\u00edmanum \u00ed 360 gr\u00e1\u00f0ur og a\u00f0laga a\u00f0 \u00fe\u00ednum \u00fe\u00f6rfum. S\u00edmahaldarinn er me\u00f0 klemmufestingu\u00a0sem h\u00e6gt er a\u00f0 festa \u00e1 m\u00e6labor\u00f0i\u00f0 \u00ed b\u00edlnum, skrifbor\u00f0i\u00f0, hillur, barnakerrur, fer\u00f0at\u00f6skur, \u00e1 bor\u00f0i\u00f0 \u00ed flugv\u00e9linni, lestinni o.s.frv. Festingin er samanbrj\u00f3tanleg og \u00fev\u00ed au\u00f0velt a\u00f0 stinga ofan \u00ed t\u00f6sku og taka me\u00f0 \u00ed fer\u00f0alagi\u00f0. Segulfesting \u00e1 snjalls\u00edmann fylgir me\u00f0 en \u00feeir sem eru me\u00f0 iPhone 12\\\/13\\\/14\\\/15\\\/16 \u00feurfa ekki \u00e1 \u00fev\u00ed a\u00f0 halda \u00fev\u00ed \u00feessir iPhone s\u00edmar eru me\u00f0 innbygg\u00f0an segul. \u2013 Litur: Svartur \u2013 \u00deyngd: 130g \u2013 Efni: PC, ABS og s\u00edlikon \u2013 Segulfesting \u00e1 fars\u00edma fylgja me\u00f0 \u2013 Vottun: ROHS\",\"breadcrumb\":{\"@id\":\"https:\\\/\\\/joyroom.is\\\/vara\\\/jr-zs365\\\/#breadcrumb\"},\"inLanguage\":\"en-US\",\"potentialAction\":[{\"@type\":\"ReadAction\",\"target\":[\"https:\\\/\\\/joyroom.is\\\/vara\\\/jr-zs365\\\/\"]}]},{\"@type\":\"ImageObject\",\"inLanguage\":\"en-US\",\"@id\":\"https:\\\/\\\/joyroom.is\\\/vara\\\/jr-zs365\\\/#primaryimage\",\"url\":\"https:\\\/\\\/joyroom.is\\\/wp-content\\\/uploads\\\/2025\\\/07\\\/JR-ZS365.jpg\",\"contentUrl\":\"https:\\\/\\\/joyroom.is\\\/wp-content\\\/uploads\\\/2025\\\/07\\\/JR-ZS365.jpg\",\"width\":600,\"height\":600},{\"@type\":\"BreadcrumbList\",\"@id\":\"https:\\\/\\\/joyroom.is\\\/vara\\\/jr-zs365\\\/#breadcrumb\",\"itemListElement\":[{\"@type\":\"ListItem\",\"position\":1,\"name\":\"Home\",\"item\":\"https:\\\/\\\/joyroom.is\\\/\"},{\"@type\":\"ListItem\",\"position\":2,\"name\":\"Shop\",\"item\":\"https:\\\/\\\/www.vorulagerinn.is\\\/heildsala\\\/en\\\/shop\\\/\"},{\"@type\":\"ListItem\",\"position\":3,\"name\":\"S\u00edmahaldari me\u00f0 klemmufestingu &amp; segul til a\u00f0 halda snjalls\u00edmanum (360 gr\u00e1\u00f0u sn\u00faningur)\"}]},{\"@type\":\"WebSite\",\"@id\":\"https:\\\/\\\/joyroom.is\\\/#website\",\"url\":\"https:\\\/\\\/joyroom.is\\\/\",\"name\":\"Joyroom \u00e1 \u00cdslandi\",\"description\":\"Vali&eth; er einfalt\",\"publisher\":{\"@id\":\"https:\\\/\\\/joyroom.is\\\/#organization\"},\"alternateName\":\"Joyroom\",\"potentialAction\":[{\"@type\":\"SearchAction\",\"target\":{\"@type\":\"EntryPoint\",\"urlTemplate\":\"https:\\\/\\\/joyroom.is\\\/?s={search_term_string}\"},\"query-input\":{\"@type\":\"PropertyValueSpecification\",\"valueRequired\":true,\"valueName\":\"search_term_string\"}}],\"inLanguage\":\"en-US\"},{\"@type\":\"Organization\",\"@id\":\"https:\\\/\\\/joyroom.is\\\/#organization\",\"name\":\"Joyroom \u00e1 \u00cdslandi\",\"alternateName\":\"Joyroom\",\"url\":\"https:\\\/\\\/joyroom.is\\\/\",\"logo\":{\"@type\":\"ImageObject\",\"inLanguage\":\"en-US\",\"@id\":\"https:\\\/\\\/joyroom.is\\\/#\\\/schema\\\/logo\\\/image\\\/\",\"url\":\"https:\\\/\\\/joyroom.is\\\/wp-content\\\/uploads\\\/2024\\\/08\\\/JR.jpg\",\"contentUrl\":\"https:\\\/\\\/joyroom.is\\\/wp-content\\\/uploads\\\/2024\\\/08\\\/JR.jpg\",\"width\":1200,\"height\":1200,\"caption\":\"Joyroom \u00e1 \u00cdslandi\"},\"image\":{\"@id\":\"https:\\\/\\\/joyroom.is\\\/#\\\/schema\\\/logo\\\/image\\\/\"}}]}<\/script>\n<!-- \/ Yoast SEO Premium plugin. -->","yoast_head_json":{"title":"S\u00edmahaldari me\u00f0 klemmufestingu &amp; segul til a\u00f0 halda snjalls\u00edmanum (360 gr\u00e1\u00f0u sn\u00faningur) | Joyroom","description":"G\u00f3\u00f0ur og sterkur s\u00edmahaldari me\u00f0 segulfestingu sem gerir \u00fe\u00e9r kleift a\u00f0 sn\u00faa s\u00edmanum \u00ed 360 gr\u00e1\u00f0ur og a\u00f0laga a\u00f0 \u00fe\u00ednum \u00fe\u00f6rfum. S\u00edmahaldarinn er me\u00f0 klemmufestingu\u00a0sem h\u00e6gt er a\u00f0 festa \u00e1 m\u00e6labor\u00f0i\u00f0 \u00ed b\u00edlnum, skrifbor\u00f0i\u00f0, hillur, barnakerrur, fer\u00f0at\u00f6skur, \u00e1 bor\u00f0i\u00f0 \u00ed flugv\u00e9linni, lestinni o.s.frv.  Festingin er samanbrj\u00f3tanleg og \u00fev\u00ed au\u00f0velt a\u00f0 stinga ofan \u00ed t\u00f6sku og taka me\u00f0 \u00ed fer\u00f0alagi\u00f0. Segulfesting \u00e1 snjalls\u00edmann fylgir me\u00f0 en \u00feeir sem eru me\u00f0 iPhone 12\/13\/14\/15\/16 \u00feurfa ekki \u00e1 \u00fev\u00ed a\u00f0 halda \u00fev\u00ed \u00feessir iPhone s\u00edmar eru me\u00f0 innbygg\u00f0an segul.  \u2013 Litur: Svartur \u2013 \u00deyngd: 130g \u2013 Efni: PC, ABS og s\u00edlikon \u2013 Segulfesting \u00e1 fars\u00edma fylgja me\u00f0 \u2013 Vottun: ROHS","robots":{"index":"index","follow":"follow","max-snippet":"max-snippet:-1","max-image-preview":"max-image-preview:large","max-video-preview":"max-video-preview:-1"},"canonical":"https:\/\/joyroom.is\/vara\/jr-zs365\/","og_locale":"en_US","og_type":"article","og_title":"S\u00edmahaldari me\u00f0 klemmufestingu &amp; segul til a\u00f0 halda snjalls\u00edmanum (360 gr\u00e1\u00f0u sn\u00faningur)","og_description":"G\u00f3\u00f0ur og sterkur s\u00edmahaldari me\u00f0 segulfestingu sem gerir \u00fe\u00e9r kleift a\u00f0 sn\u00faa s\u00edmanum \u00ed 360 gr\u00e1\u00f0ur og a\u00f0laga a\u00f0 \u00fe\u00ednum \u00fe\u00f6rfum. S\u00edmahaldarinn er me\u00f0 klemmufestingu\u00a0sem h\u00e6gt er a\u00f0 festa \u00e1 m\u00e6labor\u00f0i\u00f0 \u00ed b\u00edlnum, skrifbor\u00f0i\u00f0, hillur, barnakerrur, fer\u00f0at\u00f6skur, \u00e1 bor\u00f0i\u00f0 \u00ed flugv\u00e9linni, lestinni o.s.frv.  Festingin er samanbrj\u00f3tanleg og \u00fev\u00ed au\u00f0velt a\u00f0 stinga ofan \u00ed t\u00f6sku og taka me\u00f0 \u00ed fer\u00f0alagi\u00f0. Segulfesting \u00e1 snjalls\u00edmann fylgir me\u00f0 en \u00feeir sem eru me\u00f0 iPhone 12\/13\/14\/15\/16 \u00feurfa ekki \u00e1 \u00fev\u00ed a\u00f0 halda \u00fev\u00ed \u00feessir iPhone s\u00edmar eru me\u00f0 innbygg\u00f0an segul.  \u2013 Litur: Svartur \u2013 \u00deyngd: 130g \u2013 Efni: PC, ABS og s\u00edlikon \u2013 Segulfesting \u00e1 fars\u00edma fylgja me\u00f0 \u2013 Vottun: ROHS","og_url":"https:\/\/joyroom.is\/vara\/jr-zs365\/","og_site_name":"Joyroom","article_modified_time":"2026-02-15T18:47:30+00:00","og_image":[{"width":600,"height":600,"url":"https:\/\/joyroom.is\/wp-content\/uploads\/2025\/07\/JR-ZS365.jpg","type":"image\/jpeg"}],"twitter_card":"summary_large_image","schema":{"@context":"https:\/\/schema.org","@graph":[{"@type":"WebPage","@id":"https:\/\/joyroom.is\/vara\/jr-zs365\/","url":"https:\/\/joyroom.is\/vara\/jr-zs365\/","name":"S\u00edmahaldari me\u00f0 klemmufestingu &amp; segul til a\u00f0 halda snjalls\u00edmanum (360 gr\u00e1\u00f0u sn\u00faningur) | Joyroom","isPartOf":{"@id":"https:\/\/joyroom.is\/#website"},"primaryImageOfPage":{"@id":"https:\/\/joyroom.is\/vara\/jr-zs365\/#primaryimage"},"image":{"@id":"https:\/\/joyroom.is\/vara\/jr-zs365\/#primaryimage"},"thumbnailUrl":"https:\/\/joyroom.is\/wp-content\/uploads\/2025\/07\/JR-ZS365.jpg","datePublished":"2025-07-23T12:42:45+00:00","dateModified":"2026-02-15T18:47:30+00:00","description":"G\u00f3\u00f0ur og sterkur s\u00edmahaldari me\u00f0 segulfestingu sem gerir \u00fe\u00e9r kleift a\u00f0 sn\u00faa s\u00edmanum \u00ed 360 gr\u00e1\u00f0ur og a\u00f0laga a\u00f0 \u00fe\u00ednum \u00fe\u00f6rfum. S\u00edmahaldarinn er me\u00f0 klemmufestingu\u00a0sem h\u00e6gt er a\u00f0 festa \u00e1 m\u00e6labor\u00f0i\u00f0 \u00ed b\u00edlnum, skrifbor\u00f0i\u00f0, hillur, barnakerrur, fer\u00f0at\u00f6skur, \u00e1 bor\u00f0i\u00f0 \u00ed flugv\u00e9linni, lestinni o.s.frv. Festingin er samanbrj\u00f3tanleg og \u00fev\u00ed au\u00f0velt a\u00f0 stinga ofan \u00ed t\u00f6sku og taka me\u00f0 \u00ed fer\u00f0alagi\u00f0. Segulfesting \u00e1 snjalls\u00edmann fylgir me\u00f0 en \u00feeir sem eru me\u00f0 iPhone 12\/13\/14\/15\/16 \u00feurfa ekki \u00e1 \u00fev\u00ed a\u00f0 halda \u00fev\u00ed \u00feessir iPhone s\u00edmar eru me\u00f0 innbygg\u00f0an segul. \u2013 Litur: Svartur \u2013 \u00deyngd: 130g \u2013 Efni: PC, ABS og s\u00edlikon \u2013 Segulfesting \u00e1 fars\u00edma fylgja me\u00f0 \u2013 Vottun: ROHS","breadcrumb":{"@id":"https:\/\/joyroom.is\/vara\/jr-zs365\/#breadcrumb"},"inLanguage":"en-US","potentialAction":[{"@type":"ReadAction","target":["https:\/\/joyroom.is\/vara\/jr-zs365\/"]}]},{"@type":"ImageObject","inLanguage":"en-US","@id":"https:\/\/joyroom.is\/vara\/jr-zs365\/#primaryimage","url":"https:\/\/joyroom.is\/wp-content\/uploads\/2025\/07\/JR-ZS365.jpg","contentUrl":"https:\/\/joyroom.is\/wp-content\/uploads\/2025\/07\/JR-ZS365.jpg","width":600,"height":600},{"@type":"BreadcrumbList","@id":"https:\/\/joyroom.is\/vara\/jr-zs365\/#breadcrumb","itemListElement":[{"@type":"ListItem","position":1,"name":"Home","item":"https:\/\/joyroom.is\/"},{"@type":"ListItem","position":2,"name":"Shop","item":"https:\/\/www.vorulagerinn.is\/heildsala\/en\/shop\/"},{"@type":"ListItem","position":3,"name":"S\u00edmahaldari me\u00f0 klemmufestingu &amp; segul til a\u00f0 halda snjalls\u00edmanum (360 gr\u00e1\u00f0u sn\u00faningur)"}]},{"@type":"WebSite","@id":"https:\/\/joyroom.is\/#website","url":"https:\/\/joyroom.is\/","name":"Joyroom \u00e1 \u00cdslandi","description":"Vali&eth; er einfalt","publisher":{"@id":"https:\/\/joyroom.is\/#organization"},"alternateName":"Joyroom","potentialAction":[{"@type":"SearchAction","target":{"@type":"EntryPoint","urlTemplate":"https:\/\/joyroom.is\/?s={search_term_string}"},"query-input":{"@type":"PropertyValueSpecification","valueRequired":true,"valueName":"search_term_string"}}],"inLanguage":"en-US"},{"@type":"Organization","@id":"https:\/\/joyroom.is\/#organization","name":"Joyroom \u00e1 \u00cdslandi","alternateName":"Joyroom","url":"https:\/\/joyroom.is\/","logo":{"@type":"ImageObject","inLanguage":"en-US","@id":"https:\/\/joyroom.is\/#\/schema\/logo\/image\/","url":"https:\/\/joyroom.is\/wp-content\/uploads\/2024\/08\/JR.jpg","contentUrl":"https:\/\/joyroom.is\/wp-content\/uploads\/2024\/08\/JR.jpg","width":1200,"height":1200,"caption":"Joyroom \u00e1 \u00cdslandi"},"image":{"@id":"https:\/\/joyroom.is\/#\/schema\/logo\/image\/"}}]}},"_links":{"self":[{"href":"https:\/\/joyroom.is\/en\/wp-json\/wp\/v2\/product\/24842","targetHints":{"allow":["GET"]}}],"collection":[{"href":"https:\/\/joyroom.is\/en\/wp-json\/wp\/v2\/product"}],"about":[{"href":"https:\/\/joyroom.is\/en\/wp-json\/wp\/v2\/types\/product"}],"wp:featuredmedia":[{"embeddable":true,"href":"https:\/\/joyroom.is\/en\/wp-json\/wp\/v2\/media\/24836"}],"wp:attachment":[{"href":"https:\/\/joyroom.is\/en\/wp-json\/wp\/v2\/media?parent=24842"}],"wp:term":[{"taxonomy":"product_brand","embeddable":true,"href":"https:\/\/joyroom.is\/en\/wp-json\/wp\/v2\/product_brand?post=24842"},{"taxonomy":"product_cat","embeddable":true,"href":"https:\/\/joyroom.is\/en\/wp-json\/wp\/v2\/product_cat?post=24842"},{"taxonomy":"product_tag","embeddable":true,"href":"https:\/\/joyroom.is\/en\/wp-json\/wp\/v2\/product_tag?post=24842"}],"curies":[{"name":"wp","href":"https:\/\/api.w.org\/{rel}","templated":true}]}}