{"id":24863,"date":"2025-07-22T16:44:52","date_gmt":"2025-07-22T16:44:52","guid":{"rendered":"https:\/\/joyroom.is\/product\/jr-zs288-bifhjol\/"},"modified":"2026-02-15T17:50:01","modified_gmt":"2026-02-15T17:50:01","slug":"jr-zs288-bifhjol","status":"publish","type":"product","link":"https:\/\/joyroom.is\/en\/product\/jr-zs288-bifhjol\/","title":{"rendered":"Sterkur og st\u00f6\u00f0ugur s\u00edmahaldari fyrir bifhj\u00f3l"},"content":{"rendered":"","protected":false},"excerpt":{"rendered":"<p>Sterkur og st\u00f6\u00f0ugur s\u00edmahaldari fyrir bifhj\u00f3l. S\u00edminn getur veri\u00f0 \u00ed l\u00e1gr\u00e9ttri e\u00f0a l\u00f3\u00f0r\u00e9ttri st\u00f6\u00f0u og \u00fea\u00f0 er h\u00e6gt a\u00f0 sn\u00faa honum \u00ed heilan hring. Festingin hentar flestum st\u00e6r\u00f0um fars\u00edma (4,7-7\u2033).<\/p>\n<p>\u2013 Litur: Svartur<br \/>\n\u2013 \u00deyngd: 142,5g<br \/>\n\u2013 Efni: ABS, PC og Aluminum alloy<br \/>\n\u2013 S\u00edmast\u00e6r\u00f0: 4,7-7\u2033 (11,8-18 cm)<br \/>\n\u2013 Vottun: ROHS<\/p>\n","protected":false},"featured_media":24859,"template":"","meta":[],"product_brand":[],"product_cat":[435],"product_tag":[],"class_list":{"0":"post-24863","1":"product","2":"type-product","3":"status-publish","4":"has-post-thumbnail","6":"product_cat-festingar-og-standar","8":"first","9":"instock","10":"taxable","11":"shipping-taxable","12":"purchasable","13":"product-type-simple"},"yoast_head":"<!-- This site is optimized with the Yoast SEO Premium plugin v21.5 (Yoast SEO v27.5) - https:\/\/yoast.com\/product\/yoast-seo-premium-wordpress\/ -->\n<title>Sterkur og st\u00f6\u00f0ugur s\u00edmahaldari fyrir bifhj\u00f3l | Joyroom<\/title>\n<meta name=\"description\" content=\"Sterkur og st\u00f6\u00f0ugur s\u00edmahaldari fyrir bifhj\u00f3l. S\u00edminn getur veri\u00f0 \u00ed l\u00e1gr\u00e9ttri e\u00f0a l\u00f3\u00f0r\u00e9ttri st\u00f6\u00f0u og \u00fea\u00f0 er h\u00e6gt a\u00f0 sn\u00faa honum \u00ed heilan hring. Festingin hentar flestum st\u00e6r\u00f0um fars\u00edma (4,7-7\u2033).  \u2013 Litur: Svartur \u2013 \u00deyngd: 142,5g \u2013 Efni: ABS, PC og Aluminum alloy \u2013 S\u00edmast\u00e6r\u00f0: 4,7-7\u2033 (11,8-18 cm) \u2013 Vottun: ROHS\" \/>\n<meta name=\"robots\" content=\"index, follow, max-snippet:-1, max-image-preview:large, max-video-preview:-1\" \/>\n<link rel=\"canonical\" href=\"https:\/\/joyroom.is\/vara\/jr-zs288-bifhjol\/\" \/>\n<meta property=\"og:locale\" content=\"en_US\" \/>\n<meta property=\"og:type\" content=\"article\" \/>\n<meta property=\"og:title\" content=\"Sterkur og st\u00f6\u00f0ugur s\u00edmahaldari fyrir bifhj\u00f3l\" \/>\n<meta property=\"og:description\" content=\"Sterkur og st\u00f6\u00f0ugur s\u00edmahaldari fyrir bifhj\u00f3l. S\u00edminn getur veri\u00f0 \u00ed l\u00e1gr\u00e9ttri e\u00f0a l\u00f3\u00f0r\u00e9ttri st\u00f6\u00f0u og \u00fea\u00f0 er h\u00e6gt a\u00f0 sn\u00faa honum \u00ed heilan hring. Festingin hentar flestum st\u00e6r\u00f0um fars\u00edma (4,7-7\u2033).  \u2013 Litur: Svartur \u2013 \u00deyngd: 142,5g \u2013 Efni: ABS, PC og Aluminum alloy \u2013 S\u00edmast\u00e6r\u00f0: 4,7-7\u2033 (11,8-18 cm) \u2013 Vottun: ROHS\" \/>\n<meta property=\"og:url\" content=\"https:\/\/joyroom.is\/vara\/jr-zs288-bifhjol\/\" \/>\n<meta property=\"og:site_name\" content=\"Joyroom\" \/>\n<meta property=\"article:modified_time\" content=\"2026-02-15T17:50:01+00:00\" \/>\n<meta property=\"og:image\" content=\"https:\/\/joyroom.is\/wp-content\/uploads\/2025\/07\/JR-ZS288-BIFHJOL-1.jpg\" \/>\n\t<meta property=\"og:image:width\" content=\"600\" \/>\n\t<meta property=\"og:image:height\" content=\"600\" \/>\n\t<meta property=\"og:image:type\" content=\"image\/jpeg\" \/>\n<meta name=\"twitter:card\" content=\"summary_large_image\" \/>\n<script type=\"application\/ld+json\" class=\"yoast-schema-graph\">{\"@context\":\"https:\\\/\\\/schema.org\",\"@graph\":[{\"@type\":\"WebPage\",\"@id\":\"https:\\\/\\\/joyroom.is\\\/vara\\\/jr-zs288-bifhjol\\\/\",\"url\":\"https:\\\/\\\/joyroom.is\\\/vara\\\/jr-zs288-bifhjol\\\/\",\"name\":\"Sterkur og st\u00f6\u00f0ugur s\u00edmahaldari fyrir bifhj\u00f3l | Joyroom\",\"isPartOf\":{\"@id\":\"https:\\\/\\\/joyroom.is\\\/#website\"},\"primaryImageOfPage\":{\"@id\":\"https:\\\/\\\/joyroom.is\\\/vara\\\/jr-zs288-bifhjol\\\/#primaryimage\"},\"image\":{\"@id\":\"https:\\\/\\\/joyroom.is\\\/vara\\\/jr-zs288-bifhjol\\\/#primaryimage\"},\"thumbnailUrl\":\"https:\\\/\\\/joyroom.is\\\/wp-content\\\/uploads\\\/2025\\\/07\\\/JR-ZS288-BIFHJOL-1.jpg\",\"datePublished\":\"2025-07-22T16:44:52+00:00\",\"dateModified\":\"2026-02-15T17:50:01+00:00\",\"description\":\"Sterkur og st\u00f6\u00f0ugur s\u00edmahaldari fyrir bifhj\u00f3l. S\u00edminn getur veri\u00f0 \u00ed l\u00e1gr\u00e9ttri e\u00f0a l\u00f3\u00f0r\u00e9ttri st\u00f6\u00f0u og \u00fea\u00f0 er h\u00e6gt a\u00f0 sn\u00faa honum \u00ed heilan hring. Festingin hentar flestum st\u00e6r\u00f0um fars\u00edma (4,7-7\u2033). \u2013 Litur: Svartur \u2013 \u00deyngd: 142,5g \u2013 Efni: ABS, PC og Aluminum alloy \u2013 S\u00edmast\u00e6r\u00f0: 4,7-7\u2033 (11,8-18 cm) \u2013 Vottun: ROHS\",\"breadcrumb\":{\"@id\":\"https:\\\/\\\/joyroom.is\\\/vara\\\/jr-zs288-bifhjol\\\/#breadcrumb\"},\"inLanguage\":\"en-US\",\"potentialAction\":[{\"@type\":\"ReadAction\",\"target\":[\"https:\\\/\\\/joyroom.is\\\/vara\\\/jr-zs288-bifhjol\\\/\"]}]},{\"@type\":\"ImageObject\",\"inLanguage\":\"en-US\",\"@id\":\"https:\\\/\\\/joyroom.is\\\/vara\\\/jr-zs288-bifhjol\\\/#primaryimage\",\"url\":\"https:\\\/\\\/joyroom.is\\\/wp-content\\\/uploads\\\/2025\\\/07\\\/JR-ZS288-BIFHJOL-1.jpg\",\"contentUrl\":\"https:\\\/\\\/joyroom.is\\\/wp-content\\\/uploads\\\/2025\\\/07\\\/JR-ZS288-BIFHJOL-1.jpg\",\"width\":600,\"height\":600},{\"@type\":\"BreadcrumbList\",\"@id\":\"https:\\\/\\\/joyroom.is\\\/vara\\\/jr-zs288-bifhjol\\\/#breadcrumb\",\"itemListElement\":[{\"@type\":\"ListItem\",\"position\":1,\"name\":\"Home\",\"item\":\"https:\\\/\\\/joyroom.is\\\/\"},{\"@type\":\"ListItem\",\"position\":2,\"name\":\"Shop\",\"item\":\"https:\\\/\\\/www.vorulagerinn.is\\\/heildsala\\\/en\\\/shop\\\/\"},{\"@type\":\"ListItem\",\"position\":3,\"name\":\"Sterkur og st\u00f6\u00f0ugur s\u00edmahaldari fyrir bifhj\u00f3l\"}]},{\"@type\":\"WebSite\",\"@id\":\"https:\\\/\\\/joyroom.is\\\/#website\",\"url\":\"https:\\\/\\\/joyroom.is\\\/\",\"name\":\"Joyroom \u00e1 \u00cdslandi\",\"description\":\"Vali&eth; er einfalt\",\"publisher\":{\"@id\":\"https:\\\/\\\/joyroom.is\\\/#organization\"},\"alternateName\":\"Joyroom\",\"potentialAction\":[{\"@type\":\"SearchAction\",\"target\":{\"@type\":\"EntryPoint\",\"urlTemplate\":\"https:\\\/\\\/joyroom.is\\\/?s={search_term_string}\"},\"query-input\":{\"@type\":\"PropertyValueSpecification\",\"valueRequired\":true,\"valueName\":\"search_term_string\"}}],\"inLanguage\":\"en-US\"},{\"@type\":\"Organization\",\"@id\":\"https:\\\/\\\/joyroom.is\\\/#organization\",\"name\":\"Joyroom \u00e1 \u00cdslandi\",\"alternateName\":\"Joyroom\",\"url\":\"https:\\\/\\\/joyroom.is\\\/\",\"logo\":{\"@type\":\"ImageObject\",\"inLanguage\":\"en-US\",\"@id\":\"https:\\\/\\\/joyroom.is\\\/#\\\/schema\\\/logo\\\/image\\\/\",\"url\":\"https:\\\/\\\/joyroom.is\\\/wp-content\\\/uploads\\\/2024\\\/08\\\/JR.jpg\",\"contentUrl\":\"https:\\\/\\\/joyroom.is\\\/wp-content\\\/uploads\\\/2024\\\/08\\\/JR.jpg\",\"width\":1200,\"height\":1200,\"caption\":\"Joyroom \u00e1 \u00cdslandi\"},\"image\":{\"@id\":\"https:\\\/\\\/joyroom.is\\\/#\\\/schema\\\/logo\\\/image\\\/\"}}]}<\/script>\n<!-- \/ Yoast SEO Premium plugin. -->","yoast_head_json":{"title":"Sterkur og st\u00f6\u00f0ugur s\u00edmahaldari fyrir bifhj\u00f3l | Joyroom","description":"Sterkur og st\u00f6\u00f0ugur s\u00edmahaldari fyrir bifhj\u00f3l. S\u00edminn getur veri\u00f0 \u00ed l\u00e1gr\u00e9ttri e\u00f0a l\u00f3\u00f0r\u00e9ttri st\u00f6\u00f0u og \u00fea\u00f0 er h\u00e6gt a\u00f0 sn\u00faa honum \u00ed heilan hring. Festingin hentar flestum st\u00e6r\u00f0um fars\u00edma (4,7-7\u2033).  \u2013 Litur: Svartur \u2013 \u00deyngd: 142,5g \u2013 Efni: ABS, PC og Aluminum alloy \u2013 S\u00edmast\u00e6r\u00f0: 4,7-7\u2033 (11,8-18 cm) \u2013 Vottun: ROHS","robots":{"index":"index","follow":"follow","max-snippet":"max-snippet:-1","max-image-preview":"max-image-preview:large","max-video-preview":"max-video-preview:-1"},"canonical":"https:\/\/joyroom.is\/vara\/jr-zs288-bifhjol\/","og_locale":"en_US","og_type":"article","og_title":"Sterkur og st\u00f6\u00f0ugur s\u00edmahaldari fyrir bifhj\u00f3l","og_description":"Sterkur og st\u00f6\u00f0ugur s\u00edmahaldari fyrir bifhj\u00f3l. S\u00edminn getur veri\u00f0 \u00ed l\u00e1gr\u00e9ttri e\u00f0a l\u00f3\u00f0r\u00e9ttri st\u00f6\u00f0u og \u00fea\u00f0 er h\u00e6gt a\u00f0 sn\u00faa honum \u00ed heilan hring. Festingin hentar flestum st\u00e6r\u00f0um fars\u00edma (4,7-7\u2033).  \u2013 Litur: Svartur \u2013 \u00deyngd: 142,5g \u2013 Efni: ABS, PC og Aluminum alloy \u2013 S\u00edmast\u00e6r\u00f0: 4,7-7\u2033 (11,8-18 cm) \u2013 Vottun: ROHS","og_url":"https:\/\/joyroom.is\/vara\/jr-zs288-bifhjol\/","og_site_name":"Joyroom","article_modified_time":"2026-02-15T17:50:01+00:00","og_image":[{"width":600,"height":600,"url":"https:\/\/joyroom.is\/wp-content\/uploads\/2025\/07\/JR-ZS288-BIFHJOL-1.jpg","type":"image\/jpeg"}],"twitter_card":"summary_large_image","schema":{"@context":"https:\/\/schema.org","@graph":[{"@type":"WebPage","@id":"https:\/\/joyroom.is\/vara\/jr-zs288-bifhjol\/","url":"https:\/\/joyroom.is\/vara\/jr-zs288-bifhjol\/","name":"Sterkur og st\u00f6\u00f0ugur s\u00edmahaldari fyrir bifhj\u00f3l | Joyroom","isPartOf":{"@id":"https:\/\/joyroom.is\/#website"},"primaryImageOfPage":{"@id":"https:\/\/joyroom.is\/vara\/jr-zs288-bifhjol\/#primaryimage"},"image":{"@id":"https:\/\/joyroom.is\/vara\/jr-zs288-bifhjol\/#primaryimage"},"thumbnailUrl":"https:\/\/joyroom.is\/wp-content\/uploads\/2025\/07\/JR-ZS288-BIFHJOL-1.jpg","datePublished":"2025-07-22T16:44:52+00:00","dateModified":"2026-02-15T17:50:01+00:00","description":"Sterkur og st\u00f6\u00f0ugur s\u00edmahaldari fyrir bifhj\u00f3l. S\u00edminn getur veri\u00f0 \u00ed l\u00e1gr\u00e9ttri e\u00f0a l\u00f3\u00f0r\u00e9ttri st\u00f6\u00f0u og \u00fea\u00f0 er h\u00e6gt a\u00f0 sn\u00faa honum \u00ed heilan hring. Festingin hentar flestum st\u00e6r\u00f0um fars\u00edma (4,7-7\u2033). \u2013 Litur: Svartur \u2013 \u00deyngd: 142,5g \u2013 Efni: ABS, PC og Aluminum alloy \u2013 S\u00edmast\u00e6r\u00f0: 4,7-7\u2033 (11,8-18 cm) \u2013 Vottun: ROHS","breadcrumb":{"@id":"https:\/\/joyroom.is\/vara\/jr-zs288-bifhjol\/#breadcrumb"},"inLanguage":"en-US","potentialAction":[{"@type":"ReadAction","target":["https:\/\/joyroom.is\/vara\/jr-zs288-bifhjol\/"]}]},{"@type":"ImageObject","inLanguage":"en-US","@id":"https:\/\/joyroom.is\/vara\/jr-zs288-bifhjol\/#primaryimage","url":"https:\/\/joyroom.is\/wp-content\/uploads\/2025\/07\/JR-ZS288-BIFHJOL-1.jpg","contentUrl":"https:\/\/joyroom.is\/wp-content\/uploads\/2025\/07\/JR-ZS288-BIFHJOL-1.jpg","width":600,"height":600},{"@type":"BreadcrumbList","@id":"https:\/\/joyroom.is\/vara\/jr-zs288-bifhjol\/#breadcrumb","itemListElement":[{"@type":"ListItem","position":1,"name":"Home","item":"https:\/\/joyroom.is\/"},{"@type":"ListItem","position":2,"name":"Shop","item":"https:\/\/www.vorulagerinn.is\/heildsala\/en\/shop\/"},{"@type":"ListItem","position":3,"name":"Sterkur og st\u00f6\u00f0ugur s\u00edmahaldari fyrir bifhj\u00f3l"}]},{"@type":"WebSite","@id":"https:\/\/joyroom.is\/#website","url":"https:\/\/joyroom.is\/","name":"Joyroom \u00e1 \u00cdslandi","description":"Vali&eth; er einfalt","publisher":{"@id":"https:\/\/joyroom.is\/#organization"},"alternateName":"Joyroom","potentialAction":[{"@type":"SearchAction","target":{"@type":"EntryPoint","urlTemplate":"https:\/\/joyroom.is\/?s={search_term_string}"},"query-input":{"@type":"PropertyValueSpecification","valueRequired":true,"valueName":"search_term_string"}}],"inLanguage":"en-US"},{"@type":"Organization","@id":"https:\/\/joyroom.is\/#organization","name":"Joyroom \u00e1 \u00cdslandi","alternateName":"Joyroom","url":"https:\/\/joyroom.is\/","logo":{"@type":"ImageObject","inLanguage":"en-US","@id":"https:\/\/joyroom.is\/#\/schema\/logo\/image\/","url":"https:\/\/joyroom.is\/wp-content\/uploads\/2024\/08\/JR.jpg","contentUrl":"https:\/\/joyroom.is\/wp-content\/uploads\/2024\/08\/JR.jpg","width":1200,"height":1200,"caption":"Joyroom \u00e1 \u00cdslandi"},"image":{"@id":"https:\/\/joyroom.is\/#\/schema\/logo\/image\/"}}]}},"_links":{"self":[{"href":"https:\/\/joyroom.is\/en\/wp-json\/wp\/v2\/product\/24863","targetHints":{"allow":["GET"]}}],"collection":[{"href":"https:\/\/joyroom.is\/en\/wp-json\/wp\/v2\/product"}],"about":[{"href":"https:\/\/joyroom.is\/en\/wp-json\/wp\/v2\/types\/product"}],"wp:featuredmedia":[{"embeddable":true,"href":"https:\/\/joyroom.is\/en\/wp-json\/wp\/v2\/media\/24859"}],"wp:attachment":[{"href":"https:\/\/joyroom.is\/en\/wp-json\/wp\/v2\/media?parent=24863"}],"wp:term":[{"taxonomy":"product_brand","embeddable":true,"href":"https:\/\/joyroom.is\/en\/wp-json\/wp\/v2\/product_brand?post=24863"},{"taxonomy":"product_cat","embeddable":true,"href":"https:\/\/joyroom.is\/en\/wp-json\/wp\/v2\/product_cat?post=24863"},{"taxonomy":"product_tag","embeddable":true,"href":"https:\/\/joyroom.is\/en\/wp-json\/wp\/v2\/product_tag?post=24863"}],"curies":[{"name":"wp","href":"https:\/\/api.w.org\/{rel}","templated":true}]}}