{"id":24876,"date":"2025-07-22T13:55:37","date_gmt":"2025-07-22T13:55:37","guid":{"rendered":"https:\/\/joyroom.is\/product\/jr-tcw01\/"},"modified":"2026-02-15T18:48:13","modified_gmt":"2026-02-15T18:48:13","slug":"jr-tcw01","status":"publish","type":"product","link":"https:\/\/joyroom.is\/en\/product\/jr-tcw01\/","title":{"rendered":"17W fer\u00f0abreytikl\u00f3 (universal) sem virkar \u00ed meira en 200 l\u00f6ndum (EU, UK, US, JP &amp; AU) og er me\u00f0 1x USB-C og 3x USB-A tengi"},"content":{"rendered":"","protected":false},"excerpt":{"rendered":"<p>Fj\u00f6lnota 17W fer\u00f0abreytikl\u00f3 me\u00f0 breytilegar rafmagnskl\u00e6r sem virka \u00ed meira en 200 l\u00f6ndum v\u00ed\u00f0svegar um heiminn. 17W fer\u00f0abreytikl\u00f3in er me\u00f0 1x USB-C og 3x USB-A hle\u00f0slutengjum\u00a0til a\u00f0 hla\u00f0a t\u00e6kin \u00ed fer\u00f0alaginu. \u00de\u00fa getur t.d. hla\u00f0i\u00f0 snjalls\u00edma, snjall\u00far, spjaldt\u00f6lvur, fart\u00f6lvuna og margt fleira.<\/p>\n<p>Fr\u00e1b\u00e6r og nau\u00f0synlegur fer\u00f0af\u00e9lagi sem fer l\u00edti\u00f0 fyrir \u00ed fer\u00f0at\u00f6skunni.<\/p>\n<p>\u2013 Sj\u00e1 myndband af v\u00f6ru ne\u00f0ar \u00e1 \u00feessari s\u00ed\u00f0u<br \/>\n\u2013 Litur: Svartur<br \/>\n\u2013 St\u00e6r\u00f0: 7,25x5x5,37 cm<br \/>\n\u2013 \u00deyngd: 141g<br \/>\n\u2013 3x USB-A og 1x USB-C tengi<br \/>\n\u2013 Virkar \u00ed meira en 200 l\u00f6ndum (EU, UK, USA, JP &amp; AU)<br \/>\n\u2013 Rating: 100-250V~ 10AMax , 2500WMax<br \/>\n\u2013 Single USB-A1\/A2\/A3 Output: 5.0V=2.4A 12.0W Max<br \/>\n\u2013 Single USB-C1 Output: 5.0V= 3.0A 15.0W Max<br \/>\n\u2013 Total Output: 5.0V=3.4A 17.0W Max<br \/>\n\u2013 Lei\u00f0beiningar fylgja me\u00f0<br \/>\n\u2013 Vottun: CE, ROHS og FCC<\/p>\n","protected":false},"featured_media":24864,"template":"","meta":[],"product_brand":[],"product_cat":[438],"product_tag":[],"class_list":{"0":"post-24876","1":"product","2":"type-product","3":"status-publish","4":"has-post-thumbnail","6":"product_cat-breytistykki","8":"first","9":"instock","10":"taxable","11":"shipping-taxable","12":"purchasable","13":"product-type-simple"},"yoast_head":"<!-- This site is optimized with the Yoast SEO Premium plugin v21.5 (Yoast SEO v27.3) - https:\/\/yoast.com\/product\/yoast-seo-premium-wordpress\/ -->\n<title>17W fer\u00f0abreytikl\u00f3 (universal) sem virkar \u00ed meira en 200 l\u00f6ndum (EU, UK, US, JP &amp; AU) og er me\u00f0 1x USB-C og 3x USB-A tengi | Joyroom<\/title>\n<meta name=\"description\" content=\"Fj\u00f6lnota 17W fer\u00f0abreytikl\u00f3 me\u00f0 breytilegar rafmagnskl\u00e6r sem virka \u00ed meira en 200 l\u00f6ndum v\u00ed\u00f0svegar um heiminn. 17W fer\u00f0abreytikl\u00f3in er me\u00f0 1x USB-C og 3x USB-A hle\u00f0slutengjum\u00a0til a\u00f0 hla\u00f0a t\u00e6kin \u00ed fer\u00f0alaginu. \u00de\u00fa getur t.d. hla\u00f0i\u00f0 snjalls\u00edma, snjall\u00far, spjaldt\u00f6lvur, fart\u00f6lvuna og margt fleira.  Fr\u00e1b\u00e6r og nau\u00f0synlegur fer\u00f0af\u00e9lagi sem fer l\u00edti\u00f0 fyrir \u00ed fer\u00f0at\u00f6skunni.  \u2013 Sj\u00e1 myndband af v\u00f6ru ne\u00f0ar \u00e1 \u00feessari s\u00ed\u00f0u \u2013 Litur: Svartur \u2013 St\u00e6r\u00f0: 7,25x5x5,37 cm \u2013 \u00deyngd: 141g \u2013 3x USB-A og 1x USB-C tengi \u2013 Virkar \u00ed meira en 200 l\u00f6ndum (EU, UK, USA, JP &amp; AU) \u2013 Rating: 100-250V~ 10AMax , 2500WMax \u2013 Single USB-A1\/A2\/A3 Output: 5.0V=2.4A 12.0W Max \u2013 Single USB-C1 Output: 5.0V= 3.0A 15.0W Max \u2013 Total Output: 5.0V=3.4A 17.0W Max \u2013 Lei\u00f0beiningar fylgja me\u00f0 \u2013 Vottun: CE, ROHS og FCC\" \/>\n<meta name=\"robots\" content=\"index, follow, max-snippet:-1, max-image-preview:large, max-video-preview:-1\" \/>\n<link rel=\"canonical\" href=\"https:\/\/joyroom.is\/vara\/jr-tcw01\/\" \/>\n<meta property=\"og:locale\" content=\"en_US\" \/>\n<meta property=\"og:type\" content=\"article\" \/>\n<meta property=\"og:title\" content=\"17W fer\u00f0abreytikl\u00f3 (universal) sem virkar \u00ed meira en 200 l\u00f6ndum (EU, UK, US, JP &amp; AU) og er me\u00f0 1x USB-C og 3x USB-A tengi\" \/>\n<meta property=\"og:description\" content=\"Fj\u00f6lnota 17W fer\u00f0abreytikl\u00f3 me\u00f0 breytilegar rafmagnskl\u00e6r sem virka \u00ed meira en 200 l\u00f6ndum v\u00ed\u00f0svegar um heiminn. 17W fer\u00f0abreytikl\u00f3in er me\u00f0 1x USB-C og 3x USB-A hle\u00f0slutengjum\u00a0til a\u00f0 hla\u00f0a t\u00e6kin \u00ed fer\u00f0alaginu. \u00de\u00fa getur t.d. hla\u00f0i\u00f0 snjalls\u00edma, snjall\u00far, spjaldt\u00f6lvur, fart\u00f6lvuna og margt fleira.  Fr\u00e1b\u00e6r og nau\u00f0synlegur fer\u00f0af\u00e9lagi sem fer l\u00edti\u00f0 fyrir \u00ed fer\u00f0at\u00f6skunni.  \u2013 Sj\u00e1 myndband af v\u00f6ru ne\u00f0ar \u00e1 \u00feessari s\u00ed\u00f0u \u2013 Litur: Svartur \u2013 St\u00e6r\u00f0: 7,25x5x5,37 cm \u2013 \u00deyngd: 141g \u2013 3x USB-A og 1x USB-C tengi \u2013 Virkar \u00ed meira en 200 l\u00f6ndum (EU, UK, USA, JP &amp; AU) \u2013 Rating: 100-250V~ 10AMax , 2500WMax \u2013 Single USB-A1\/A2\/A3 Output: 5.0V=2.4A 12.0W Max \u2013 Single USB-C1 Output: 5.0V= 3.0A 15.0W Max \u2013 Total Output: 5.0V=3.4A 17.0W Max \u2013 Lei\u00f0beiningar fylgja me\u00f0 \u2013 Vottun: CE, ROHS og FCC\" \/>\n<meta property=\"og:url\" content=\"https:\/\/joyroom.is\/vara\/jr-tcw01\/\" \/>\n<meta property=\"og:site_name\" content=\"Joyroom\" \/>\n<meta property=\"article:modified_time\" content=\"2026-02-15T18:48:13+00:00\" \/>\n<meta property=\"og:image\" content=\"https:\/\/joyroom.is\/wp-content\/uploads\/2025\/07\/jr-tcw01.jpg\" \/>\n\t<meta property=\"og:image:width\" content=\"600\" \/>\n\t<meta property=\"og:image:height\" content=\"600\" \/>\n\t<meta property=\"og:image:type\" content=\"image\/jpeg\" \/>\n<meta name=\"twitter:card\" content=\"summary_large_image\" \/>\n<script type=\"application\/ld+json\" class=\"yoast-schema-graph\">{\"@context\":\"https:\\\/\\\/schema.org\",\"@graph\":[{\"@type\":\"WebPage\",\"@id\":\"https:\\\/\\\/joyroom.is\\\/vara\\\/jr-tcw01\\\/\",\"url\":\"https:\\\/\\\/joyroom.is\\\/vara\\\/jr-tcw01\\\/\",\"name\":\"17W fer\u00f0abreytikl\u00f3 (universal) sem virkar \u00ed meira en 200 l\u00f6ndum (EU, UK, US, JP &amp; AU) og er me\u00f0 1x USB-C og 3x USB-A tengi | Joyroom\",\"isPartOf\":{\"@id\":\"https:\\\/\\\/joyroom.is\\\/#website\"},\"primaryImageOfPage\":{\"@id\":\"https:\\\/\\\/joyroom.is\\\/vara\\\/jr-tcw01\\\/#primaryimage\"},\"image\":{\"@id\":\"https:\\\/\\\/joyroom.is\\\/vara\\\/jr-tcw01\\\/#primaryimage\"},\"thumbnailUrl\":\"https:\\\/\\\/joyroom.is\\\/wp-content\\\/uploads\\\/2025\\\/07\\\/jr-tcw01.jpg\",\"datePublished\":\"2025-07-22T13:55:37+00:00\",\"dateModified\":\"2026-02-15T18:48:13+00:00\",\"description\":\"Fj\u00f6lnota 17W fer\u00f0abreytikl\u00f3 me\u00f0 breytilegar rafmagnskl\u00e6r sem virka \u00ed meira en 200 l\u00f6ndum v\u00ed\u00f0svegar um heiminn. 17W fer\u00f0abreytikl\u00f3in er me\u00f0 1x USB-C og 3x USB-A hle\u00f0slutengjum\u00a0til a\u00f0 hla\u00f0a t\u00e6kin \u00ed fer\u00f0alaginu. \u00de\u00fa getur t.d. hla\u00f0i\u00f0 snjalls\u00edma, snjall\u00far, spjaldt\u00f6lvur, fart\u00f6lvuna og margt fleira. Fr\u00e1b\u00e6r og nau\u00f0synlegur fer\u00f0af\u00e9lagi sem fer l\u00edti\u00f0 fyrir \u00ed fer\u00f0at\u00f6skunni. \u2013 Sj\u00e1 myndband af v\u00f6ru ne\u00f0ar \u00e1 \u00feessari s\u00ed\u00f0u \u2013 Litur: Svartur \u2013 St\u00e6r\u00f0: 7,25x5x5,37 cm \u2013 \u00deyngd: 141g \u2013 3x USB-A og 1x USB-C tengi \u2013 Virkar \u00ed meira en 200 l\u00f6ndum (EU, UK, USA, JP &amp; AU) \u2013 Rating: 100-250V~ 10AMax , 2500WMax \u2013 Single USB-A1\\\/A2\\\/A3 Output: 5.0V=2.4A 12.0W Max \u2013 Single USB-C1 Output: 5.0V= 3.0A 15.0W Max \u2013 Total Output: 5.0V=3.4A 17.0W Max \u2013 Lei\u00f0beiningar fylgja me\u00f0 \u2013 Vottun: CE, ROHS og FCC\",\"breadcrumb\":{\"@id\":\"https:\\\/\\\/joyroom.is\\\/vara\\\/jr-tcw01\\\/#breadcrumb\"},\"inLanguage\":\"en-US\",\"potentialAction\":[{\"@type\":\"ReadAction\",\"target\":[\"https:\\\/\\\/joyroom.is\\\/vara\\\/jr-tcw01\\\/\"]}]},{\"@type\":\"ImageObject\",\"inLanguage\":\"en-US\",\"@id\":\"https:\\\/\\\/joyroom.is\\\/vara\\\/jr-tcw01\\\/#primaryimage\",\"url\":\"https:\\\/\\\/joyroom.is\\\/wp-content\\\/uploads\\\/2025\\\/07\\\/jr-tcw01.jpg\",\"contentUrl\":\"https:\\\/\\\/joyroom.is\\\/wp-content\\\/uploads\\\/2025\\\/07\\\/jr-tcw01.jpg\",\"width\":600,\"height\":600},{\"@type\":\"BreadcrumbList\",\"@id\":\"https:\\\/\\\/joyroom.is\\\/vara\\\/jr-tcw01\\\/#breadcrumb\",\"itemListElement\":[{\"@type\":\"ListItem\",\"position\":1,\"name\":\"Home\",\"item\":\"https:\\\/\\\/joyroom.is\\\/\"},{\"@type\":\"ListItem\",\"position\":2,\"name\":\"Shop\",\"item\":\"https:\\\/\\\/www.vorulagerinn.is\\\/heildsala\\\/en\\\/shop\\\/\"},{\"@type\":\"ListItem\",\"position\":3,\"name\":\"17W fer\u00f0abreytikl\u00f3 (universal) sem virkar \u00ed meira en 200 l\u00f6ndum (EU, UK, US, JP &amp; AU) og er me\u00f0 1x USB-C og 3x USB-A tengi\"}]},{\"@type\":\"WebSite\",\"@id\":\"https:\\\/\\\/joyroom.is\\\/#website\",\"url\":\"https:\\\/\\\/joyroom.is\\\/\",\"name\":\"Joyroom \u00e1 \u00cdslandi\",\"description\":\"Vali&eth; er einfalt\",\"publisher\":{\"@id\":\"https:\\\/\\\/joyroom.is\\\/#organization\"},\"alternateName\":\"Joyroom\",\"potentialAction\":[{\"@type\":\"SearchAction\",\"target\":{\"@type\":\"EntryPoint\",\"urlTemplate\":\"https:\\\/\\\/joyroom.is\\\/?s={search_term_string}\"},\"query-input\":{\"@type\":\"PropertyValueSpecification\",\"valueRequired\":true,\"valueName\":\"search_term_string\"}}],\"inLanguage\":\"en-US\"},{\"@type\":\"Organization\",\"@id\":\"https:\\\/\\\/joyroom.is\\\/#organization\",\"name\":\"Joyroom \u00e1 \u00cdslandi\",\"alternateName\":\"Joyroom\",\"url\":\"https:\\\/\\\/joyroom.is\\\/\",\"logo\":{\"@type\":\"ImageObject\",\"inLanguage\":\"en-US\",\"@id\":\"https:\\\/\\\/joyroom.is\\\/#\\\/schema\\\/logo\\\/image\\\/\",\"url\":\"https:\\\/\\\/joyroom.is\\\/wp-content\\\/uploads\\\/2024\\\/08\\\/JR.jpg\",\"contentUrl\":\"https:\\\/\\\/joyroom.is\\\/wp-content\\\/uploads\\\/2024\\\/08\\\/JR.jpg\",\"width\":1200,\"height\":1200,\"caption\":\"Joyroom \u00e1 \u00cdslandi\"},\"image\":{\"@id\":\"https:\\\/\\\/joyroom.is\\\/#\\\/schema\\\/logo\\\/image\\\/\"}}]}<\/script>\n<!-- \/ Yoast SEO Premium plugin. -->","yoast_head_json":{"title":"17W fer\u00f0abreytikl\u00f3 (universal) sem virkar \u00ed meira en 200 l\u00f6ndum (EU, UK, US, JP &amp; AU) og er me\u00f0 1x USB-C og 3x USB-A tengi | Joyroom","description":"Fj\u00f6lnota 17W fer\u00f0abreytikl\u00f3 me\u00f0 breytilegar rafmagnskl\u00e6r sem virka \u00ed meira en 200 l\u00f6ndum v\u00ed\u00f0svegar um heiminn. 17W fer\u00f0abreytikl\u00f3in er me\u00f0 1x USB-C og 3x USB-A hle\u00f0slutengjum\u00a0til a\u00f0 hla\u00f0a t\u00e6kin \u00ed fer\u00f0alaginu. \u00de\u00fa getur t.d. hla\u00f0i\u00f0 snjalls\u00edma, snjall\u00far, spjaldt\u00f6lvur, fart\u00f6lvuna og margt fleira.  Fr\u00e1b\u00e6r og nau\u00f0synlegur fer\u00f0af\u00e9lagi sem fer l\u00edti\u00f0 fyrir \u00ed fer\u00f0at\u00f6skunni.  \u2013 Sj\u00e1 myndband af v\u00f6ru ne\u00f0ar \u00e1 \u00feessari s\u00ed\u00f0u \u2013 Litur: Svartur \u2013 St\u00e6r\u00f0: 7,25x5x5,37 cm \u2013 \u00deyngd: 141g \u2013 3x USB-A og 1x USB-C tengi \u2013 Virkar \u00ed meira en 200 l\u00f6ndum (EU, UK, USA, JP &amp; AU) \u2013 Rating: 100-250V~ 10AMax , 2500WMax \u2013 Single USB-A1\/A2\/A3 Output: 5.0V=2.4A 12.0W Max \u2013 Single USB-C1 Output: 5.0V= 3.0A 15.0W Max \u2013 Total Output: 5.0V=3.4A 17.0W Max \u2013 Lei\u00f0beiningar fylgja me\u00f0 \u2013 Vottun: CE, ROHS og FCC","robots":{"index":"index","follow":"follow","max-snippet":"max-snippet:-1","max-image-preview":"max-image-preview:large","max-video-preview":"max-video-preview:-1"},"canonical":"https:\/\/joyroom.is\/vara\/jr-tcw01\/","og_locale":"en_US","og_type":"article","og_title":"17W fer\u00f0abreytikl\u00f3 (universal) sem virkar \u00ed meira en 200 l\u00f6ndum (EU, UK, US, JP &amp; AU) og er me\u00f0 1x USB-C og 3x USB-A tengi","og_description":"Fj\u00f6lnota 17W fer\u00f0abreytikl\u00f3 me\u00f0 breytilegar rafmagnskl\u00e6r sem virka \u00ed meira en 200 l\u00f6ndum v\u00ed\u00f0svegar um heiminn. 17W fer\u00f0abreytikl\u00f3in er me\u00f0 1x USB-C og 3x USB-A hle\u00f0slutengjum\u00a0til a\u00f0 hla\u00f0a t\u00e6kin \u00ed fer\u00f0alaginu. \u00de\u00fa getur t.d. hla\u00f0i\u00f0 snjalls\u00edma, snjall\u00far, spjaldt\u00f6lvur, fart\u00f6lvuna og margt fleira.  Fr\u00e1b\u00e6r og nau\u00f0synlegur fer\u00f0af\u00e9lagi sem fer l\u00edti\u00f0 fyrir \u00ed fer\u00f0at\u00f6skunni.  \u2013 Sj\u00e1 myndband af v\u00f6ru ne\u00f0ar \u00e1 \u00feessari s\u00ed\u00f0u \u2013 Litur: Svartur \u2013 St\u00e6r\u00f0: 7,25x5x5,37 cm \u2013 \u00deyngd: 141g \u2013 3x USB-A og 1x USB-C tengi \u2013 Virkar \u00ed meira en 200 l\u00f6ndum (EU, UK, USA, JP &amp; AU) \u2013 Rating: 100-250V~ 10AMax , 2500WMax \u2013 Single USB-A1\/A2\/A3 Output: 5.0V=2.4A 12.0W Max \u2013 Single USB-C1 Output: 5.0V= 3.0A 15.0W Max \u2013 Total Output: 5.0V=3.4A 17.0W Max \u2013 Lei\u00f0beiningar fylgja me\u00f0 \u2013 Vottun: CE, ROHS og FCC","og_url":"https:\/\/joyroom.is\/vara\/jr-tcw01\/","og_site_name":"Joyroom","article_modified_time":"2026-02-15T18:48:13+00:00","og_image":[{"width":600,"height":600,"url":"https:\/\/joyroom.is\/wp-content\/uploads\/2025\/07\/jr-tcw01.jpg","type":"image\/jpeg"}],"twitter_card":"summary_large_image","schema":{"@context":"https:\/\/schema.org","@graph":[{"@type":"WebPage","@id":"https:\/\/joyroom.is\/vara\/jr-tcw01\/","url":"https:\/\/joyroom.is\/vara\/jr-tcw01\/","name":"17W fer\u00f0abreytikl\u00f3 (universal) sem virkar \u00ed meira en 200 l\u00f6ndum (EU, UK, US, JP &amp; AU) og er me\u00f0 1x USB-C og 3x USB-A tengi | Joyroom","isPartOf":{"@id":"https:\/\/joyroom.is\/#website"},"primaryImageOfPage":{"@id":"https:\/\/joyroom.is\/vara\/jr-tcw01\/#primaryimage"},"image":{"@id":"https:\/\/joyroom.is\/vara\/jr-tcw01\/#primaryimage"},"thumbnailUrl":"https:\/\/joyroom.is\/wp-content\/uploads\/2025\/07\/jr-tcw01.jpg","datePublished":"2025-07-22T13:55:37+00:00","dateModified":"2026-02-15T18:48:13+00:00","description":"Fj\u00f6lnota 17W fer\u00f0abreytikl\u00f3 me\u00f0 breytilegar rafmagnskl\u00e6r sem virka \u00ed meira en 200 l\u00f6ndum v\u00ed\u00f0svegar um heiminn. 17W fer\u00f0abreytikl\u00f3in er me\u00f0 1x USB-C og 3x USB-A hle\u00f0slutengjum\u00a0til a\u00f0 hla\u00f0a t\u00e6kin \u00ed fer\u00f0alaginu. \u00de\u00fa getur t.d. hla\u00f0i\u00f0 snjalls\u00edma, snjall\u00far, spjaldt\u00f6lvur, fart\u00f6lvuna og margt fleira. Fr\u00e1b\u00e6r og nau\u00f0synlegur fer\u00f0af\u00e9lagi sem fer l\u00edti\u00f0 fyrir \u00ed fer\u00f0at\u00f6skunni. \u2013 Sj\u00e1 myndband af v\u00f6ru ne\u00f0ar \u00e1 \u00feessari s\u00ed\u00f0u \u2013 Litur: Svartur \u2013 St\u00e6r\u00f0: 7,25x5x5,37 cm \u2013 \u00deyngd: 141g \u2013 3x USB-A og 1x USB-C tengi \u2013 Virkar \u00ed meira en 200 l\u00f6ndum (EU, UK, USA, JP &amp; AU) \u2013 Rating: 100-250V~ 10AMax , 2500WMax \u2013 Single USB-A1\/A2\/A3 Output: 5.0V=2.4A 12.0W Max \u2013 Single USB-C1 Output: 5.0V= 3.0A 15.0W Max \u2013 Total Output: 5.0V=3.4A 17.0W Max \u2013 Lei\u00f0beiningar fylgja me\u00f0 \u2013 Vottun: CE, ROHS og FCC","breadcrumb":{"@id":"https:\/\/joyroom.is\/vara\/jr-tcw01\/#breadcrumb"},"inLanguage":"en-US","potentialAction":[{"@type":"ReadAction","target":["https:\/\/joyroom.is\/vara\/jr-tcw01\/"]}]},{"@type":"ImageObject","inLanguage":"en-US","@id":"https:\/\/joyroom.is\/vara\/jr-tcw01\/#primaryimage","url":"https:\/\/joyroom.is\/wp-content\/uploads\/2025\/07\/jr-tcw01.jpg","contentUrl":"https:\/\/joyroom.is\/wp-content\/uploads\/2025\/07\/jr-tcw01.jpg","width":600,"height":600},{"@type":"BreadcrumbList","@id":"https:\/\/joyroom.is\/vara\/jr-tcw01\/#breadcrumb","itemListElement":[{"@type":"ListItem","position":1,"name":"Home","item":"https:\/\/joyroom.is\/"},{"@type":"ListItem","position":2,"name":"Shop","item":"https:\/\/www.vorulagerinn.is\/heildsala\/en\/shop\/"},{"@type":"ListItem","position":3,"name":"17W fer\u00f0abreytikl\u00f3 (universal) sem virkar \u00ed meira en 200 l\u00f6ndum (EU, UK, US, JP &amp; AU) og er me\u00f0 1x USB-C og 3x USB-A tengi"}]},{"@type":"WebSite","@id":"https:\/\/joyroom.is\/#website","url":"https:\/\/joyroom.is\/","name":"Joyroom \u00e1 \u00cdslandi","description":"Vali&eth; er einfalt","publisher":{"@id":"https:\/\/joyroom.is\/#organization"},"alternateName":"Joyroom","potentialAction":[{"@type":"SearchAction","target":{"@type":"EntryPoint","urlTemplate":"https:\/\/joyroom.is\/?s={search_term_string}"},"query-input":{"@type":"PropertyValueSpecification","valueRequired":true,"valueName":"search_term_string"}}],"inLanguage":"en-US"},{"@type":"Organization","@id":"https:\/\/joyroom.is\/#organization","name":"Joyroom \u00e1 \u00cdslandi","alternateName":"Joyroom","url":"https:\/\/joyroom.is\/","logo":{"@type":"ImageObject","inLanguage":"en-US","@id":"https:\/\/joyroom.is\/#\/schema\/logo\/image\/","url":"https:\/\/joyroom.is\/wp-content\/uploads\/2024\/08\/JR.jpg","contentUrl":"https:\/\/joyroom.is\/wp-content\/uploads\/2024\/08\/JR.jpg","width":1200,"height":1200,"caption":"Joyroom \u00e1 \u00cdslandi"},"image":{"@id":"https:\/\/joyroom.is\/#\/schema\/logo\/image\/"}}]}},"_links":{"self":[{"href":"https:\/\/joyroom.is\/en\/wp-json\/wp\/v2\/product\/24876","targetHints":{"allow":["GET"]}}],"collection":[{"href":"https:\/\/joyroom.is\/en\/wp-json\/wp\/v2\/product"}],"about":[{"href":"https:\/\/joyroom.is\/en\/wp-json\/wp\/v2\/types\/product"}],"wp:featuredmedia":[{"embeddable":true,"href":"https:\/\/joyroom.is\/en\/wp-json\/wp\/v2\/media\/24864"}],"wp:attachment":[{"href":"https:\/\/joyroom.is\/en\/wp-json\/wp\/v2\/media?parent=24876"}],"wp:term":[{"taxonomy":"product_brand","embeddable":true,"href":"https:\/\/joyroom.is\/en\/wp-json\/wp\/v2\/product_brand?post=24876"},{"taxonomy":"product_cat","embeddable":true,"href":"https:\/\/joyroom.is\/en\/wp-json\/wp\/v2\/product_cat?post=24876"},{"taxonomy":"product_tag","embeddable":true,"href":"https:\/\/joyroom.is\/en\/wp-json\/wp\/v2\/product_tag?post=24876"}],"curies":[{"name":"wp","href":"https:\/\/api.w.org\/{rel}","templated":true}]}}