{"id":24889,"date":"2025-07-22T13:28:01","date_gmt":"2025-07-22T13:28:01","guid":{"rendered":"https:\/\/joyroom.is\/product\/jr-x15\/"},"modified":"2026-04-16T14:38:19","modified_gmt":"2026-04-16T14:38:19","slug":"jr-x15","status":"publish","type":"product","link":"https:\/\/joyroom.is\/en\/product\/jr-x15\/","title":{"rendered":"H\u00e1g\u00e6\u00f0a Active Stylus skj\u00e1penni me\u00f0 endurhla\u00f0anlegri rafhl\u00f6\u00f0u"},"content":{"rendered":"<div style=\"width: 540px;\" class=\"wp-video\"><video class=\"wp-video-shortcode\" id=\"video-24889-1\" width=\"540\" height=\"720\" preload=\"metadata\" controls=\"controls\"><source type=\"video\/mp4\" src=\"https:\/\/fodurlandid.is\/wp-content\/uploads\/2025\/07\/jr-x15.mp4?_=1\" \/><a href=\"https:\/\/fodurlandid.is\/wp-content\/uploads\/2025\/07\/jr-x15.mp4\">https:\/\/fodurlandid.is\/wp-content\/uploads\/2025\/07\/jr-x15.mp4<\/a><\/video><\/div>\n","protected":false},"excerpt":{"rendered":"<p>Skj\u00e1penninn er mj\u00f6g n\u00e6mur og skynjar hreyfingar, halla og mismikinn \u00fer\u00fdsting sem skilar s\u00e9r \u00ed mismunandi breidd og fj\u00f6lbreytileika vi\u00f0 notkun. Hann er me\u00f0 endurhla\u00f0anlegri rafhl\u00f6\u00f0u me\u00f0 USB-C hra\u00f0hle\u00f0slu. \u00dea\u00f0 tekur a\u00f0eins 13 m\u00edn\u00fatur a\u00f0 fullhla\u00f0a pennann og rafhla\u00f0an dugar \u00ed 10 klst \u00ed stanslausri notkun og allt a\u00f0 360 daga \u00ed bi\u00f0st\u00f6\u00f0u. Skj\u00e1penninn er me\u00f0 sterkri segulr\u00f6nd og \u00fev\u00ed au\u00f0velt a\u00f0 festa hann \u00e1 spjaldt\u00f6lvuna. Penninn kemur me\u00f0 4 \u00fatskiptanlegum pennaendum sem eykur endingu hans.<\/p>\n<p>Skj\u00e1penninn virkar \u00e1 ipad spjaldt\u00f6lvur fr\u00e1 Apple.<\/p>\n<p>\u2013 Sj\u00e1 myndband af v\u00f6ru ne\u00f0ar \u00e1 \u00feessari s\u00ed\u00f0u.<br \/>\n\u2013 Active Stylus penni<br \/>\n\u2013 Litur: Hv\u00edtur<br \/>\n\u2013 Lengd: 16,6 cm<br \/>\n\u2013 \u00deyngd: 13g<br \/>\n\u2013 Efni: \u00c1l og plast<\/p>\n","protected":false},"featured_media":24877,"template":"","meta":[],"product_brand":[],"product_cat":[437],"product_tag":[],"class_list":{"0":"post-24889","1":"product","2":"type-product","3":"status-publish","4":"has-post-thumbnail","6":"product_cat-skjapenni-snertipenni","8":"first","9":"instock","10":"taxable","11":"shipping-taxable","12":"purchasable","13":"product-type-simple"},"yoast_head":"<!-- This site is optimized with the Yoast SEO Premium plugin v21.5 (Yoast SEO v27.4) - https:\/\/yoast.com\/product\/yoast-seo-premium-wordpress\/ -->\n<title>H\u00e1g\u00e6\u00f0a Active Stylus skj\u00e1penni me\u00f0 endurhla\u00f0anlegri rafhl\u00f6\u00f0u | Joyroom<\/title>\n<meta name=\"description\" content=\"Skj\u00e1penninn er mj\u00f6g n\u00e6mur og skynjar hreyfingar, halla og mismikinn \u00fer\u00fdsting sem skilar s\u00e9r \u00ed mismunandi breidd og fj\u00f6lbreytileika vi\u00f0 notkun. Hann er me\u00f0 endurhla\u00f0anlegri rafhl\u00f6\u00f0u me\u00f0 USB-C hra\u00f0hle\u00f0slu. \u00dea\u00f0 tekur a\u00f0eins 13 m\u00edn\u00fatur a\u00f0 fullhla\u00f0a pennann og rafhla\u00f0an dugar \u00ed 10 klst \u00ed stanslausri notkun og allt a\u00f0 360 daga \u00ed bi\u00f0st\u00f6\u00f0u. Skj\u00e1penninn er me\u00f0 sterkri segulr\u00f6nd og \u00fev\u00ed au\u00f0velt a\u00f0 festa hann \u00e1 spjaldt\u00f6lvuna. Penninn kemur me\u00f0 4 \u00fatskiptanlegum pennaendum sem eykur endingu hans.  Skj\u00e1penninn virkar \u00e1 ipad spjaldt\u00f6lvur fr\u00e1 Apple.  \u2013 Sj\u00e1 myndband af v\u00f6ru ne\u00f0ar \u00e1 \u00feessari s\u00ed\u00f0u. \u2013 Active Stylus penni \u2013 Litur: Hv\u00edtur \u2013 Lengd: 16,6 cm \u2013 \u00deyngd: 13g \u2013 Efni: \u00c1l og plast\" \/>\n<meta name=\"robots\" content=\"index, follow, max-snippet:-1, max-image-preview:large, max-video-preview:-1\" \/>\n<link rel=\"canonical\" href=\"https:\/\/joyroom.is\/vara\/jr-x15\/\" \/>\n<meta property=\"og:locale\" content=\"en_US\" \/>\n<meta property=\"og:type\" content=\"article\" \/>\n<meta property=\"og:title\" content=\"H\u00e1g\u00e6\u00f0a Active Stylus skj\u00e1penni me\u00f0 endurhla\u00f0anlegri rafhl\u00f6\u00f0u\" \/>\n<meta property=\"og:description\" content=\"Skj\u00e1penninn er mj\u00f6g n\u00e6mur og skynjar hreyfingar, halla og mismikinn \u00fer\u00fdsting sem skilar s\u00e9r \u00ed mismunandi breidd og fj\u00f6lbreytileika vi\u00f0 notkun. Hann er me\u00f0 endurhla\u00f0anlegri rafhl\u00f6\u00f0u me\u00f0 USB-C hra\u00f0hle\u00f0slu. \u00dea\u00f0 tekur a\u00f0eins 13 m\u00edn\u00fatur a\u00f0 fullhla\u00f0a pennann og rafhla\u00f0an dugar \u00ed 10 klst \u00ed stanslausri notkun og allt a\u00f0 360 daga \u00ed bi\u00f0st\u00f6\u00f0u. Skj\u00e1penninn er me\u00f0 sterkri segulr\u00f6nd og \u00fev\u00ed au\u00f0velt a\u00f0 festa hann \u00e1 spjaldt\u00f6lvuna. Penninn kemur me\u00f0 4 \u00fatskiptanlegum pennaendum sem eykur endingu hans.  Skj\u00e1penninn virkar \u00e1 ipad spjaldt\u00f6lvur fr\u00e1 Apple.  \u2013 Sj\u00e1 myndband af v\u00f6ru ne\u00f0ar \u00e1 \u00feessari s\u00ed\u00f0u. \u2013 Active Stylus penni \u2013 Litur: Hv\u00edtur \u2013 Lengd: 16,6 cm \u2013 \u00deyngd: 13g \u2013 Efni: \u00c1l og plast\" \/>\n<meta property=\"og:url\" content=\"https:\/\/joyroom.is\/vara\/jr-x15\/\" \/>\n<meta property=\"og:site_name\" content=\"Joyroom\" \/>\n<meta property=\"article:modified_time\" content=\"2026-04-16T14:38:19+00:00\" \/>\n<meta property=\"og:image\" content=\"https:\/\/joyroom.is\/wp-content\/uploads\/2025\/07\/JR-X15.jpg\" \/>\n\t<meta property=\"og:image:width\" content=\"600\" \/>\n\t<meta property=\"og:image:height\" content=\"600\" \/>\n\t<meta property=\"og:image:type\" content=\"image\/jpeg\" \/>\n<meta name=\"twitter:card\" content=\"summary_large_image\" \/>\n<script type=\"application\/ld+json\" class=\"yoast-schema-graph\">{\"@context\":\"https:\\\/\\\/schema.org\",\"@graph\":[{\"@type\":\"WebPage\",\"@id\":\"https:\\\/\\\/joyroom.is\\\/vara\\\/jr-x15\\\/\",\"url\":\"https:\\\/\\\/joyroom.is\\\/vara\\\/jr-x15\\\/\",\"name\":\"H\u00e1g\u00e6\u00f0a Active Stylus skj\u00e1penni me\u00f0 endurhla\u00f0anlegri rafhl\u00f6\u00f0u | Joyroom\",\"isPartOf\":{\"@id\":\"https:\\\/\\\/joyroom.is\\\/#website\"},\"primaryImageOfPage\":{\"@id\":\"https:\\\/\\\/joyroom.is\\\/vara\\\/jr-x15\\\/#primaryimage\"},\"image\":{\"@id\":\"https:\\\/\\\/joyroom.is\\\/vara\\\/jr-x15\\\/#primaryimage\"},\"thumbnailUrl\":\"https:\\\/\\\/joyroom.is\\\/wp-content\\\/uploads\\\/2025\\\/07\\\/JR-X15.jpg\",\"datePublished\":\"2025-07-22T13:28:01+00:00\",\"dateModified\":\"2026-04-16T14:38:19+00:00\",\"description\":\"Skj\u00e1penninn er mj\u00f6g n\u00e6mur og skynjar hreyfingar, halla og mismikinn \u00fer\u00fdsting sem skilar s\u00e9r \u00ed mismunandi breidd og fj\u00f6lbreytileika vi\u00f0 notkun. Hann er me\u00f0 endurhla\u00f0anlegri rafhl\u00f6\u00f0u me\u00f0 USB-C hra\u00f0hle\u00f0slu. \u00dea\u00f0 tekur a\u00f0eins 13 m\u00edn\u00fatur a\u00f0 fullhla\u00f0a pennann og rafhla\u00f0an dugar \u00ed 10 klst \u00ed stanslausri notkun og allt a\u00f0 360 daga \u00ed bi\u00f0st\u00f6\u00f0u. Skj\u00e1penninn er me\u00f0 sterkri segulr\u00f6nd og \u00fev\u00ed au\u00f0velt a\u00f0 festa hann \u00e1 spjaldt\u00f6lvuna. Penninn kemur me\u00f0 4 \u00fatskiptanlegum pennaendum sem eykur endingu hans. Skj\u00e1penninn virkar \u00e1 ipad spjaldt\u00f6lvur fr\u00e1 Apple. \u2013 Sj\u00e1 myndband af v\u00f6ru ne\u00f0ar \u00e1 \u00feessari s\u00ed\u00f0u. \u2013 Active Stylus penni \u2013 Litur: Hv\u00edtur \u2013 Lengd: 16,6 cm \u2013 \u00deyngd: 13g \u2013 Efni: \u00c1l og plast\",\"breadcrumb\":{\"@id\":\"https:\\\/\\\/joyroom.is\\\/vara\\\/jr-x15\\\/#breadcrumb\"},\"inLanguage\":\"en-US\",\"potentialAction\":[{\"@type\":\"ReadAction\",\"target\":[\"https:\\\/\\\/joyroom.is\\\/vara\\\/jr-x15\\\/\"]}]},{\"@type\":\"ImageObject\",\"inLanguage\":\"en-US\",\"@id\":\"https:\\\/\\\/joyroom.is\\\/vara\\\/jr-x15\\\/#primaryimage\",\"url\":\"https:\\\/\\\/joyroom.is\\\/wp-content\\\/uploads\\\/2025\\\/07\\\/JR-X15.jpg\",\"contentUrl\":\"https:\\\/\\\/joyroom.is\\\/wp-content\\\/uploads\\\/2025\\\/07\\\/JR-X15.jpg\",\"width\":600,\"height\":600},{\"@type\":\"BreadcrumbList\",\"@id\":\"https:\\\/\\\/joyroom.is\\\/vara\\\/jr-x15\\\/#breadcrumb\",\"itemListElement\":[{\"@type\":\"ListItem\",\"position\":1,\"name\":\"Home\",\"item\":\"https:\\\/\\\/joyroom.is\\\/\"},{\"@type\":\"ListItem\",\"position\":2,\"name\":\"Shop\",\"item\":\"https:\\\/\\\/www.vorulagerinn.is\\\/heildsala\\\/en\\\/shop\\\/\"},{\"@type\":\"ListItem\",\"position\":3,\"name\":\"H\u00e1g\u00e6\u00f0a Active Stylus skj\u00e1penni me\u00f0 endurhla\u00f0anlegri rafhl\u00f6\u00f0u\"}]},{\"@type\":\"WebSite\",\"@id\":\"https:\\\/\\\/joyroom.is\\\/#website\",\"url\":\"https:\\\/\\\/joyroom.is\\\/\",\"name\":\"Joyroom \u00e1 \u00cdslandi\",\"description\":\"Vali&eth; er einfalt\",\"publisher\":{\"@id\":\"https:\\\/\\\/joyroom.is\\\/#organization\"},\"alternateName\":\"Joyroom\",\"potentialAction\":[{\"@type\":\"SearchAction\",\"target\":{\"@type\":\"EntryPoint\",\"urlTemplate\":\"https:\\\/\\\/joyroom.is\\\/?s={search_term_string}\"},\"query-input\":{\"@type\":\"PropertyValueSpecification\",\"valueRequired\":true,\"valueName\":\"search_term_string\"}}],\"inLanguage\":\"en-US\"},{\"@type\":\"Organization\",\"@id\":\"https:\\\/\\\/joyroom.is\\\/#organization\",\"name\":\"Joyroom \u00e1 \u00cdslandi\",\"alternateName\":\"Joyroom\",\"url\":\"https:\\\/\\\/joyroom.is\\\/\",\"logo\":{\"@type\":\"ImageObject\",\"inLanguage\":\"en-US\",\"@id\":\"https:\\\/\\\/joyroom.is\\\/#\\\/schema\\\/logo\\\/image\\\/\",\"url\":\"https:\\\/\\\/joyroom.is\\\/wp-content\\\/uploads\\\/2024\\\/08\\\/JR.jpg\",\"contentUrl\":\"https:\\\/\\\/joyroom.is\\\/wp-content\\\/uploads\\\/2024\\\/08\\\/JR.jpg\",\"width\":1200,\"height\":1200,\"caption\":\"Joyroom \u00e1 \u00cdslandi\"},\"image\":{\"@id\":\"https:\\\/\\\/joyroom.is\\\/#\\\/schema\\\/logo\\\/image\\\/\"}}]}<\/script>\n<!-- \/ Yoast SEO Premium plugin. -->","yoast_head_json":{"title":"H\u00e1g\u00e6\u00f0a Active Stylus skj\u00e1penni me\u00f0 endurhla\u00f0anlegri rafhl\u00f6\u00f0u | Joyroom","description":"Skj\u00e1penninn er mj\u00f6g n\u00e6mur og skynjar hreyfingar, halla og mismikinn \u00fer\u00fdsting sem skilar s\u00e9r \u00ed mismunandi breidd og fj\u00f6lbreytileika vi\u00f0 notkun. Hann er me\u00f0 endurhla\u00f0anlegri rafhl\u00f6\u00f0u me\u00f0 USB-C hra\u00f0hle\u00f0slu. \u00dea\u00f0 tekur a\u00f0eins 13 m\u00edn\u00fatur a\u00f0 fullhla\u00f0a pennann og rafhla\u00f0an dugar \u00ed 10 klst \u00ed stanslausri notkun og allt a\u00f0 360 daga \u00ed bi\u00f0st\u00f6\u00f0u. Skj\u00e1penninn er me\u00f0 sterkri segulr\u00f6nd og \u00fev\u00ed au\u00f0velt a\u00f0 festa hann \u00e1 spjaldt\u00f6lvuna. Penninn kemur me\u00f0 4 \u00fatskiptanlegum pennaendum sem eykur endingu hans.  Skj\u00e1penninn virkar \u00e1 ipad spjaldt\u00f6lvur fr\u00e1 Apple.  \u2013 Sj\u00e1 myndband af v\u00f6ru ne\u00f0ar \u00e1 \u00feessari s\u00ed\u00f0u. \u2013 Active Stylus penni \u2013 Litur: Hv\u00edtur \u2013 Lengd: 16,6 cm \u2013 \u00deyngd: 13g \u2013 Efni: \u00c1l og plast","robots":{"index":"index","follow":"follow","max-snippet":"max-snippet:-1","max-image-preview":"max-image-preview:large","max-video-preview":"max-video-preview:-1"},"canonical":"https:\/\/joyroom.is\/vara\/jr-x15\/","og_locale":"en_US","og_type":"article","og_title":"H\u00e1g\u00e6\u00f0a Active Stylus skj\u00e1penni me\u00f0 endurhla\u00f0anlegri rafhl\u00f6\u00f0u","og_description":"Skj\u00e1penninn er mj\u00f6g n\u00e6mur og skynjar hreyfingar, halla og mismikinn \u00fer\u00fdsting sem skilar s\u00e9r \u00ed mismunandi breidd og fj\u00f6lbreytileika vi\u00f0 notkun. Hann er me\u00f0 endurhla\u00f0anlegri rafhl\u00f6\u00f0u me\u00f0 USB-C hra\u00f0hle\u00f0slu. \u00dea\u00f0 tekur a\u00f0eins 13 m\u00edn\u00fatur a\u00f0 fullhla\u00f0a pennann og rafhla\u00f0an dugar \u00ed 10 klst \u00ed stanslausri notkun og allt a\u00f0 360 daga \u00ed bi\u00f0st\u00f6\u00f0u. Skj\u00e1penninn er me\u00f0 sterkri segulr\u00f6nd og \u00fev\u00ed au\u00f0velt a\u00f0 festa hann \u00e1 spjaldt\u00f6lvuna. Penninn kemur me\u00f0 4 \u00fatskiptanlegum pennaendum sem eykur endingu hans.  Skj\u00e1penninn virkar \u00e1 ipad spjaldt\u00f6lvur fr\u00e1 Apple.  \u2013 Sj\u00e1 myndband af v\u00f6ru ne\u00f0ar \u00e1 \u00feessari s\u00ed\u00f0u. \u2013 Active Stylus penni \u2013 Litur: Hv\u00edtur \u2013 Lengd: 16,6 cm \u2013 \u00deyngd: 13g \u2013 Efni: \u00c1l og plast","og_url":"https:\/\/joyroom.is\/vara\/jr-x15\/","og_site_name":"Joyroom","article_modified_time":"2026-04-16T14:38:19+00:00","og_image":[{"width":600,"height":600,"url":"https:\/\/joyroom.is\/wp-content\/uploads\/2025\/07\/JR-X15.jpg","type":"image\/jpeg"}],"twitter_card":"summary_large_image","schema":{"@context":"https:\/\/schema.org","@graph":[{"@type":"WebPage","@id":"https:\/\/joyroom.is\/vara\/jr-x15\/","url":"https:\/\/joyroom.is\/vara\/jr-x15\/","name":"H\u00e1g\u00e6\u00f0a Active Stylus skj\u00e1penni me\u00f0 endurhla\u00f0anlegri rafhl\u00f6\u00f0u | Joyroom","isPartOf":{"@id":"https:\/\/joyroom.is\/#website"},"primaryImageOfPage":{"@id":"https:\/\/joyroom.is\/vara\/jr-x15\/#primaryimage"},"image":{"@id":"https:\/\/joyroom.is\/vara\/jr-x15\/#primaryimage"},"thumbnailUrl":"https:\/\/joyroom.is\/wp-content\/uploads\/2025\/07\/JR-X15.jpg","datePublished":"2025-07-22T13:28:01+00:00","dateModified":"2026-04-16T14:38:19+00:00","description":"Skj\u00e1penninn er mj\u00f6g n\u00e6mur og skynjar hreyfingar, halla og mismikinn \u00fer\u00fdsting sem skilar s\u00e9r \u00ed mismunandi breidd og fj\u00f6lbreytileika vi\u00f0 notkun. Hann er me\u00f0 endurhla\u00f0anlegri rafhl\u00f6\u00f0u me\u00f0 USB-C hra\u00f0hle\u00f0slu. \u00dea\u00f0 tekur a\u00f0eins 13 m\u00edn\u00fatur a\u00f0 fullhla\u00f0a pennann og rafhla\u00f0an dugar \u00ed 10 klst \u00ed stanslausri notkun og allt a\u00f0 360 daga \u00ed bi\u00f0st\u00f6\u00f0u. Skj\u00e1penninn er me\u00f0 sterkri segulr\u00f6nd og \u00fev\u00ed au\u00f0velt a\u00f0 festa hann \u00e1 spjaldt\u00f6lvuna. Penninn kemur me\u00f0 4 \u00fatskiptanlegum pennaendum sem eykur endingu hans. Skj\u00e1penninn virkar \u00e1 ipad spjaldt\u00f6lvur fr\u00e1 Apple. \u2013 Sj\u00e1 myndband af v\u00f6ru ne\u00f0ar \u00e1 \u00feessari s\u00ed\u00f0u. \u2013 Active Stylus penni \u2013 Litur: Hv\u00edtur \u2013 Lengd: 16,6 cm \u2013 \u00deyngd: 13g \u2013 Efni: \u00c1l og plast","breadcrumb":{"@id":"https:\/\/joyroom.is\/vara\/jr-x15\/#breadcrumb"},"inLanguage":"en-US","potentialAction":[{"@type":"ReadAction","target":["https:\/\/joyroom.is\/vara\/jr-x15\/"]}]},{"@type":"ImageObject","inLanguage":"en-US","@id":"https:\/\/joyroom.is\/vara\/jr-x15\/#primaryimage","url":"https:\/\/joyroom.is\/wp-content\/uploads\/2025\/07\/JR-X15.jpg","contentUrl":"https:\/\/joyroom.is\/wp-content\/uploads\/2025\/07\/JR-X15.jpg","width":600,"height":600},{"@type":"BreadcrumbList","@id":"https:\/\/joyroom.is\/vara\/jr-x15\/#breadcrumb","itemListElement":[{"@type":"ListItem","position":1,"name":"Home","item":"https:\/\/joyroom.is\/"},{"@type":"ListItem","position":2,"name":"Shop","item":"https:\/\/www.vorulagerinn.is\/heildsala\/en\/shop\/"},{"@type":"ListItem","position":3,"name":"H\u00e1g\u00e6\u00f0a Active Stylus skj\u00e1penni me\u00f0 endurhla\u00f0anlegri rafhl\u00f6\u00f0u"}]},{"@type":"WebSite","@id":"https:\/\/joyroom.is\/#website","url":"https:\/\/joyroom.is\/","name":"Joyroom \u00e1 \u00cdslandi","description":"Vali&eth; er einfalt","publisher":{"@id":"https:\/\/joyroom.is\/#organization"},"alternateName":"Joyroom","potentialAction":[{"@type":"SearchAction","target":{"@type":"EntryPoint","urlTemplate":"https:\/\/joyroom.is\/?s={search_term_string}"},"query-input":{"@type":"PropertyValueSpecification","valueRequired":true,"valueName":"search_term_string"}}],"inLanguage":"en-US"},{"@type":"Organization","@id":"https:\/\/joyroom.is\/#organization","name":"Joyroom \u00e1 \u00cdslandi","alternateName":"Joyroom","url":"https:\/\/joyroom.is\/","logo":{"@type":"ImageObject","inLanguage":"en-US","@id":"https:\/\/joyroom.is\/#\/schema\/logo\/image\/","url":"https:\/\/joyroom.is\/wp-content\/uploads\/2024\/08\/JR.jpg","contentUrl":"https:\/\/joyroom.is\/wp-content\/uploads\/2024\/08\/JR.jpg","width":1200,"height":1200,"caption":"Joyroom \u00e1 \u00cdslandi"},"image":{"@id":"https:\/\/joyroom.is\/#\/schema\/logo\/image\/"}}]}},"_links":{"self":[{"href":"https:\/\/joyroom.is\/en\/wp-json\/wp\/v2\/product\/24889","targetHints":{"allow":["GET"]}}],"collection":[{"href":"https:\/\/joyroom.is\/en\/wp-json\/wp\/v2\/product"}],"about":[{"href":"https:\/\/joyroom.is\/en\/wp-json\/wp\/v2\/types\/product"}],"wp:featuredmedia":[{"embeddable":true,"href":"https:\/\/joyroom.is\/en\/wp-json\/wp\/v2\/media\/24877"}],"wp:attachment":[{"href":"https:\/\/joyroom.is\/en\/wp-json\/wp\/v2\/media?parent=24889"}],"wp:term":[{"taxonomy":"product_brand","embeddable":true,"href":"https:\/\/joyroom.is\/en\/wp-json\/wp\/v2\/product_brand?post=24889"},{"taxonomy":"product_cat","embeddable":true,"href":"https:\/\/joyroom.is\/en\/wp-json\/wp\/v2\/product_cat?post=24889"},{"taxonomy":"product_tag","embeddable":true,"href":"https:\/\/joyroom.is\/en\/wp-json\/wp\/v2\/product_tag?post=24889"}],"curies":[{"name":"wp","href":"https:\/\/api.w.org\/{rel}","templated":true}]}}