{"id":24900,"date":"2025-07-22T13:10:41","date_gmt":"2025-07-22T13:10:41","guid":{"rendered":"https:\/\/joyroom.is\/product\/jr-x9s\/"},"modified":"2026-02-15T19:07:42","modified_gmt":"2026-02-15T19:07:42","slug":"jr-x9s","status":"publish","type":"product","link":"https:\/\/joyroom.is\/en\/product\/jr-x9s\/","title":{"rendered":"Active Stylus skj\u00e1penni fyrir Apple spjaldt\u00f6lvur"},"content":{"rendered":"<div style=\"width: 960px;\" class=\"wp-video\"><video class=\"wp-video-shortcode\" id=\"video-24900-1\" width=\"960\" height=\"540\" preload=\"metadata\" controls=\"controls\"><source type=\"video\/mp4\" src=\"https:\/\/fodurlandid.is\/wp-content\/uploads\/2025\/07\/jr-x9s.mp4?_=1\" \/><a href=\"https:\/\/fodurlandid.is\/wp-content\/uploads\/2025\/07\/jr-x9s.mp4\">https:\/\/fodurlandid.is\/wp-content\/uploads\/2025\/07\/jr-x9s.mp4<\/a><\/video><\/div>\n<p>&nbsp;<\/p>\n<p><strong>Features:<br \/>\n<\/strong>1. Upgraded pen tip, fluid &amp; lag-free writing, works perfectly on your screen.<br \/>\n2. Palm rejection technology, high precision &amp; responsiveness.<br \/>\n3. Tilt sensitivity.<br \/>\n4. Automatically turns off if idle for 5 minutes.<br \/>\n5. Smart power indicator light, long battery life, works for 10 hours on a 1-hour charge.<br \/>\n6. Attaches magnetically to your iPad (compatible with iPad Pro 11\u201d\/12\u201d &amp; iPad Air 4).<\/p>\n<p><strong>Parameters:<\/strong><br \/>\nOperation mode: press the power button until the light is on; press the power button until the light is off to shut down<br \/>\nFeatures: Anti-mistouch, anti-offset, with tilt pressure-sensitive drawing function<br \/>\nEnergy-saving mode: automatic shutdown if not working within 5 minutes<br \/>\nOther features: can adsorb iPad pro (2018+2020), iPad air4, iPad mini6<br \/>\nIt can be used after power on, no need to connect Bluetooth<br \/>\nCharging time: 60-90 minutes<br \/>\nWorking hours: The maximum working time is 8-10 hours<br \/>\nCharging current: 0.2A<br \/>\nWorking current: 26ma<br \/>\nStandby time: 360 days<br \/>\nApplicable models: iPads listed after 2018<br \/>\nBoot mode: top physical switch button<br \/>\nCharging method: Type-c interface charging<br \/>\nBattery model: 68430 capacity 130mAh<\/p>\n","protected":false},"excerpt":{"rendered":"<p>Skj\u00e1penninn er mj\u00f6g n\u00e6mur og skynjar hreyfingar, halla og mismikinn \u00fer\u00fdsting. Hann er me\u00f0 endurhla\u00f0anlegri rafhl\u00f6\u00f0u sem dugar \u00ed 8-10 klst og allt a\u00f0 360 daga \u00ed bi\u00f0st\u00f6\u00f0u. Skj\u00e1penninn er me\u00f0 sterkri segulr\u00f6nd og \u00fev\u00ed au\u00f0velt a\u00f0 festa hann \u00e1 spjaldt\u00f6lvuna. USB-C hle\u00f0slusn\u00fara, lei\u00f0beiningar og tveir pennaoddar fylgja me\u00f0.<\/p>\n<p>\u2013 Sj\u00e1 video ne\u00f0ar \u00e1 s\u00ed\u00f0u<br \/>\n\u2013 Litur: Hv\u00edtur<br \/>\n\u2013 Lengd: 16,6 cm<br \/>\n\u2013 \u00deyngd: 13g<br \/>\n\u2013 Efni: \u00c1l og plast<\/p>\n","protected":false},"featured_media":24890,"template":"","meta":[],"product_brand":[],"product_cat":[437],"product_tag":[],"class_list":{"0":"post-24900","1":"product","2":"type-product","3":"status-publish","4":"has-post-thumbnail","6":"product_cat-skjapenni-snertipenni","8":"first","9":"instock","10":"taxable","11":"shipping-taxable","12":"purchasable","13":"product-type-simple"},"yoast_head":"<!-- This site is optimized with the Yoast SEO Premium plugin v21.5 (Yoast SEO v27.4) - https:\/\/yoast.com\/product\/yoast-seo-premium-wordpress\/ -->\n<title>Active Stylus skj\u00e1penni fyrir Apple spjaldt\u00f6lvur | Joyroom<\/title>\n<meta name=\"description\" content=\"Skj\u00e1penninn er mj\u00f6g n\u00e6mur og skynjar hreyfingar, halla og mismikinn \u00fer\u00fdsting. Hann er me\u00f0 endurhla\u00f0anlegri rafhl\u00f6\u00f0u sem dugar \u00ed 8-10 klst og allt a\u00f0 360 daga \u00ed bi\u00f0st\u00f6\u00f0u. Skj\u00e1penninn er me\u00f0 sterkri segulr\u00f6nd og \u00fev\u00ed au\u00f0velt a\u00f0 festa hann \u00e1 spjaldt\u00f6lvuna. USB-C hle\u00f0slusn\u00fara, lei\u00f0beiningar og tveir pennaoddar fylgja me\u00f0.  \u2013 Sj\u00e1 video ne\u00f0ar \u00e1 s\u00ed\u00f0u \u2013 Litur: Hv\u00edtur \u2013 Lengd: 16,6 cm \u2013 \u00deyngd: 13g \u2013 Efni: \u00c1l og plast\" \/>\n<meta name=\"robots\" content=\"index, follow, max-snippet:-1, max-image-preview:large, max-video-preview:-1\" \/>\n<link rel=\"canonical\" href=\"https:\/\/joyroom.is\/vara\/jr-x9s\/\" \/>\n<meta property=\"og:locale\" content=\"en_US\" \/>\n<meta property=\"og:type\" content=\"article\" \/>\n<meta property=\"og:title\" content=\"Active Stylus skj\u00e1penni fyrir Apple spjaldt\u00f6lvur\" \/>\n<meta property=\"og:description\" content=\"Skj\u00e1penninn er mj\u00f6g n\u00e6mur og skynjar hreyfingar, halla og mismikinn \u00fer\u00fdsting. Hann er me\u00f0 endurhla\u00f0anlegri rafhl\u00f6\u00f0u sem dugar \u00ed 8-10 klst og allt a\u00f0 360 daga \u00ed bi\u00f0st\u00f6\u00f0u. Skj\u00e1penninn er me\u00f0 sterkri segulr\u00f6nd og \u00fev\u00ed au\u00f0velt a\u00f0 festa hann \u00e1 spjaldt\u00f6lvuna. USB-C hle\u00f0slusn\u00fara, lei\u00f0beiningar og tveir pennaoddar fylgja me\u00f0.  \u2013 Sj\u00e1 video ne\u00f0ar \u00e1 s\u00ed\u00f0u \u2013 Litur: Hv\u00edtur \u2013 Lengd: 16,6 cm \u2013 \u00deyngd: 13g \u2013 Efni: \u00c1l og plast\" \/>\n<meta property=\"og:url\" content=\"https:\/\/joyroom.is\/vara\/jr-x9s\/\" \/>\n<meta property=\"og:site_name\" content=\"Joyroom\" \/>\n<meta property=\"article:modified_time\" content=\"2026-02-15T19:07:42+00:00\" \/>\n<meta property=\"og:image\" content=\"https:\/\/joyroom.is\/wp-content\/uploads\/2025\/07\/jr-x9s.jpg\" \/>\n\t<meta property=\"og:image:width\" content=\"600\" \/>\n\t<meta property=\"og:image:height\" content=\"600\" \/>\n\t<meta property=\"og:image:type\" content=\"image\/jpeg\" \/>\n<meta name=\"twitter:card\" content=\"summary_large_image\" \/>\n<meta name=\"twitter:label1\" content=\"Est. reading time\" \/>\n\t<meta name=\"twitter:data1\" content=\"1 minute\" \/>\n<script type=\"application\/ld+json\" class=\"yoast-schema-graph\">{\"@context\":\"https:\\\/\\\/schema.org\",\"@graph\":[{\"@type\":\"WebPage\",\"@id\":\"https:\\\/\\\/joyroom.is\\\/vara\\\/jr-x9s\\\/\",\"url\":\"https:\\\/\\\/joyroom.is\\\/vara\\\/jr-x9s\\\/\",\"name\":\"Active Stylus skj\u00e1penni fyrir Apple spjaldt\u00f6lvur | Joyroom\",\"isPartOf\":{\"@id\":\"https:\\\/\\\/joyroom.is\\\/#website\"},\"primaryImageOfPage\":{\"@id\":\"https:\\\/\\\/joyroom.is\\\/vara\\\/jr-x9s\\\/#primaryimage\"},\"image\":{\"@id\":\"https:\\\/\\\/joyroom.is\\\/vara\\\/jr-x9s\\\/#primaryimage\"},\"thumbnailUrl\":\"https:\\\/\\\/joyroom.is\\\/wp-content\\\/uploads\\\/2025\\\/07\\\/jr-x9s.jpg\",\"datePublished\":\"2025-07-22T13:10:41+00:00\",\"dateModified\":\"2026-02-15T19:07:42+00:00\",\"description\":\"Skj\u00e1penninn er mj\u00f6g n\u00e6mur og skynjar hreyfingar, halla og mismikinn \u00fer\u00fdsting. Hann er me\u00f0 endurhla\u00f0anlegri rafhl\u00f6\u00f0u sem dugar \u00ed 8-10 klst og allt a\u00f0 360 daga \u00ed bi\u00f0st\u00f6\u00f0u. Skj\u00e1penninn er me\u00f0 sterkri segulr\u00f6nd og \u00fev\u00ed au\u00f0velt a\u00f0 festa hann \u00e1 spjaldt\u00f6lvuna. USB-C hle\u00f0slusn\u00fara, lei\u00f0beiningar og tveir pennaoddar fylgja me\u00f0. \u2013 Sj\u00e1 video ne\u00f0ar \u00e1 s\u00ed\u00f0u \u2013 Litur: Hv\u00edtur \u2013 Lengd: 16,6 cm \u2013 \u00deyngd: 13g \u2013 Efni: \u00c1l og plast\",\"breadcrumb\":{\"@id\":\"https:\\\/\\\/joyroom.is\\\/vara\\\/jr-x9s\\\/#breadcrumb\"},\"inLanguage\":\"en-US\",\"potentialAction\":[{\"@type\":\"ReadAction\",\"target\":[\"https:\\\/\\\/joyroom.is\\\/vara\\\/jr-x9s\\\/\"]}]},{\"@type\":\"ImageObject\",\"inLanguage\":\"en-US\",\"@id\":\"https:\\\/\\\/joyroom.is\\\/vara\\\/jr-x9s\\\/#primaryimage\",\"url\":\"https:\\\/\\\/joyroom.is\\\/wp-content\\\/uploads\\\/2025\\\/07\\\/jr-x9s.jpg\",\"contentUrl\":\"https:\\\/\\\/joyroom.is\\\/wp-content\\\/uploads\\\/2025\\\/07\\\/jr-x9s.jpg\",\"width\":600,\"height\":600},{\"@type\":\"BreadcrumbList\",\"@id\":\"https:\\\/\\\/joyroom.is\\\/vara\\\/jr-x9s\\\/#breadcrumb\",\"itemListElement\":[{\"@type\":\"ListItem\",\"position\":1,\"name\":\"Home\",\"item\":\"https:\\\/\\\/joyroom.is\\\/\"},{\"@type\":\"ListItem\",\"position\":2,\"name\":\"Shop\",\"item\":\"https:\\\/\\\/www.vorulagerinn.is\\\/heildsala\\\/en\\\/shop\\\/\"},{\"@type\":\"ListItem\",\"position\":3,\"name\":\"Active Stylus skj\u00e1penni fyrir Apple spjaldt\u00f6lvur\"}]},{\"@type\":\"WebSite\",\"@id\":\"https:\\\/\\\/joyroom.is\\\/#website\",\"url\":\"https:\\\/\\\/joyroom.is\\\/\",\"name\":\"Joyroom \u00e1 \u00cdslandi\",\"description\":\"Vali&eth; er einfalt\",\"publisher\":{\"@id\":\"https:\\\/\\\/joyroom.is\\\/#organization\"},\"alternateName\":\"Joyroom\",\"potentialAction\":[{\"@type\":\"SearchAction\",\"target\":{\"@type\":\"EntryPoint\",\"urlTemplate\":\"https:\\\/\\\/joyroom.is\\\/?s={search_term_string}\"},\"query-input\":{\"@type\":\"PropertyValueSpecification\",\"valueRequired\":true,\"valueName\":\"search_term_string\"}}],\"inLanguage\":\"en-US\"},{\"@type\":\"Organization\",\"@id\":\"https:\\\/\\\/joyroom.is\\\/#organization\",\"name\":\"Joyroom \u00e1 \u00cdslandi\",\"alternateName\":\"Joyroom\",\"url\":\"https:\\\/\\\/joyroom.is\\\/\",\"logo\":{\"@type\":\"ImageObject\",\"inLanguage\":\"en-US\",\"@id\":\"https:\\\/\\\/joyroom.is\\\/#\\\/schema\\\/logo\\\/image\\\/\",\"url\":\"https:\\\/\\\/joyroom.is\\\/wp-content\\\/uploads\\\/2024\\\/08\\\/JR.jpg\",\"contentUrl\":\"https:\\\/\\\/joyroom.is\\\/wp-content\\\/uploads\\\/2024\\\/08\\\/JR.jpg\",\"width\":1200,\"height\":1200,\"caption\":\"Joyroom \u00e1 \u00cdslandi\"},\"image\":{\"@id\":\"https:\\\/\\\/joyroom.is\\\/#\\\/schema\\\/logo\\\/image\\\/\"}}]}<\/script>\n<!-- \/ Yoast SEO Premium plugin. -->","yoast_head_json":{"title":"Active Stylus skj\u00e1penni fyrir Apple spjaldt\u00f6lvur | Joyroom","description":"Skj\u00e1penninn er mj\u00f6g n\u00e6mur og skynjar hreyfingar, halla og mismikinn \u00fer\u00fdsting. Hann er me\u00f0 endurhla\u00f0anlegri rafhl\u00f6\u00f0u sem dugar \u00ed 8-10 klst og allt a\u00f0 360 daga \u00ed bi\u00f0st\u00f6\u00f0u. Skj\u00e1penninn er me\u00f0 sterkri segulr\u00f6nd og \u00fev\u00ed au\u00f0velt a\u00f0 festa hann \u00e1 spjaldt\u00f6lvuna. USB-C hle\u00f0slusn\u00fara, lei\u00f0beiningar og tveir pennaoddar fylgja me\u00f0.  \u2013 Sj\u00e1 video ne\u00f0ar \u00e1 s\u00ed\u00f0u \u2013 Litur: Hv\u00edtur \u2013 Lengd: 16,6 cm \u2013 \u00deyngd: 13g \u2013 Efni: \u00c1l og plast","robots":{"index":"index","follow":"follow","max-snippet":"max-snippet:-1","max-image-preview":"max-image-preview:large","max-video-preview":"max-video-preview:-1"},"canonical":"https:\/\/joyroom.is\/vara\/jr-x9s\/","og_locale":"en_US","og_type":"article","og_title":"Active Stylus skj\u00e1penni fyrir Apple spjaldt\u00f6lvur","og_description":"Skj\u00e1penninn er mj\u00f6g n\u00e6mur og skynjar hreyfingar, halla og mismikinn \u00fer\u00fdsting. Hann er me\u00f0 endurhla\u00f0anlegri rafhl\u00f6\u00f0u sem dugar \u00ed 8-10 klst og allt a\u00f0 360 daga \u00ed bi\u00f0st\u00f6\u00f0u. Skj\u00e1penninn er me\u00f0 sterkri segulr\u00f6nd og \u00fev\u00ed au\u00f0velt a\u00f0 festa hann \u00e1 spjaldt\u00f6lvuna. USB-C hle\u00f0slusn\u00fara, lei\u00f0beiningar og tveir pennaoddar fylgja me\u00f0.  \u2013 Sj\u00e1 video ne\u00f0ar \u00e1 s\u00ed\u00f0u \u2013 Litur: Hv\u00edtur \u2013 Lengd: 16,6 cm \u2013 \u00deyngd: 13g \u2013 Efni: \u00c1l og plast","og_url":"https:\/\/joyroom.is\/vara\/jr-x9s\/","og_site_name":"Joyroom","article_modified_time":"2026-02-15T19:07:42+00:00","og_image":[{"width":600,"height":600,"url":"https:\/\/joyroom.is\/wp-content\/uploads\/2025\/07\/jr-x9s.jpg","type":"image\/jpeg"}],"twitter_card":"summary_large_image","twitter_misc":{"Est. reading time":"1 minute"},"schema":{"@context":"https:\/\/schema.org","@graph":[{"@type":"WebPage","@id":"https:\/\/joyroom.is\/vara\/jr-x9s\/","url":"https:\/\/joyroom.is\/vara\/jr-x9s\/","name":"Active Stylus skj\u00e1penni fyrir Apple spjaldt\u00f6lvur | Joyroom","isPartOf":{"@id":"https:\/\/joyroom.is\/#website"},"primaryImageOfPage":{"@id":"https:\/\/joyroom.is\/vara\/jr-x9s\/#primaryimage"},"image":{"@id":"https:\/\/joyroom.is\/vara\/jr-x9s\/#primaryimage"},"thumbnailUrl":"https:\/\/joyroom.is\/wp-content\/uploads\/2025\/07\/jr-x9s.jpg","datePublished":"2025-07-22T13:10:41+00:00","dateModified":"2026-02-15T19:07:42+00:00","description":"Skj\u00e1penninn er mj\u00f6g n\u00e6mur og skynjar hreyfingar, halla og mismikinn \u00fer\u00fdsting. Hann er me\u00f0 endurhla\u00f0anlegri rafhl\u00f6\u00f0u sem dugar \u00ed 8-10 klst og allt a\u00f0 360 daga \u00ed bi\u00f0st\u00f6\u00f0u. Skj\u00e1penninn er me\u00f0 sterkri segulr\u00f6nd og \u00fev\u00ed au\u00f0velt a\u00f0 festa hann \u00e1 spjaldt\u00f6lvuna. USB-C hle\u00f0slusn\u00fara, lei\u00f0beiningar og tveir pennaoddar fylgja me\u00f0. \u2013 Sj\u00e1 video ne\u00f0ar \u00e1 s\u00ed\u00f0u \u2013 Litur: Hv\u00edtur \u2013 Lengd: 16,6 cm \u2013 \u00deyngd: 13g \u2013 Efni: \u00c1l og plast","breadcrumb":{"@id":"https:\/\/joyroom.is\/vara\/jr-x9s\/#breadcrumb"},"inLanguage":"en-US","potentialAction":[{"@type":"ReadAction","target":["https:\/\/joyroom.is\/vara\/jr-x9s\/"]}]},{"@type":"ImageObject","inLanguage":"en-US","@id":"https:\/\/joyroom.is\/vara\/jr-x9s\/#primaryimage","url":"https:\/\/joyroom.is\/wp-content\/uploads\/2025\/07\/jr-x9s.jpg","contentUrl":"https:\/\/joyroom.is\/wp-content\/uploads\/2025\/07\/jr-x9s.jpg","width":600,"height":600},{"@type":"BreadcrumbList","@id":"https:\/\/joyroom.is\/vara\/jr-x9s\/#breadcrumb","itemListElement":[{"@type":"ListItem","position":1,"name":"Home","item":"https:\/\/joyroom.is\/"},{"@type":"ListItem","position":2,"name":"Shop","item":"https:\/\/www.vorulagerinn.is\/heildsala\/en\/shop\/"},{"@type":"ListItem","position":3,"name":"Active Stylus skj\u00e1penni fyrir Apple spjaldt\u00f6lvur"}]},{"@type":"WebSite","@id":"https:\/\/joyroom.is\/#website","url":"https:\/\/joyroom.is\/","name":"Joyroom \u00e1 \u00cdslandi","description":"Vali&eth; er einfalt","publisher":{"@id":"https:\/\/joyroom.is\/#organization"},"alternateName":"Joyroom","potentialAction":[{"@type":"SearchAction","target":{"@type":"EntryPoint","urlTemplate":"https:\/\/joyroom.is\/?s={search_term_string}"},"query-input":{"@type":"PropertyValueSpecification","valueRequired":true,"valueName":"search_term_string"}}],"inLanguage":"en-US"},{"@type":"Organization","@id":"https:\/\/joyroom.is\/#organization","name":"Joyroom \u00e1 \u00cdslandi","alternateName":"Joyroom","url":"https:\/\/joyroom.is\/","logo":{"@type":"ImageObject","inLanguage":"en-US","@id":"https:\/\/joyroom.is\/#\/schema\/logo\/image\/","url":"https:\/\/joyroom.is\/wp-content\/uploads\/2024\/08\/JR.jpg","contentUrl":"https:\/\/joyroom.is\/wp-content\/uploads\/2024\/08\/JR.jpg","width":1200,"height":1200,"caption":"Joyroom \u00e1 \u00cdslandi"},"image":{"@id":"https:\/\/joyroom.is\/#\/schema\/logo\/image\/"}}]}},"_links":{"self":[{"href":"https:\/\/joyroom.is\/en\/wp-json\/wp\/v2\/product\/24900","targetHints":{"allow":["GET"]}}],"collection":[{"href":"https:\/\/joyroom.is\/en\/wp-json\/wp\/v2\/product"}],"about":[{"href":"https:\/\/joyroom.is\/en\/wp-json\/wp\/v2\/types\/product"}],"wp:featuredmedia":[{"embeddable":true,"href":"https:\/\/joyroom.is\/en\/wp-json\/wp\/v2\/media\/24890"}],"wp:attachment":[{"href":"https:\/\/joyroom.is\/en\/wp-json\/wp\/v2\/media?parent=24900"}],"wp:term":[{"taxonomy":"product_brand","embeddable":true,"href":"https:\/\/joyroom.is\/en\/wp-json\/wp\/v2\/product_brand?post=24900"},{"taxonomy":"product_cat","embeddable":true,"href":"https:\/\/joyroom.is\/en\/wp-json\/wp\/v2\/product_cat?post=24900"},{"taxonomy":"product_tag","embeddable":true,"href":"https:\/\/joyroom.is\/en\/wp-json\/wp\/v2\/product_tag?post=24900"}],"curies":[{"name":"wp","href":"https:\/\/api.w.org\/{rel}","templated":true}]}}