{"id":24961,"date":"2025-07-20T12:04:15","date_gmt":"2025-07-20T12:04:15","guid":{"rendered":"https:\/\/joyroom.is\/product\/s-h142\/"},"modified":"2026-02-15T17:29:24","modified_gmt":"2026-02-15T17:29:24","slug":"s-h142","status":"publish","type":"product","link":"https:\/\/joyroom.is\/en\/product\/s-h142\/","title":{"rendered":"4 \u00ed 1 h\u00e1hra\u00f0a minniskortalesari"},"content":{"rendered":"<p>Lightning port: 5\u03bc gold-plated gold<br \/>\nCable core: tinned copper (11\/08Ts+250D break-proof wire) * 6C + (19\/0.08Ts+250D break-proof wire) 2C + powdered\/flame retardant<br \/>\nCable material: TPE<br \/>\nShell material: PC+ABS<br \/>\nFunction: Lightning to SDTF + USB2.0 + charge<br \/>\nLength: 120mm<br \/>\nWidth: 51mm<br \/>\nThickness: 11mm<br \/>\nNet weight: 15g<\/p>\n","protected":false},"excerpt":{"rendered":"<p>H\u00e1hra\u00f0a minniskortalesari (4 in 1) me\u00f0 kortaraufar fyrir SD og microSD \u00e1samt tengi fyrir Lightning og USB-A sn\u00farur<\/p>\n<p>\u2013 Litur: Hv\u00edtur<br \/>\n\u2013 Lengd: 5,1&#215;3,15&#215;5,2 cm<br \/>\n\u2013 \u00deyngd: 15g<br \/>\n\u2013 Vottun: CE og ROHS<\/p>\n","protected":false},"featured_media":24953,"template":"","meta":[],"product_brand":[],"product_cat":[438],"product_tag":[],"class_list":{"0":"post-24961","1":"product","2":"type-product","3":"status-publish","4":"has-post-thumbnail","6":"product_cat-breytistykki","8":"first","9":"instock","10":"taxable","11":"shipping-taxable","12":"purchasable","13":"product-type-simple"},"yoast_head":"<!-- This site is optimized with the Yoast SEO Premium plugin v21.5 (Yoast SEO v27.4) - https:\/\/yoast.com\/product\/yoast-seo-premium-wordpress\/ -->\n<title>4 \u00ed 1 h\u00e1hra\u00f0a minniskortalesari | Joyroom<\/title>\n<meta name=\"description\" content=\"H\u00e1hra\u00f0a minniskortalesari (4 in 1) me\u00f0 kortaraufar fyrir SD og microSD \u00e1samt tengi fyrir Lightning og USB-A sn\u00farur  \u2013 Litur: Hv\u00edtur \u2013 Lengd: 5,1x3,15x5,2 cm \u2013 \u00deyngd: 15g \u2013 Vottun: CE og ROHS\" \/>\n<meta name=\"robots\" content=\"index, follow, max-snippet:-1, max-image-preview:large, max-video-preview:-1\" \/>\n<link rel=\"canonical\" href=\"https:\/\/joyroom.is\/vara\/s-h142\/\" \/>\n<meta property=\"og:locale\" content=\"en_US\" \/>\n<meta property=\"og:type\" content=\"article\" \/>\n<meta property=\"og:title\" content=\"4 \u00ed 1 h\u00e1hra\u00f0a minniskortalesari\" \/>\n<meta property=\"og:description\" content=\"H\u00e1hra\u00f0a minniskortalesari (4 in 1) me\u00f0 kortaraufar fyrir SD og microSD \u00e1samt tengi fyrir Lightning og USB-A sn\u00farur  \u2013 Litur: Hv\u00edtur \u2013 Lengd: 5,1x3,15x5,2 cm \u2013 \u00deyngd: 15g \u2013 Vottun: CE og ROHS\" \/>\n<meta property=\"og:url\" content=\"https:\/\/joyroom.is\/vara\/s-h142\/\" \/>\n<meta property=\"og:site_name\" content=\"Joyroom\" \/>\n<meta property=\"article:modified_time\" content=\"2026-02-15T17:29:24+00:00\" \/>\n<meta property=\"og:image\" content=\"https:\/\/joyroom.is\/wp-content\/uploads\/2025\/07\/S-H142.jpg\" \/>\n\t<meta property=\"og:image:width\" content=\"600\" \/>\n\t<meta property=\"og:image:height\" content=\"600\" \/>\n\t<meta property=\"og:image:type\" content=\"image\/jpeg\" \/>\n<meta name=\"twitter:card\" content=\"summary_large_image\" \/>\n<script type=\"application\/ld+json\" class=\"yoast-schema-graph\">{\"@context\":\"https:\\\/\\\/schema.org\",\"@graph\":[{\"@type\":\"WebPage\",\"@id\":\"https:\\\/\\\/joyroom.is\\\/vara\\\/s-h142\\\/\",\"url\":\"https:\\\/\\\/joyroom.is\\\/vara\\\/s-h142\\\/\",\"name\":\"4 \u00ed 1 h\u00e1hra\u00f0a minniskortalesari | Joyroom\",\"isPartOf\":{\"@id\":\"https:\\\/\\\/joyroom.is\\\/#website\"},\"primaryImageOfPage\":{\"@id\":\"https:\\\/\\\/joyroom.is\\\/vara\\\/s-h142\\\/#primaryimage\"},\"image\":{\"@id\":\"https:\\\/\\\/joyroom.is\\\/vara\\\/s-h142\\\/#primaryimage\"},\"thumbnailUrl\":\"https:\\\/\\\/joyroom.is\\\/wp-content\\\/uploads\\\/2025\\\/07\\\/S-H142.jpg\",\"datePublished\":\"2025-07-20T12:04:15+00:00\",\"dateModified\":\"2026-02-15T17:29:24+00:00\",\"description\":\"H\u00e1hra\u00f0a minniskortalesari (4 in 1) me\u00f0 kortaraufar fyrir SD og microSD \u00e1samt tengi fyrir Lightning og USB-A sn\u00farur \u2013 Litur: Hv\u00edtur \u2013 Lengd: 5,1x3,15x5,2 cm \u2013 \u00deyngd: 15g \u2013 Vottun: CE og ROHS\",\"breadcrumb\":{\"@id\":\"https:\\\/\\\/joyroom.is\\\/vara\\\/s-h142\\\/#breadcrumb\"},\"inLanguage\":\"en-US\",\"potentialAction\":[{\"@type\":\"ReadAction\",\"target\":[\"https:\\\/\\\/joyroom.is\\\/vara\\\/s-h142\\\/\"]}]},{\"@type\":\"ImageObject\",\"inLanguage\":\"en-US\",\"@id\":\"https:\\\/\\\/joyroom.is\\\/vara\\\/s-h142\\\/#primaryimage\",\"url\":\"https:\\\/\\\/joyroom.is\\\/wp-content\\\/uploads\\\/2025\\\/07\\\/S-H142.jpg\",\"contentUrl\":\"https:\\\/\\\/joyroom.is\\\/wp-content\\\/uploads\\\/2025\\\/07\\\/S-H142.jpg\",\"width\":600,\"height\":600},{\"@type\":\"BreadcrumbList\",\"@id\":\"https:\\\/\\\/joyroom.is\\\/vara\\\/s-h142\\\/#breadcrumb\",\"itemListElement\":[{\"@type\":\"ListItem\",\"position\":1,\"name\":\"Home\",\"item\":\"https:\\\/\\\/joyroom.is\\\/\"},{\"@type\":\"ListItem\",\"position\":2,\"name\":\"Shop\",\"item\":\"https:\\\/\\\/www.vorulagerinn.is\\\/heildsala\\\/en\\\/shop\\\/\"},{\"@type\":\"ListItem\",\"position\":3,\"name\":\"4 \u00ed 1 h\u00e1hra\u00f0a minniskortalesari\"}]},{\"@type\":\"WebSite\",\"@id\":\"https:\\\/\\\/joyroom.is\\\/#website\",\"url\":\"https:\\\/\\\/joyroom.is\\\/\",\"name\":\"Joyroom \u00e1 \u00cdslandi\",\"description\":\"Vali&eth; er einfalt\",\"publisher\":{\"@id\":\"https:\\\/\\\/joyroom.is\\\/#organization\"},\"alternateName\":\"Joyroom\",\"potentialAction\":[{\"@type\":\"SearchAction\",\"target\":{\"@type\":\"EntryPoint\",\"urlTemplate\":\"https:\\\/\\\/joyroom.is\\\/?s={search_term_string}\"},\"query-input\":{\"@type\":\"PropertyValueSpecification\",\"valueRequired\":true,\"valueName\":\"search_term_string\"}}],\"inLanguage\":\"en-US\"},{\"@type\":\"Organization\",\"@id\":\"https:\\\/\\\/joyroom.is\\\/#organization\",\"name\":\"Joyroom \u00e1 \u00cdslandi\",\"alternateName\":\"Joyroom\",\"url\":\"https:\\\/\\\/joyroom.is\\\/\",\"logo\":{\"@type\":\"ImageObject\",\"inLanguage\":\"en-US\",\"@id\":\"https:\\\/\\\/joyroom.is\\\/#\\\/schema\\\/logo\\\/image\\\/\",\"url\":\"https:\\\/\\\/joyroom.is\\\/wp-content\\\/uploads\\\/2024\\\/08\\\/JR.jpg\",\"contentUrl\":\"https:\\\/\\\/joyroom.is\\\/wp-content\\\/uploads\\\/2024\\\/08\\\/JR.jpg\",\"width\":1200,\"height\":1200,\"caption\":\"Joyroom \u00e1 \u00cdslandi\"},\"image\":{\"@id\":\"https:\\\/\\\/joyroom.is\\\/#\\\/schema\\\/logo\\\/image\\\/\"}}]}<\/script>\n<!-- \/ Yoast SEO Premium plugin. -->","yoast_head_json":{"title":"4 \u00ed 1 h\u00e1hra\u00f0a minniskortalesari | Joyroom","description":"H\u00e1hra\u00f0a minniskortalesari (4 in 1) me\u00f0 kortaraufar fyrir SD og microSD \u00e1samt tengi fyrir Lightning og USB-A sn\u00farur  \u2013 Litur: Hv\u00edtur \u2013 Lengd: 5,1x3,15x5,2 cm \u2013 \u00deyngd: 15g \u2013 Vottun: CE og ROHS","robots":{"index":"index","follow":"follow","max-snippet":"max-snippet:-1","max-image-preview":"max-image-preview:large","max-video-preview":"max-video-preview:-1"},"canonical":"https:\/\/joyroom.is\/vara\/s-h142\/","og_locale":"en_US","og_type":"article","og_title":"4 \u00ed 1 h\u00e1hra\u00f0a minniskortalesari","og_description":"H\u00e1hra\u00f0a minniskortalesari (4 in 1) me\u00f0 kortaraufar fyrir SD og microSD \u00e1samt tengi fyrir Lightning og USB-A sn\u00farur  \u2013 Litur: Hv\u00edtur \u2013 Lengd: 5,1x3,15x5,2 cm \u2013 \u00deyngd: 15g \u2013 Vottun: CE og ROHS","og_url":"https:\/\/joyroom.is\/vara\/s-h142\/","og_site_name":"Joyroom","article_modified_time":"2026-02-15T17:29:24+00:00","og_image":[{"width":600,"height":600,"url":"https:\/\/joyroom.is\/wp-content\/uploads\/2025\/07\/S-H142.jpg","type":"image\/jpeg"}],"twitter_card":"summary_large_image","schema":{"@context":"https:\/\/schema.org","@graph":[{"@type":"WebPage","@id":"https:\/\/joyroom.is\/vara\/s-h142\/","url":"https:\/\/joyroom.is\/vara\/s-h142\/","name":"4 \u00ed 1 h\u00e1hra\u00f0a minniskortalesari | Joyroom","isPartOf":{"@id":"https:\/\/joyroom.is\/#website"},"primaryImageOfPage":{"@id":"https:\/\/joyroom.is\/vara\/s-h142\/#primaryimage"},"image":{"@id":"https:\/\/joyroom.is\/vara\/s-h142\/#primaryimage"},"thumbnailUrl":"https:\/\/joyroom.is\/wp-content\/uploads\/2025\/07\/S-H142.jpg","datePublished":"2025-07-20T12:04:15+00:00","dateModified":"2026-02-15T17:29:24+00:00","description":"H\u00e1hra\u00f0a minniskortalesari (4 in 1) me\u00f0 kortaraufar fyrir SD og microSD \u00e1samt tengi fyrir Lightning og USB-A sn\u00farur \u2013 Litur: Hv\u00edtur \u2013 Lengd: 5,1x3,15x5,2 cm \u2013 \u00deyngd: 15g \u2013 Vottun: CE og ROHS","breadcrumb":{"@id":"https:\/\/joyroom.is\/vara\/s-h142\/#breadcrumb"},"inLanguage":"en-US","potentialAction":[{"@type":"ReadAction","target":["https:\/\/joyroom.is\/vara\/s-h142\/"]}]},{"@type":"ImageObject","inLanguage":"en-US","@id":"https:\/\/joyroom.is\/vara\/s-h142\/#primaryimage","url":"https:\/\/joyroom.is\/wp-content\/uploads\/2025\/07\/S-H142.jpg","contentUrl":"https:\/\/joyroom.is\/wp-content\/uploads\/2025\/07\/S-H142.jpg","width":600,"height":600},{"@type":"BreadcrumbList","@id":"https:\/\/joyroom.is\/vara\/s-h142\/#breadcrumb","itemListElement":[{"@type":"ListItem","position":1,"name":"Home","item":"https:\/\/joyroom.is\/"},{"@type":"ListItem","position":2,"name":"Shop","item":"https:\/\/www.vorulagerinn.is\/heildsala\/en\/shop\/"},{"@type":"ListItem","position":3,"name":"4 \u00ed 1 h\u00e1hra\u00f0a minniskortalesari"}]},{"@type":"WebSite","@id":"https:\/\/joyroom.is\/#website","url":"https:\/\/joyroom.is\/","name":"Joyroom \u00e1 \u00cdslandi","description":"Vali&eth; er einfalt","publisher":{"@id":"https:\/\/joyroom.is\/#organization"},"alternateName":"Joyroom","potentialAction":[{"@type":"SearchAction","target":{"@type":"EntryPoint","urlTemplate":"https:\/\/joyroom.is\/?s={search_term_string}"},"query-input":{"@type":"PropertyValueSpecification","valueRequired":true,"valueName":"search_term_string"}}],"inLanguage":"en-US"},{"@type":"Organization","@id":"https:\/\/joyroom.is\/#organization","name":"Joyroom \u00e1 \u00cdslandi","alternateName":"Joyroom","url":"https:\/\/joyroom.is\/","logo":{"@type":"ImageObject","inLanguage":"en-US","@id":"https:\/\/joyroom.is\/#\/schema\/logo\/image\/","url":"https:\/\/joyroom.is\/wp-content\/uploads\/2024\/08\/JR.jpg","contentUrl":"https:\/\/joyroom.is\/wp-content\/uploads\/2024\/08\/JR.jpg","width":1200,"height":1200,"caption":"Joyroom \u00e1 \u00cdslandi"},"image":{"@id":"https:\/\/joyroom.is\/#\/schema\/logo\/image\/"}}]}},"_links":{"self":[{"href":"https:\/\/joyroom.is\/en\/wp-json\/wp\/v2\/product\/24961","targetHints":{"allow":["GET"]}}],"collection":[{"href":"https:\/\/joyroom.is\/en\/wp-json\/wp\/v2\/product"}],"about":[{"href":"https:\/\/joyroom.is\/en\/wp-json\/wp\/v2\/types\/product"}],"wp:featuredmedia":[{"embeddable":true,"href":"https:\/\/joyroom.is\/en\/wp-json\/wp\/v2\/media\/24953"}],"wp:attachment":[{"href":"https:\/\/joyroom.is\/en\/wp-json\/wp\/v2\/media?parent=24961"}],"wp:term":[{"taxonomy":"product_brand","embeddable":true,"href":"https:\/\/joyroom.is\/en\/wp-json\/wp\/v2\/product_brand?post=24961"},{"taxonomy":"product_cat","embeddable":true,"href":"https:\/\/joyroom.is\/en\/wp-json\/wp\/v2\/product_cat?post=24961"},{"taxonomy":"product_tag","embeddable":true,"href":"https:\/\/joyroom.is\/en\/wp-json\/wp\/v2\/product_tag?post=24961"}],"curies":[{"name":"wp","href":"https:\/\/api.w.org\/{rel}","templated":true}]}}