{"id":24966,"date":"2025-07-20T11:31:39","date_gmt":"2025-07-20T11:31:39","guid":{"rendered":"https:\/\/joyroom.is\/product\/jr-tcf08eu\/"},"modified":"2025-09-30T10:13:31","modified_gmt":"2025-09-30T10:13:31","slug":"jr-tcf08eu","status":"publish","type":"product","link":"https:\/\/joyroom.is\/en\/product\/jr-tcf08eu\/","title":{"rendered":"30W hle\u00f0slut\u00e6ki me\u00f0 USB-A og USB-C tengi"},"content":{"rendered":"<div style=\"width: 540px;\" class=\"wp-video\"><video class=\"wp-video-shortcode\" id=\"video-24966-1\" width=\"540\" height=\"720\" preload=\"metadata\" controls=\"controls\"><source type=\"video\/mp4\" src=\"https:\/\/fodurlandid.is\/wp-content\/uploads\/2025\/07\/JR-TCF08EU.mp4?_=1\" \/><a href=\"https:\/\/fodurlandid.is\/wp-content\/uploads\/2025\/07\/JR-TCF08EU.mp4\">https:\/\/fodurlandid.is\/wp-content\/uploads\/2025\/07\/JR-TCF08EU.mp4<\/a><\/video><\/div>\n","protected":false},"excerpt":{"rendered":"<p>30W hra\u00f0hle\u00f0slut\u00e6ki me\u00f0 USB-A og USB-C tengjum sem h\u00e6gt er a\u00f0 nota samt\u00edmis. Virkar b\u00e6\u00f0i fyrir Apple og Android t\u00e6ki.<\/p>\n<p>\u2013 Sj\u00e1 myndband af v\u00f6ru a\u00f0 ne\u00f0an<br \/>\n\u2013 Litur: Svartur<br \/>\n\u2013 USB-A &amp; USB-C hle\u00f0slutengi<br \/>\n\u2013 Efni: PC<br \/>\n\u2013 Vottun: CE, ROHS &amp; FC<\/p>\n","protected":false},"featured_media":24962,"template":"","meta":[],"product_brand":[],"product_cat":[439],"product_tag":[],"class_list":{"0":"post-24966","1":"product","2":"type-product","3":"status-publish","4":"has-post-thumbnail","6":"product_cat-usb-hledslutaeki","8":"first","9":"instock","10":"taxable","11":"shipping-taxable","12":"purchasable","13":"product-type-simple"},"yoast_head":"<!-- This site is optimized with the Yoast SEO Premium plugin v21.5 (Yoast SEO v27.4) - https:\/\/yoast.com\/product\/yoast-seo-premium-wordpress\/ -->\n<title>30W hle\u00f0slut\u00e6ki me\u00f0 USB-A og USB-C tengi | Joyroom<\/title>\n<meta name=\"description\" content=\"30W hra\u00f0hle\u00f0slut\u00e6ki me\u00f0 USB-A og USB-C tengjum sem h\u00e6gt er a\u00f0 nota samt\u00edmis. Virkar b\u00e6\u00f0i fyrir Apple og Android t\u00e6ki.  \u2013 Sj\u00e1 myndband af v\u00f6ru a\u00f0 ne\u00f0an \u2013 Litur: Svartur \u2013 USB-A &amp; USB-C hle\u00f0slutengi \u2013 Efni: PC \u2013 Vottun: CE, ROHS &amp; FC\" \/>\n<meta name=\"robots\" content=\"index, follow, max-snippet:-1, max-image-preview:large, max-video-preview:-1\" \/>\n<link rel=\"canonical\" href=\"https:\/\/joyroom.is\/vara\/jr-tcf08eu\/\" \/>\n<meta property=\"og:locale\" content=\"en_US\" \/>\n<meta property=\"og:type\" content=\"article\" \/>\n<meta property=\"og:title\" content=\"30W hle\u00f0slut\u00e6ki me\u00f0 USB-A og USB-C tengi\" \/>\n<meta property=\"og:description\" content=\"30W hra\u00f0hle\u00f0slut\u00e6ki me\u00f0 USB-A og USB-C tengjum sem h\u00e6gt er a\u00f0 nota samt\u00edmis. Virkar b\u00e6\u00f0i fyrir Apple og Android t\u00e6ki.  \u2013 Sj\u00e1 myndband af v\u00f6ru a\u00f0 ne\u00f0an \u2013 Litur: Svartur \u2013 USB-A &amp; USB-C hle\u00f0slutengi \u2013 Efni: PC \u2013 Vottun: CE, ROHS &amp; FC\" \/>\n<meta property=\"og:url\" content=\"https:\/\/joyroom.is\/vara\/jr-tcf08eu\/\" \/>\n<meta property=\"og:site_name\" content=\"Joyroom\" \/>\n<meta property=\"article:modified_time\" content=\"2025-09-30T10:13:31+00:00\" \/>\n<meta property=\"og:image\" content=\"https:\/\/joyroom.is\/wp-content\/uploads\/2025\/07\/Hradhledslukubbur-40W-USB-A-og-USB-C-tengi-Photoroom.jpg\" \/>\n\t<meta property=\"og:image:width\" content=\"600\" \/>\n\t<meta property=\"og:image:height\" content=\"600\" \/>\n\t<meta property=\"og:image:type\" content=\"image\/jpeg\" \/>\n<meta name=\"twitter:card\" content=\"summary_large_image\" \/>\n<script type=\"application\/ld+json\" class=\"yoast-schema-graph\">{\"@context\":\"https:\\\/\\\/schema.org\",\"@graph\":[{\"@type\":\"WebPage\",\"@id\":\"https:\\\/\\\/joyroom.is\\\/vara\\\/jr-tcf08eu\\\/\",\"url\":\"https:\\\/\\\/joyroom.is\\\/vara\\\/jr-tcf08eu\\\/\",\"name\":\"30W hle\u00f0slut\u00e6ki me\u00f0 USB-A og USB-C tengi | Joyroom\",\"isPartOf\":{\"@id\":\"https:\\\/\\\/joyroom.is\\\/#website\"},\"primaryImageOfPage\":{\"@id\":\"https:\\\/\\\/joyroom.is\\\/vara\\\/jr-tcf08eu\\\/#primaryimage\"},\"image\":{\"@id\":\"https:\\\/\\\/joyroom.is\\\/vara\\\/jr-tcf08eu\\\/#primaryimage\"},\"thumbnailUrl\":\"https:\\\/\\\/joyroom.is\\\/wp-content\\\/uploads\\\/2025\\\/07\\\/Hradhledslukubbur-40W-USB-A-og-USB-C-tengi-Photoroom.jpg\",\"datePublished\":\"2025-07-20T11:31:39+00:00\",\"dateModified\":\"2025-09-30T10:13:31+00:00\",\"description\":\"30W hra\u00f0hle\u00f0slut\u00e6ki me\u00f0 USB-A og USB-C tengjum sem h\u00e6gt er a\u00f0 nota samt\u00edmis. Virkar b\u00e6\u00f0i fyrir Apple og Android t\u00e6ki. \u2013 Sj\u00e1 myndband af v\u00f6ru a\u00f0 ne\u00f0an \u2013 Litur: Svartur \u2013 USB-A &amp; USB-C hle\u00f0slutengi \u2013 Efni: PC \u2013 Vottun: CE, ROHS &amp; FC\",\"breadcrumb\":{\"@id\":\"https:\\\/\\\/joyroom.is\\\/vara\\\/jr-tcf08eu\\\/#breadcrumb\"},\"inLanguage\":\"en-US\",\"potentialAction\":[{\"@type\":\"ReadAction\",\"target\":[\"https:\\\/\\\/joyroom.is\\\/vara\\\/jr-tcf08eu\\\/\"]}]},{\"@type\":\"ImageObject\",\"inLanguage\":\"en-US\",\"@id\":\"https:\\\/\\\/joyroom.is\\\/vara\\\/jr-tcf08eu\\\/#primaryimage\",\"url\":\"https:\\\/\\\/joyroom.is\\\/wp-content\\\/uploads\\\/2025\\\/07\\\/Hradhledslukubbur-40W-USB-A-og-USB-C-tengi-Photoroom.jpg\",\"contentUrl\":\"https:\\\/\\\/joyroom.is\\\/wp-content\\\/uploads\\\/2025\\\/07\\\/Hradhledslukubbur-40W-USB-A-og-USB-C-tengi-Photoroom.jpg\",\"width\":600,\"height\":600},{\"@type\":\"BreadcrumbList\",\"@id\":\"https:\\\/\\\/joyroom.is\\\/vara\\\/jr-tcf08eu\\\/#breadcrumb\",\"itemListElement\":[{\"@type\":\"ListItem\",\"position\":1,\"name\":\"Home\",\"item\":\"https:\\\/\\\/joyroom.is\\\/\"},{\"@type\":\"ListItem\",\"position\":2,\"name\":\"Shop\",\"item\":\"https:\\\/\\\/www.vorulagerinn.is\\\/heildsala\\\/en\\\/shop\\\/\"},{\"@type\":\"ListItem\",\"position\":3,\"name\":\"30W hle\u00f0slut\u00e6ki me\u00f0 USB-A og USB-C tengi\"}]},{\"@type\":\"WebSite\",\"@id\":\"https:\\\/\\\/joyroom.is\\\/#website\",\"url\":\"https:\\\/\\\/joyroom.is\\\/\",\"name\":\"Joyroom \u00e1 \u00cdslandi\",\"description\":\"Vali&eth; er einfalt\",\"publisher\":{\"@id\":\"https:\\\/\\\/joyroom.is\\\/#organization\"},\"alternateName\":\"Joyroom\",\"potentialAction\":[{\"@type\":\"SearchAction\",\"target\":{\"@type\":\"EntryPoint\",\"urlTemplate\":\"https:\\\/\\\/joyroom.is\\\/?s={search_term_string}\"},\"query-input\":{\"@type\":\"PropertyValueSpecification\",\"valueRequired\":true,\"valueName\":\"search_term_string\"}}],\"inLanguage\":\"en-US\"},{\"@type\":\"Organization\",\"@id\":\"https:\\\/\\\/joyroom.is\\\/#organization\",\"name\":\"Joyroom \u00e1 \u00cdslandi\",\"alternateName\":\"Joyroom\",\"url\":\"https:\\\/\\\/joyroom.is\\\/\",\"logo\":{\"@type\":\"ImageObject\",\"inLanguage\":\"en-US\",\"@id\":\"https:\\\/\\\/joyroom.is\\\/#\\\/schema\\\/logo\\\/image\\\/\",\"url\":\"https:\\\/\\\/joyroom.is\\\/wp-content\\\/uploads\\\/2024\\\/08\\\/JR.jpg\",\"contentUrl\":\"https:\\\/\\\/joyroom.is\\\/wp-content\\\/uploads\\\/2024\\\/08\\\/JR.jpg\",\"width\":1200,\"height\":1200,\"caption\":\"Joyroom \u00e1 \u00cdslandi\"},\"image\":{\"@id\":\"https:\\\/\\\/joyroom.is\\\/#\\\/schema\\\/logo\\\/image\\\/\"}}]}<\/script>\n<!-- \/ Yoast SEO Premium plugin. -->","yoast_head_json":{"title":"30W hle\u00f0slut\u00e6ki me\u00f0 USB-A og USB-C tengi | Joyroom","description":"30W hra\u00f0hle\u00f0slut\u00e6ki me\u00f0 USB-A og USB-C tengjum sem h\u00e6gt er a\u00f0 nota samt\u00edmis. Virkar b\u00e6\u00f0i fyrir Apple og Android t\u00e6ki.  \u2013 Sj\u00e1 myndband af v\u00f6ru a\u00f0 ne\u00f0an \u2013 Litur: Svartur \u2013 USB-A &amp; USB-C hle\u00f0slutengi \u2013 Efni: PC \u2013 Vottun: CE, ROHS &amp; FC","robots":{"index":"index","follow":"follow","max-snippet":"max-snippet:-1","max-image-preview":"max-image-preview:large","max-video-preview":"max-video-preview:-1"},"canonical":"https:\/\/joyroom.is\/vara\/jr-tcf08eu\/","og_locale":"en_US","og_type":"article","og_title":"30W hle\u00f0slut\u00e6ki me\u00f0 USB-A og USB-C tengi","og_description":"30W hra\u00f0hle\u00f0slut\u00e6ki me\u00f0 USB-A og USB-C tengjum sem h\u00e6gt er a\u00f0 nota samt\u00edmis. Virkar b\u00e6\u00f0i fyrir Apple og Android t\u00e6ki.  \u2013 Sj\u00e1 myndband af v\u00f6ru a\u00f0 ne\u00f0an \u2013 Litur: Svartur \u2013 USB-A &amp; USB-C hle\u00f0slutengi \u2013 Efni: PC \u2013 Vottun: CE, ROHS &amp; FC","og_url":"https:\/\/joyroom.is\/vara\/jr-tcf08eu\/","og_site_name":"Joyroom","article_modified_time":"2025-09-30T10:13:31+00:00","og_image":[{"width":600,"height":600,"url":"https:\/\/joyroom.is\/wp-content\/uploads\/2025\/07\/Hradhledslukubbur-40W-USB-A-og-USB-C-tengi-Photoroom.jpg","type":"image\/jpeg"}],"twitter_card":"summary_large_image","schema":{"@context":"https:\/\/schema.org","@graph":[{"@type":"WebPage","@id":"https:\/\/joyroom.is\/vara\/jr-tcf08eu\/","url":"https:\/\/joyroom.is\/vara\/jr-tcf08eu\/","name":"30W hle\u00f0slut\u00e6ki me\u00f0 USB-A og USB-C tengi | Joyroom","isPartOf":{"@id":"https:\/\/joyroom.is\/#website"},"primaryImageOfPage":{"@id":"https:\/\/joyroom.is\/vara\/jr-tcf08eu\/#primaryimage"},"image":{"@id":"https:\/\/joyroom.is\/vara\/jr-tcf08eu\/#primaryimage"},"thumbnailUrl":"https:\/\/joyroom.is\/wp-content\/uploads\/2025\/07\/Hradhledslukubbur-40W-USB-A-og-USB-C-tengi-Photoroom.jpg","datePublished":"2025-07-20T11:31:39+00:00","dateModified":"2025-09-30T10:13:31+00:00","description":"30W hra\u00f0hle\u00f0slut\u00e6ki me\u00f0 USB-A og USB-C tengjum sem h\u00e6gt er a\u00f0 nota samt\u00edmis. Virkar b\u00e6\u00f0i fyrir Apple og Android t\u00e6ki. \u2013 Sj\u00e1 myndband af v\u00f6ru a\u00f0 ne\u00f0an \u2013 Litur: Svartur \u2013 USB-A &amp; USB-C hle\u00f0slutengi \u2013 Efni: PC \u2013 Vottun: CE, ROHS &amp; FC","breadcrumb":{"@id":"https:\/\/joyroom.is\/vara\/jr-tcf08eu\/#breadcrumb"},"inLanguage":"en-US","potentialAction":[{"@type":"ReadAction","target":["https:\/\/joyroom.is\/vara\/jr-tcf08eu\/"]}]},{"@type":"ImageObject","inLanguage":"en-US","@id":"https:\/\/joyroom.is\/vara\/jr-tcf08eu\/#primaryimage","url":"https:\/\/joyroom.is\/wp-content\/uploads\/2025\/07\/Hradhledslukubbur-40W-USB-A-og-USB-C-tengi-Photoroom.jpg","contentUrl":"https:\/\/joyroom.is\/wp-content\/uploads\/2025\/07\/Hradhledslukubbur-40W-USB-A-og-USB-C-tengi-Photoroom.jpg","width":600,"height":600},{"@type":"BreadcrumbList","@id":"https:\/\/joyroom.is\/vara\/jr-tcf08eu\/#breadcrumb","itemListElement":[{"@type":"ListItem","position":1,"name":"Home","item":"https:\/\/joyroom.is\/"},{"@type":"ListItem","position":2,"name":"Shop","item":"https:\/\/www.vorulagerinn.is\/heildsala\/en\/shop\/"},{"@type":"ListItem","position":3,"name":"30W hle\u00f0slut\u00e6ki me\u00f0 USB-A og USB-C tengi"}]},{"@type":"WebSite","@id":"https:\/\/joyroom.is\/#website","url":"https:\/\/joyroom.is\/","name":"Joyroom \u00e1 \u00cdslandi","description":"Vali&eth; er einfalt","publisher":{"@id":"https:\/\/joyroom.is\/#organization"},"alternateName":"Joyroom","potentialAction":[{"@type":"SearchAction","target":{"@type":"EntryPoint","urlTemplate":"https:\/\/joyroom.is\/?s={search_term_string}"},"query-input":{"@type":"PropertyValueSpecification","valueRequired":true,"valueName":"search_term_string"}}],"inLanguage":"en-US"},{"@type":"Organization","@id":"https:\/\/joyroom.is\/#organization","name":"Joyroom \u00e1 \u00cdslandi","alternateName":"Joyroom","url":"https:\/\/joyroom.is\/","logo":{"@type":"ImageObject","inLanguage":"en-US","@id":"https:\/\/joyroom.is\/#\/schema\/logo\/image\/","url":"https:\/\/joyroom.is\/wp-content\/uploads\/2024\/08\/JR.jpg","contentUrl":"https:\/\/joyroom.is\/wp-content\/uploads\/2024\/08\/JR.jpg","width":1200,"height":1200,"caption":"Joyroom \u00e1 \u00cdslandi"},"image":{"@id":"https:\/\/joyroom.is\/#\/schema\/logo\/image\/"}}]}},"_links":{"self":[{"href":"https:\/\/joyroom.is\/en\/wp-json\/wp\/v2\/product\/24966","targetHints":{"allow":["GET"]}}],"collection":[{"href":"https:\/\/joyroom.is\/en\/wp-json\/wp\/v2\/product"}],"about":[{"href":"https:\/\/joyroom.is\/en\/wp-json\/wp\/v2\/types\/product"}],"wp:featuredmedia":[{"embeddable":true,"href":"https:\/\/joyroom.is\/en\/wp-json\/wp\/v2\/media\/24962"}],"wp:attachment":[{"href":"https:\/\/joyroom.is\/en\/wp-json\/wp\/v2\/media?parent=24966"}],"wp:term":[{"taxonomy":"product_brand","embeddable":true,"href":"https:\/\/joyroom.is\/en\/wp-json\/wp\/v2\/product_brand?post=24966"},{"taxonomy":"product_cat","embeddable":true,"href":"https:\/\/joyroom.is\/en\/wp-json\/wp\/v2\/product_cat?post=24966"},{"taxonomy":"product_tag","embeddable":true,"href":"https:\/\/joyroom.is\/en\/wp-json\/wp\/v2\/product_tag?post=24966"}],"curies":[{"name":"wp","href":"https:\/\/api.w.org\/{rel}","templated":true}]}}