{"id":24973,"date":"2025-07-20T11:06:52","date_gmt":"2025-07-20T11:06:52","guid":{"rendered":"https:\/\/joyroom.is\/product\/jr-tcf09eu\/"},"modified":"2026-02-15T19:16:57","modified_gmt":"2026-02-15T19:16:57","slug":"jr-tcf09eu","status":"publish","type":"product","link":"https:\/\/joyroom.is\/en\/product\/jr-tcf09eu\/","title":{"rendered":"40W hle\u00f0slut\u00e6ki me\u00f0 tveimur USB-C tengjum"},"content":{"rendered":"","protected":false},"excerpt":{"rendered":"<p>Hra\u00f0hle\u00f0slut\u00e6ki\u00f0 er 40W me\u00f0 tveimur USB-C tengjum sem h\u00e6gt er a\u00f0 nota samt\u00edmis. Hle\u00f0slut\u00e6ki\u00f0 hle\u00f0ur fer\u00f0av\u00e9lar, snjalls\u00edma, spjaldt\u00f6lvur, AirPods, headphones, Apple Watch og hle\u00f0slubanka hra\u00f0ar en hef\u00f0bundin hle\u00f0slut\u00e6ki. Virkar jafnt \u00e1 Apple og Android t\u00e6ki.<\/p>\n<p>\u2013 Litur: Svartur<br \/>\n\u2013 St\u00e6r\u00f0: 4,7x 3 x 8,95 cm<br \/>\n\u2013 \u00deyngd: 93g<br \/>\n\u2013 Efni: PC<br \/>\n\u2013 Tengi: 2x USB-C<br \/>\n\u2013 Inn: AC 100-240V~50\/60Hz, 0.8A (Max)<br \/>\n\u2013 \u00dat-1 Output: 5V = 3A, 9V = 2.22A, 12V = 1.67A, 20W<br \/>\n\u2013 \u00dat-2 Output: 5V = 3A, 9V = 2.22A, 12V = 1.67A, 20W<br \/>\n\u2013 Vottun: CE, ROHS og FC<\/p>\n","protected":false},"featured_media":24967,"template":"","meta":[],"product_brand":[],"product_cat":[439],"product_tag":[],"class_list":{"0":"post-24973","1":"product","2":"type-product","3":"status-publish","4":"has-post-thumbnail","6":"product_cat-usb-hledslutaeki","8":"first","9":"instock","10":"taxable","11":"shipping-taxable","12":"purchasable","13":"product-type-simple"},"yoast_head":"<!-- This site is optimized with the Yoast SEO Premium plugin v21.5 (Yoast SEO v27.4) - https:\/\/yoast.com\/product\/yoast-seo-premium-wordpress\/ -->\n<title>40W hle\u00f0slut\u00e6ki me\u00f0 tveimur USB-C tengjum | Joyroom<\/title>\n<meta name=\"description\" content=\"Hra\u00f0hle\u00f0slut\u00e6ki\u00f0 er 40W me\u00f0 tveimur USB-C tengjum sem h\u00e6gt er a\u00f0 nota samt\u00edmis. Hle\u00f0slut\u00e6ki\u00f0 hle\u00f0ur fer\u00f0av\u00e9lar, snjalls\u00edma, spjaldt\u00f6lvur, AirPods, headphones, Apple Watch og hle\u00f0slubanka hra\u00f0ar en hef\u00f0bundin hle\u00f0slut\u00e6ki. Virkar jafnt \u00e1 Apple og Android t\u00e6ki.  \u2013 Litur: Svartur \u2013 St\u00e6r\u00f0: 4,7x 3 x 8,95 cm \u2013 \u00deyngd: 93g \u2013 Efni: PC \u2013 Tengi: 2x USB-C \u2013 Inn: AC 100-240V~50\/60Hz, 0.8A (Max) \u2013 \u00dat-1 Output: 5V = 3A, 9V = 2.22A, 12V = 1.67A, 20W \u2013 \u00dat-2 Output: 5V = 3A, 9V = 2.22A, 12V = 1.67A, 20W \u2013 Vottun: CE, ROHS og FC\" \/>\n<meta name=\"robots\" content=\"index, follow, max-snippet:-1, max-image-preview:large, max-video-preview:-1\" \/>\n<link rel=\"canonical\" href=\"https:\/\/joyroom.is\/vara\/jr-tcf09eu\/\" \/>\n<meta property=\"og:locale\" content=\"en_US\" \/>\n<meta property=\"og:type\" content=\"article\" \/>\n<meta property=\"og:title\" content=\"40W hle\u00f0slut\u00e6ki me\u00f0 tveimur USB-C tengjum\" \/>\n<meta property=\"og:description\" content=\"Hra\u00f0hle\u00f0slut\u00e6ki\u00f0 er 40W me\u00f0 tveimur USB-C tengjum sem h\u00e6gt er a\u00f0 nota samt\u00edmis. Hle\u00f0slut\u00e6ki\u00f0 hle\u00f0ur fer\u00f0av\u00e9lar, snjalls\u00edma, spjaldt\u00f6lvur, AirPods, headphones, Apple Watch og hle\u00f0slubanka hra\u00f0ar en hef\u00f0bundin hle\u00f0slut\u00e6ki. Virkar jafnt \u00e1 Apple og Android t\u00e6ki.  \u2013 Litur: Svartur \u2013 St\u00e6r\u00f0: 4,7x 3 x 8,95 cm \u2013 \u00deyngd: 93g \u2013 Efni: PC \u2013 Tengi: 2x USB-C \u2013 Inn: AC 100-240V~50\/60Hz, 0.8A (Max) \u2013 \u00dat-1 Output: 5V = 3A, 9V = 2.22A, 12V = 1.67A, 20W \u2013 \u00dat-2 Output: 5V = 3A, 9V = 2.22A, 12V = 1.67A, 20W \u2013 Vottun: CE, ROHS og FC\" \/>\n<meta property=\"og:url\" content=\"https:\/\/joyroom.is\/vara\/jr-tcf09eu\/\" \/>\n<meta property=\"og:site_name\" content=\"Joyroom\" \/>\n<meta property=\"article:modified_time\" content=\"2026-02-15T19:16:57+00:00\" \/>\n<meta property=\"og:image\" content=\"https:\/\/joyroom.is\/wp-content\/uploads\/2025\/07\/JR-TCF09EU-1.jpg\" \/>\n\t<meta property=\"og:image:width\" content=\"600\" \/>\n\t<meta property=\"og:image:height\" content=\"600\" \/>\n\t<meta property=\"og:image:type\" content=\"image\/jpeg\" \/>\n<meta name=\"twitter:card\" content=\"summary_large_image\" \/>\n<script type=\"application\/ld+json\" class=\"yoast-schema-graph\">{\"@context\":\"https:\\\/\\\/schema.org\",\"@graph\":[{\"@type\":\"WebPage\",\"@id\":\"https:\\\/\\\/joyroom.is\\\/vara\\\/jr-tcf09eu\\\/\",\"url\":\"https:\\\/\\\/joyroom.is\\\/vara\\\/jr-tcf09eu\\\/\",\"name\":\"40W hle\u00f0slut\u00e6ki me\u00f0 tveimur USB-C tengjum | Joyroom\",\"isPartOf\":{\"@id\":\"https:\\\/\\\/joyroom.is\\\/#website\"},\"primaryImageOfPage\":{\"@id\":\"https:\\\/\\\/joyroom.is\\\/vara\\\/jr-tcf09eu\\\/#primaryimage\"},\"image\":{\"@id\":\"https:\\\/\\\/joyroom.is\\\/vara\\\/jr-tcf09eu\\\/#primaryimage\"},\"thumbnailUrl\":\"https:\\\/\\\/joyroom.is\\\/wp-content\\\/uploads\\\/2025\\\/07\\\/JR-TCF09EU-1.jpg\",\"datePublished\":\"2025-07-20T11:06:52+00:00\",\"dateModified\":\"2026-02-15T19:16:57+00:00\",\"description\":\"Hra\u00f0hle\u00f0slut\u00e6ki\u00f0 er 40W me\u00f0 tveimur USB-C tengjum sem h\u00e6gt er a\u00f0 nota samt\u00edmis. Hle\u00f0slut\u00e6ki\u00f0 hle\u00f0ur fer\u00f0av\u00e9lar, snjalls\u00edma, spjaldt\u00f6lvur, AirPods, headphones, Apple Watch og hle\u00f0slubanka hra\u00f0ar en hef\u00f0bundin hle\u00f0slut\u00e6ki. Virkar jafnt \u00e1 Apple og Android t\u00e6ki. \u2013 Litur: Svartur \u2013 St\u00e6r\u00f0: 4,7x 3 x 8,95 cm \u2013 \u00deyngd: 93g \u2013 Efni: PC \u2013 Tengi: 2x USB-C \u2013 Inn: AC 100-240V~50\\\/60Hz, 0.8A (Max) \u2013 \u00dat-1 Output: 5V = 3A, 9V = 2.22A, 12V = 1.67A, 20W \u2013 \u00dat-2 Output: 5V = 3A, 9V = 2.22A, 12V = 1.67A, 20W \u2013 Vottun: CE, ROHS og FC\",\"breadcrumb\":{\"@id\":\"https:\\\/\\\/joyroom.is\\\/vara\\\/jr-tcf09eu\\\/#breadcrumb\"},\"inLanguage\":\"en-US\",\"potentialAction\":[{\"@type\":\"ReadAction\",\"target\":[\"https:\\\/\\\/joyroom.is\\\/vara\\\/jr-tcf09eu\\\/\"]}]},{\"@type\":\"ImageObject\",\"inLanguage\":\"en-US\",\"@id\":\"https:\\\/\\\/joyroom.is\\\/vara\\\/jr-tcf09eu\\\/#primaryimage\",\"url\":\"https:\\\/\\\/joyroom.is\\\/wp-content\\\/uploads\\\/2025\\\/07\\\/JR-TCF09EU-1.jpg\",\"contentUrl\":\"https:\\\/\\\/joyroom.is\\\/wp-content\\\/uploads\\\/2025\\\/07\\\/JR-TCF09EU-1.jpg\",\"width\":600,\"height\":600},{\"@type\":\"BreadcrumbList\",\"@id\":\"https:\\\/\\\/joyroom.is\\\/vara\\\/jr-tcf09eu\\\/#breadcrumb\",\"itemListElement\":[{\"@type\":\"ListItem\",\"position\":1,\"name\":\"Home\",\"item\":\"https:\\\/\\\/joyroom.is\\\/\"},{\"@type\":\"ListItem\",\"position\":2,\"name\":\"Shop\",\"item\":\"https:\\\/\\\/www.vorulagerinn.is\\\/heildsala\\\/en\\\/shop\\\/\"},{\"@type\":\"ListItem\",\"position\":3,\"name\":\"40W hle\u00f0slut\u00e6ki me\u00f0 tveimur USB-C tengjum\"}]},{\"@type\":\"WebSite\",\"@id\":\"https:\\\/\\\/joyroom.is\\\/#website\",\"url\":\"https:\\\/\\\/joyroom.is\\\/\",\"name\":\"Joyroom \u00e1 \u00cdslandi\",\"description\":\"Vali&eth; er einfalt\",\"publisher\":{\"@id\":\"https:\\\/\\\/joyroom.is\\\/#organization\"},\"alternateName\":\"Joyroom\",\"potentialAction\":[{\"@type\":\"SearchAction\",\"target\":{\"@type\":\"EntryPoint\",\"urlTemplate\":\"https:\\\/\\\/joyroom.is\\\/?s={search_term_string}\"},\"query-input\":{\"@type\":\"PropertyValueSpecification\",\"valueRequired\":true,\"valueName\":\"search_term_string\"}}],\"inLanguage\":\"en-US\"},{\"@type\":\"Organization\",\"@id\":\"https:\\\/\\\/joyroom.is\\\/#organization\",\"name\":\"Joyroom \u00e1 \u00cdslandi\",\"alternateName\":\"Joyroom\",\"url\":\"https:\\\/\\\/joyroom.is\\\/\",\"logo\":{\"@type\":\"ImageObject\",\"inLanguage\":\"en-US\",\"@id\":\"https:\\\/\\\/joyroom.is\\\/#\\\/schema\\\/logo\\\/image\\\/\",\"url\":\"https:\\\/\\\/joyroom.is\\\/wp-content\\\/uploads\\\/2024\\\/08\\\/JR.jpg\",\"contentUrl\":\"https:\\\/\\\/joyroom.is\\\/wp-content\\\/uploads\\\/2024\\\/08\\\/JR.jpg\",\"width\":1200,\"height\":1200,\"caption\":\"Joyroom \u00e1 \u00cdslandi\"},\"image\":{\"@id\":\"https:\\\/\\\/joyroom.is\\\/#\\\/schema\\\/logo\\\/image\\\/\"}}]}<\/script>\n<!-- \/ Yoast SEO Premium plugin. -->","yoast_head_json":{"title":"40W hle\u00f0slut\u00e6ki me\u00f0 tveimur USB-C tengjum | Joyroom","description":"Hra\u00f0hle\u00f0slut\u00e6ki\u00f0 er 40W me\u00f0 tveimur USB-C tengjum sem h\u00e6gt er a\u00f0 nota samt\u00edmis. Hle\u00f0slut\u00e6ki\u00f0 hle\u00f0ur fer\u00f0av\u00e9lar, snjalls\u00edma, spjaldt\u00f6lvur, AirPods, headphones, Apple Watch og hle\u00f0slubanka hra\u00f0ar en hef\u00f0bundin hle\u00f0slut\u00e6ki. Virkar jafnt \u00e1 Apple og Android t\u00e6ki.  \u2013 Litur: Svartur \u2013 St\u00e6r\u00f0: 4,7x 3 x 8,95 cm \u2013 \u00deyngd: 93g \u2013 Efni: PC \u2013 Tengi: 2x USB-C \u2013 Inn: AC 100-240V~50\/60Hz, 0.8A (Max) \u2013 \u00dat-1 Output: 5V = 3A, 9V = 2.22A, 12V = 1.67A, 20W \u2013 \u00dat-2 Output: 5V = 3A, 9V = 2.22A, 12V = 1.67A, 20W \u2013 Vottun: CE, ROHS og FC","robots":{"index":"index","follow":"follow","max-snippet":"max-snippet:-1","max-image-preview":"max-image-preview:large","max-video-preview":"max-video-preview:-1"},"canonical":"https:\/\/joyroom.is\/vara\/jr-tcf09eu\/","og_locale":"en_US","og_type":"article","og_title":"40W hle\u00f0slut\u00e6ki me\u00f0 tveimur USB-C tengjum","og_description":"Hra\u00f0hle\u00f0slut\u00e6ki\u00f0 er 40W me\u00f0 tveimur USB-C tengjum sem h\u00e6gt er a\u00f0 nota samt\u00edmis. Hle\u00f0slut\u00e6ki\u00f0 hle\u00f0ur fer\u00f0av\u00e9lar, snjalls\u00edma, spjaldt\u00f6lvur, AirPods, headphones, Apple Watch og hle\u00f0slubanka hra\u00f0ar en hef\u00f0bundin hle\u00f0slut\u00e6ki. Virkar jafnt \u00e1 Apple og Android t\u00e6ki.  \u2013 Litur: Svartur \u2013 St\u00e6r\u00f0: 4,7x 3 x 8,95 cm \u2013 \u00deyngd: 93g \u2013 Efni: PC \u2013 Tengi: 2x USB-C \u2013 Inn: AC 100-240V~50\/60Hz, 0.8A (Max) \u2013 \u00dat-1 Output: 5V = 3A, 9V = 2.22A, 12V = 1.67A, 20W \u2013 \u00dat-2 Output: 5V = 3A, 9V = 2.22A, 12V = 1.67A, 20W \u2013 Vottun: CE, ROHS og FC","og_url":"https:\/\/joyroom.is\/vara\/jr-tcf09eu\/","og_site_name":"Joyroom","article_modified_time":"2026-02-15T19:16:57+00:00","og_image":[{"width":600,"height":600,"url":"https:\/\/joyroom.is\/wp-content\/uploads\/2025\/07\/JR-TCF09EU-1.jpg","type":"image\/jpeg"}],"twitter_card":"summary_large_image","schema":{"@context":"https:\/\/schema.org","@graph":[{"@type":"WebPage","@id":"https:\/\/joyroom.is\/vara\/jr-tcf09eu\/","url":"https:\/\/joyroom.is\/vara\/jr-tcf09eu\/","name":"40W hle\u00f0slut\u00e6ki me\u00f0 tveimur USB-C tengjum | Joyroom","isPartOf":{"@id":"https:\/\/joyroom.is\/#website"},"primaryImageOfPage":{"@id":"https:\/\/joyroom.is\/vara\/jr-tcf09eu\/#primaryimage"},"image":{"@id":"https:\/\/joyroom.is\/vara\/jr-tcf09eu\/#primaryimage"},"thumbnailUrl":"https:\/\/joyroom.is\/wp-content\/uploads\/2025\/07\/JR-TCF09EU-1.jpg","datePublished":"2025-07-20T11:06:52+00:00","dateModified":"2026-02-15T19:16:57+00:00","description":"Hra\u00f0hle\u00f0slut\u00e6ki\u00f0 er 40W me\u00f0 tveimur USB-C tengjum sem h\u00e6gt er a\u00f0 nota samt\u00edmis. Hle\u00f0slut\u00e6ki\u00f0 hle\u00f0ur fer\u00f0av\u00e9lar, snjalls\u00edma, spjaldt\u00f6lvur, AirPods, headphones, Apple Watch og hle\u00f0slubanka hra\u00f0ar en hef\u00f0bundin hle\u00f0slut\u00e6ki. Virkar jafnt \u00e1 Apple og Android t\u00e6ki. \u2013 Litur: Svartur \u2013 St\u00e6r\u00f0: 4,7x 3 x 8,95 cm \u2013 \u00deyngd: 93g \u2013 Efni: PC \u2013 Tengi: 2x USB-C \u2013 Inn: AC 100-240V~50\/60Hz, 0.8A (Max) \u2013 \u00dat-1 Output: 5V = 3A, 9V = 2.22A, 12V = 1.67A, 20W \u2013 \u00dat-2 Output: 5V = 3A, 9V = 2.22A, 12V = 1.67A, 20W \u2013 Vottun: CE, ROHS og FC","breadcrumb":{"@id":"https:\/\/joyroom.is\/vara\/jr-tcf09eu\/#breadcrumb"},"inLanguage":"en-US","potentialAction":[{"@type":"ReadAction","target":["https:\/\/joyroom.is\/vara\/jr-tcf09eu\/"]}]},{"@type":"ImageObject","inLanguage":"en-US","@id":"https:\/\/joyroom.is\/vara\/jr-tcf09eu\/#primaryimage","url":"https:\/\/joyroom.is\/wp-content\/uploads\/2025\/07\/JR-TCF09EU-1.jpg","contentUrl":"https:\/\/joyroom.is\/wp-content\/uploads\/2025\/07\/JR-TCF09EU-1.jpg","width":600,"height":600},{"@type":"BreadcrumbList","@id":"https:\/\/joyroom.is\/vara\/jr-tcf09eu\/#breadcrumb","itemListElement":[{"@type":"ListItem","position":1,"name":"Home","item":"https:\/\/joyroom.is\/"},{"@type":"ListItem","position":2,"name":"Shop","item":"https:\/\/www.vorulagerinn.is\/heildsala\/en\/shop\/"},{"@type":"ListItem","position":3,"name":"40W hle\u00f0slut\u00e6ki me\u00f0 tveimur USB-C tengjum"}]},{"@type":"WebSite","@id":"https:\/\/joyroom.is\/#website","url":"https:\/\/joyroom.is\/","name":"Joyroom \u00e1 \u00cdslandi","description":"Vali&eth; er einfalt","publisher":{"@id":"https:\/\/joyroom.is\/#organization"},"alternateName":"Joyroom","potentialAction":[{"@type":"SearchAction","target":{"@type":"EntryPoint","urlTemplate":"https:\/\/joyroom.is\/?s={search_term_string}"},"query-input":{"@type":"PropertyValueSpecification","valueRequired":true,"valueName":"search_term_string"}}],"inLanguage":"en-US"},{"@type":"Organization","@id":"https:\/\/joyroom.is\/#organization","name":"Joyroom \u00e1 \u00cdslandi","alternateName":"Joyroom","url":"https:\/\/joyroom.is\/","logo":{"@type":"ImageObject","inLanguage":"en-US","@id":"https:\/\/joyroom.is\/#\/schema\/logo\/image\/","url":"https:\/\/joyroom.is\/wp-content\/uploads\/2024\/08\/JR.jpg","contentUrl":"https:\/\/joyroom.is\/wp-content\/uploads\/2024\/08\/JR.jpg","width":1200,"height":1200,"caption":"Joyroom \u00e1 \u00cdslandi"},"image":{"@id":"https:\/\/joyroom.is\/#\/schema\/logo\/image\/"}}]}},"_links":{"self":[{"href":"https:\/\/joyroom.is\/en\/wp-json\/wp\/v2\/product\/24973","targetHints":{"allow":["GET"]}}],"collection":[{"href":"https:\/\/joyroom.is\/en\/wp-json\/wp\/v2\/product"}],"about":[{"href":"https:\/\/joyroom.is\/en\/wp-json\/wp\/v2\/types\/product"}],"wp:featuredmedia":[{"embeddable":true,"href":"https:\/\/joyroom.is\/en\/wp-json\/wp\/v2\/media\/24967"}],"wp:attachment":[{"href":"https:\/\/joyroom.is\/en\/wp-json\/wp\/v2\/media?parent=24973"}],"wp:term":[{"taxonomy":"product_brand","embeddable":true,"href":"https:\/\/joyroom.is\/en\/wp-json\/wp\/v2\/product_brand?post=24973"},{"taxonomy":"product_cat","embeddable":true,"href":"https:\/\/joyroom.is\/en\/wp-json\/wp\/v2\/product_cat?post=24973"},{"taxonomy":"product_tag","embeddable":true,"href":"https:\/\/joyroom.is\/en\/wp-json\/wp\/v2\/product_tag?post=24973"}],"curies":[{"name":"wp","href":"https:\/\/api.w.org\/{rel}","templated":true}]}}