{"id":24979,"date":"2025-07-19T19:45:47","date_gmt":"2025-07-19T19:45:47","guid":{"rendered":"https:\/\/joyroom.is\/product\/jr-tcg15eu\/"},"modified":"2026-02-24T12:12:33","modified_gmt":"2026-02-24T12:12:33","slug":"jr-tcg15eu","status":"publish","type":"product","link":"https:\/\/joyroom.is\/en\/product\/jr-tcg15eu\/","title":{"rendered":"30W Mini GaN hra\u00f0hle\u00f0slut\u00e6ki me\u00f0 USB-C tengi"},"content":{"rendered":"","protected":false},"excerpt":{"rendered":"<p>30W hra\u00f0hle\u00f0slukubburinn er 60% minni en a\u00f0rir samb\u00e6rilegir kubbar. Hra\u00f0hle\u00f0slukubburinn er me\u00f0 Smart GaN chip sem gerir hle\u00f0sluna betri, skilvirkari og \u00f6ruggari. Me\u00f0 \u00fev\u00ed a\u00f0 hla\u00f0a n\u00fdjustu \u00fatg\u00e1funa af Iphone f\u00e6r\u00f0u 80% hle\u00f0slu \u00e1 30 m\u00edn. Hra\u00f0hle\u00f0slukubburinn hle\u00f0ur fer\u00f0av\u00e9lar, fars\u00edma, spjaldt\u00f6lvur, AirPods, headphones, Apple Watch og hle\u00f0slubanka af mismunandi v\u00f6rumerkjum hra\u00f0ar en hef\u00f0bundin hle\u00f0slut\u00e6ki.<\/p>\n<p>\u2013 Sj\u00e1 video a\u00f0 ne\u00f0an<br \/>\n\u2013 Litur: Hv\u00edtur<br \/>\n\u2013 Tengi: USB-C tengi<br \/>\n\u2013 Input: 100\/240V 50\/60Hz 0.8A (max)<br \/>\n\u2013 Output: 5V=3A \/ 9V=3A \/ 12V=2.5A \/ 30W (max)<br \/>\n\u2013 Efni: PC<br \/>\n\u2013 Vottun: CE, ROHS og FC<\/p>\n","protected":false},"featured_media":24977,"template":"","meta":[],"product_brand":[],"product_cat":[439],"product_tag":[],"class_list":{"0":"post-24979","1":"product","2":"type-product","3":"status-publish","4":"has-post-thumbnail","6":"product_cat-usb-hledslutaeki","8":"first","9":"instock","10":"taxable","11":"shipping-taxable","12":"purchasable","13":"product-type-simple"},"yoast_head":"<!-- This site is optimized with the Yoast SEO Premium plugin v21.5 (Yoast SEO v27.4) - https:\/\/yoast.com\/product\/yoast-seo-premium-wordpress\/ -->\n<title>30W Mini GaN hra\u00f0hle\u00f0slut\u00e6ki me\u00f0 USB-C tengi | Joyroom<\/title>\n<meta name=\"description\" content=\"30W hra\u00f0hle\u00f0slukubburinn er 60% minni en a\u00f0rir samb\u00e6rilegir kubbar. Hra\u00f0hle\u00f0slukubburinn er me\u00f0 Smart GaN chip sem gerir hle\u00f0sluna betri, skilvirkari og \u00f6ruggari. Me\u00f0 \u00fev\u00ed a\u00f0 hla\u00f0a n\u00fdjustu \u00fatg\u00e1funa af Iphone f\u00e6r\u00f0u 80% hle\u00f0slu \u00e1 30 m\u00edn. Hra\u00f0hle\u00f0slukubburinn hle\u00f0ur fer\u00f0av\u00e9lar, fars\u00edma, spjaldt\u00f6lvur, AirPods, headphones, Apple Watch og hle\u00f0slubanka af mismunandi v\u00f6rumerkjum hra\u00f0ar en hef\u00f0bundin hle\u00f0slut\u00e6ki.  \u2013 Sj\u00e1 video a\u00f0 ne\u00f0an \u2013 Litur: Hv\u00edtur \u2013 Tengi: USB-C tengi \u2013 Input: 100\/240V 50\/60Hz 0.8A (max) \u2013 Output: 5V=3A \/ 9V=3A \/ 12V=2.5A \/ 30W (max) \u2013 Efni: PC \u2013 Vottun: CE, ROHS og FC\" \/>\n<meta name=\"robots\" content=\"index, follow, max-snippet:-1, max-image-preview:large, max-video-preview:-1\" \/>\n<link rel=\"canonical\" href=\"https:\/\/joyroom.is\/vara\/jr-tcg15eu\/\" \/>\n<meta property=\"og:locale\" content=\"en_US\" \/>\n<meta property=\"og:type\" content=\"article\" \/>\n<meta property=\"og:title\" content=\"30W Mini GaN hra\u00f0hle\u00f0slut\u00e6ki me\u00f0 USB-C tengi\" \/>\n<meta property=\"og:description\" content=\"30W hra\u00f0hle\u00f0slukubburinn er 60% minni en a\u00f0rir samb\u00e6rilegir kubbar. Hra\u00f0hle\u00f0slukubburinn er me\u00f0 Smart GaN chip sem gerir hle\u00f0sluna betri, skilvirkari og \u00f6ruggari. Me\u00f0 \u00fev\u00ed a\u00f0 hla\u00f0a n\u00fdjustu \u00fatg\u00e1funa af Iphone f\u00e6r\u00f0u 80% hle\u00f0slu \u00e1 30 m\u00edn. Hra\u00f0hle\u00f0slukubburinn hle\u00f0ur fer\u00f0av\u00e9lar, fars\u00edma, spjaldt\u00f6lvur, AirPods, headphones, Apple Watch og hle\u00f0slubanka af mismunandi v\u00f6rumerkjum hra\u00f0ar en hef\u00f0bundin hle\u00f0slut\u00e6ki.  \u2013 Sj\u00e1 video a\u00f0 ne\u00f0an \u2013 Litur: Hv\u00edtur \u2013 Tengi: USB-C tengi \u2013 Input: 100\/240V 50\/60Hz 0.8A (max) \u2013 Output: 5V=3A \/ 9V=3A \/ 12V=2.5A \/ 30W (max) \u2013 Efni: PC \u2013 Vottun: CE, ROHS og FC\" \/>\n<meta property=\"og:url\" content=\"https:\/\/joyroom.is\/vara\/jr-tcg15eu\/\" \/>\n<meta property=\"og:site_name\" content=\"Joyroom\" \/>\n<meta property=\"article:modified_time\" content=\"2026-02-24T12:12:33+00:00\" \/>\n<meta property=\"og:image\" content=\"https:\/\/joyroom.is\/wp-content\/uploads\/2025\/07\/Joyroom-JR-TCG15EU-1.jpg\" \/>\n\t<meta property=\"og:image:width\" content=\"600\" \/>\n\t<meta property=\"og:image:height\" content=\"600\" \/>\n\t<meta property=\"og:image:type\" content=\"image\/jpeg\" \/>\n<meta name=\"twitter:card\" content=\"summary_large_image\" \/>\n<script type=\"application\/ld+json\" class=\"yoast-schema-graph\">{\"@context\":\"https:\\\/\\\/schema.org\",\"@graph\":[{\"@type\":\"WebPage\",\"@id\":\"https:\\\/\\\/joyroom.is\\\/vara\\\/jr-tcg15eu\\\/\",\"url\":\"https:\\\/\\\/joyroom.is\\\/vara\\\/jr-tcg15eu\\\/\",\"name\":\"30W Mini GaN hra\u00f0hle\u00f0slut\u00e6ki me\u00f0 USB-C tengi | Joyroom\",\"isPartOf\":{\"@id\":\"https:\\\/\\\/joyroom.is\\\/#website\"},\"primaryImageOfPage\":{\"@id\":\"https:\\\/\\\/joyroom.is\\\/vara\\\/jr-tcg15eu\\\/#primaryimage\"},\"image\":{\"@id\":\"https:\\\/\\\/joyroom.is\\\/vara\\\/jr-tcg15eu\\\/#primaryimage\"},\"thumbnailUrl\":\"https:\\\/\\\/joyroom.is\\\/wp-content\\\/uploads\\\/2025\\\/07\\\/Joyroom-JR-TCG15EU-1.jpg\",\"datePublished\":\"2025-07-19T19:45:47+00:00\",\"dateModified\":\"2026-02-24T12:12:33+00:00\",\"description\":\"30W hra\u00f0hle\u00f0slukubburinn er 60% minni en a\u00f0rir samb\u00e6rilegir kubbar. Hra\u00f0hle\u00f0slukubburinn er me\u00f0 Smart GaN chip sem gerir hle\u00f0sluna betri, skilvirkari og \u00f6ruggari. Me\u00f0 \u00fev\u00ed a\u00f0 hla\u00f0a n\u00fdjustu \u00fatg\u00e1funa af Iphone f\u00e6r\u00f0u 80% hle\u00f0slu \u00e1 30 m\u00edn. Hra\u00f0hle\u00f0slukubburinn hle\u00f0ur fer\u00f0av\u00e9lar, fars\u00edma, spjaldt\u00f6lvur, AirPods, headphones, Apple Watch og hle\u00f0slubanka af mismunandi v\u00f6rumerkjum hra\u00f0ar en hef\u00f0bundin hle\u00f0slut\u00e6ki. \u2013 Sj\u00e1 video a\u00f0 ne\u00f0an \u2013 Litur: Hv\u00edtur \u2013 Tengi: USB-C tengi \u2013 Input: 100\\\/240V 50\\\/60Hz 0.8A (max) \u2013 Output: 5V=3A \\\/ 9V=3A \\\/ 12V=2.5A \\\/ 30W (max) \u2013 Efni: PC \u2013 Vottun: CE, ROHS og FC\",\"breadcrumb\":{\"@id\":\"https:\\\/\\\/joyroom.is\\\/vara\\\/jr-tcg15eu\\\/#breadcrumb\"},\"inLanguage\":\"en-US\",\"potentialAction\":[{\"@type\":\"ReadAction\",\"target\":[\"https:\\\/\\\/joyroom.is\\\/vara\\\/jr-tcg15eu\\\/\"]}]},{\"@type\":\"ImageObject\",\"inLanguage\":\"en-US\",\"@id\":\"https:\\\/\\\/joyroom.is\\\/vara\\\/jr-tcg15eu\\\/#primaryimage\",\"url\":\"https:\\\/\\\/joyroom.is\\\/wp-content\\\/uploads\\\/2025\\\/07\\\/Joyroom-JR-TCG15EU-1.jpg\",\"contentUrl\":\"https:\\\/\\\/joyroom.is\\\/wp-content\\\/uploads\\\/2025\\\/07\\\/Joyroom-JR-TCG15EU-1.jpg\",\"width\":600,\"height\":600},{\"@type\":\"BreadcrumbList\",\"@id\":\"https:\\\/\\\/joyroom.is\\\/vara\\\/jr-tcg15eu\\\/#breadcrumb\",\"itemListElement\":[{\"@type\":\"ListItem\",\"position\":1,\"name\":\"Home\",\"item\":\"https:\\\/\\\/joyroom.is\\\/\"},{\"@type\":\"ListItem\",\"position\":2,\"name\":\"Shop\",\"item\":\"https:\\\/\\\/www.vorulagerinn.is\\\/heildsala\\\/en\\\/shop\\\/\"},{\"@type\":\"ListItem\",\"position\":3,\"name\":\"30W Mini GaN hra\u00f0hle\u00f0slut\u00e6ki me\u00f0 USB-C tengi\"}]},{\"@type\":\"WebSite\",\"@id\":\"https:\\\/\\\/joyroom.is\\\/#website\",\"url\":\"https:\\\/\\\/joyroom.is\\\/\",\"name\":\"Joyroom \u00e1 \u00cdslandi\",\"description\":\"Vali&eth; er einfalt\",\"publisher\":{\"@id\":\"https:\\\/\\\/joyroom.is\\\/#organization\"},\"alternateName\":\"Joyroom\",\"potentialAction\":[{\"@type\":\"SearchAction\",\"target\":{\"@type\":\"EntryPoint\",\"urlTemplate\":\"https:\\\/\\\/joyroom.is\\\/?s={search_term_string}\"},\"query-input\":{\"@type\":\"PropertyValueSpecification\",\"valueRequired\":true,\"valueName\":\"search_term_string\"}}],\"inLanguage\":\"en-US\"},{\"@type\":\"Organization\",\"@id\":\"https:\\\/\\\/joyroom.is\\\/#organization\",\"name\":\"Joyroom \u00e1 \u00cdslandi\",\"alternateName\":\"Joyroom\",\"url\":\"https:\\\/\\\/joyroom.is\\\/\",\"logo\":{\"@type\":\"ImageObject\",\"inLanguage\":\"en-US\",\"@id\":\"https:\\\/\\\/joyroom.is\\\/#\\\/schema\\\/logo\\\/image\\\/\",\"url\":\"https:\\\/\\\/joyroom.is\\\/wp-content\\\/uploads\\\/2024\\\/08\\\/JR.jpg\",\"contentUrl\":\"https:\\\/\\\/joyroom.is\\\/wp-content\\\/uploads\\\/2024\\\/08\\\/JR.jpg\",\"width\":1200,\"height\":1200,\"caption\":\"Joyroom \u00e1 \u00cdslandi\"},\"image\":{\"@id\":\"https:\\\/\\\/joyroom.is\\\/#\\\/schema\\\/logo\\\/image\\\/\"}}]}<\/script>\n<!-- \/ Yoast SEO Premium plugin. -->","yoast_head_json":{"title":"30W Mini GaN hra\u00f0hle\u00f0slut\u00e6ki me\u00f0 USB-C tengi | Joyroom","description":"30W hra\u00f0hle\u00f0slukubburinn er 60% minni en a\u00f0rir samb\u00e6rilegir kubbar. Hra\u00f0hle\u00f0slukubburinn er me\u00f0 Smart GaN chip sem gerir hle\u00f0sluna betri, skilvirkari og \u00f6ruggari. Me\u00f0 \u00fev\u00ed a\u00f0 hla\u00f0a n\u00fdjustu \u00fatg\u00e1funa af Iphone f\u00e6r\u00f0u 80% hle\u00f0slu \u00e1 30 m\u00edn. Hra\u00f0hle\u00f0slukubburinn hle\u00f0ur fer\u00f0av\u00e9lar, fars\u00edma, spjaldt\u00f6lvur, AirPods, headphones, Apple Watch og hle\u00f0slubanka af mismunandi v\u00f6rumerkjum hra\u00f0ar en hef\u00f0bundin hle\u00f0slut\u00e6ki.  \u2013 Sj\u00e1 video a\u00f0 ne\u00f0an \u2013 Litur: Hv\u00edtur \u2013 Tengi: USB-C tengi \u2013 Input: 100\/240V 50\/60Hz 0.8A (max) \u2013 Output: 5V=3A \/ 9V=3A \/ 12V=2.5A \/ 30W (max) \u2013 Efni: PC \u2013 Vottun: CE, ROHS og FC","robots":{"index":"index","follow":"follow","max-snippet":"max-snippet:-1","max-image-preview":"max-image-preview:large","max-video-preview":"max-video-preview:-1"},"canonical":"https:\/\/joyroom.is\/vara\/jr-tcg15eu\/","og_locale":"en_US","og_type":"article","og_title":"30W Mini GaN hra\u00f0hle\u00f0slut\u00e6ki me\u00f0 USB-C tengi","og_description":"30W hra\u00f0hle\u00f0slukubburinn er 60% minni en a\u00f0rir samb\u00e6rilegir kubbar. Hra\u00f0hle\u00f0slukubburinn er me\u00f0 Smart GaN chip sem gerir hle\u00f0sluna betri, skilvirkari og \u00f6ruggari. Me\u00f0 \u00fev\u00ed a\u00f0 hla\u00f0a n\u00fdjustu \u00fatg\u00e1funa af Iphone f\u00e6r\u00f0u 80% hle\u00f0slu \u00e1 30 m\u00edn. Hra\u00f0hle\u00f0slukubburinn hle\u00f0ur fer\u00f0av\u00e9lar, fars\u00edma, spjaldt\u00f6lvur, AirPods, headphones, Apple Watch og hle\u00f0slubanka af mismunandi v\u00f6rumerkjum hra\u00f0ar en hef\u00f0bundin hle\u00f0slut\u00e6ki.  \u2013 Sj\u00e1 video a\u00f0 ne\u00f0an \u2013 Litur: Hv\u00edtur \u2013 Tengi: USB-C tengi \u2013 Input: 100\/240V 50\/60Hz 0.8A (max) \u2013 Output: 5V=3A \/ 9V=3A \/ 12V=2.5A \/ 30W (max) \u2013 Efni: PC \u2013 Vottun: CE, ROHS og FC","og_url":"https:\/\/joyroom.is\/vara\/jr-tcg15eu\/","og_site_name":"Joyroom","article_modified_time":"2026-02-24T12:12:33+00:00","og_image":[{"width":600,"height":600,"url":"https:\/\/joyroom.is\/wp-content\/uploads\/2025\/07\/Joyroom-JR-TCG15EU-1.jpg","type":"image\/jpeg"}],"twitter_card":"summary_large_image","schema":{"@context":"https:\/\/schema.org","@graph":[{"@type":"WebPage","@id":"https:\/\/joyroom.is\/vara\/jr-tcg15eu\/","url":"https:\/\/joyroom.is\/vara\/jr-tcg15eu\/","name":"30W Mini GaN hra\u00f0hle\u00f0slut\u00e6ki me\u00f0 USB-C tengi | Joyroom","isPartOf":{"@id":"https:\/\/joyroom.is\/#website"},"primaryImageOfPage":{"@id":"https:\/\/joyroom.is\/vara\/jr-tcg15eu\/#primaryimage"},"image":{"@id":"https:\/\/joyroom.is\/vara\/jr-tcg15eu\/#primaryimage"},"thumbnailUrl":"https:\/\/joyroom.is\/wp-content\/uploads\/2025\/07\/Joyroom-JR-TCG15EU-1.jpg","datePublished":"2025-07-19T19:45:47+00:00","dateModified":"2026-02-24T12:12:33+00:00","description":"30W hra\u00f0hle\u00f0slukubburinn er 60% minni en a\u00f0rir samb\u00e6rilegir kubbar. Hra\u00f0hle\u00f0slukubburinn er me\u00f0 Smart GaN chip sem gerir hle\u00f0sluna betri, skilvirkari og \u00f6ruggari. Me\u00f0 \u00fev\u00ed a\u00f0 hla\u00f0a n\u00fdjustu \u00fatg\u00e1funa af Iphone f\u00e6r\u00f0u 80% hle\u00f0slu \u00e1 30 m\u00edn. Hra\u00f0hle\u00f0slukubburinn hle\u00f0ur fer\u00f0av\u00e9lar, fars\u00edma, spjaldt\u00f6lvur, AirPods, headphones, Apple Watch og hle\u00f0slubanka af mismunandi v\u00f6rumerkjum hra\u00f0ar en hef\u00f0bundin hle\u00f0slut\u00e6ki. \u2013 Sj\u00e1 video a\u00f0 ne\u00f0an \u2013 Litur: Hv\u00edtur \u2013 Tengi: USB-C tengi \u2013 Input: 100\/240V 50\/60Hz 0.8A (max) \u2013 Output: 5V=3A \/ 9V=3A \/ 12V=2.5A \/ 30W (max) \u2013 Efni: PC \u2013 Vottun: CE, ROHS og FC","breadcrumb":{"@id":"https:\/\/joyroom.is\/vara\/jr-tcg15eu\/#breadcrumb"},"inLanguage":"en-US","potentialAction":[{"@type":"ReadAction","target":["https:\/\/joyroom.is\/vara\/jr-tcg15eu\/"]}]},{"@type":"ImageObject","inLanguage":"en-US","@id":"https:\/\/joyroom.is\/vara\/jr-tcg15eu\/#primaryimage","url":"https:\/\/joyroom.is\/wp-content\/uploads\/2025\/07\/Joyroom-JR-TCG15EU-1.jpg","contentUrl":"https:\/\/joyroom.is\/wp-content\/uploads\/2025\/07\/Joyroom-JR-TCG15EU-1.jpg","width":600,"height":600},{"@type":"BreadcrumbList","@id":"https:\/\/joyroom.is\/vara\/jr-tcg15eu\/#breadcrumb","itemListElement":[{"@type":"ListItem","position":1,"name":"Home","item":"https:\/\/joyroom.is\/"},{"@type":"ListItem","position":2,"name":"Shop","item":"https:\/\/www.vorulagerinn.is\/heildsala\/en\/shop\/"},{"@type":"ListItem","position":3,"name":"30W Mini GaN hra\u00f0hle\u00f0slut\u00e6ki me\u00f0 USB-C tengi"}]},{"@type":"WebSite","@id":"https:\/\/joyroom.is\/#website","url":"https:\/\/joyroom.is\/","name":"Joyroom \u00e1 \u00cdslandi","description":"Vali&eth; er einfalt","publisher":{"@id":"https:\/\/joyroom.is\/#organization"},"alternateName":"Joyroom","potentialAction":[{"@type":"SearchAction","target":{"@type":"EntryPoint","urlTemplate":"https:\/\/joyroom.is\/?s={search_term_string}"},"query-input":{"@type":"PropertyValueSpecification","valueRequired":true,"valueName":"search_term_string"}}],"inLanguage":"en-US"},{"@type":"Organization","@id":"https:\/\/joyroom.is\/#organization","name":"Joyroom \u00e1 \u00cdslandi","alternateName":"Joyroom","url":"https:\/\/joyroom.is\/","logo":{"@type":"ImageObject","inLanguage":"en-US","@id":"https:\/\/joyroom.is\/#\/schema\/logo\/image\/","url":"https:\/\/joyroom.is\/wp-content\/uploads\/2024\/08\/JR.jpg","contentUrl":"https:\/\/joyroom.is\/wp-content\/uploads\/2024\/08\/JR.jpg","width":1200,"height":1200,"caption":"Joyroom \u00e1 \u00cdslandi"},"image":{"@id":"https:\/\/joyroom.is\/#\/schema\/logo\/image\/"}}]}},"_links":{"self":[{"href":"https:\/\/joyroom.is\/en\/wp-json\/wp\/v2\/product\/24979","targetHints":{"allow":["GET"]}}],"collection":[{"href":"https:\/\/joyroom.is\/en\/wp-json\/wp\/v2\/product"}],"about":[{"href":"https:\/\/joyroom.is\/en\/wp-json\/wp\/v2\/types\/product"}],"wp:featuredmedia":[{"embeddable":true,"href":"https:\/\/joyroom.is\/en\/wp-json\/wp\/v2\/media\/24977"}],"wp:attachment":[{"href":"https:\/\/joyroom.is\/en\/wp-json\/wp\/v2\/media?parent=24979"}],"wp:term":[{"taxonomy":"product_brand","embeddable":true,"href":"https:\/\/joyroom.is\/en\/wp-json\/wp\/v2\/product_brand?post=24979"},{"taxonomy":"product_cat","embeddable":true,"href":"https:\/\/joyroom.is\/en\/wp-json\/wp\/v2\/product_cat?post=24979"},{"taxonomy":"product_tag","embeddable":true,"href":"https:\/\/joyroom.is\/en\/wp-json\/wp\/v2\/product_tag?post=24979"}],"curies":[{"name":"wp","href":"https:\/\/api.w.org\/{rel}","templated":true}]}}