{"id":25013,"date":"2025-07-19T10:01:59","date_gmt":"2025-07-19T10:01:59","guid":{"rendered":"https:\/\/joyroom.is\/product\/jr-ft5-plus\/"},"modified":"2026-03-20T15:15:17","modified_gmt":"2026-03-20T15:15:17","slug":"fit-life-ft5-plus","status":"publish","type":"product","link":"https:\/\/joyroom.is\/en\/product\/fit-life-ft5-plus\/","title":{"rendered":"Fit-life Series snjall- og heilsu\u00far me\u00f0 allt a\u00f0 12 daga rafhl\u00f6\u00f0u, vatnshelt, 100 heilsuforrit &amp; Bluetooth 5,4 (tveir litir \u00ed bo\u00f0i)"},"content":{"rendered":"","protected":false},"excerpt":{"rendered":"<p>Fr\u00e1b\u00e6rt snjall- og heilsu\u00far me\u00f0 yfir 100 \u00ed\u00fer\u00f3ttastillingum, bj\u00f6rtum 1,96\u2033 skj\u00e1, 320X385 skj\u00e1upplausn. \u00dari\u00f0 m\u00e6lir t.d. skrefafj\u00f6lda, s\u00farefni\u00f0 \u00ed bl\u00f3\u00f0i, hjartsl\u00e1tt, svefnmynstur, stress, g\u00f6ngu, hlaup og margt fleira. \u00dea\u00f0 er 1 ATM \u201eWater Resistance\u201c vatnsv\u00f6rn og \u00feolir allt a\u00f0 10 metra d\u00fdpi \u00ed vatni. \u00dari\u00f0 er me\u00f0 Bluetooth 5.4 sem er n\u00fdjasta \u00fatg\u00e1fan og tengist leifturhratt vi\u00f0 snjallfars\u00edmann \u00feinn (10 metra dr\u00e6gni). Rafhla\u00f0an endist \u00ed allt a\u00f0 10-12 daga og 25-30 daga \u00ed bi\u00f0st\u00f6\u00f0u. \u00dea\u00f0 tekur ekki nema 2,5 klst til a\u00f0 fullhla\u00f0a \u00fari\u00f0.<\/p>\n<p>\u00dea\u00f0 er h\u00e6gt a\u00f0 velja yfir 100 mismunandi \u00fatlit \u00e1 \u00fari\u00f0 \u00ed gegnum app sem fylgir me\u00f0. \u00de\u00fa s\u00e9r\u00f0 hver er a\u00f0 hringja, sms, vekjaraklukka \u00e1samt \u00f6llu \u00fev\u00ed helsta. Snjall\u00fari\u00f0 er st\u00edlhreint, l\u00e9tt og notandav\u00e6nt. \u00dea\u00f0 fylgir b\u00e6\u00f0i silicone og segul\u00f3l me\u00f0 snjall- og heilsu\u00farinu.<\/p>\n<p>\u2013 Litur: Svartur og r\u00f3sa gull<br \/>\n\u2013 Bluetooth: 5.4 (n\u00fdjasta \u00fatg\u00e1fan)<br \/>\n\u2013 Rafhla\u00f0a: Allt a\u00f0 10-12 dagar &amp; 25-30 dagar \u00ed bi\u00f0<br \/>\n\u2013 Skj\u00e1r: 1,96 tommur &amp; skj\u00e1upplausn 320\u00d7385<br \/>\n\u2013 1 ATM \u201eWater Resistance\u201c vatnsv\u00f6rn (10m d\u00fdpi)<br \/>\n\u2013 St\u00e6r\u00f0 \u00f3lar: 20\u00d72,2 cm<br \/>\n\u2013 St\u00e6r\u00f0: 47,5 x 38,7 x 1,12 cm<br \/>\n\u2013 \u00deyngd. 56 gr<br \/>\n\u2013 Vottun: CE og ROHS<\/p>\n","protected":false},"featured_media":24999,"template":"","meta":[],"product_brand":[],"product_cat":[440],"product_tag":[],"class_list":{"0":"post-25013","1":"product","2":"type-product","3":"status-publish","4":"has-post-thumbnail","6":"product_cat-snjall-og-heilsuur","8":"first","9":"instock","10":"taxable","11":"shipping-taxable","12":"purchasable","13":"product-type-variable"},"yoast_head":"<!-- This site is optimized with the Yoast SEO Premium plugin v21.5 (Yoast SEO v27.4) - https:\/\/yoast.com\/product\/yoast-seo-premium-wordpress\/ -->\n<title>Fit-life Series snjall- og heilsu\u00far me\u00f0 allt a\u00f0 12 daga rafhl\u00f6\u00f0u, vatnshelt, 100 heilsuforrit &amp; Bluetooth 5,4 (tveir litir \u00ed bo\u00f0i) | Joyroom<\/title>\n<meta name=\"description\" content=\"Fr\u00e1b\u00e6rt snjall- og heilsu\u00far me\u00f0 yfir 100 \u00ed\u00fer\u00f3ttastillingum, bj\u00f6rtum 1,96\u2033 skj\u00e1, 320X385 skj\u00e1upplausn. \u00dari\u00f0 m\u00e6lir t.d. skrefafj\u00f6lda, s\u00farefni\u00f0 \u00ed bl\u00f3\u00f0i, hjartsl\u00e1tt, svefnmynstur, stress, g\u00f6ngu, hlaup og margt fleira. \u00dea\u00f0 er 1 ATM \u201eWater Resistance\u201c vatnsv\u00f6rn og \u00feolir allt a\u00f0 10 metra d\u00fdpi \u00ed vatni. \u00dari\u00f0 er me\u00f0 Bluetooth 5.4 sem er n\u00fdjasta \u00fatg\u00e1fan og tengist leifturhratt vi\u00f0 snjallfars\u00edmann \u00feinn (10 metra dr\u00e6gni). Rafhla\u00f0an endist \u00ed allt a\u00f0 10-12 daga og 25-30 daga \u00ed bi\u00f0st\u00f6\u00f0u. \u00dea\u00f0 tekur ekki nema 2,5 klst til a\u00f0 fullhla\u00f0a \u00fari\u00f0.  \u00dea\u00f0 er h\u00e6gt a\u00f0 velja yfir 100 mismunandi \u00fatlit \u00e1 \u00fari\u00f0 \u00ed gegnum app sem fylgir me\u00f0. \u00de\u00fa s\u00e9r\u00f0 hver er a\u00f0 hringja, sms, vekjaraklukka \u00e1samt \u00f6llu \u00fev\u00ed helsta. Snjall\u00fari\u00f0 er st\u00edlhreint, l\u00e9tt og notandav\u00e6nt. \u00dea\u00f0 fylgir b\u00e6\u00f0i silicone og segul\u00f3l me\u00f0 snjall- og heilsu\u00farinu.  \u2013 Litur: Svartur og r\u00f3sa gull \u2013 Bluetooth: 5.4 (n\u00fdjasta \u00fatg\u00e1fan) \u2013 Rafhla\u00f0a: Allt a\u00f0 10-12 dagar &amp; 25-30 dagar \u00ed bi\u00f0 \u2013 Skj\u00e1r: 1,96 tommur &amp; skj\u00e1upplausn 320\u00d7385 \u2013 1 ATM \u201eWater Resistance\u201c vatnsv\u00f6rn (10m d\u00fdpi) \u2013 St\u00e6r\u00f0 \u00f3lar: 20\u00d72,2 cm \u2013 St\u00e6r\u00f0: 47,5 x 38,7 x 1,12 cm \u2013 \u00deyngd. 56 gr \u2013 Vottun: CE og ROHS\" \/>\n<meta name=\"robots\" content=\"index, follow, max-snippet:-1, max-image-preview:large, max-video-preview:-1\" \/>\n<link rel=\"canonical\" href=\"https:\/\/joyroom.is\/vara\/fit-life-ft5-plus\/\" \/>\n<meta property=\"og:locale\" content=\"en_US\" \/>\n<meta property=\"og:type\" content=\"article\" \/>\n<meta property=\"og:title\" content=\"Fit-life Series snjall- og heilsu\u00far me\u00f0 allt a\u00f0 12 daga rafhl\u00f6\u00f0u, vatnshelt, 100 heilsuforrit &amp; Bluetooth 5,4 (tveir litir \u00ed bo\u00f0i)\" \/>\n<meta property=\"og:description\" content=\"Fr\u00e1b\u00e6rt snjall- og heilsu\u00far me\u00f0 yfir 100 \u00ed\u00fer\u00f3ttastillingum, bj\u00f6rtum 1,96\u2033 skj\u00e1, 320X385 skj\u00e1upplausn. \u00dari\u00f0 m\u00e6lir t.d. skrefafj\u00f6lda, s\u00farefni\u00f0 \u00ed bl\u00f3\u00f0i, hjartsl\u00e1tt, svefnmynstur, stress, g\u00f6ngu, hlaup og margt fleira. \u00dea\u00f0 er 1 ATM \u201eWater Resistance\u201c vatnsv\u00f6rn og \u00feolir allt a\u00f0 10 metra d\u00fdpi \u00ed vatni. \u00dari\u00f0 er me\u00f0 Bluetooth 5.4 sem er n\u00fdjasta \u00fatg\u00e1fan og tengist leifturhratt vi\u00f0 snjallfars\u00edmann \u00feinn (10 metra dr\u00e6gni). Rafhla\u00f0an endist \u00ed allt a\u00f0 10-12 daga og 25-30 daga \u00ed bi\u00f0st\u00f6\u00f0u. \u00dea\u00f0 tekur ekki nema 2,5 klst til a\u00f0 fullhla\u00f0a \u00fari\u00f0.  \u00dea\u00f0 er h\u00e6gt a\u00f0 velja yfir 100 mismunandi \u00fatlit \u00e1 \u00fari\u00f0 \u00ed gegnum app sem fylgir me\u00f0. \u00de\u00fa s\u00e9r\u00f0 hver er a\u00f0 hringja, sms, vekjaraklukka \u00e1samt \u00f6llu \u00fev\u00ed helsta. Snjall\u00fari\u00f0 er st\u00edlhreint, l\u00e9tt og notandav\u00e6nt. \u00dea\u00f0 fylgir b\u00e6\u00f0i silicone og segul\u00f3l me\u00f0 snjall- og heilsu\u00farinu.  \u2013 Litur: Svartur og r\u00f3sa gull \u2013 Bluetooth: 5.4 (n\u00fdjasta \u00fatg\u00e1fan) \u2013 Rafhla\u00f0a: Allt a\u00f0 10-12 dagar &amp; 25-30 dagar \u00ed bi\u00f0 \u2013 Skj\u00e1r: 1,96 tommur &amp; skj\u00e1upplausn 320\u00d7385 \u2013 1 ATM \u201eWater Resistance\u201c vatnsv\u00f6rn (10m d\u00fdpi) \u2013 St\u00e6r\u00f0 \u00f3lar: 20\u00d72,2 cm \u2013 St\u00e6r\u00f0: 47,5 x 38,7 x 1,12 cm \u2013 \u00deyngd. 56 gr \u2013 Vottun: CE og ROHS\" \/>\n<meta property=\"og:url\" content=\"https:\/\/joyroom.is\/vara\/fit-life-ft5-plus\/\" \/>\n<meta property=\"og:site_name\" content=\"Joyroom\" \/>\n<meta property=\"article:modified_time\" content=\"2026-03-20T15:15:17+00:00\" \/>\n<meta property=\"og:image\" content=\"https:\/\/joyroom.is\/wp-content\/uploads\/2025\/07\/JR-FT5_Black-1.jpg\" \/>\n\t<meta property=\"og:image:width\" content=\"600\" \/>\n\t<meta property=\"og:image:height\" content=\"600\" \/>\n\t<meta property=\"og:image:type\" content=\"image\/jpeg\" \/>\n<meta name=\"twitter:card\" content=\"summary_large_image\" \/>\n<script type=\"application\/ld+json\" class=\"yoast-schema-graph\">{\"@context\":\"https:\\\/\\\/schema.org\",\"@graph\":[{\"@type\":\"WebPage\",\"@id\":\"https:\\\/\\\/joyroom.is\\\/vara\\\/fit-life-ft5-plus\\\/\",\"url\":\"https:\\\/\\\/joyroom.is\\\/vara\\\/fit-life-ft5-plus\\\/\",\"name\":\"Fit-life Series snjall- og heilsu\u00far me\u00f0 allt a\u00f0 12 daga rafhl\u00f6\u00f0u, vatnshelt, 100 heilsuforrit &amp; Bluetooth 5,4 (tveir litir \u00ed bo\u00f0i) | Joyroom\",\"isPartOf\":{\"@id\":\"https:\\\/\\\/joyroom.is\\\/#website\"},\"primaryImageOfPage\":{\"@id\":\"https:\\\/\\\/joyroom.is\\\/vara\\\/fit-life-ft5-plus\\\/#primaryimage\"},\"image\":{\"@id\":\"https:\\\/\\\/joyroom.is\\\/vara\\\/fit-life-ft5-plus\\\/#primaryimage\"},\"thumbnailUrl\":\"https:\\\/\\\/joyroom.is\\\/wp-content\\\/uploads\\\/2025\\\/07\\\/JR-FT5_Black-1.jpg\",\"datePublished\":\"2025-07-19T10:01:59+00:00\",\"dateModified\":\"2026-03-20T15:15:17+00:00\",\"description\":\"Fr\u00e1b\u00e6rt snjall- og heilsu\u00far me\u00f0 yfir 100 \u00ed\u00fer\u00f3ttastillingum, bj\u00f6rtum 1,96\u2033 skj\u00e1, 320X385 skj\u00e1upplausn. \u00dari\u00f0 m\u00e6lir t.d. skrefafj\u00f6lda, s\u00farefni\u00f0 \u00ed bl\u00f3\u00f0i, hjartsl\u00e1tt, svefnmynstur, stress, g\u00f6ngu, hlaup og margt fleira. \u00dea\u00f0 er 1 ATM \u201eWater Resistance\u201c vatnsv\u00f6rn og \u00feolir allt a\u00f0 10 metra d\u00fdpi \u00ed vatni. \u00dari\u00f0 er me\u00f0 Bluetooth 5.4 sem er n\u00fdjasta \u00fatg\u00e1fan og tengist leifturhratt vi\u00f0 snjallfars\u00edmann \u00feinn (10 metra dr\u00e6gni). Rafhla\u00f0an endist \u00ed allt a\u00f0 10-12 daga og 25-30 daga \u00ed bi\u00f0st\u00f6\u00f0u. \u00dea\u00f0 tekur ekki nema 2,5 klst til a\u00f0 fullhla\u00f0a \u00fari\u00f0. \u00dea\u00f0 er h\u00e6gt a\u00f0 velja yfir 100 mismunandi \u00fatlit \u00e1 \u00fari\u00f0 \u00ed gegnum app sem fylgir me\u00f0. \u00de\u00fa s\u00e9r\u00f0 hver er a\u00f0 hringja, sms, vekjaraklukka \u00e1samt \u00f6llu \u00fev\u00ed helsta. Snjall\u00fari\u00f0 er st\u00edlhreint, l\u00e9tt og notandav\u00e6nt. \u00dea\u00f0 fylgir b\u00e6\u00f0i silicone og segul\u00f3l me\u00f0 snjall- og heilsu\u00farinu. \u2013 Litur: Svartur og r\u00f3sa gull \u2013 Bluetooth: 5.4 (n\u00fdjasta \u00fatg\u00e1fan) \u2013 Rafhla\u00f0a: Allt a\u00f0 10-12 dagar &amp; 25-30 dagar \u00ed bi\u00f0 \u2013 Skj\u00e1r: 1,96 tommur &amp; skj\u00e1upplausn 320\u00d7385 \u2013 1 ATM \u201eWater Resistance\u201c vatnsv\u00f6rn (10m d\u00fdpi) \u2013 St\u00e6r\u00f0 \u00f3lar: 20\u00d72,2 cm \u2013 St\u00e6r\u00f0: 47,5 x 38,7 x 1,12 cm \u2013 \u00deyngd. 56 gr \u2013 Vottun: CE og ROHS\",\"breadcrumb\":{\"@id\":\"https:\\\/\\\/joyroom.is\\\/vara\\\/fit-life-ft5-plus\\\/#breadcrumb\"},\"inLanguage\":\"en-US\",\"potentialAction\":[{\"@type\":\"ReadAction\",\"target\":[\"https:\\\/\\\/joyroom.is\\\/vara\\\/fit-life-ft5-plus\\\/\"]}]},{\"@type\":\"ImageObject\",\"inLanguage\":\"en-US\",\"@id\":\"https:\\\/\\\/joyroom.is\\\/vara\\\/fit-life-ft5-plus\\\/#primaryimage\",\"url\":\"https:\\\/\\\/joyroom.is\\\/wp-content\\\/uploads\\\/2025\\\/07\\\/JR-FT5_Black-1.jpg\",\"contentUrl\":\"https:\\\/\\\/joyroom.is\\\/wp-content\\\/uploads\\\/2025\\\/07\\\/JR-FT5_Black-1.jpg\",\"width\":600,\"height\":600},{\"@type\":\"BreadcrumbList\",\"@id\":\"https:\\\/\\\/joyroom.is\\\/vara\\\/fit-life-ft5-plus\\\/#breadcrumb\",\"itemListElement\":[{\"@type\":\"ListItem\",\"position\":1,\"name\":\"Home\",\"item\":\"https:\\\/\\\/joyroom.is\\\/\"},{\"@type\":\"ListItem\",\"position\":2,\"name\":\"Shop\",\"item\":\"https:\\\/\\\/www.vorulagerinn.is\\\/heildsala\\\/en\\\/shop\\\/\"},{\"@type\":\"ListItem\",\"position\":3,\"name\":\"Fit-life Series snjall- og heilsu\u00far me\u00f0 allt a\u00f0 12 daga rafhl\u00f6\u00f0u, vatnshelt, 100 heilsuforrit &amp; Bluetooth 5,4 (tveir litir \u00ed bo\u00f0i)\"}]},{\"@type\":\"WebSite\",\"@id\":\"https:\\\/\\\/joyroom.is\\\/#website\",\"url\":\"https:\\\/\\\/joyroom.is\\\/\",\"name\":\"Joyroom \u00e1 \u00cdslandi\",\"description\":\"Vali&eth; er einfalt\",\"publisher\":{\"@id\":\"https:\\\/\\\/joyroom.is\\\/#organization\"},\"alternateName\":\"Joyroom\",\"potentialAction\":[{\"@type\":\"SearchAction\",\"target\":{\"@type\":\"EntryPoint\",\"urlTemplate\":\"https:\\\/\\\/joyroom.is\\\/?s={search_term_string}\"},\"query-input\":{\"@type\":\"PropertyValueSpecification\",\"valueRequired\":true,\"valueName\":\"search_term_string\"}}],\"inLanguage\":\"en-US\"},{\"@type\":\"Organization\",\"@id\":\"https:\\\/\\\/joyroom.is\\\/#organization\",\"name\":\"Joyroom \u00e1 \u00cdslandi\",\"alternateName\":\"Joyroom\",\"url\":\"https:\\\/\\\/joyroom.is\\\/\",\"logo\":{\"@type\":\"ImageObject\",\"inLanguage\":\"en-US\",\"@id\":\"https:\\\/\\\/joyroom.is\\\/#\\\/schema\\\/logo\\\/image\\\/\",\"url\":\"https:\\\/\\\/joyroom.is\\\/wp-content\\\/uploads\\\/2024\\\/08\\\/JR.jpg\",\"contentUrl\":\"https:\\\/\\\/joyroom.is\\\/wp-content\\\/uploads\\\/2024\\\/08\\\/JR.jpg\",\"width\":1200,\"height\":1200,\"caption\":\"Joyroom \u00e1 \u00cdslandi\"},\"image\":{\"@id\":\"https:\\\/\\\/joyroom.is\\\/#\\\/schema\\\/logo\\\/image\\\/\"}}]}<\/script>\n<!-- \/ Yoast SEO Premium plugin. -->","yoast_head_json":{"title":"Fit-life Series snjall- og heilsu\u00far me\u00f0 allt a\u00f0 12 daga rafhl\u00f6\u00f0u, vatnshelt, 100 heilsuforrit &amp; Bluetooth 5,4 (tveir litir \u00ed bo\u00f0i) | Joyroom","description":"Fr\u00e1b\u00e6rt snjall- og heilsu\u00far me\u00f0 yfir 100 \u00ed\u00fer\u00f3ttastillingum, bj\u00f6rtum 1,96\u2033 skj\u00e1, 320X385 skj\u00e1upplausn. \u00dari\u00f0 m\u00e6lir t.d. skrefafj\u00f6lda, s\u00farefni\u00f0 \u00ed bl\u00f3\u00f0i, hjartsl\u00e1tt, svefnmynstur, stress, g\u00f6ngu, hlaup og margt fleira. \u00dea\u00f0 er 1 ATM \u201eWater Resistance\u201c vatnsv\u00f6rn og \u00feolir allt a\u00f0 10 metra d\u00fdpi \u00ed vatni. \u00dari\u00f0 er me\u00f0 Bluetooth 5.4 sem er n\u00fdjasta \u00fatg\u00e1fan og tengist leifturhratt vi\u00f0 snjallfars\u00edmann \u00feinn (10 metra dr\u00e6gni). Rafhla\u00f0an endist \u00ed allt a\u00f0 10-12 daga og 25-30 daga \u00ed bi\u00f0st\u00f6\u00f0u. \u00dea\u00f0 tekur ekki nema 2,5 klst til a\u00f0 fullhla\u00f0a \u00fari\u00f0.  \u00dea\u00f0 er h\u00e6gt a\u00f0 velja yfir 100 mismunandi \u00fatlit \u00e1 \u00fari\u00f0 \u00ed gegnum app sem fylgir me\u00f0. \u00de\u00fa s\u00e9r\u00f0 hver er a\u00f0 hringja, sms, vekjaraklukka \u00e1samt \u00f6llu \u00fev\u00ed helsta. Snjall\u00fari\u00f0 er st\u00edlhreint, l\u00e9tt og notandav\u00e6nt. \u00dea\u00f0 fylgir b\u00e6\u00f0i silicone og segul\u00f3l me\u00f0 snjall- og heilsu\u00farinu.  \u2013 Litur: Svartur og r\u00f3sa gull \u2013 Bluetooth: 5.4 (n\u00fdjasta \u00fatg\u00e1fan) \u2013 Rafhla\u00f0a: Allt a\u00f0 10-12 dagar &amp; 25-30 dagar \u00ed bi\u00f0 \u2013 Skj\u00e1r: 1,96 tommur &amp; skj\u00e1upplausn 320\u00d7385 \u2013 1 ATM \u201eWater Resistance\u201c vatnsv\u00f6rn (10m d\u00fdpi) \u2013 St\u00e6r\u00f0 \u00f3lar: 20\u00d72,2 cm \u2013 St\u00e6r\u00f0: 47,5 x 38,7 x 1,12 cm \u2013 \u00deyngd. 56 gr \u2013 Vottun: CE og ROHS","robots":{"index":"index","follow":"follow","max-snippet":"max-snippet:-1","max-image-preview":"max-image-preview:large","max-video-preview":"max-video-preview:-1"},"canonical":"https:\/\/joyroom.is\/vara\/fit-life-ft5-plus\/","og_locale":"en_US","og_type":"article","og_title":"Fit-life Series snjall- og heilsu\u00far me\u00f0 allt a\u00f0 12 daga rafhl\u00f6\u00f0u, vatnshelt, 100 heilsuforrit &amp; Bluetooth 5,4 (tveir litir \u00ed bo\u00f0i)","og_description":"Fr\u00e1b\u00e6rt snjall- og heilsu\u00far me\u00f0 yfir 100 \u00ed\u00fer\u00f3ttastillingum, bj\u00f6rtum 1,96\u2033 skj\u00e1, 320X385 skj\u00e1upplausn. \u00dari\u00f0 m\u00e6lir t.d. skrefafj\u00f6lda, s\u00farefni\u00f0 \u00ed bl\u00f3\u00f0i, hjartsl\u00e1tt, svefnmynstur, stress, g\u00f6ngu, hlaup og margt fleira. \u00dea\u00f0 er 1 ATM \u201eWater Resistance\u201c vatnsv\u00f6rn og \u00feolir allt a\u00f0 10 metra d\u00fdpi \u00ed vatni. \u00dari\u00f0 er me\u00f0 Bluetooth 5.4 sem er n\u00fdjasta \u00fatg\u00e1fan og tengist leifturhratt vi\u00f0 snjallfars\u00edmann \u00feinn (10 metra dr\u00e6gni). Rafhla\u00f0an endist \u00ed allt a\u00f0 10-12 daga og 25-30 daga \u00ed bi\u00f0st\u00f6\u00f0u. \u00dea\u00f0 tekur ekki nema 2,5 klst til a\u00f0 fullhla\u00f0a \u00fari\u00f0.  \u00dea\u00f0 er h\u00e6gt a\u00f0 velja yfir 100 mismunandi \u00fatlit \u00e1 \u00fari\u00f0 \u00ed gegnum app sem fylgir me\u00f0. \u00de\u00fa s\u00e9r\u00f0 hver er a\u00f0 hringja, sms, vekjaraklukka \u00e1samt \u00f6llu \u00fev\u00ed helsta. Snjall\u00fari\u00f0 er st\u00edlhreint, l\u00e9tt og notandav\u00e6nt. \u00dea\u00f0 fylgir b\u00e6\u00f0i silicone og segul\u00f3l me\u00f0 snjall- og heilsu\u00farinu.  \u2013 Litur: Svartur og r\u00f3sa gull \u2013 Bluetooth: 5.4 (n\u00fdjasta \u00fatg\u00e1fan) \u2013 Rafhla\u00f0a: Allt a\u00f0 10-12 dagar &amp; 25-30 dagar \u00ed bi\u00f0 \u2013 Skj\u00e1r: 1,96 tommur &amp; skj\u00e1upplausn 320\u00d7385 \u2013 1 ATM \u201eWater Resistance\u201c vatnsv\u00f6rn (10m d\u00fdpi) \u2013 St\u00e6r\u00f0 \u00f3lar: 20\u00d72,2 cm \u2013 St\u00e6r\u00f0: 47,5 x 38,7 x 1,12 cm \u2013 \u00deyngd. 56 gr \u2013 Vottun: CE og ROHS","og_url":"https:\/\/joyroom.is\/vara\/fit-life-ft5-plus\/","og_site_name":"Joyroom","article_modified_time":"2026-03-20T15:15:17+00:00","og_image":[{"width":600,"height":600,"url":"https:\/\/joyroom.is\/wp-content\/uploads\/2025\/07\/JR-FT5_Black-1.jpg","type":"image\/jpeg"}],"twitter_card":"summary_large_image","schema":{"@context":"https:\/\/schema.org","@graph":[{"@type":"WebPage","@id":"https:\/\/joyroom.is\/vara\/fit-life-ft5-plus\/","url":"https:\/\/joyroom.is\/vara\/fit-life-ft5-plus\/","name":"Fit-life Series snjall- og heilsu\u00far me\u00f0 allt a\u00f0 12 daga rafhl\u00f6\u00f0u, vatnshelt, 100 heilsuforrit &amp; Bluetooth 5,4 (tveir litir \u00ed bo\u00f0i) | Joyroom","isPartOf":{"@id":"https:\/\/joyroom.is\/#website"},"primaryImageOfPage":{"@id":"https:\/\/joyroom.is\/vara\/fit-life-ft5-plus\/#primaryimage"},"image":{"@id":"https:\/\/joyroom.is\/vara\/fit-life-ft5-plus\/#primaryimage"},"thumbnailUrl":"https:\/\/joyroom.is\/wp-content\/uploads\/2025\/07\/JR-FT5_Black-1.jpg","datePublished":"2025-07-19T10:01:59+00:00","dateModified":"2026-03-20T15:15:17+00:00","description":"Fr\u00e1b\u00e6rt snjall- og heilsu\u00far me\u00f0 yfir 100 \u00ed\u00fer\u00f3ttastillingum, bj\u00f6rtum 1,96\u2033 skj\u00e1, 320X385 skj\u00e1upplausn. \u00dari\u00f0 m\u00e6lir t.d. skrefafj\u00f6lda, s\u00farefni\u00f0 \u00ed bl\u00f3\u00f0i, hjartsl\u00e1tt, svefnmynstur, stress, g\u00f6ngu, hlaup og margt fleira. \u00dea\u00f0 er 1 ATM \u201eWater Resistance\u201c vatnsv\u00f6rn og \u00feolir allt a\u00f0 10 metra d\u00fdpi \u00ed vatni. \u00dari\u00f0 er me\u00f0 Bluetooth 5.4 sem er n\u00fdjasta \u00fatg\u00e1fan og tengist leifturhratt vi\u00f0 snjallfars\u00edmann \u00feinn (10 metra dr\u00e6gni). Rafhla\u00f0an endist \u00ed allt a\u00f0 10-12 daga og 25-30 daga \u00ed bi\u00f0st\u00f6\u00f0u. \u00dea\u00f0 tekur ekki nema 2,5 klst til a\u00f0 fullhla\u00f0a \u00fari\u00f0. \u00dea\u00f0 er h\u00e6gt a\u00f0 velja yfir 100 mismunandi \u00fatlit \u00e1 \u00fari\u00f0 \u00ed gegnum app sem fylgir me\u00f0. \u00de\u00fa s\u00e9r\u00f0 hver er a\u00f0 hringja, sms, vekjaraklukka \u00e1samt \u00f6llu \u00fev\u00ed helsta. Snjall\u00fari\u00f0 er st\u00edlhreint, l\u00e9tt og notandav\u00e6nt. \u00dea\u00f0 fylgir b\u00e6\u00f0i silicone og segul\u00f3l me\u00f0 snjall- og heilsu\u00farinu. \u2013 Litur: Svartur og r\u00f3sa gull \u2013 Bluetooth: 5.4 (n\u00fdjasta \u00fatg\u00e1fan) \u2013 Rafhla\u00f0a: Allt a\u00f0 10-12 dagar &amp; 25-30 dagar \u00ed bi\u00f0 \u2013 Skj\u00e1r: 1,96 tommur &amp; skj\u00e1upplausn 320\u00d7385 \u2013 1 ATM \u201eWater Resistance\u201c vatnsv\u00f6rn (10m d\u00fdpi) \u2013 St\u00e6r\u00f0 \u00f3lar: 20\u00d72,2 cm \u2013 St\u00e6r\u00f0: 47,5 x 38,7 x 1,12 cm \u2013 \u00deyngd. 56 gr \u2013 Vottun: CE og ROHS","breadcrumb":{"@id":"https:\/\/joyroom.is\/vara\/fit-life-ft5-plus\/#breadcrumb"},"inLanguage":"en-US","potentialAction":[{"@type":"ReadAction","target":["https:\/\/joyroom.is\/vara\/fit-life-ft5-plus\/"]}]},{"@type":"ImageObject","inLanguage":"en-US","@id":"https:\/\/joyroom.is\/vara\/fit-life-ft5-plus\/#primaryimage","url":"https:\/\/joyroom.is\/wp-content\/uploads\/2025\/07\/JR-FT5_Black-1.jpg","contentUrl":"https:\/\/joyroom.is\/wp-content\/uploads\/2025\/07\/JR-FT5_Black-1.jpg","width":600,"height":600},{"@type":"BreadcrumbList","@id":"https:\/\/joyroom.is\/vara\/fit-life-ft5-plus\/#breadcrumb","itemListElement":[{"@type":"ListItem","position":1,"name":"Home","item":"https:\/\/joyroom.is\/"},{"@type":"ListItem","position":2,"name":"Shop","item":"https:\/\/www.vorulagerinn.is\/heildsala\/en\/shop\/"},{"@type":"ListItem","position":3,"name":"Fit-life Series snjall- og heilsu\u00far me\u00f0 allt a\u00f0 12 daga rafhl\u00f6\u00f0u, vatnshelt, 100 heilsuforrit &amp; Bluetooth 5,4 (tveir litir \u00ed bo\u00f0i)"}]},{"@type":"WebSite","@id":"https:\/\/joyroom.is\/#website","url":"https:\/\/joyroom.is\/","name":"Joyroom \u00e1 \u00cdslandi","description":"Vali&eth; er einfalt","publisher":{"@id":"https:\/\/joyroom.is\/#organization"},"alternateName":"Joyroom","potentialAction":[{"@type":"SearchAction","target":{"@type":"EntryPoint","urlTemplate":"https:\/\/joyroom.is\/?s={search_term_string}"},"query-input":{"@type":"PropertyValueSpecification","valueRequired":true,"valueName":"search_term_string"}}],"inLanguage":"en-US"},{"@type":"Organization","@id":"https:\/\/joyroom.is\/#organization","name":"Joyroom \u00e1 \u00cdslandi","alternateName":"Joyroom","url":"https:\/\/joyroom.is\/","logo":{"@type":"ImageObject","inLanguage":"en-US","@id":"https:\/\/joyroom.is\/#\/schema\/logo\/image\/","url":"https:\/\/joyroom.is\/wp-content\/uploads\/2024\/08\/JR.jpg","contentUrl":"https:\/\/joyroom.is\/wp-content\/uploads\/2024\/08\/JR.jpg","width":1200,"height":1200,"caption":"Joyroom \u00e1 \u00cdslandi"},"image":{"@id":"https:\/\/joyroom.is\/#\/schema\/logo\/image\/"}}]}},"_links":{"self":[{"href":"https:\/\/joyroom.is\/en\/wp-json\/wp\/v2\/product\/25013","targetHints":{"allow":["GET"]}}],"collection":[{"href":"https:\/\/joyroom.is\/en\/wp-json\/wp\/v2\/product"}],"about":[{"href":"https:\/\/joyroom.is\/en\/wp-json\/wp\/v2\/types\/product"}],"wp:featuredmedia":[{"embeddable":true,"href":"https:\/\/joyroom.is\/en\/wp-json\/wp\/v2\/media\/24999"}],"wp:attachment":[{"href":"https:\/\/joyroom.is\/en\/wp-json\/wp\/v2\/media?parent=25013"}],"wp:term":[{"taxonomy":"product_brand","embeddable":true,"href":"https:\/\/joyroom.is\/en\/wp-json\/wp\/v2\/product_brand?post=25013"},{"taxonomy":"product_cat","embeddable":true,"href":"https:\/\/joyroom.is\/en\/wp-json\/wp\/v2\/product_cat?post=25013"},{"taxonomy":"product_tag","embeddable":true,"href":"https:\/\/joyroom.is\/en\/wp-json\/wp\/v2\/product_tag?post=25013"}],"curies":[{"name":"wp","href":"https:\/\/api.w.org\/{rel}","templated":true}]}}