{"id":25048,"date":"2025-07-16T19:26:31","date_gmt":"2025-07-16T19:26:31","guid":{"rendered":"https:\/\/joyroom.is\/product\/jr-cl05\/"},"modified":"2026-02-15T17:30:35","modified_gmt":"2026-02-15T17:30:35","slug":"jr-cl05","status":"publish","type":"product","link":"https:\/\/joyroom.is\/en\/product\/jr-cl05\/","title":{"rendered":"5 in 1 hra\u00f0hle\u00f0slutengi \u00ed b\u00edla (78W) fyrir alla fj\u00f6lskylduna me\u00f0 framlengingu \u00ed afturs\u00e6ti b\u00edlsins"},"content":{"rendered":"<div style=\"width: 960px;\" class=\"wp-video\"><video class=\"wp-video-shortcode\" id=\"video-25048-1\" width=\"960\" height=\"540\" preload=\"metadata\" controls=\"controls\"><source type=\"video\/mp4\" src=\"https:\/\/fodurlandid.is\/wp-content\/uploads\/2025\/07\/JR-CL05.mp4?_=1\" \/><a href=\"https:\/\/fodurlandid.is\/wp-content\/uploads\/2025\/07\/JR-CL05.mp4\">https:\/\/fodurlandid.is\/wp-content\/uploads\/2025\/07\/JR-CL05.mp4<\/a><\/video><\/div>\n<p>Input: DC 12-24V<br \/>\nOutput: Frams\u00e6ti<br \/>\nQC3.0 output: 5V\u23933A, 9V\u23932A, 12V\u23931.5A<br \/>\nPD output: 5V\u23933A, 9V\u23932.22A, 12V\u23931.67A<br \/>\nTotal output power: 38W<\/p>\n<p>Afturs\u00e6ti<br \/>\nOutput QC 3.0: 5V\u23933A, 9V\u23932A, 12V\u23931.5A<br \/>\nUSB1+USB2+USB3: 5V\u23933.6A<br \/>\nTotal output power: 36W<br \/>\nCar cigarette lighter * 3: 80W (Max)<br \/>\nTotal power: 154W<\/p>\n","protected":false},"excerpt":{"rendered":"<p>Fj\u00f6lnota 5 in 1 hra\u00f0hle\u00f0slutengi (72W) sem tengist s\u00edgarettukveikjaranum \u00ed b\u00edlnum. Frammi \u00ed b\u00edlnum eru tv\u00f6 USB-A og eitt USB-C tengi og me\u00f0 framlengingu \u00ed afturs\u00e6ti b\u00edlsins er h\u00e6gt a\u00f0 hla\u00f0a tv\u00f6 t\u00e6ki til vi\u00f0b\u00f3tar (USB-A &amp; USB-C tengi). Hle\u00f0slutengi\u00f0 hentar Apple, Xiaomi, Samsung og Huawei t\u00e6kjum. Me\u00f0 \u00feessari lausn ver\u00f0ur engin me\u00f0 t\u00f3ma rafhl\u00f6\u00f0u \u00ed b\u00edlnum.<\/p>\n<p>\u2013 Sj\u00e1\u00f0u myndband af v\u00f6runni ne\u00f0ar \u00e1 \u00feessari s\u00ed\u00f0u<br \/>\n\u2013 Litur: Svartur<br \/>\n\u2013 Hra\u00f0hle\u00f0slutengi: 78W<br \/>\n\u2013 Framlenging: 1,5 metrar<br \/>\n\u2013 Efni: Aluminum alloy + PC fireproof material<br \/>\n\u2013 Vottun: CE, ROHS og FC<br \/>\n\u2013 N\u00e1nari uppl\u00fdsingar ne\u00f0ar \u00e1 s\u00ed\u00f0unni<\/p>\n","protected":false},"featured_media":25044,"template":"","meta":[],"product_brand":[],"product_cat":[441],"product_tag":[],"class_list":{"0":"post-25048","1":"product","2":"type-product","3":"status-publish","4":"has-post-thumbnail","6":"product_cat-hledslutengi-i-bil","8":"first","9":"instock","10":"taxable","11":"shipping-taxable","12":"purchasable","13":"product-type-simple"},"yoast_head":"<!-- This site is optimized with the Yoast SEO Premium plugin v21.5 (Yoast SEO v27.4) - https:\/\/yoast.com\/product\/yoast-seo-premium-wordpress\/ -->\n<title>5 in 1 hra\u00f0hle\u00f0slutengi \u00ed b\u00edla (78W) fyrir alla fj\u00f6lskylduna me\u00f0 framlengingu \u00ed afturs\u00e6ti b\u00edlsins | Joyroom<\/title>\n<meta name=\"description\" content=\"Fj\u00f6lnota 5 in 1 hra\u00f0hle\u00f0slutengi (72W) sem tengist s\u00edgarettukveikjaranum \u00ed b\u00edlnum. Frammi \u00ed b\u00edlnum eru tv\u00f6 USB-A og eitt USB-C tengi og me\u00f0 framlengingu \u00ed afturs\u00e6ti b\u00edlsins er h\u00e6gt a\u00f0 hla\u00f0a tv\u00f6 t\u00e6ki til vi\u00f0b\u00f3tar (USB-A &amp; USB-C tengi). Hle\u00f0slutengi\u00f0 hentar Apple, Xiaomi, Samsung og Huawei t\u00e6kjum. Me\u00f0 \u00feessari lausn ver\u00f0ur engin me\u00f0 t\u00f3ma rafhl\u00f6\u00f0u \u00ed b\u00edlnum.  \u2013 Sj\u00e1\u00f0u myndband af v\u00f6runni ne\u00f0ar \u00e1 \u00feessari s\u00ed\u00f0u \u2013 Litur: Svartur \u2013 Hra\u00f0hle\u00f0slutengi: 78W \u2013 Framlenging: 1,5 metrar \u2013 Efni: Aluminum alloy + PC fireproof material \u2013 Vottun: CE, ROHS og FC \u2013 N\u00e1nari uppl\u00fdsingar ne\u00f0ar \u00e1 s\u00ed\u00f0unni\" \/>\n<meta name=\"robots\" content=\"index, follow, max-snippet:-1, max-image-preview:large, max-video-preview:-1\" \/>\n<link rel=\"canonical\" href=\"https:\/\/joyroom.is\/vara\/jr-cl05\/\" \/>\n<meta property=\"og:locale\" content=\"en_US\" \/>\n<meta property=\"og:type\" content=\"article\" \/>\n<meta property=\"og:title\" content=\"5 in 1 hra\u00f0hle\u00f0slutengi \u00ed b\u00edla (78W) fyrir alla fj\u00f6lskylduna me\u00f0 framlengingu \u00ed afturs\u00e6ti b\u00edlsins\" \/>\n<meta property=\"og:description\" content=\"Fj\u00f6lnota 5 in 1 hra\u00f0hle\u00f0slutengi (72W) sem tengist s\u00edgarettukveikjaranum \u00ed b\u00edlnum. Frammi \u00ed b\u00edlnum eru tv\u00f6 USB-A og eitt USB-C tengi og me\u00f0 framlengingu \u00ed afturs\u00e6ti b\u00edlsins er h\u00e6gt a\u00f0 hla\u00f0a tv\u00f6 t\u00e6ki til vi\u00f0b\u00f3tar (USB-A &amp; USB-C tengi). Hle\u00f0slutengi\u00f0 hentar Apple, Xiaomi, Samsung og Huawei t\u00e6kjum. Me\u00f0 \u00feessari lausn ver\u00f0ur engin me\u00f0 t\u00f3ma rafhl\u00f6\u00f0u \u00ed b\u00edlnum.  \u2013 Sj\u00e1\u00f0u myndband af v\u00f6runni ne\u00f0ar \u00e1 \u00feessari s\u00ed\u00f0u \u2013 Litur: Svartur \u2013 Hra\u00f0hle\u00f0slutengi: 78W \u2013 Framlenging: 1,5 metrar \u2013 Efni: Aluminum alloy + PC fireproof material \u2013 Vottun: CE, ROHS og FC \u2013 N\u00e1nari uppl\u00fdsingar ne\u00f0ar \u00e1 s\u00ed\u00f0unni\" \/>\n<meta property=\"og:url\" content=\"https:\/\/joyroom.is\/vara\/jr-cl05\/\" \/>\n<meta property=\"og:site_name\" content=\"Joyroom\" \/>\n<meta property=\"article:modified_time\" content=\"2026-02-15T17:30:35+00:00\" \/>\n<meta property=\"og:image\" content=\"https:\/\/joyroom.is\/wp-content\/uploads\/2025\/07\/JR-CL05.jpg\" \/>\n\t<meta property=\"og:image:width\" content=\"600\" \/>\n\t<meta property=\"og:image:height\" content=\"600\" \/>\n\t<meta property=\"og:image:type\" content=\"image\/jpeg\" \/>\n<meta name=\"twitter:card\" content=\"summary_large_image\" \/>\n<script type=\"application\/ld+json\" class=\"yoast-schema-graph\">{\"@context\":\"https:\\\/\\\/schema.org\",\"@graph\":[{\"@type\":\"WebPage\",\"@id\":\"https:\\\/\\\/joyroom.is\\\/vara\\\/jr-cl05\\\/\",\"url\":\"https:\\\/\\\/joyroom.is\\\/vara\\\/jr-cl05\\\/\",\"name\":\"5 in 1 hra\u00f0hle\u00f0slutengi \u00ed b\u00edla (78W) fyrir alla fj\u00f6lskylduna me\u00f0 framlengingu \u00ed afturs\u00e6ti b\u00edlsins | Joyroom\",\"isPartOf\":{\"@id\":\"https:\\\/\\\/joyroom.is\\\/#website\"},\"primaryImageOfPage\":{\"@id\":\"https:\\\/\\\/joyroom.is\\\/vara\\\/jr-cl05\\\/#primaryimage\"},\"image\":{\"@id\":\"https:\\\/\\\/joyroom.is\\\/vara\\\/jr-cl05\\\/#primaryimage\"},\"thumbnailUrl\":\"https:\\\/\\\/joyroom.is\\\/wp-content\\\/uploads\\\/2025\\\/07\\\/JR-CL05.jpg\",\"datePublished\":\"2025-07-16T19:26:31+00:00\",\"dateModified\":\"2026-02-15T17:30:35+00:00\",\"description\":\"Fj\u00f6lnota 5 in 1 hra\u00f0hle\u00f0slutengi (72W) sem tengist s\u00edgarettukveikjaranum \u00ed b\u00edlnum. Frammi \u00ed b\u00edlnum eru tv\u00f6 USB-A og eitt USB-C tengi og me\u00f0 framlengingu \u00ed afturs\u00e6ti b\u00edlsins er h\u00e6gt a\u00f0 hla\u00f0a tv\u00f6 t\u00e6ki til vi\u00f0b\u00f3tar (USB-A &amp; USB-C tengi). Hle\u00f0slutengi\u00f0 hentar Apple, Xiaomi, Samsung og Huawei t\u00e6kjum. Me\u00f0 \u00feessari lausn ver\u00f0ur engin me\u00f0 t\u00f3ma rafhl\u00f6\u00f0u \u00ed b\u00edlnum. \u2013 Sj\u00e1\u00f0u myndband af v\u00f6runni ne\u00f0ar \u00e1 \u00feessari s\u00ed\u00f0u \u2013 Litur: Svartur \u2013 Hra\u00f0hle\u00f0slutengi: 78W \u2013 Framlenging: 1,5 metrar \u2013 Efni: Aluminum alloy + PC fireproof material \u2013 Vottun: CE, ROHS og FC \u2013 N\u00e1nari uppl\u00fdsingar ne\u00f0ar \u00e1 s\u00ed\u00f0unni\",\"breadcrumb\":{\"@id\":\"https:\\\/\\\/joyroom.is\\\/vara\\\/jr-cl05\\\/#breadcrumb\"},\"inLanguage\":\"en-US\",\"potentialAction\":[{\"@type\":\"ReadAction\",\"target\":[\"https:\\\/\\\/joyroom.is\\\/vara\\\/jr-cl05\\\/\"]}]},{\"@type\":\"ImageObject\",\"inLanguage\":\"en-US\",\"@id\":\"https:\\\/\\\/joyroom.is\\\/vara\\\/jr-cl05\\\/#primaryimage\",\"url\":\"https:\\\/\\\/joyroom.is\\\/wp-content\\\/uploads\\\/2025\\\/07\\\/JR-CL05.jpg\",\"contentUrl\":\"https:\\\/\\\/joyroom.is\\\/wp-content\\\/uploads\\\/2025\\\/07\\\/JR-CL05.jpg\",\"width\":600,\"height\":600},{\"@type\":\"BreadcrumbList\",\"@id\":\"https:\\\/\\\/joyroom.is\\\/vara\\\/jr-cl05\\\/#breadcrumb\",\"itemListElement\":[{\"@type\":\"ListItem\",\"position\":1,\"name\":\"Home\",\"item\":\"https:\\\/\\\/joyroom.is\\\/\"},{\"@type\":\"ListItem\",\"position\":2,\"name\":\"Shop\",\"item\":\"https:\\\/\\\/www.vorulagerinn.is\\\/heildsala\\\/en\\\/shop\\\/\"},{\"@type\":\"ListItem\",\"position\":3,\"name\":\"5 in 1 hra\u00f0hle\u00f0slutengi \u00ed b\u00edla (78W) fyrir alla fj\u00f6lskylduna me\u00f0 framlengingu \u00ed afturs\u00e6ti b\u00edlsins\"}]},{\"@type\":\"WebSite\",\"@id\":\"https:\\\/\\\/joyroom.is\\\/#website\",\"url\":\"https:\\\/\\\/joyroom.is\\\/\",\"name\":\"Joyroom \u00e1 \u00cdslandi\",\"description\":\"Vali&eth; er einfalt\",\"publisher\":{\"@id\":\"https:\\\/\\\/joyroom.is\\\/#organization\"},\"alternateName\":\"Joyroom\",\"potentialAction\":[{\"@type\":\"SearchAction\",\"target\":{\"@type\":\"EntryPoint\",\"urlTemplate\":\"https:\\\/\\\/joyroom.is\\\/?s={search_term_string}\"},\"query-input\":{\"@type\":\"PropertyValueSpecification\",\"valueRequired\":true,\"valueName\":\"search_term_string\"}}],\"inLanguage\":\"en-US\"},{\"@type\":\"Organization\",\"@id\":\"https:\\\/\\\/joyroom.is\\\/#organization\",\"name\":\"Joyroom \u00e1 \u00cdslandi\",\"alternateName\":\"Joyroom\",\"url\":\"https:\\\/\\\/joyroom.is\\\/\",\"logo\":{\"@type\":\"ImageObject\",\"inLanguage\":\"en-US\",\"@id\":\"https:\\\/\\\/joyroom.is\\\/#\\\/schema\\\/logo\\\/image\\\/\",\"url\":\"https:\\\/\\\/joyroom.is\\\/wp-content\\\/uploads\\\/2024\\\/08\\\/JR.jpg\",\"contentUrl\":\"https:\\\/\\\/joyroom.is\\\/wp-content\\\/uploads\\\/2024\\\/08\\\/JR.jpg\",\"width\":1200,\"height\":1200,\"caption\":\"Joyroom \u00e1 \u00cdslandi\"},\"image\":{\"@id\":\"https:\\\/\\\/joyroom.is\\\/#\\\/schema\\\/logo\\\/image\\\/\"}}]}<\/script>\n<!-- \/ Yoast SEO Premium plugin. -->","yoast_head_json":{"title":"5 in 1 hra\u00f0hle\u00f0slutengi \u00ed b\u00edla (78W) fyrir alla fj\u00f6lskylduna me\u00f0 framlengingu \u00ed afturs\u00e6ti b\u00edlsins | Joyroom","description":"Fj\u00f6lnota 5 in 1 hra\u00f0hle\u00f0slutengi (72W) sem tengist s\u00edgarettukveikjaranum \u00ed b\u00edlnum. Frammi \u00ed b\u00edlnum eru tv\u00f6 USB-A og eitt USB-C tengi og me\u00f0 framlengingu \u00ed afturs\u00e6ti b\u00edlsins er h\u00e6gt a\u00f0 hla\u00f0a tv\u00f6 t\u00e6ki til vi\u00f0b\u00f3tar (USB-A &amp; USB-C tengi). Hle\u00f0slutengi\u00f0 hentar Apple, Xiaomi, Samsung og Huawei t\u00e6kjum. Me\u00f0 \u00feessari lausn ver\u00f0ur engin me\u00f0 t\u00f3ma rafhl\u00f6\u00f0u \u00ed b\u00edlnum.  \u2013 Sj\u00e1\u00f0u myndband af v\u00f6runni ne\u00f0ar \u00e1 \u00feessari s\u00ed\u00f0u \u2013 Litur: Svartur \u2013 Hra\u00f0hle\u00f0slutengi: 78W \u2013 Framlenging: 1,5 metrar \u2013 Efni: Aluminum alloy + PC fireproof material \u2013 Vottun: CE, ROHS og FC \u2013 N\u00e1nari uppl\u00fdsingar ne\u00f0ar \u00e1 s\u00ed\u00f0unni","robots":{"index":"index","follow":"follow","max-snippet":"max-snippet:-1","max-image-preview":"max-image-preview:large","max-video-preview":"max-video-preview:-1"},"canonical":"https:\/\/joyroom.is\/vara\/jr-cl05\/","og_locale":"en_US","og_type":"article","og_title":"5 in 1 hra\u00f0hle\u00f0slutengi \u00ed b\u00edla (78W) fyrir alla fj\u00f6lskylduna me\u00f0 framlengingu \u00ed afturs\u00e6ti b\u00edlsins","og_description":"Fj\u00f6lnota 5 in 1 hra\u00f0hle\u00f0slutengi (72W) sem tengist s\u00edgarettukveikjaranum \u00ed b\u00edlnum. Frammi \u00ed b\u00edlnum eru tv\u00f6 USB-A og eitt USB-C tengi og me\u00f0 framlengingu \u00ed afturs\u00e6ti b\u00edlsins er h\u00e6gt a\u00f0 hla\u00f0a tv\u00f6 t\u00e6ki til vi\u00f0b\u00f3tar (USB-A &amp; USB-C tengi). Hle\u00f0slutengi\u00f0 hentar Apple, Xiaomi, Samsung og Huawei t\u00e6kjum. Me\u00f0 \u00feessari lausn ver\u00f0ur engin me\u00f0 t\u00f3ma rafhl\u00f6\u00f0u \u00ed b\u00edlnum.  \u2013 Sj\u00e1\u00f0u myndband af v\u00f6runni ne\u00f0ar \u00e1 \u00feessari s\u00ed\u00f0u \u2013 Litur: Svartur \u2013 Hra\u00f0hle\u00f0slutengi: 78W \u2013 Framlenging: 1,5 metrar \u2013 Efni: Aluminum alloy + PC fireproof material \u2013 Vottun: CE, ROHS og FC \u2013 N\u00e1nari uppl\u00fdsingar ne\u00f0ar \u00e1 s\u00ed\u00f0unni","og_url":"https:\/\/joyroom.is\/vara\/jr-cl05\/","og_site_name":"Joyroom","article_modified_time":"2026-02-15T17:30:35+00:00","og_image":[{"width":600,"height":600,"url":"https:\/\/joyroom.is\/wp-content\/uploads\/2025\/07\/JR-CL05.jpg","type":"image\/jpeg"}],"twitter_card":"summary_large_image","schema":{"@context":"https:\/\/schema.org","@graph":[{"@type":"WebPage","@id":"https:\/\/joyroom.is\/vara\/jr-cl05\/","url":"https:\/\/joyroom.is\/vara\/jr-cl05\/","name":"5 in 1 hra\u00f0hle\u00f0slutengi \u00ed b\u00edla (78W) fyrir alla fj\u00f6lskylduna me\u00f0 framlengingu \u00ed afturs\u00e6ti b\u00edlsins | Joyroom","isPartOf":{"@id":"https:\/\/joyroom.is\/#website"},"primaryImageOfPage":{"@id":"https:\/\/joyroom.is\/vara\/jr-cl05\/#primaryimage"},"image":{"@id":"https:\/\/joyroom.is\/vara\/jr-cl05\/#primaryimage"},"thumbnailUrl":"https:\/\/joyroom.is\/wp-content\/uploads\/2025\/07\/JR-CL05.jpg","datePublished":"2025-07-16T19:26:31+00:00","dateModified":"2026-02-15T17:30:35+00:00","description":"Fj\u00f6lnota 5 in 1 hra\u00f0hle\u00f0slutengi (72W) sem tengist s\u00edgarettukveikjaranum \u00ed b\u00edlnum. Frammi \u00ed b\u00edlnum eru tv\u00f6 USB-A og eitt USB-C tengi og me\u00f0 framlengingu \u00ed afturs\u00e6ti b\u00edlsins er h\u00e6gt a\u00f0 hla\u00f0a tv\u00f6 t\u00e6ki til vi\u00f0b\u00f3tar (USB-A &amp; USB-C tengi). Hle\u00f0slutengi\u00f0 hentar Apple, Xiaomi, Samsung og Huawei t\u00e6kjum. Me\u00f0 \u00feessari lausn ver\u00f0ur engin me\u00f0 t\u00f3ma rafhl\u00f6\u00f0u \u00ed b\u00edlnum. \u2013 Sj\u00e1\u00f0u myndband af v\u00f6runni ne\u00f0ar \u00e1 \u00feessari s\u00ed\u00f0u \u2013 Litur: Svartur \u2013 Hra\u00f0hle\u00f0slutengi: 78W \u2013 Framlenging: 1,5 metrar \u2013 Efni: Aluminum alloy + PC fireproof material \u2013 Vottun: CE, ROHS og FC \u2013 N\u00e1nari uppl\u00fdsingar ne\u00f0ar \u00e1 s\u00ed\u00f0unni","breadcrumb":{"@id":"https:\/\/joyroom.is\/vara\/jr-cl05\/#breadcrumb"},"inLanguage":"en-US","potentialAction":[{"@type":"ReadAction","target":["https:\/\/joyroom.is\/vara\/jr-cl05\/"]}]},{"@type":"ImageObject","inLanguage":"en-US","@id":"https:\/\/joyroom.is\/vara\/jr-cl05\/#primaryimage","url":"https:\/\/joyroom.is\/wp-content\/uploads\/2025\/07\/JR-CL05.jpg","contentUrl":"https:\/\/joyroom.is\/wp-content\/uploads\/2025\/07\/JR-CL05.jpg","width":600,"height":600},{"@type":"BreadcrumbList","@id":"https:\/\/joyroom.is\/vara\/jr-cl05\/#breadcrumb","itemListElement":[{"@type":"ListItem","position":1,"name":"Home","item":"https:\/\/joyroom.is\/"},{"@type":"ListItem","position":2,"name":"Shop","item":"https:\/\/www.vorulagerinn.is\/heildsala\/en\/shop\/"},{"@type":"ListItem","position":3,"name":"5 in 1 hra\u00f0hle\u00f0slutengi \u00ed b\u00edla (78W) fyrir alla fj\u00f6lskylduna me\u00f0 framlengingu \u00ed afturs\u00e6ti b\u00edlsins"}]},{"@type":"WebSite","@id":"https:\/\/joyroom.is\/#website","url":"https:\/\/joyroom.is\/","name":"Joyroom \u00e1 \u00cdslandi","description":"Vali&eth; er einfalt","publisher":{"@id":"https:\/\/joyroom.is\/#organization"},"alternateName":"Joyroom","potentialAction":[{"@type":"SearchAction","target":{"@type":"EntryPoint","urlTemplate":"https:\/\/joyroom.is\/?s={search_term_string}"},"query-input":{"@type":"PropertyValueSpecification","valueRequired":true,"valueName":"search_term_string"}}],"inLanguage":"en-US"},{"@type":"Organization","@id":"https:\/\/joyroom.is\/#organization","name":"Joyroom \u00e1 \u00cdslandi","alternateName":"Joyroom","url":"https:\/\/joyroom.is\/","logo":{"@type":"ImageObject","inLanguage":"en-US","@id":"https:\/\/joyroom.is\/#\/schema\/logo\/image\/","url":"https:\/\/joyroom.is\/wp-content\/uploads\/2024\/08\/JR.jpg","contentUrl":"https:\/\/joyroom.is\/wp-content\/uploads\/2024\/08\/JR.jpg","width":1200,"height":1200,"caption":"Joyroom \u00e1 \u00cdslandi"},"image":{"@id":"https:\/\/joyroom.is\/#\/schema\/logo\/image\/"}}]}},"_links":{"self":[{"href":"https:\/\/joyroom.is\/en\/wp-json\/wp\/v2\/product\/25048","targetHints":{"allow":["GET"]}}],"collection":[{"href":"https:\/\/joyroom.is\/en\/wp-json\/wp\/v2\/product"}],"about":[{"href":"https:\/\/joyroom.is\/en\/wp-json\/wp\/v2\/types\/product"}],"wp:featuredmedia":[{"embeddable":true,"href":"https:\/\/joyroom.is\/en\/wp-json\/wp\/v2\/media\/25044"}],"wp:attachment":[{"href":"https:\/\/joyroom.is\/en\/wp-json\/wp\/v2\/media?parent=25048"}],"wp:term":[{"taxonomy":"product_brand","embeddable":true,"href":"https:\/\/joyroom.is\/en\/wp-json\/wp\/v2\/product_brand?post=25048"},{"taxonomy":"product_cat","embeddable":true,"href":"https:\/\/joyroom.is\/en\/wp-json\/wp\/v2\/product_cat?post=25048"},{"taxonomy":"product_tag","embeddable":true,"href":"https:\/\/joyroom.is\/en\/wp-json\/wp\/v2\/product_tag?post=25048"}],"curies":[{"name":"wp","href":"https:\/\/api.w.org\/{rel}","templated":true}]}}