{"id":25070,"date":"2025-07-16T16:11:16","date_gmt":"2025-07-16T16:11:16","guid":{"rendered":"https:\/\/joyroom.is\/product\/jr-ccl05\/"},"modified":"2026-02-15T17:38:00","modified_gmt":"2026-02-15T17:38:00","slug":"jr-ccl05","status":"publish","type":"product","link":"https:\/\/joyroom.is\/en\/product\/jr-ccl05\/","title":{"rendered":"50W hra\u00f0hle\u00f0slutengi \u00ed b\u00edl me\u00f0 USB-A &amp; USB-C tengjum \u00e1samt tveimur 80 cm \u00fatdraganlegum USB-A &amp; Lightning sn\u00farum"},"content":{"rendered":"","protected":false},"excerpt":{"rendered":"<p>\u00d6flugt 50W hra\u00f0hle\u00f0slutengi sem tengist s\u00edgarettukveikjaranum \u00ed b\u00edlnum. Hle\u00f0slutengi\u00f0 er me\u00f0 einu USB-A og einu USB-C hle\u00f0slutengi \u00e1samt tveimur 80 cm \u00fatdraganlegum USB-C &amp; Lightning sn\u00farum. Hle\u00f0slutengi\u00f0 getur hla\u00f0a\u00f0 \u00f6ll helstu snjallt\u00e6ki, fer\u00f0av\u00e9lar o.fl. samt\u00edmis. \u00dea\u00f0 er t.d. h\u00e6gt a\u00f0 hla\u00f0a Macbook, HP, Lenovo, Chromebook, fer\u00f0av\u00e9lar, Ipad, iPhone, Samsung, Motorola, Google fars\u00edma o.fl.<\/p>\n<p>\u2013 Litur: Svartur<br \/>\n\u2013 Hra\u00f0hle\u00f0sla 50W<br \/>\n\u2013 Hle\u00f0slutengi: 1x USB- A &amp; 1x USB-C<br \/>\n\u2013 Tv\u00e6r \u00fatdaganlegar 80 cm hle\u00f0slusn\u00farur (USB-C &amp; Lightning)<br \/>\n\u2013 St\u00e6r\u00f0: 13 x 45 x 8 cm<br \/>\n\u2013 \u00deyngd: 117g<br \/>\n\u2013 Vottun: CE, ROHS &amp; FC<\/p>\n","protected":false},"featured_media":25066,"template":"","meta":[],"product_brand":[],"product_cat":[441],"product_tag":[],"class_list":{"0":"post-25070","1":"product","2":"type-product","3":"status-publish","4":"has-post-thumbnail","6":"product_cat-hledslutengi-i-bil","8":"first","9":"instock","10":"taxable","11":"shipping-taxable","12":"purchasable","13":"product-type-simple"},"yoast_head":"<!-- This site is optimized with the Yoast SEO Premium plugin v21.5 (Yoast SEO v27.5) - https:\/\/yoast.com\/product\/yoast-seo-premium-wordpress\/ -->\n<title>50W hra\u00f0hle\u00f0slutengi \u00ed b\u00edl me\u00f0 USB-A &amp; USB-C tengjum \u00e1samt tveimur 80 cm \u00fatdraganlegum USB-A &amp; Lightning sn\u00farum | Joyroom<\/title>\n<meta name=\"description\" content=\"\u00d6flugt 50W hra\u00f0hle\u00f0slutengi sem tengist s\u00edgarettukveikjaranum \u00ed b\u00edlnum. Hle\u00f0slutengi\u00f0 er me\u00f0 einu USB-A og einu USB-C hle\u00f0slutengi \u00e1samt tveimur 80 cm \u00fatdraganlegum USB-C &amp; Lightning sn\u00farum. Hle\u00f0slutengi\u00f0 getur hla\u00f0a\u00f0 \u00f6ll helstu snjallt\u00e6ki, fer\u00f0av\u00e9lar o.fl. samt\u00edmis. \u00dea\u00f0 er t.d. h\u00e6gt a\u00f0 hla\u00f0a Macbook, HP, Lenovo, Chromebook, fer\u00f0av\u00e9lar, Ipad, iPhone, Samsung, Motorola, Google fars\u00edma o.fl.  \u2013 Litur: Svartur \u2013 Hra\u00f0hle\u00f0sla 50W \u2013 Hle\u00f0slutengi: 1x USB- A &amp; 1x USB-C \u2013 Tv\u00e6r \u00fatdaganlegar 80 cm hle\u00f0slusn\u00farur (USB-C &amp; Lightning) \u2013 St\u00e6r\u00f0: 13 x 45 x 8 cm \u2013 \u00deyngd: 117g \u2013 Vottun: CE, ROHS &amp; FC\" \/>\n<meta name=\"robots\" content=\"index, follow, max-snippet:-1, max-image-preview:large, max-video-preview:-1\" \/>\n<link rel=\"canonical\" href=\"https:\/\/joyroom.is\/vara\/jr-ccl05\/\" \/>\n<meta property=\"og:locale\" content=\"en_US\" \/>\n<meta property=\"og:type\" content=\"article\" \/>\n<meta property=\"og:title\" content=\"50W hra\u00f0hle\u00f0slutengi \u00ed b\u00edl me\u00f0 USB-A &amp; USB-C tengjum \u00e1samt tveimur 80 cm \u00fatdraganlegum USB-A &amp; Lightning sn\u00farum\" \/>\n<meta property=\"og:description\" content=\"\u00d6flugt 50W hra\u00f0hle\u00f0slutengi sem tengist s\u00edgarettukveikjaranum \u00ed b\u00edlnum. Hle\u00f0slutengi\u00f0 er me\u00f0 einu USB-A og einu USB-C hle\u00f0slutengi \u00e1samt tveimur 80 cm \u00fatdraganlegum USB-C &amp; Lightning sn\u00farum. Hle\u00f0slutengi\u00f0 getur hla\u00f0a\u00f0 \u00f6ll helstu snjallt\u00e6ki, fer\u00f0av\u00e9lar o.fl. samt\u00edmis. \u00dea\u00f0 er t.d. h\u00e6gt a\u00f0 hla\u00f0a Macbook, HP, Lenovo, Chromebook, fer\u00f0av\u00e9lar, Ipad, iPhone, Samsung, Motorola, Google fars\u00edma o.fl.  \u2013 Litur: Svartur \u2013 Hra\u00f0hle\u00f0sla 50W \u2013 Hle\u00f0slutengi: 1x USB- A &amp; 1x USB-C \u2013 Tv\u00e6r \u00fatdaganlegar 80 cm hle\u00f0slusn\u00farur (USB-C &amp; Lightning) \u2013 St\u00e6r\u00f0: 13 x 45 x 8 cm \u2013 \u00deyngd: 117g \u2013 Vottun: CE, ROHS &amp; FC\" \/>\n<meta property=\"og:url\" content=\"https:\/\/joyroom.is\/vara\/jr-ccl05\/\" \/>\n<meta property=\"og:site_name\" content=\"Joyroom\" \/>\n<meta property=\"article:modified_time\" content=\"2026-02-15T17:38:00+00:00\" \/>\n<meta property=\"og:image\" content=\"https:\/\/joyroom.is\/wp-content\/uploads\/2025\/07\/JR-CCL05_0.jpg\" \/>\n\t<meta property=\"og:image:width\" content=\"600\" \/>\n\t<meta property=\"og:image:height\" content=\"600\" \/>\n\t<meta property=\"og:image:type\" content=\"image\/jpeg\" \/>\n<meta name=\"twitter:card\" content=\"summary_large_image\" \/>\n<script type=\"application\/ld+json\" class=\"yoast-schema-graph\">{\"@context\":\"https:\\\/\\\/schema.org\",\"@graph\":[{\"@type\":\"WebPage\",\"@id\":\"https:\\\/\\\/joyroom.is\\\/vara\\\/jr-ccl05\\\/\",\"url\":\"https:\\\/\\\/joyroom.is\\\/vara\\\/jr-ccl05\\\/\",\"name\":\"50W hra\u00f0hle\u00f0slutengi \u00ed b\u00edl me\u00f0 USB-A &amp; USB-C tengjum \u00e1samt tveimur 80 cm \u00fatdraganlegum USB-A &amp; Lightning sn\u00farum | Joyroom\",\"isPartOf\":{\"@id\":\"https:\\\/\\\/joyroom.is\\\/#website\"},\"primaryImageOfPage\":{\"@id\":\"https:\\\/\\\/joyroom.is\\\/vara\\\/jr-ccl05\\\/#primaryimage\"},\"image\":{\"@id\":\"https:\\\/\\\/joyroom.is\\\/vara\\\/jr-ccl05\\\/#primaryimage\"},\"thumbnailUrl\":\"https:\\\/\\\/joyroom.is\\\/wp-content\\\/uploads\\\/2025\\\/07\\\/JR-CCL05_0.jpg\",\"datePublished\":\"2025-07-16T16:11:16+00:00\",\"dateModified\":\"2026-02-15T17:38:00+00:00\",\"description\":\"\u00d6flugt 50W hra\u00f0hle\u00f0slutengi sem tengist s\u00edgarettukveikjaranum \u00ed b\u00edlnum. Hle\u00f0slutengi\u00f0 er me\u00f0 einu USB-A og einu USB-C hle\u00f0slutengi \u00e1samt tveimur 80 cm \u00fatdraganlegum USB-C &amp; Lightning sn\u00farum. Hle\u00f0slutengi\u00f0 getur hla\u00f0a\u00f0 \u00f6ll helstu snjallt\u00e6ki, fer\u00f0av\u00e9lar o.fl. samt\u00edmis. \u00dea\u00f0 er t.d. h\u00e6gt a\u00f0 hla\u00f0a Macbook, HP, Lenovo, Chromebook, fer\u00f0av\u00e9lar, Ipad, iPhone, Samsung, Motorola, Google fars\u00edma o.fl. \u2013 Litur: Svartur \u2013 Hra\u00f0hle\u00f0sla 50W \u2013 Hle\u00f0slutengi: 1x USB- A &amp; 1x USB-C \u2013 Tv\u00e6r \u00fatdaganlegar 80 cm hle\u00f0slusn\u00farur (USB-C &amp; Lightning) \u2013 St\u00e6r\u00f0: 13 x 45 x 8 cm \u2013 \u00deyngd: 117g \u2013 Vottun: CE, ROHS &amp; FC\",\"breadcrumb\":{\"@id\":\"https:\\\/\\\/joyroom.is\\\/vara\\\/jr-ccl05\\\/#breadcrumb\"},\"inLanguage\":\"en-US\",\"potentialAction\":[{\"@type\":\"ReadAction\",\"target\":[\"https:\\\/\\\/joyroom.is\\\/vara\\\/jr-ccl05\\\/\"]}]},{\"@type\":\"ImageObject\",\"inLanguage\":\"en-US\",\"@id\":\"https:\\\/\\\/joyroom.is\\\/vara\\\/jr-ccl05\\\/#primaryimage\",\"url\":\"https:\\\/\\\/joyroom.is\\\/wp-content\\\/uploads\\\/2025\\\/07\\\/JR-CCL05_0.jpg\",\"contentUrl\":\"https:\\\/\\\/joyroom.is\\\/wp-content\\\/uploads\\\/2025\\\/07\\\/JR-CCL05_0.jpg\",\"width\":600,\"height\":600},{\"@type\":\"BreadcrumbList\",\"@id\":\"https:\\\/\\\/joyroom.is\\\/vara\\\/jr-ccl05\\\/#breadcrumb\",\"itemListElement\":[{\"@type\":\"ListItem\",\"position\":1,\"name\":\"Home\",\"item\":\"https:\\\/\\\/joyroom.is\\\/\"},{\"@type\":\"ListItem\",\"position\":2,\"name\":\"Shop\",\"item\":\"https:\\\/\\\/www.vorulagerinn.is\\\/heildsala\\\/en\\\/shop\\\/\"},{\"@type\":\"ListItem\",\"position\":3,\"name\":\"50W hra\u00f0hle\u00f0slutengi \u00ed b\u00edl me\u00f0 USB-A &amp; USB-C tengjum \u00e1samt tveimur 80 cm \u00fatdraganlegum USB-A &amp; Lightning sn\u00farum\"}]},{\"@type\":\"WebSite\",\"@id\":\"https:\\\/\\\/joyroom.is\\\/#website\",\"url\":\"https:\\\/\\\/joyroom.is\\\/\",\"name\":\"Joyroom \u00e1 \u00cdslandi\",\"description\":\"Vali&eth; er einfalt\",\"publisher\":{\"@id\":\"https:\\\/\\\/joyroom.is\\\/#organization\"},\"alternateName\":\"Joyroom\",\"potentialAction\":[{\"@type\":\"SearchAction\",\"target\":{\"@type\":\"EntryPoint\",\"urlTemplate\":\"https:\\\/\\\/joyroom.is\\\/?s={search_term_string}\"},\"query-input\":{\"@type\":\"PropertyValueSpecification\",\"valueRequired\":true,\"valueName\":\"search_term_string\"}}],\"inLanguage\":\"en-US\"},{\"@type\":\"Organization\",\"@id\":\"https:\\\/\\\/joyroom.is\\\/#organization\",\"name\":\"Joyroom \u00e1 \u00cdslandi\",\"alternateName\":\"Joyroom\",\"url\":\"https:\\\/\\\/joyroom.is\\\/\",\"logo\":{\"@type\":\"ImageObject\",\"inLanguage\":\"en-US\",\"@id\":\"https:\\\/\\\/joyroom.is\\\/#\\\/schema\\\/logo\\\/image\\\/\",\"url\":\"https:\\\/\\\/joyroom.is\\\/wp-content\\\/uploads\\\/2024\\\/08\\\/JR.jpg\",\"contentUrl\":\"https:\\\/\\\/joyroom.is\\\/wp-content\\\/uploads\\\/2024\\\/08\\\/JR.jpg\",\"width\":1200,\"height\":1200,\"caption\":\"Joyroom \u00e1 \u00cdslandi\"},\"image\":{\"@id\":\"https:\\\/\\\/joyroom.is\\\/#\\\/schema\\\/logo\\\/image\\\/\"}}]}<\/script>\n<!-- \/ Yoast SEO Premium plugin. -->","yoast_head_json":{"title":"50W hra\u00f0hle\u00f0slutengi \u00ed b\u00edl me\u00f0 USB-A &amp; USB-C tengjum \u00e1samt tveimur 80 cm \u00fatdraganlegum USB-A &amp; Lightning sn\u00farum | Joyroom","description":"\u00d6flugt 50W hra\u00f0hle\u00f0slutengi sem tengist s\u00edgarettukveikjaranum \u00ed b\u00edlnum. Hle\u00f0slutengi\u00f0 er me\u00f0 einu USB-A og einu USB-C hle\u00f0slutengi \u00e1samt tveimur 80 cm \u00fatdraganlegum USB-C &amp; Lightning sn\u00farum. Hle\u00f0slutengi\u00f0 getur hla\u00f0a\u00f0 \u00f6ll helstu snjallt\u00e6ki, fer\u00f0av\u00e9lar o.fl. samt\u00edmis. \u00dea\u00f0 er t.d. h\u00e6gt a\u00f0 hla\u00f0a Macbook, HP, Lenovo, Chromebook, fer\u00f0av\u00e9lar, Ipad, iPhone, Samsung, Motorola, Google fars\u00edma o.fl.  \u2013 Litur: Svartur \u2013 Hra\u00f0hle\u00f0sla 50W \u2013 Hle\u00f0slutengi: 1x USB- A &amp; 1x USB-C \u2013 Tv\u00e6r \u00fatdaganlegar 80 cm hle\u00f0slusn\u00farur (USB-C &amp; Lightning) \u2013 St\u00e6r\u00f0: 13 x 45 x 8 cm \u2013 \u00deyngd: 117g \u2013 Vottun: CE, ROHS &amp; FC","robots":{"index":"index","follow":"follow","max-snippet":"max-snippet:-1","max-image-preview":"max-image-preview:large","max-video-preview":"max-video-preview:-1"},"canonical":"https:\/\/joyroom.is\/vara\/jr-ccl05\/","og_locale":"en_US","og_type":"article","og_title":"50W hra\u00f0hle\u00f0slutengi \u00ed b\u00edl me\u00f0 USB-A &amp; USB-C tengjum \u00e1samt tveimur 80 cm \u00fatdraganlegum USB-A &amp; Lightning sn\u00farum","og_description":"\u00d6flugt 50W hra\u00f0hle\u00f0slutengi sem tengist s\u00edgarettukveikjaranum \u00ed b\u00edlnum. Hle\u00f0slutengi\u00f0 er me\u00f0 einu USB-A og einu USB-C hle\u00f0slutengi \u00e1samt tveimur 80 cm \u00fatdraganlegum USB-C &amp; Lightning sn\u00farum. Hle\u00f0slutengi\u00f0 getur hla\u00f0a\u00f0 \u00f6ll helstu snjallt\u00e6ki, fer\u00f0av\u00e9lar o.fl. samt\u00edmis. \u00dea\u00f0 er t.d. h\u00e6gt a\u00f0 hla\u00f0a Macbook, HP, Lenovo, Chromebook, fer\u00f0av\u00e9lar, Ipad, iPhone, Samsung, Motorola, Google fars\u00edma o.fl.  \u2013 Litur: Svartur \u2013 Hra\u00f0hle\u00f0sla 50W \u2013 Hle\u00f0slutengi: 1x USB- A &amp; 1x USB-C \u2013 Tv\u00e6r \u00fatdaganlegar 80 cm hle\u00f0slusn\u00farur (USB-C &amp; Lightning) \u2013 St\u00e6r\u00f0: 13 x 45 x 8 cm \u2013 \u00deyngd: 117g \u2013 Vottun: CE, ROHS &amp; FC","og_url":"https:\/\/joyroom.is\/vara\/jr-ccl05\/","og_site_name":"Joyroom","article_modified_time":"2026-02-15T17:38:00+00:00","og_image":[{"width":600,"height":600,"url":"https:\/\/joyroom.is\/wp-content\/uploads\/2025\/07\/JR-CCL05_0.jpg","type":"image\/jpeg"}],"twitter_card":"summary_large_image","schema":{"@context":"https:\/\/schema.org","@graph":[{"@type":"WebPage","@id":"https:\/\/joyroom.is\/vara\/jr-ccl05\/","url":"https:\/\/joyroom.is\/vara\/jr-ccl05\/","name":"50W hra\u00f0hle\u00f0slutengi \u00ed b\u00edl me\u00f0 USB-A &amp; USB-C tengjum \u00e1samt tveimur 80 cm \u00fatdraganlegum USB-A &amp; Lightning sn\u00farum | Joyroom","isPartOf":{"@id":"https:\/\/joyroom.is\/#website"},"primaryImageOfPage":{"@id":"https:\/\/joyroom.is\/vara\/jr-ccl05\/#primaryimage"},"image":{"@id":"https:\/\/joyroom.is\/vara\/jr-ccl05\/#primaryimage"},"thumbnailUrl":"https:\/\/joyroom.is\/wp-content\/uploads\/2025\/07\/JR-CCL05_0.jpg","datePublished":"2025-07-16T16:11:16+00:00","dateModified":"2026-02-15T17:38:00+00:00","description":"\u00d6flugt 50W hra\u00f0hle\u00f0slutengi sem tengist s\u00edgarettukveikjaranum \u00ed b\u00edlnum. Hle\u00f0slutengi\u00f0 er me\u00f0 einu USB-A og einu USB-C hle\u00f0slutengi \u00e1samt tveimur 80 cm \u00fatdraganlegum USB-C &amp; Lightning sn\u00farum. Hle\u00f0slutengi\u00f0 getur hla\u00f0a\u00f0 \u00f6ll helstu snjallt\u00e6ki, fer\u00f0av\u00e9lar o.fl. samt\u00edmis. \u00dea\u00f0 er t.d. h\u00e6gt a\u00f0 hla\u00f0a Macbook, HP, Lenovo, Chromebook, fer\u00f0av\u00e9lar, Ipad, iPhone, Samsung, Motorola, Google fars\u00edma o.fl. \u2013 Litur: Svartur \u2013 Hra\u00f0hle\u00f0sla 50W \u2013 Hle\u00f0slutengi: 1x USB- A &amp; 1x USB-C \u2013 Tv\u00e6r \u00fatdaganlegar 80 cm hle\u00f0slusn\u00farur (USB-C &amp; Lightning) \u2013 St\u00e6r\u00f0: 13 x 45 x 8 cm \u2013 \u00deyngd: 117g \u2013 Vottun: CE, ROHS &amp; FC","breadcrumb":{"@id":"https:\/\/joyroom.is\/vara\/jr-ccl05\/#breadcrumb"},"inLanguage":"en-US","potentialAction":[{"@type":"ReadAction","target":["https:\/\/joyroom.is\/vara\/jr-ccl05\/"]}]},{"@type":"ImageObject","inLanguage":"en-US","@id":"https:\/\/joyroom.is\/vara\/jr-ccl05\/#primaryimage","url":"https:\/\/joyroom.is\/wp-content\/uploads\/2025\/07\/JR-CCL05_0.jpg","contentUrl":"https:\/\/joyroom.is\/wp-content\/uploads\/2025\/07\/JR-CCL05_0.jpg","width":600,"height":600},{"@type":"BreadcrumbList","@id":"https:\/\/joyroom.is\/vara\/jr-ccl05\/#breadcrumb","itemListElement":[{"@type":"ListItem","position":1,"name":"Home","item":"https:\/\/joyroom.is\/"},{"@type":"ListItem","position":2,"name":"Shop","item":"https:\/\/www.vorulagerinn.is\/heildsala\/en\/shop\/"},{"@type":"ListItem","position":3,"name":"50W hra\u00f0hle\u00f0slutengi \u00ed b\u00edl me\u00f0 USB-A &amp; USB-C tengjum \u00e1samt tveimur 80 cm \u00fatdraganlegum USB-A &amp; Lightning sn\u00farum"}]},{"@type":"WebSite","@id":"https:\/\/joyroom.is\/#website","url":"https:\/\/joyroom.is\/","name":"Joyroom \u00e1 \u00cdslandi","description":"Vali&eth; er einfalt","publisher":{"@id":"https:\/\/joyroom.is\/#organization"},"alternateName":"Joyroom","potentialAction":[{"@type":"SearchAction","target":{"@type":"EntryPoint","urlTemplate":"https:\/\/joyroom.is\/?s={search_term_string}"},"query-input":{"@type":"PropertyValueSpecification","valueRequired":true,"valueName":"search_term_string"}}],"inLanguage":"en-US"},{"@type":"Organization","@id":"https:\/\/joyroom.is\/#organization","name":"Joyroom \u00e1 \u00cdslandi","alternateName":"Joyroom","url":"https:\/\/joyroom.is\/","logo":{"@type":"ImageObject","inLanguage":"en-US","@id":"https:\/\/joyroom.is\/#\/schema\/logo\/image\/","url":"https:\/\/joyroom.is\/wp-content\/uploads\/2024\/08\/JR.jpg","contentUrl":"https:\/\/joyroom.is\/wp-content\/uploads\/2024\/08\/JR.jpg","width":1200,"height":1200,"caption":"Joyroom \u00e1 \u00cdslandi"},"image":{"@id":"https:\/\/joyroom.is\/#\/schema\/logo\/image\/"}}]}},"_links":{"self":[{"href":"https:\/\/joyroom.is\/en\/wp-json\/wp\/v2\/product\/25070","targetHints":{"allow":["GET"]}}],"collection":[{"href":"https:\/\/joyroom.is\/en\/wp-json\/wp\/v2\/product"}],"about":[{"href":"https:\/\/joyroom.is\/en\/wp-json\/wp\/v2\/types\/product"}],"wp:featuredmedia":[{"embeddable":true,"href":"https:\/\/joyroom.is\/en\/wp-json\/wp\/v2\/media\/25066"}],"wp:attachment":[{"href":"https:\/\/joyroom.is\/en\/wp-json\/wp\/v2\/media?parent=25070"}],"wp:term":[{"taxonomy":"product_brand","embeddable":true,"href":"https:\/\/joyroom.is\/en\/wp-json\/wp\/v2\/product_brand?post=25070"},{"taxonomy":"product_cat","embeddable":true,"href":"https:\/\/joyroom.is\/en\/wp-json\/wp\/v2\/product_cat?post=25070"},{"taxonomy":"product_tag","embeddable":true,"href":"https:\/\/joyroom.is\/en\/wp-json\/wp\/v2\/product_tag?post=25070"}],"curies":[{"name":"wp","href":"https:\/\/api.w.org\/{rel}","templated":true}]}}