{"id":25085,"date":"2025-07-16T15:12:25","date_gmt":"2025-07-16T15:12:25","guid":{"rendered":"https:\/\/joyroom.is\/product\/jr-tcm02\/"},"modified":"2026-03-05T21:40:18","modified_gmt":"2026-03-05T21:40:18","slug":"jr-tcm02","status":"publish","type":"product","link":"https:\/\/joyroom.is\/en\/product\/jr-tcm02\/","title":{"rendered":"H\u00e1hra\u00f0a 65W hle\u00f0sluturn me\u00f0 4x USB-C og 2x USB-A hle\u00f0slutengjum"},"content":{"rendered":"","protected":false},"excerpt":{"rendered":"<p>H\u00e1hra\u00f0a hle\u00f0sluturn (65W) sem gerir \u00fe\u00e9r kleift a\u00f0 hla\u00f0a allt a\u00f0 6 t\u00e6ki \u00ed einu. \u00de\u00fa getur t.d. hla\u00f0i\u00f0 fars\u00edma, spjaldt\u00f6lvur og fart\u00f6lvur \u00e1 sama t\u00edma. Hle\u00f0sluturninn er me\u00f0 fj\u00f6gur USB-C tengi og tv\u00f6 USB-A tengi.<\/p>\n<p>\u2013 Litur: Svartur<br \/>\n\u2013 St\u00e6r\u00f0: 12 x 8 x 5 cm<br \/>\n\u2013 Inn: AC 100-240V \u2013 50\/60Hz 1.5A (Max)<br \/>\n\u2013 \u00dat: 12V\/1.25A, 3.6V-6.5V\/3A, 5V\/2.4A, 6.5V-9V\/2A, 9V-12V\/1.5A, 9V\/1.67A, 12V\/2A, 5.1V\/2.4A<br \/>\n\u2013 Lengd: 12 cm<br \/>\n\u2013 \u00deyngd: 223g<br \/>\n\u2013 Vottun: CE, ROHS, FC og UKCA<\/p>\n","protected":false},"featured_media":25079,"template":"","meta":[],"product_brand":[],"product_cat":[442],"product_tag":[],"class_list":{"0":"post-25085","1":"product","2":"type-product","3":"status-publish","4":"has-post-thumbnail","6":"product_cat-hledslustandar","8":"first","9":"instock","10":"taxable","11":"shipping-taxable","12":"purchasable","13":"product-type-simple"},"yoast_head":"<!-- This site is optimized with the Yoast SEO Premium plugin v21.5 (Yoast SEO v27.4) - https:\/\/yoast.com\/product\/yoast-seo-premium-wordpress\/ -->\n<title>H\u00e1hra\u00f0a 65W hle\u00f0sluturn me\u00f0 4x USB-C og 2x USB-A hle\u00f0slutengjum | Joyroom<\/title>\n<meta name=\"description\" content=\"H\u00e1hra\u00f0a hle\u00f0sluturn (65W) sem gerir \u00fe\u00e9r kleift a\u00f0 hla\u00f0a allt a\u00f0 6 t\u00e6ki \u00ed einu. \u00de\u00fa getur t.d. hla\u00f0i\u00f0 fars\u00edma, spjaldt\u00f6lvur og fart\u00f6lvur \u00e1 sama t\u00edma. Hle\u00f0sluturninn er me\u00f0 fj\u00f6gur USB-C tengi og tv\u00f6 USB-A tengi.  \u2013 Litur: Svartur \u2013 St\u00e6r\u00f0: 12 x 8 x 5 cm \u2013 Inn: AC 100-240V \u2013 50\/60Hz 1.5A (Max) \u2013 \u00dat: 12V\/1.25A, 3.6V-6.5V\/3A, 5V\/2.4A, 6.5V-9V\/2A, 9V-12V\/1.5A, 9V\/1.67A, 12V\/2A, 5.1V\/2.4A \u2013 Lengd: 12 cm \u2013 \u00deyngd: 223g \u2013 Vottun: CE, ROHS, FC og UKCA\" \/>\n<meta name=\"robots\" content=\"index, follow, max-snippet:-1, max-image-preview:large, max-video-preview:-1\" \/>\n<link rel=\"canonical\" href=\"https:\/\/joyroom.is\/vara\/jr-tcm02\/\" \/>\n<meta property=\"og:locale\" content=\"en_US\" \/>\n<meta property=\"og:type\" content=\"article\" \/>\n<meta property=\"og:title\" content=\"H\u00e1hra\u00f0a 65W hle\u00f0sluturn me\u00f0 4x USB-C og 2x USB-A hle\u00f0slutengjum\" \/>\n<meta property=\"og:description\" content=\"H\u00e1hra\u00f0a hle\u00f0sluturn (65W) sem gerir \u00fe\u00e9r kleift a\u00f0 hla\u00f0a allt a\u00f0 6 t\u00e6ki \u00ed einu. \u00de\u00fa getur t.d. hla\u00f0i\u00f0 fars\u00edma, spjaldt\u00f6lvur og fart\u00f6lvur \u00e1 sama t\u00edma. Hle\u00f0sluturninn er me\u00f0 fj\u00f6gur USB-C tengi og tv\u00f6 USB-A tengi.  \u2013 Litur: Svartur \u2013 St\u00e6r\u00f0: 12 x 8 x 5 cm \u2013 Inn: AC 100-240V \u2013 50\/60Hz 1.5A (Max) \u2013 \u00dat: 12V\/1.25A, 3.6V-6.5V\/3A, 5V\/2.4A, 6.5V-9V\/2A, 9V-12V\/1.5A, 9V\/1.67A, 12V\/2A, 5.1V\/2.4A \u2013 Lengd: 12 cm \u2013 \u00deyngd: 223g \u2013 Vottun: CE, ROHS, FC og UKCA\" \/>\n<meta property=\"og:url\" content=\"https:\/\/joyroom.is\/vara\/jr-tcm02\/\" \/>\n<meta property=\"og:site_name\" content=\"Joyroom\" \/>\n<meta property=\"article:modified_time\" content=\"2026-03-05T21:40:18+00:00\" \/>\n<meta property=\"og:image\" content=\"https:\/\/joyroom.is\/wp-content\/uploads\/2025\/07\/JR-TCM02.jpg\" \/>\n\t<meta property=\"og:image:width\" content=\"600\" \/>\n\t<meta property=\"og:image:height\" content=\"600\" \/>\n\t<meta property=\"og:image:type\" content=\"image\/jpeg\" \/>\n<meta name=\"twitter:card\" content=\"summary_large_image\" \/>\n<script type=\"application\/ld+json\" class=\"yoast-schema-graph\">{\"@context\":\"https:\\\/\\\/schema.org\",\"@graph\":[{\"@type\":\"WebPage\",\"@id\":\"https:\\\/\\\/joyroom.is\\\/vara\\\/jr-tcm02\\\/\",\"url\":\"https:\\\/\\\/joyroom.is\\\/vara\\\/jr-tcm02\\\/\",\"name\":\"H\u00e1hra\u00f0a 65W hle\u00f0sluturn me\u00f0 4x USB-C og 2x USB-A hle\u00f0slutengjum | Joyroom\",\"isPartOf\":{\"@id\":\"https:\\\/\\\/joyroom.is\\\/#website\"},\"primaryImageOfPage\":{\"@id\":\"https:\\\/\\\/joyroom.is\\\/vara\\\/jr-tcm02\\\/#primaryimage\"},\"image\":{\"@id\":\"https:\\\/\\\/joyroom.is\\\/vara\\\/jr-tcm02\\\/#primaryimage\"},\"thumbnailUrl\":\"https:\\\/\\\/joyroom.is\\\/wp-content\\\/uploads\\\/2025\\\/07\\\/JR-TCM02.jpg\",\"datePublished\":\"2025-07-16T15:12:25+00:00\",\"dateModified\":\"2026-03-05T21:40:18+00:00\",\"description\":\"H\u00e1hra\u00f0a hle\u00f0sluturn (65W) sem gerir \u00fe\u00e9r kleift a\u00f0 hla\u00f0a allt a\u00f0 6 t\u00e6ki \u00ed einu. \u00de\u00fa getur t.d. hla\u00f0i\u00f0 fars\u00edma, spjaldt\u00f6lvur og fart\u00f6lvur \u00e1 sama t\u00edma. Hle\u00f0sluturninn er me\u00f0 fj\u00f6gur USB-C tengi og tv\u00f6 USB-A tengi. \u2013 Litur: Svartur \u2013 St\u00e6r\u00f0: 12 x 8 x 5 cm \u2013 Inn: AC 100-240V \u2013 50\\\/60Hz 1.5A (Max) \u2013 \u00dat: 12V\\\/1.25A, 3.6V-6.5V\\\/3A, 5V\\\/2.4A, 6.5V-9V\\\/2A, 9V-12V\\\/1.5A, 9V\\\/1.67A, 12V\\\/2A, 5.1V\\\/2.4A \u2013 Lengd: 12 cm \u2013 \u00deyngd: 223g \u2013 Vottun: CE, ROHS, FC og UKCA\",\"breadcrumb\":{\"@id\":\"https:\\\/\\\/joyroom.is\\\/vara\\\/jr-tcm02\\\/#breadcrumb\"},\"inLanguage\":\"en-US\",\"potentialAction\":[{\"@type\":\"ReadAction\",\"target\":[\"https:\\\/\\\/joyroom.is\\\/vara\\\/jr-tcm02\\\/\"]}]},{\"@type\":\"ImageObject\",\"inLanguage\":\"en-US\",\"@id\":\"https:\\\/\\\/joyroom.is\\\/vara\\\/jr-tcm02\\\/#primaryimage\",\"url\":\"https:\\\/\\\/joyroom.is\\\/wp-content\\\/uploads\\\/2025\\\/07\\\/JR-TCM02.jpg\",\"contentUrl\":\"https:\\\/\\\/joyroom.is\\\/wp-content\\\/uploads\\\/2025\\\/07\\\/JR-TCM02.jpg\",\"width\":600,\"height\":600},{\"@type\":\"BreadcrumbList\",\"@id\":\"https:\\\/\\\/joyroom.is\\\/vara\\\/jr-tcm02\\\/#breadcrumb\",\"itemListElement\":[{\"@type\":\"ListItem\",\"position\":1,\"name\":\"Home\",\"item\":\"https:\\\/\\\/joyroom.is\\\/\"},{\"@type\":\"ListItem\",\"position\":2,\"name\":\"Shop\",\"item\":\"https:\\\/\\\/www.vorulagerinn.is\\\/heildsala\\\/en\\\/shop\\\/\"},{\"@type\":\"ListItem\",\"position\":3,\"name\":\"H\u00e1hra\u00f0a 65W hle\u00f0sluturn me\u00f0 4x USB-C og 2x USB-A hle\u00f0slutengjum\"}]},{\"@type\":\"WebSite\",\"@id\":\"https:\\\/\\\/joyroom.is\\\/#website\",\"url\":\"https:\\\/\\\/joyroom.is\\\/\",\"name\":\"Joyroom \u00e1 \u00cdslandi\",\"description\":\"Vali&eth; er einfalt\",\"publisher\":{\"@id\":\"https:\\\/\\\/joyroom.is\\\/#organization\"},\"alternateName\":\"Joyroom\",\"potentialAction\":[{\"@type\":\"SearchAction\",\"target\":{\"@type\":\"EntryPoint\",\"urlTemplate\":\"https:\\\/\\\/joyroom.is\\\/?s={search_term_string}\"},\"query-input\":{\"@type\":\"PropertyValueSpecification\",\"valueRequired\":true,\"valueName\":\"search_term_string\"}}],\"inLanguage\":\"en-US\"},{\"@type\":\"Organization\",\"@id\":\"https:\\\/\\\/joyroom.is\\\/#organization\",\"name\":\"Joyroom \u00e1 \u00cdslandi\",\"alternateName\":\"Joyroom\",\"url\":\"https:\\\/\\\/joyroom.is\\\/\",\"logo\":{\"@type\":\"ImageObject\",\"inLanguage\":\"en-US\",\"@id\":\"https:\\\/\\\/joyroom.is\\\/#\\\/schema\\\/logo\\\/image\\\/\",\"url\":\"https:\\\/\\\/joyroom.is\\\/wp-content\\\/uploads\\\/2024\\\/08\\\/JR.jpg\",\"contentUrl\":\"https:\\\/\\\/joyroom.is\\\/wp-content\\\/uploads\\\/2024\\\/08\\\/JR.jpg\",\"width\":1200,\"height\":1200,\"caption\":\"Joyroom \u00e1 \u00cdslandi\"},\"image\":{\"@id\":\"https:\\\/\\\/joyroom.is\\\/#\\\/schema\\\/logo\\\/image\\\/\"}}]}<\/script>\n<!-- \/ Yoast SEO Premium plugin. -->","yoast_head_json":{"title":"H\u00e1hra\u00f0a 65W hle\u00f0sluturn me\u00f0 4x USB-C og 2x USB-A hle\u00f0slutengjum | Joyroom","description":"H\u00e1hra\u00f0a hle\u00f0sluturn (65W) sem gerir \u00fe\u00e9r kleift a\u00f0 hla\u00f0a allt a\u00f0 6 t\u00e6ki \u00ed einu. \u00de\u00fa getur t.d. hla\u00f0i\u00f0 fars\u00edma, spjaldt\u00f6lvur og fart\u00f6lvur \u00e1 sama t\u00edma. Hle\u00f0sluturninn er me\u00f0 fj\u00f6gur USB-C tengi og tv\u00f6 USB-A tengi.  \u2013 Litur: Svartur \u2013 St\u00e6r\u00f0: 12 x 8 x 5 cm \u2013 Inn: AC 100-240V \u2013 50\/60Hz 1.5A (Max) \u2013 \u00dat: 12V\/1.25A, 3.6V-6.5V\/3A, 5V\/2.4A, 6.5V-9V\/2A, 9V-12V\/1.5A, 9V\/1.67A, 12V\/2A, 5.1V\/2.4A \u2013 Lengd: 12 cm \u2013 \u00deyngd: 223g \u2013 Vottun: CE, ROHS, FC og UKCA","robots":{"index":"index","follow":"follow","max-snippet":"max-snippet:-1","max-image-preview":"max-image-preview:large","max-video-preview":"max-video-preview:-1"},"canonical":"https:\/\/joyroom.is\/vara\/jr-tcm02\/","og_locale":"en_US","og_type":"article","og_title":"H\u00e1hra\u00f0a 65W hle\u00f0sluturn me\u00f0 4x USB-C og 2x USB-A hle\u00f0slutengjum","og_description":"H\u00e1hra\u00f0a hle\u00f0sluturn (65W) sem gerir \u00fe\u00e9r kleift a\u00f0 hla\u00f0a allt a\u00f0 6 t\u00e6ki \u00ed einu. \u00de\u00fa getur t.d. hla\u00f0i\u00f0 fars\u00edma, spjaldt\u00f6lvur og fart\u00f6lvur \u00e1 sama t\u00edma. Hle\u00f0sluturninn er me\u00f0 fj\u00f6gur USB-C tengi og tv\u00f6 USB-A tengi.  \u2013 Litur: Svartur \u2013 St\u00e6r\u00f0: 12 x 8 x 5 cm \u2013 Inn: AC 100-240V \u2013 50\/60Hz 1.5A (Max) \u2013 \u00dat: 12V\/1.25A, 3.6V-6.5V\/3A, 5V\/2.4A, 6.5V-9V\/2A, 9V-12V\/1.5A, 9V\/1.67A, 12V\/2A, 5.1V\/2.4A \u2013 Lengd: 12 cm \u2013 \u00deyngd: 223g \u2013 Vottun: CE, ROHS, FC og UKCA","og_url":"https:\/\/joyroom.is\/vara\/jr-tcm02\/","og_site_name":"Joyroom","article_modified_time":"2026-03-05T21:40:18+00:00","og_image":[{"width":600,"height":600,"url":"https:\/\/joyroom.is\/wp-content\/uploads\/2025\/07\/JR-TCM02.jpg","type":"image\/jpeg"}],"twitter_card":"summary_large_image","schema":{"@context":"https:\/\/schema.org","@graph":[{"@type":"WebPage","@id":"https:\/\/joyroom.is\/vara\/jr-tcm02\/","url":"https:\/\/joyroom.is\/vara\/jr-tcm02\/","name":"H\u00e1hra\u00f0a 65W hle\u00f0sluturn me\u00f0 4x USB-C og 2x USB-A hle\u00f0slutengjum | Joyroom","isPartOf":{"@id":"https:\/\/joyroom.is\/#website"},"primaryImageOfPage":{"@id":"https:\/\/joyroom.is\/vara\/jr-tcm02\/#primaryimage"},"image":{"@id":"https:\/\/joyroom.is\/vara\/jr-tcm02\/#primaryimage"},"thumbnailUrl":"https:\/\/joyroom.is\/wp-content\/uploads\/2025\/07\/JR-TCM02.jpg","datePublished":"2025-07-16T15:12:25+00:00","dateModified":"2026-03-05T21:40:18+00:00","description":"H\u00e1hra\u00f0a hle\u00f0sluturn (65W) sem gerir \u00fe\u00e9r kleift a\u00f0 hla\u00f0a allt a\u00f0 6 t\u00e6ki \u00ed einu. \u00de\u00fa getur t.d. hla\u00f0i\u00f0 fars\u00edma, spjaldt\u00f6lvur og fart\u00f6lvur \u00e1 sama t\u00edma. Hle\u00f0sluturninn er me\u00f0 fj\u00f6gur USB-C tengi og tv\u00f6 USB-A tengi. \u2013 Litur: Svartur \u2013 St\u00e6r\u00f0: 12 x 8 x 5 cm \u2013 Inn: AC 100-240V \u2013 50\/60Hz 1.5A (Max) \u2013 \u00dat: 12V\/1.25A, 3.6V-6.5V\/3A, 5V\/2.4A, 6.5V-9V\/2A, 9V-12V\/1.5A, 9V\/1.67A, 12V\/2A, 5.1V\/2.4A \u2013 Lengd: 12 cm \u2013 \u00deyngd: 223g \u2013 Vottun: CE, ROHS, FC og UKCA","breadcrumb":{"@id":"https:\/\/joyroom.is\/vara\/jr-tcm02\/#breadcrumb"},"inLanguage":"en-US","potentialAction":[{"@type":"ReadAction","target":["https:\/\/joyroom.is\/vara\/jr-tcm02\/"]}]},{"@type":"ImageObject","inLanguage":"en-US","@id":"https:\/\/joyroom.is\/vara\/jr-tcm02\/#primaryimage","url":"https:\/\/joyroom.is\/wp-content\/uploads\/2025\/07\/JR-TCM02.jpg","contentUrl":"https:\/\/joyroom.is\/wp-content\/uploads\/2025\/07\/JR-TCM02.jpg","width":600,"height":600},{"@type":"BreadcrumbList","@id":"https:\/\/joyroom.is\/vara\/jr-tcm02\/#breadcrumb","itemListElement":[{"@type":"ListItem","position":1,"name":"Home","item":"https:\/\/joyroom.is\/"},{"@type":"ListItem","position":2,"name":"Shop","item":"https:\/\/www.vorulagerinn.is\/heildsala\/en\/shop\/"},{"@type":"ListItem","position":3,"name":"H\u00e1hra\u00f0a 65W hle\u00f0sluturn me\u00f0 4x USB-C og 2x USB-A hle\u00f0slutengjum"}]},{"@type":"WebSite","@id":"https:\/\/joyroom.is\/#website","url":"https:\/\/joyroom.is\/","name":"Joyroom \u00e1 \u00cdslandi","description":"Vali&eth; er einfalt","publisher":{"@id":"https:\/\/joyroom.is\/#organization"},"alternateName":"Joyroom","potentialAction":[{"@type":"SearchAction","target":{"@type":"EntryPoint","urlTemplate":"https:\/\/joyroom.is\/?s={search_term_string}"},"query-input":{"@type":"PropertyValueSpecification","valueRequired":true,"valueName":"search_term_string"}}],"inLanguage":"en-US"},{"@type":"Organization","@id":"https:\/\/joyroom.is\/#organization","name":"Joyroom \u00e1 \u00cdslandi","alternateName":"Joyroom","url":"https:\/\/joyroom.is\/","logo":{"@type":"ImageObject","inLanguage":"en-US","@id":"https:\/\/joyroom.is\/#\/schema\/logo\/image\/","url":"https:\/\/joyroom.is\/wp-content\/uploads\/2024\/08\/JR.jpg","contentUrl":"https:\/\/joyroom.is\/wp-content\/uploads\/2024\/08\/JR.jpg","width":1200,"height":1200,"caption":"Joyroom \u00e1 \u00cdslandi"},"image":{"@id":"https:\/\/joyroom.is\/#\/schema\/logo\/image\/"}}]}},"_links":{"self":[{"href":"https:\/\/joyroom.is\/en\/wp-json\/wp\/v2\/product\/25085","targetHints":{"allow":["GET"]}}],"collection":[{"href":"https:\/\/joyroom.is\/en\/wp-json\/wp\/v2\/product"}],"about":[{"href":"https:\/\/joyroom.is\/en\/wp-json\/wp\/v2\/types\/product"}],"wp:featuredmedia":[{"embeddable":true,"href":"https:\/\/joyroom.is\/en\/wp-json\/wp\/v2\/media\/25079"}],"wp:attachment":[{"href":"https:\/\/joyroom.is\/en\/wp-json\/wp\/v2\/media?parent=25085"}],"wp:term":[{"taxonomy":"product_brand","embeddable":true,"href":"https:\/\/joyroom.is\/en\/wp-json\/wp\/v2\/product_brand?post=25085"},{"taxonomy":"product_cat","embeddable":true,"href":"https:\/\/joyroom.is\/en\/wp-json\/wp\/v2\/product_cat?post=25085"},{"taxonomy":"product_tag","embeddable":true,"href":"https:\/\/joyroom.is\/en\/wp-json\/wp\/v2\/product_tag?post=25085"}],"curies":[{"name":"wp","href":"https:\/\/api.w.org\/{rel}","templated":true}]}}