{"id":25088,"date":"2025-07-16T15:03:43","date_gmt":"2025-07-16T15:03:43","guid":{"rendered":"https:\/\/joyroom.is\/product\/jr-w15\/"},"modified":"2025-12-22T09:14:47","modified_gmt":"2025-12-22T09:14:47","slug":"jr-w15","status":"publish","type":"product","link":"https:\/\/joyroom.is\/en\/product\/jr-w15\/","title":{"rendered":"3 in 1 \u00fer\u00e1\u00f0laus 15W hra\u00f0hle\u00f0slustandur me\u00f0 segul fyrir iPhone, iWatch og AirPods"},"content":{"rendered":"","protected":false},"excerpt":{"rendered":"<p>St\u00edlhreinn 15W \u00fer\u00e1\u00f0laus hra\u00f0hle\u00f0slustandur sem gerir \u00fe\u00e9r kleift a\u00f0 hla\u00f0a snjalls\u00edmann, snjall\u00fari\u00f0 og heynat\u00f3lin samt\u00edmis. Hle\u00f0slust\u00f6\u00f0in er me\u00f0 innbygg\u00f0an segul sem heldur iPhone s\u00edmanum f\u00f6stum og hle\u00f0ur hann \u00e1 sama t\u00edma. Hra\u00f0hle\u00f0slustandurinn hentar iPhone 12, 13, 14, 15 og 16.<\/p>\n<p>\u2013 Litur: Svartur<br \/>\n\u2013 \u00deyngd: 180g<br \/>\n\u2013 15W hra\u00f0hle\u00f0sla<br \/>\n\u2013 Inn: 5V=3A 9V=2A<br \/>\n\u2013 S\u00edmi \u00fat: 5W\/7,5W\/10W\/15W<br \/>\n\u2013 AirPods: 5W<br \/>\n\u2013 iWatch \u00fat: 2,5W<br \/>\n\u2013 H\u00e6gt a\u00f0 hla\u00f0a iPhone, iWatch og AirPods samt\u00edmis<br \/>\n\u2013 Hle\u00f0slusn\u00fara: USB-C \u00ed USB-A tengi<br \/>\n\u2013 Vottun: CE, RHOS, FCC og UKCA<\/p>\n","protected":false},"featured_media":25086,"template":"","meta":[],"product_brand":[],"product_cat":[442],"product_tag":[],"class_list":{"0":"post-25088","1":"product","2":"type-product","3":"status-publish","4":"has-post-thumbnail","6":"product_cat-hledslustandar","8":"first","9":"instock","10":"taxable","11":"shipping-taxable","12":"purchasable","13":"product-type-simple"},"yoast_head":"<!-- This site is optimized with the Yoast SEO Premium plugin v21.5 (Yoast SEO v27.4) - https:\/\/yoast.com\/product\/yoast-seo-premium-wordpress\/ -->\n<title>3 in 1 \u00fer\u00e1\u00f0laus 15W hra\u00f0hle\u00f0slustandur me\u00f0 segul fyrir iPhone, iWatch og AirPods | Joyroom<\/title>\n<meta name=\"description\" content=\"St\u00edlhreinn 15W \u00fer\u00e1\u00f0laus hra\u00f0hle\u00f0slustandur sem gerir \u00fe\u00e9r kleift a\u00f0 hla\u00f0a snjalls\u00edmann, snjall\u00fari\u00f0 og heynat\u00f3lin samt\u00edmis. Hle\u00f0slust\u00f6\u00f0in er me\u00f0 innbygg\u00f0an segul sem heldur iPhone s\u00edmanum f\u00f6stum og hle\u00f0ur hann \u00e1 sama t\u00edma. Hra\u00f0hle\u00f0slustandurinn hentar iPhone 12, 13, 14, 15 og 16.  \u2013 Litur: Svartur \u2013 \u00deyngd: 180g \u2013 15W hra\u00f0hle\u00f0sla \u2013 Inn: 5V=3A 9V=2A \u2013 S\u00edmi \u00fat: 5W\/7,5W\/10W\/15W \u2013 AirPods: 5W \u2013 iWatch \u00fat: 2,5W \u2013 H\u00e6gt a\u00f0 hla\u00f0a iPhone, iWatch og AirPods samt\u00edmis \u2013 Hle\u00f0slusn\u00fara: USB-C \u00ed USB-A tengi \u2013 Vottun: CE, RHOS, FCC og UKCA\" \/>\n<meta name=\"robots\" content=\"index, follow, max-snippet:-1, max-image-preview:large, max-video-preview:-1\" \/>\n<link rel=\"canonical\" href=\"https:\/\/joyroom.is\/vara\/jr-w15\/\" \/>\n<meta property=\"og:locale\" content=\"en_US\" \/>\n<meta property=\"og:type\" content=\"article\" \/>\n<meta property=\"og:title\" content=\"3 in 1 \u00fer\u00e1\u00f0laus 15W hra\u00f0hle\u00f0slustandur me\u00f0 segul fyrir iPhone, iWatch og AirPods\" \/>\n<meta property=\"og:description\" content=\"St\u00edlhreinn 15W \u00fer\u00e1\u00f0laus hra\u00f0hle\u00f0slustandur sem gerir \u00fe\u00e9r kleift a\u00f0 hla\u00f0a snjalls\u00edmann, snjall\u00fari\u00f0 og heynat\u00f3lin samt\u00edmis. Hle\u00f0slust\u00f6\u00f0in er me\u00f0 innbygg\u00f0an segul sem heldur iPhone s\u00edmanum f\u00f6stum og hle\u00f0ur hann \u00e1 sama t\u00edma. Hra\u00f0hle\u00f0slustandurinn hentar iPhone 12, 13, 14, 15 og 16.  \u2013 Litur: Svartur \u2013 \u00deyngd: 180g \u2013 15W hra\u00f0hle\u00f0sla \u2013 Inn: 5V=3A 9V=2A \u2013 S\u00edmi \u00fat: 5W\/7,5W\/10W\/15W \u2013 AirPods: 5W \u2013 iWatch \u00fat: 2,5W \u2013 H\u00e6gt a\u00f0 hla\u00f0a iPhone, iWatch og AirPods samt\u00edmis \u2013 Hle\u00f0slusn\u00fara: USB-C \u00ed USB-A tengi \u2013 Vottun: CE, RHOS, FCC og UKCA\" \/>\n<meta property=\"og:url\" content=\"https:\/\/joyroom.is\/vara\/jr-w15\/\" \/>\n<meta property=\"og:site_name\" content=\"Joyroom\" \/>\n<meta property=\"article:modified_time\" content=\"2025-12-22T09:14:47+00:00\" \/>\n<meta property=\"og:image\" content=\"https:\/\/joyroom.is\/wp-content\/uploads\/2025\/07\/JR-W15.jpg\" \/>\n\t<meta property=\"og:image:width\" content=\"600\" \/>\n\t<meta property=\"og:image:height\" content=\"600\" \/>\n\t<meta property=\"og:image:type\" content=\"image\/jpeg\" \/>\n<meta name=\"twitter:card\" content=\"summary_large_image\" \/>\n<script type=\"application\/ld+json\" class=\"yoast-schema-graph\">{\"@context\":\"https:\\\/\\\/schema.org\",\"@graph\":[{\"@type\":\"WebPage\",\"@id\":\"https:\\\/\\\/joyroom.is\\\/vara\\\/jr-w15\\\/\",\"url\":\"https:\\\/\\\/joyroom.is\\\/vara\\\/jr-w15\\\/\",\"name\":\"3 in 1 \u00fer\u00e1\u00f0laus 15W hra\u00f0hle\u00f0slustandur me\u00f0 segul fyrir iPhone, iWatch og AirPods | Joyroom\",\"isPartOf\":{\"@id\":\"https:\\\/\\\/joyroom.is\\\/#website\"},\"primaryImageOfPage\":{\"@id\":\"https:\\\/\\\/joyroom.is\\\/vara\\\/jr-w15\\\/#primaryimage\"},\"image\":{\"@id\":\"https:\\\/\\\/joyroom.is\\\/vara\\\/jr-w15\\\/#primaryimage\"},\"thumbnailUrl\":\"https:\\\/\\\/joyroom.is\\\/wp-content\\\/uploads\\\/2025\\\/07\\\/JR-W15.jpg\",\"datePublished\":\"2025-07-16T15:03:43+00:00\",\"dateModified\":\"2025-12-22T09:14:47+00:00\",\"description\":\"St\u00edlhreinn 15W \u00fer\u00e1\u00f0laus hra\u00f0hle\u00f0slustandur sem gerir \u00fe\u00e9r kleift a\u00f0 hla\u00f0a snjalls\u00edmann, snjall\u00fari\u00f0 og heynat\u00f3lin samt\u00edmis. Hle\u00f0slust\u00f6\u00f0in er me\u00f0 innbygg\u00f0an segul sem heldur iPhone s\u00edmanum f\u00f6stum og hle\u00f0ur hann \u00e1 sama t\u00edma. Hra\u00f0hle\u00f0slustandurinn hentar iPhone 12, 13, 14, 15 og 16. \u2013 Litur: Svartur \u2013 \u00deyngd: 180g \u2013 15W hra\u00f0hle\u00f0sla \u2013 Inn: 5V=3A 9V=2A \u2013 S\u00edmi \u00fat: 5W\\\/7,5W\\\/10W\\\/15W \u2013 AirPods: 5W \u2013 iWatch \u00fat: 2,5W \u2013 H\u00e6gt a\u00f0 hla\u00f0a iPhone, iWatch og AirPods samt\u00edmis \u2013 Hle\u00f0slusn\u00fara: USB-C \u00ed USB-A tengi \u2013 Vottun: CE, RHOS, FCC og UKCA\",\"breadcrumb\":{\"@id\":\"https:\\\/\\\/joyroom.is\\\/vara\\\/jr-w15\\\/#breadcrumb\"},\"inLanguage\":\"en-US\",\"potentialAction\":[{\"@type\":\"ReadAction\",\"target\":[\"https:\\\/\\\/joyroom.is\\\/vara\\\/jr-w15\\\/\"]}]},{\"@type\":\"ImageObject\",\"inLanguage\":\"en-US\",\"@id\":\"https:\\\/\\\/joyroom.is\\\/vara\\\/jr-w15\\\/#primaryimage\",\"url\":\"https:\\\/\\\/joyroom.is\\\/wp-content\\\/uploads\\\/2025\\\/07\\\/JR-W15.jpg\",\"contentUrl\":\"https:\\\/\\\/joyroom.is\\\/wp-content\\\/uploads\\\/2025\\\/07\\\/JR-W15.jpg\",\"width\":600,\"height\":600},{\"@type\":\"BreadcrumbList\",\"@id\":\"https:\\\/\\\/joyroom.is\\\/vara\\\/jr-w15\\\/#breadcrumb\",\"itemListElement\":[{\"@type\":\"ListItem\",\"position\":1,\"name\":\"Home\",\"item\":\"https:\\\/\\\/joyroom.is\\\/\"},{\"@type\":\"ListItem\",\"position\":2,\"name\":\"Shop\",\"item\":\"https:\\\/\\\/www.vorulagerinn.is\\\/heildsala\\\/en\\\/shop\\\/\"},{\"@type\":\"ListItem\",\"position\":3,\"name\":\"3 in 1 \u00fer\u00e1\u00f0laus 15W hra\u00f0hle\u00f0slustandur me\u00f0 segul fyrir iPhone, iWatch og AirPods\"}]},{\"@type\":\"WebSite\",\"@id\":\"https:\\\/\\\/joyroom.is\\\/#website\",\"url\":\"https:\\\/\\\/joyroom.is\\\/\",\"name\":\"Joyroom \u00e1 \u00cdslandi\",\"description\":\"Vali&eth; er einfalt\",\"publisher\":{\"@id\":\"https:\\\/\\\/joyroom.is\\\/#organization\"},\"alternateName\":\"Joyroom\",\"potentialAction\":[{\"@type\":\"SearchAction\",\"target\":{\"@type\":\"EntryPoint\",\"urlTemplate\":\"https:\\\/\\\/joyroom.is\\\/?s={search_term_string}\"},\"query-input\":{\"@type\":\"PropertyValueSpecification\",\"valueRequired\":true,\"valueName\":\"search_term_string\"}}],\"inLanguage\":\"en-US\"},{\"@type\":\"Organization\",\"@id\":\"https:\\\/\\\/joyroom.is\\\/#organization\",\"name\":\"Joyroom \u00e1 \u00cdslandi\",\"alternateName\":\"Joyroom\",\"url\":\"https:\\\/\\\/joyroom.is\\\/\",\"logo\":{\"@type\":\"ImageObject\",\"inLanguage\":\"en-US\",\"@id\":\"https:\\\/\\\/joyroom.is\\\/#\\\/schema\\\/logo\\\/image\\\/\",\"url\":\"https:\\\/\\\/joyroom.is\\\/wp-content\\\/uploads\\\/2024\\\/08\\\/JR.jpg\",\"contentUrl\":\"https:\\\/\\\/joyroom.is\\\/wp-content\\\/uploads\\\/2024\\\/08\\\/JR.jpg\",\"width\":1200,\"height\":1200,\"caption\":\"Joyroom \u00e1 \u00cdslandi\"},\"image\":{\"@id\":\"https:\\\/\\\/joyroom.is\\\/#\\\/schema\\\/logo\\\/image\\\/\"}}]}<\/script>\n<!-- \/ Yoast SEO Premium plugin. -->","yoast_head_json":{"title":"3 in 1 \u00fer\u00e1\u00f0laus 15W hra\u00f0hle\u00f0slustandur me\u00f0 segul fyrir iPhone, iWatch og AirPods | Joyroom","description":"St\u00edlhreinn 15W \u00fer\u00e1\u00f0laus hra\u00f0hle\u00f0slustandur sem gerir \u00fe\u00e9r kleift a\u00f0 hla\u00f0a snjalls\u00edmann, snjall\u00fari\u00f0 og heynat\u00f3lin samt\u00edmis. Hle\u00f0slust\u00f6\u00f0in er me\u00f0 innbygg\u00f0an segul sem heldur iPhone s\u00edmanum f\u00f6stum og hle\u00f0ur hann \u00e1 sama t\u00edma. Hra\u00f0hle\u00f0slustandurinn hentar iPhone 12, 13, 14, 15 og 16.  \u2013 Litur: Svartur \u2013 \u00deyngd: 180g \u2013 15W hra\u00f0hle\u00f0sla \u2013 Inn: 5V=3A 9V=2A \u2013 S\u00edmi \u00fat: 5W\/7,5W\/10W\/15W \u2013 AirPods: 5W \u2013 iWatch \u00fat: 2,5W \u2013 H\u00e6gt a\u00f0 hla\u00f0a iPhone, iWatch og AirPods samt\u00edmis \u2013 Hle\u00f0slusn\u00fara: USB-C \u00ed USB-A tengi \u2013 Vottun: CE, RHOS, FCC og UKCA","robots":{"index":"index","follow":"follow","max-snippet":"max-snippet:-1","max-image-preview":"max-image-preview:large","max-video-preview":"max-video-preview:-1"},"canonical":"https:\/\/joyroom.is\/vara\/jr-w15\/","og_locale":"en_US","og_type":"article","og_title":"3 in 1 \u00fer\u00e1\u00f0laus 15W hra\u00f0hle\u00f0slustandur me\u00f0 segul fyrir iPhone, iWatch og AirPods","og_description":"St\u00edlhreinn 15W \u00fer\u00e1\u00f0laus hra\u00f0hle\u00f0slustandur sem gerir \u00fe\u00e9r kleift a\u00f0 hla\u00f0a snjalls\u00edmann, snjall\u00fari\u00f0 og heynat\u00f3lin samt\u00edmis. Hle\u00f0slust\u00f6\u00f0in er me\u00f0 innbygg\u00f0an segul sem heldur iPhone s\u00edmanum f\u00f6stum og hle\u00f0ur hann \u00e1 sama t\u00edma. Hra\u00f0hle\u00f0slustandurinn hentar iPhone 12, 13, 14, 15 og 16.  \u2013 Litur: Svartur \u2013 \u00deyngd: 180g \u2013 15W hra\u00f0hle\u00f0sla \u2013 Inn: 5V=3A 9V=2A \u2013 S\u00edmi \u00fat: 5W\/7,5W\/10W\/15W \u2013 AirPods: 5W \u2013 iWatch \u00fat: 2,5W \u2013 H\u00e6gt a\u00f0 hla\u00f0a iPhone, iWatch og AirPods samt\u00edmis \u2013 Hle\u00f0slusn\u00fara: USB-C \u00ed USB-A tengi \u2013 Vottun: CE, RHOS, FCC og UKCA","og_url":"https:\/\/joyroom.is\/vara\/jr-w15\/","og_site_name":"Joyroom","article_modified_time":"2025-12-22T09:14:47+00:00","og_image":[{"width":600,"height":600,"url":"https:\/\/joyroom.is\/wp-content\/uploads\/2025\/07\/JR-W15.jpg","type":"image\/jpeg"}],"twitter_card":"summary_large_image","schema":{"@context":"https:\/\/schema.org","@graph":[{"@type":"WebPage","@id":"https:\/\/joyroom.is\/vara\/jr-w15\/","url":"https:\/\/joyroom.is\/vara\/jr-w15\/","name":"3 in 1 \u00fer\u00e1\u00f0laus 15W hra\u00f0hle\u00f0slustandur me\u00f0 segul fyrir iPhone, iWatch og AirPods | Joyroom","isPartOf":{"@id":"https:\/\/joyroom.is\/#website"},"primaryImageOfPage":{"@id":"https:\/\/joyroom.is\/vara\/jr-w15\/#primaryimage"},"image":{"@id":"https:\/\/joyroom.is\/vara\/jr-w15\/#primaryimage"},"thumbnailUrl":"https:\/\/joyroom.is\/wp-content\/uploads\/2025\/07\/JR-W15.jpg","datePublished":"2025-07-16T15:03:43+00:00","dateModified":"2025-12-22T09:14:47+00:00","description":"St\u00edlhreinn 15W \u00fer\u00e1\u00f0laus hra\u00f0hle\u00f0slustandur sem gerir \u00fe\u00e9r kleift a\u00f0 hla\u00f0a snjalls\u00edmann, snjall\u00fari\u00f0 og heynat\u00f3lin samt\u00edmis. Hle\u00f0slust\u00f6\u00f0in er me\u00f0 innbygg\u00f0an segul sem heldur iPhone s\u00edmanum f\u00f6stum og hle\u00f0ur hann \u00e1 sama t\u00edma. Hra\u00f0hle\u00f0slustandurinn hentar iPhone 12, 13, 14, 15 og 16. \u2013 Litur: Svartur \u2013 \u00deyngd: 180g \u2013 15W hra\u00f0hle\u00f0sla \u2013 Inn: 5V=3A 9V=2A \u2013 S\u00edmi \u00fat: 5W\/7,5W\/10W\/15W \u2013 AirPods: 5W \u2013 iWatch \u00fat: 2,5W \u2013 H\u00e6gt a\u00f0 hla\u00f0a iPhone, iWatch og AirPods samt\u00edmis \u2013 Hle\u00f0slusn\u00fara: USB-C \u00ed USB-A tengi \u2013 Vottun: CE, RHOS, FCC og UKCA","breadcrumb":{"@id":"https:\/\/joyroom.is\/vara\/jr-w15\/#breadcrumb"},"inLanguage":"en-US","potentialAction":[{"@type":"ReadAction","target":["https:\/\/joyroom.is\/vara\/jr-w15\/"]}]},{"@type":"ImageObject","inLanguage":"en-US","@id":"https:\/\/joyroom.is\/vara\/jr-w15\/#primaryimage","url":"https:\/\/joyroom.is\/wp-content\/uploads\/2025\/07\/JR-W15.jpg","contentUrl":"https:\/\/joyroom.is\/wp-content\/uploads\/2025\/07\/JR-W15.jpg","width":600,"height":600},{"@type":"BreadcrumbList","@id":"https:\/\/joyroom.is\/vara\/jr-w15\/#breadcrumb","itemListElement":[{"@type":"ListItem","position":1,"name":"Home","item":"https:\/\/joyroom.is\/"},{"@type":"ListItem","position":2,"name":"Shop","item":"https:\/\/www.vorulagerinn.is\/heildsala\/en\/shop\/"},{"@type":"ListItem","position":3,"name":"3 in 1 \u00fer\u00e1\u00f0laus 15W hra\u00f0hle\u00f0slustandur me\u00f0 segul fyrir iPhone, iWatch og AirPods"}]},{"@type":"WebSite","@id":"https:\/\/joyroom.is\/#website","url":"https:\/\/joyroom.is\/","name":"Joyroom \u00e1 \u00cdslandi","description":"Vali&eth; er einfalt","publisher":{"@id":"https:\/\/joyroom.is\/#organization"},"alternateName":"Joyroom","potentialAction":[{"@type":"SearchAction","target":{"@type":"EntryPoint","urlTemplate":"https:\/\/joyroom.is\/?s={search_term_string}"},"query-input":{"@type":"PropertyValueSpecification","valueRequired":true,"valueName":"search_term_string"}}],"inLanguage":"en-US"},{"@type":"Organization","@id":"https:\/\/joyroom.is\/#organization","name":"Joyroom \u00e1 \u00cdslandi","alternateName":"Joyroom","url":"https:\/\/joyroom.is\/","logo":{"@type":"ImageObject","inLanguage":"en-US","@id":"https:\/\/joyroom.is\/#\/schema\/logo\/image\/","url":"https:\/\/joyroom.is\/wp-content\/uploads\/2024\/08\/JR.jpg","contentUrl":"https:\/\/joyroom.is\/wp-content\/uploads\/2024\/08\/JR.jpg","width":1200,"height":1200,"caption":"Joyroom \u00e1 \u00cdslandi"},"image":{"@id":"https:\/\/joyroom.is\/#\/schema\/logo\/image\/"}}]}},"_links":{"self":[{"href":"https:\/\/joyroom.is\/en\/wp-json\/wp\/v2\/product\/25088","targetHints":{"allow":["GET"]}}],"collection":[{"href":"https:\/\/joyroom.is\/en\/wp-json\/wp\/v2\/product"}],"about":[{"href":"https:\/\/joyroom.is\/en\/wp-json\/wp\/v2\/types\/product"}],"wp:featuredmedia":[{"embeddable":true,"href":"https:\/\/joyroom.is\/en\/wp-json\/wp\/v2\/media\/25086"}],"wp:attachment":[{"href":"https:\/\/joyroom.is\/en\/wp-json\/wp\/v2\/media?parent=25088"}],"wp:term":[{"taxonomy":"product_brand","embeddable":true,"href":"https:\/\/joyroom.is\/en\/wp-json\/wp\/v2\/product_brand?post=25088"},{"taxonomy":"product_cat","embeddable":true,"href":"https:\/\/joyroom.is\/en\/wp-json\/wp\/v2\/product_cat?post=25088"},{"taxonomy":"product_tag","embeddable":true,"href":"https:\/\/joyroom.is\/en\/wp-json\/wp\/v2\/product_tag?post=25088"}],"curies":[{"name":"wp","href":"https:\/\/api.w.org\/{rel}","templated":true}]}}