{"id":25109,"date":"2025-07-16T11:07:55","date_gmt":"2025-07-16T11:07:55","guid":{"rendered":"https:\/\/joyroom.is\/product\/jr-pbm08-pro\/"},"modified":"2026-04-09T09:10:56","modified_gmt":"2026-04-09T09:10:56","slug":"jr-pbm08-pro","status":"publish","type":"product","link":"https:\/\/joyroom.is\/en\/product\/jr-pbm08-pro\/","title":{"rendered":"\u00d6flugur 10.000mAh 20W iPhone MagSafe hle\u00f0slubanki fyrir f\u00f3lk \u00e1 fer\u00f0inni"},"content":{"rendered":"<div style=\"width: 720px;\" class=\"wp-video\"><video class=\"wp-video-shortcode\" id=\"video-25109-1\" width=\"720\" height=\"960\" preload=\"metadata\" controls=\"controls\"><source type=\"video\/mp4\" src=\"https:\/\/fodurlandid.is\/wp-content\/uploads\/2025\/07\/JR-PBM08-PRO.mp4?_=1\" \/><a href=\"https:\/\/fodurlandid.is\/wp-content\/uploads\/2025\/07\/JR-PBM08-PRO.mp4\">https:\/\/fodurlandid.is\/wp-content\/uploads\/2025\/07\/JR-PBM08-PRO.mp4<\/a><\/video><\/div>\n","protected":false},"excerpt":{"rendered":"<p>St\u00edlhreinn og \u00f6flugur 10.000mAh 20W hle\u00f0slubanki sem sameinar afk\u00f6st, \u00fe\u00e6gindi, \u00e1rei\u00f0anleika og heldur snjallt\u00e6kjunum \u00fe\u00ednum fullhl\u00f6\u00f0num hvar og hvern\u00e6r sem er. Innbygg\u00f0ur \u201esmart\u201c kubbur sem tryggir vernd gegn ofhle\u00f0slu, ofhitnun og skammhlaupi. \u00d6rugg og st\u00f6\u00f0ug hle\u00f0sla.<\/p>\n<p>\u00cd hle\u00f0slubankanum er innbygg\u00f0ur MagSafe segull sem l\u00e6tur hann festast vi\u00f0 iPhone 11\/12\/13\/14\/15\/16 snjalls\u00edma og hla\u00f0a \u00fer\u00e1\u00f0laust. Hle\u00f0slubankinn er me\u00f0 tengi fyrir USB-C og Lightning sem \u00fe\u00fd\u00f0ir a\u00f0 \u00fea\u00f0 er h\u00e6gt a\u00f0 hla\u00f0a \u00f6ll snjallt\u00e6ki fr\u00e1 Apple \u00f3h\u00e1\u00f0 \u00fatg\u00e1fu t\u00e6kis. \u00de\u00e1 hle\u00f0lur hle\u00f0slubankinn l\u00edka Android t\u00e6ki, spjaldt\u00f6lvur og heyrnart\u00f3l \u00ed gegnum USB-C tengi\u00f0.<\/p>\n<p>Hle\u00f0lubankann m\u00e1 taka me\u00f0 \u00ed flugv\u00e9l og \u00fev\u00ed er upplagt a\u00f0 taka hann me\u00f0 \u00ed fer\u00f0alagi\u00f0 innanlands og utanlands.<\/p>\n<p>\u2013 Sj\u00e1\u00f0u myndband af v\u00f6runni ne\u00f0ar \u00e1 \u00feessari s\u00ed\u00f0u<br \/>\n\u2013 Litur: Svartur<br \/>\n\u2013 St\u00e6r\u00f0: 10,3 x 6,8 x 1,4 cm<br \/>\n\u2013 \u00deyngd: 176 g<br \/>\n\u2013 Rafhla\u00f0a: Polymer Lithium<br \/>\n\u2013 Lightning Input: 5V=2.4A (12W)<br \/>\n\u2013 Type-C input: 5V=3A, 9V=2A (18W)<br \/>\n\u2013 Type-C output: 5V=2.4A, 9V=2.22A, 12V=1.67A (20W)<br \/>\n\u2013 Wireless charging output: 5W\/7.5W\/10W\/15W (max<br \/>\n\u2013 Multi-port output: 5V=3A(Max)<br \/>\n\u2013 Lei\u00f0beiningar fylgja me\u00f0<br \/>\n\u2013 Vottun: CE\/Rohs\/FCC<\/p>\n","protected":false},"featured_media":25099,"template":"","meta":[],"product_brand":[],"product_cat":[443],"product_tag":[],"class_list":{"0":"post-25109","1":"product","2":"type-product","3":"status-publish","4":"has-post-thumbnail","6":"product_cat-hledslubanki-ferdarafhlada","8":"first","9":"instock","10":"taxable","11":"shipping-taxable","12":"purchasable","13":"product-type-simple"},"yoast_head":"<!-- This site is optimized with the Yoast SEO Premium plugin v21.5 (Yoast SEO v27.4) - https:\/\/yoast.com\/product\/yoast-seo-premium-wordpress\/ -->\n<title>\u00d6flugur 10.000mAh 20W iPhone MagSafe hle\u00f0slubanki fyrir f\u00f3lk \u00e1 fer\u00f0inni | Joyroom<\/title>\n<meta name=\"description\" content=\"St\u00edlhreinn og \u00f6flugur 10.000mAh 20W hle\u00f0slubanki sem sameinar afk\u00f6st, \u00fe\u00e6gindi, \u00e1rei\u00f0anleika og heldur snjallt\u00e6kjunum \u00fe\u00ednum fullhl\u00f6\u00f0num hvar og hvern\u00e6r sem er. Innbygg\u00f0ur \u201esmart\u201c kubbur sem tryggir vernd gegn ofhle\u00f0slu, ofhitnun og skammhlaupi. \u00d6rugg og st\u00f6\u00f0ug hle\u00f0sla.  \u00cd hle\u00f0slubankanum er innbygg\u00f0ur MagSafe segull sem l\u00e6tur hann festast vi\u00f0 iPhone 11\/12\/13\/14\/15\/16 snjalls\u00edma og hla\u00f0a \u00fer\u00e1\u00f0laust. Hle\u00f0slubankinn er me\u00f0 tengi fyrir USB-C og Lightning sem \u00fe\u00fd\u00f0ir a\u00f0 \u00fea\u00f0 er h\u00e6gt a\u00f0 hla\u00f0a \u00f6ll snjallt\u00e6ki fr\u00e1 Apple \u00f3h\u00e1\u00f0 \u00fatg\u00e1fu t\u00e6kis. \u00de\u00e1 hle\u00f0lur hle\u00f0slubankinn l\u00edka Android t\u00e6ki, spjaldt\u00f6lvur og heyrnart\u00f3l \u00ed gegnum USB-C tengi\u00f0.  Hle\u00f0lubankann m\u00e1 taka me\u00f0 \u00ed flugv\u00e9l og \u00fev\u00ed er upplagt a\u00f0 taka hann me\u00f0 \u00ed fer\u00f0alagi\u00f0 innanlands og utanlands.  \u2013 Sj\u00e1\u00f0u myndband af v\u00f6runni ne\u00f0ar \u00e1 \u00feessari s\u00ed\u00f0u \u2013 Litur: Svartur \u2013 St\u00e6r\u00f0: 10,3 x 6,8 x 1,4 cm \u2013 \u00deyngd: 176 g \u2013 Rafhla\u00f0a: Polymer Lithium \u2013 Lightning Input: 5V=2.4A (12W) \u2013 Type-C input: 5V=3A, 9V=2A (18W) \u2013 Type-C output: 5V=2.4A, 9V=2.22A, 12V=1.67A (20W) \u2013 Wireless charging output: 5W\/7.5W\/10W\/15W (max \u2013 Multi-port output: 5V=3A(Max) \u2013 Lei\u00f0beiningar fylgja me\u00f0 \u2013 Vottun: CE\/Rohs\/FCC\" \/>\n<meta name=\"robots\" content=\"index, follow, max-snippet:-1, max-image-preview:large, max-video-preview:-1\" \/>\n<link rel=\"canonical\" href=\"https:\/\/joyroom.is\/vara\/jr-pbm08-pro\/\" \/>\n<meta property=\"og:locale\" content=\"en_US\" \/>\n<meta property=\"og:type\" content=\"article\" \/>\n<meta property=\"og:title\" content=\"\u00d6flugur 10.000mAh 20W iPhone MagSafe hle\u00f0slubanki fyrir f\u00f3lk \u00e1 fer\u00f0inni\" \/>\n<meta property=\"og:description\" content=\"St\u00edlhreinn og \u00f6flugur 10.000mAh 20W hle\u00f0slubanki sem sameinar afk\u00f6st, \u00fe\u00e6gindi, \u00e1rei\u00f0anleika og heldur snjallt\u00e6kjunum \u00fe\u00ednum fullhl\u00f6\u00f0num hvar og hvern\u00e6r sem er. Innbygg\u00f0ur \u201esmart\u201c kubbur sem tryggir vernd gegn ofhle\u00f0slu, ofhitnun og skammhlaupi. \u00d6rugg og st\u00f6\u00f0ug hle\u00f0sla.  \u00cd hle\u00f0slubankanum er innbygg\u00f0ur MagSafe segull sem l\u00e6tur hann festast vi\u00f0 iPhone 11\/12\/13\/14\/15\/16 snjalls\u00edma og hla\u00f0a \u00fer\u00e1\u00f0laust. Hle\u00f0slubankinn er me\u00f0 tengi fyrir USB-C og Lightning sem \u00fe\u00fd\u00f0ir a\u00f0 \u00fea\u00f0 er h\u00e6gt a\u00f0 hla\u00f0a \u00f6ll snjallt\u00e6ki fr\u00e1 Apple \u00f3h\u00e1\u00f0 \u00fatg\u00e1fu t\u00e6kis. \u00de\u00e1 hle\u00f0lur hle\u00f0slubankinn l\u00edka Android t\u00e6ki, spjaldt\u00f6lvur og heyrnart\u00f3l \u00ed gegnum USB-C tengi\u00f0.  Hle\u00f0lubankann m\u00e1 taka me\u00f0 \u00ed flugv\u00e9l og \u00fev\u00ed er upplagt a\u00f0 taka hann me\u00f0 \u00ed fer\u00f0alagi\u00f0 innanlands og utanlands.  \u2013 Sj\u00e1\u00f0u myndband af v\u00f6runni ne\u00f0ar \u00e1 \u00feessari s\u00ed\u00f0u \u2013 Litur: Svartur \u2013 St\u00e6r\u00f0: 10,3 x 6,8 x 1,4 cm \u2013 \u00deyngd: 176 g \u2013 Rafhla\u00f0a: Polymer Lithium \u2013 Lightning Input: 5V=2.4A (12W) \u2013 Type-C input: 5V=3A, 9V=2A (18W) \u2013 Type-C output: 5V=2.4A, 9V=2.22A, 12V=1.67A (20W) \u2013 Wireless charging output: 5W\/7.5W\/10W\/15W (max \u2013 Multi-port output: 5V=3A(Max) \u2013 Lei\u00f0beiningar fylgja me\u00f0 \u2013 Vottun: CE\/Rohs\/FCC\" \/>\n<meta property=\"og:url\" content=\"https:\/\/joyroom.is\/vara\/jr-pbm08-pro\/\" \/>\n<meta property=\"og:site_name\" content=\"Joyroom\" \/>\n<meta property=\"article:modified_time\" content=\"2026-04-09T09:10:56+00:00\" \/>\n<meta property=\"og:image\" content=\"https:\/\/joyroom.is\/wp-content\/uploads\/2025\/07\/JR-PBM08-PRO.jpg\" \/>\n\t<meta property=\"og:image:width\" content=\"1600\" \/>\n\t<meta property=\"og:image:height\" content=\"1600\" \/>\n\t<meta property=\"og:image:type\" content=\"image\/jpeg\" \/>\n<meta name=\"twitter:card\" content=\"summary_large_image\" \/>\n<script type=\"application\/ld+json\" class=\"yoast-schema-graph\">{\"@context\":\"https:\\\/\\\/schema.org\",\"@graph\":[{\"@type\":\"WebPage\",\"@id\":\"https:\\\/\\\/joyroom.is\\\/vara\\\/jr-pbm08-pro\\\/\",\"url\":\"https:\\\/\\\/joyroom.is\\\/vara\\\/jr-pbm08-pro\\\/\",\"name\":\"\u00d6flugur 10.000mAh 20W iPhone MagSafe hle\u00f0slubanki fyrir f\u00f3lk \u00e1 fer\u00f0inni | Joyroom\",\"isPartOf\":{\"@id\":\"https:\\\/\\\/joyroom.is\\\/#website\"},\"primaryImageOfPage\":{\"@id\":\"https:\\\/\\\/joyroom.is\\\/vara\\\/jr-pbm08-pro\\\/#primaryimage\"},\"image\":{\"@id\":\"https:\\\/\\\/joyroom.is\\\/vara\\\/jr-pbm08-pro\\\/#primaryimage\"},\"thumbnailUrl\":\"https:\\\/\\\/joyroom.is\\\/wp-content\\\/uploads\\\/2025\\\/07\\\/JR-PBM08-PRO.jpg\",\"datePublished\":\"2025-07-16T11:07:55+00:00\",\"dateModified\":\"2026-04-09T09:10:56+00:00\",\"description\":\"St\u00edlhreinn og \u00f6flugur 10.000mAh 20W hle\u00f0slubanki sem sameinar afk\u00f6st, \u00fe\u00e6gindi, \u00e1rei\u00f0anleika og heldur snjallt\u00e6kjunum \u00fe\u00ednum fullhl\u00f6\u00f0num hvar og hvern\u00e6r sem er. Innbygg\u00f0ur \u201esmart\u201c kubbur sem tryggir vernd gegn ofhle\u00f0slu, ofhitnun og skammhlaupi. \u00d6rugg og st\u00f6\u00f0ug hle\u00f0sla. \u00cd hle\u00f0slubankanum er innbygg\u00f0ur MagSafe segull sem l\u00e6tur hann festast vi\u00f0 iPhone 11\\\/12\\\/13\\\/14\\\/15\\\/16 snjalls\u00edma og hla\u00f0a \u00fer\u00e1\u00f0laust. Hle\u00f0slubankinn er me\u00f0 tengi fyrir USB-C og Lightning sem \u00fe\u00fd\u00f0ir a\u00f0 \u00fea\u00f0 er h\u00e6gt a\u00f0 hla\u00f0a \u00f6ll snjallt\u00e6ki fr\u00e1 Apple \u00f3h\u00e1\u00f0 \u00fatg\u00e1fu t\u00e6kis. \u00de\u00e1 hle\u00f0lur hle\u00f0slubankinn l\u00edka Android t\u00e6ki, spjaldt\u00f6lvur og heyrnart\u00f3l \u00ed gegnum USB-C tengi\u00f0. Hle\u00f0lubankann m\u00e1 taka me\u00f0 \u00ed flugv\u00e9l og \u00fev\u00ed er upplagt a\u00f0 taka hann me\u00f0 \u00ed fer\u00f0alagi\u00f0 innanlands og utanlands. \u2013 Sj\u00e1\u00f0u myndband af v\u00f6runni ne\u00f0ar \u00e1 \u00feessari s\u00ed\u00f0u \u2013 Litur: Svartur \u2013 St\u00e6r\u00f0: 10,3 x 6,8 x 1,4 cm \u2013 \u00deyngd: 176 g \u2013 Rafhla\u00f0a: Polymer Lithium \u2013 Lightning Input: 5V=2.4A (12W) \u2013 Type-C input: 5V=3A, 9V=2A (18W) \u2013 Type-C output: 5V=2.4A, 9V=2.22A, 12V=1.67A (20W) \u2013 Wireless charging output: 5W\\\/7.5W\\\/10W\\\/15W (max \u2013 Multi-port output: 5V=3A(Max) \u2013 Lei\u00f0beiningar fylgja me\u00f0 \u2013 Vottun: CE\\\/Rohs\\\/FCC\",\"breadcrumb\":{\"@id\":\"https:\\\/\\\/joyroom.is\\\/vara\\\/jr-pbm08-pro\\\/#breadcrumb\"},\"inLanguage\":\"en-US\",\"potentialAction\":[{\"@type\":\"ReadAction\",\"target\":[\"https:\\\/\\\/joyroom.is\\\/vara\\\/jr-pbm08-pro\\\/\"]}]},{\"@type\":\"ImageObject\",\"inLanguage\":\"en-US\",\"@id\":\"https:\\\/\\\/joyroom.is\\\/vara\\\/jr-pbm08-pro\\\/#primaryimage\",\"url\":\"https:\\\/\\\/joyroom.is\\\/wp-content\\\/uploads\\\/2025\\\/07\\\/JR-PBM08-PRO.jpg\",\"contentUrl\":\"https:\\\/\\\/joyroom.is\\\/wp-content\\\/uploads\\\/2025\\\/07\\\/JR-PBM08-PRO.jpg\",\"width\":1600,\"height\":1600},{\"@type\":\"BreadcrumbList\",\"@id\":\"https:\\\/\\\/joyroom.is\\\/vara\\\/jr-pbm08-pro\\\/#breadcrumb\",\"itemListElement\":[{\"@type\":\"ListItem\",\"position\":1,\"name\":\"Home\",\"item\":\"https:\\\/\\\/joyroom.is\\\/\"},{\"@type\":\"ListItem\",\"position\":2,\"name\":\"Shop\",\"item\":\"https:\\\/\\\/www.vorulagerinn.is\\\/heildsala\\\/en\\\/shop\\\/\"},{\"@type\":\"ListItem\",\"position\":3,\"name\":\"\u00d6flugur 10.000mAh 20W iPhone MagSafe hle\u00f0slubanki fyrir f\u00f3lk \u00e1 fer\u00f0inni\"}]},{\"@type\":\"WebSite\",\"@id\":\"https:\\\/\\\/joyroom.is\\\/#website\",\"url\":\"https:\\\/\\\/joyroom.is\\\/\",\"name\":\"Joyroom \u00e1 \u00cdslandi\",\"description\":\"Vali&eth; er einfalt\",\"publisher\":{\"@id\":\"https:\\\/\\\/joyroom.is\\\/#organization\"},\"alternateName\":\"Joyroom\",\"potentialAction\":[{\"@type\":\"SearchAction\",\"target\":{\"@type\":\"EntryPoint\",\"urlTemplate\":\"https:\\\/\\\/joyroom.is\\\/?s={search_term_string}\"},\"query-input\":{\"@type\":\"PropertyValueSpecification\",\"valueRequired\":true,\"valueName\":\"search_term_string\"}}],\"inLanguage\":\"en-US\"},{\"@type\":\"Organization\",\"@id\":\"https:\\\/\\\/joyroom.is\\\/#organization\",\"name\":\"Joyroom \u00e1 \u00cdslandi\",\"alternateName\":\"Joyroom\",\"url\":\"https:\\\/\\\/joyroom.is\\\/\",\"logo\":{\"@type\":\"ImageObject\",\"inLanguage\":\"en-US\",\"@id\":\"https:\\\/\\\/joyroom.is\\\/#\\\/schema\\\/logo\\\/image\\\/\",\"url\":\"https:\\\/\\\/joyroom.is\\\/wp-content\\\/uploads\\\/2024\\\/08\\\/JR.jpg\",\"contentUrl\":\"https:\\\/\\\/joyroom.is\\\/wp-content\\\/uploads\\\/2024\\\/08\\\/JR.jpg\",\"width\":1200,\"height\":1200,\"caption\":\"Joyroom \u00e1 \u00cdslandi\"},\"image\":{\"@id\":\"https:\\\/\\\/joyroom.is\\\/#\\\/schema\\\/logo\\\/image\\\/\"}}]}<\/script>\n<!-- \/ Yoast SEO Premium plugin. -->","yoast_head_json":{"title":"\u00d6flugur 10.000mAh 20W iPhone MagSafe hle\u00f0slubanki fyrir f\u00f3lk \u00e1 fer\u00f0inni | Joyroom","description":"St\u00edlhreinn og \u00f6flugur 10.000mAh 20W hle\u00f0slubanki sem sameinar afk\u00f6st, \u00fe\u00e6gindi, \u00e1rei\u00f0anleika og heldur snjallt\u00e6kjunum \u00fe\u00ednum fullhl\u00f6\u00f0num hvar og hvern\u00e6r sem er. Innbygg\u00f0ur \u201esmart\u201c kubbur sem tryggir vernd gegn ofhle\u00f0slu, ofhitnun og skammhlaupi. \u00d6rugg og st\u00f6\u00f0ug hle\u00f0sla.  \u00cd hle\u00f0slubankanum er innbygg\u00f0ur MagSafe segull sem l\u00e6tur hann festast vi\u00f0 iPhone 11\/12\/13\/14\/15\/16 snjalls\u00edma og hla\u00f0a \u00fer\u00e1\u00f0laust. Hle\u00f0slubankinn er me\u00f0 tengi fyrir USB-C og Lightning sem \u00fe\u00fd\u00f0ir a\u00f0 \u00fea\u00f0 er h\u00e6gt a\u00f0 hla\u00f0a \u00f6ll snjallt\u00e6ki fr\u00e1 Apple \u00f3h\u00e1\u00f0 \u00fatg\u00e1fu t\u00e6kis. \u00de\u00e1 hle\u00f0lur hle\u00f0slubankinn l\u00edka Android t\u00e6ki, spjaldt\u00f6lvur og heyrnart\u00f3l \u00ed gegnum USB-C tengi\u00f0.  Hle\u00f0lubankann m\u00e1 taka me\u00f0 \u00ed flugv\u00e9l og \u00fev\u00ed er upplagt a\u00f0 taka hann me\u00f0 \u00ed fer\u00f0alagi\u00f0 innanlands og utanlands.  \u2013 Sj\u00e1\u00f0u myndband af v\u00f6runni ne\u00f0ar \u00e1 \u00feessari s\u00ed\u00f0u \u2013 Litur: Svartur \u2013 St\u00e6r\u00f0: 10,3 x 6,8 x 1,4 cm \u2013 \u00deyngd: 176 g \u2013 Rafhla\u00f0a: Polymer Lithium \u2013 Lightning Input: 5V=2.4A (12W) \u2013 Type-C input: 5V=3A, 9V=2A (18W) \u2013 Type-C output: 5V=2.4A, 9V=2.22A, 12V=1.67A (20W) \u2013 Wireless charging output: 5W\/7.5W\/10W\/15W (max \u2013 Multi-port output: 5V=3A(Max) \u2013 Lei\u00f0beiningar fylgja me\u00f0 \u2013 Vottun: CE\/Rohs\/FCC","robots":{"index":"index","follow":"follow","max-snippet":"max-snippet:-1","max-image-preview":"max-image-preview:large","max-video-preview":"max-video-preview:-1"},"canonical":"https:\/\/joyroom.is\/vara\/jr-pbm08-pro\/","og_locale":"en_US","og_type":"article","og_title":"\u00d6flugur 10.000mAh 20W iPhone MagSafe hle\u00f0slubanki fyrir f\u00f3lk \u00e1 fer\u00f0inni","og_description":"St\u00edlhreinn og \u00f6flugur 10.000mAh 20W hle\u00f0slubanki sem sameinar afk\u00f6st, \u00fe\u00e6gindi, \u00e1rei\u00f0anleika og heldur snjallt\u00e6kjunum \u00fe\u00ednum fullhl\u00f6\u00f0num hvar og hvern\u00e6r sem er. Innbygg\u00f0ur \u201esmart\u201c kubbur sem tryggir vernd gegn ofhle\u00f0slu, ofhitnun og skammhlaupi. \u00d6rugg og st\u00f6\u00f0ug hle\u00f0sla.  \u00cd hle\u00f0slubankanum er innbygg\u00f0ur MagSafe segull sem l\u00e6tur hann festast vi\u00f0 iPhone 11\/12\/13\/14\/15\/16 snjalls\u00edma og hla\u00f0a \u00fer\u00e1\u00f0laust. Hle\u00f0slubankinn er me\u00f0 tengi fyrir USB-C og Lightning sem \u00fe\u00fd\u00f0ir a\u00f0 \u00fea\u00f0 er h\u00e6gt a\u00f0 hla\u00f0a \u00f6ll snjallt\u00e6ki fr\u00e1 Apple \u00f3h\u00e1\u00f0 \u00fatg\u00e1fu t\u00e6kis. \u00de\u00e1 hle\u00f0lur hle\u00f0slubankinn l\u00edka Android t\u00e6ki, spjaldt\u00f6lvur og heyrnart\u00f3l \u00ed gegnum USB-C tengi\u00f0.  Hle\u00f0lubankann m\u00e1 taka me\u00f0 \u00ed flugv\u00e9l og \u00fev\u00ed er upplagt a\u00f0 taka hann me\u00f0 \u00ed fer\u00f0alagi\u00f0 innanlands og utanlands.  \u2013 Sj\u00e1\u00f0u myndband af v\u00f6runni ne\u00f0ar \u00e1 \u00feessari s\u00ed\u00f0u \u2013 Litur: Svartur \u2013 St\u00e6r\u00f0: 10,3 x 6,8 x 1,4 cm \u2013 \u00deyngd: 176 g \u2013 Rafhla\u00f0a: Polymer Lithium \u2013 Lightning Input: 5V=2.4A (12W) \u2013 Type-C input: 5V=3A, 9V=2A (18W) \u2013 Type-C output: 5V=2.4A, 9V=2.22A, 12V=1.67A (20W) \u2013 Wireless charging output: 5W\/7.5W\/10W\/15W (max \u2013 Multi-port output: 5V=3A(Max) \u2013 Lei\u00f0beiningar fylgja me\u00f0 \u2013 Vottun: CE\/Rohs\/FCC","og_url":"https:\/\/joyroom.is\/vara\/jr-pbm08-pro\/","og_site_name":"Joyroom","article_modified_time":"2026-04-09T09:10:56+00:00","og_image":[{"width":1600,"height":1600,"url":"https:\/\/joyroom.is\/wp-content\/uploads\/2025\/07\/JR-PBM08-PRO.jpg","type":"image\/jpeg"}],"twitter_card":"summary_large_image","schema":{"@context":"https:\/\/schema.org","@graph":[{"@type":"WebPage","@id":"https:\/\/joyroom.is\/vara\/jr-pbm08-pro\/","url":"https:\/\/joyroom.is\/vara\/jr-pbm08-pro\/","name":"\u00d6flugur 10.000mAh 20W iPhone MagSafe hle\u00f0slubanki fyrir f\u00f3lk \u00e1 fer\u00f0inni | Joyroom","isPartOf":{"@id":"https:\/\/joyroom.is\/#website"},"primaryImageOfPage":{"@id":"https:\/\/joyroom.is\/vara\/jr-pbm08-pro\/#primaryimage"},"image":{"@id":"https:\/\/joyroom.is\/vara\/jr-pbm08-pro\/#primaryimage"},"thumbnailUrl":"https:\/\/joyroom.is\/wp-content\/uploads\/2025\/07\/JR-PBM08-PRO.jpg","datePublished":"2025-07-16T11:07:55+00:00","dateModified":"2026-04-09T09:10:56+00:00","description":"St\u00edlhreinn og \u00f6flugur 10.000mAh 20W hle\u00f0slubanki sem sameinar afk\u00f6st, \u00fe\u00e6gindi, \u00e1rei\u00f0anleika og heldur snjallt\u00e6kjunum \u00fe\u00ednum fullhl\u00f6\u00f0num hvar og hvern\u00e6r sem er. Innbygg\u00f0ur \u201esmart\u201c kubbur sem tryggir vernd gegn ofhle\u00f0slu, ofhitnun og skammhlaupi. \u00d6rugg og st\u00f6\u00f0ug hle\u00f0sla. \u00cd hle\u00f0slubankanum er innbygg\u00f0ur MagSafe segull sem l\u00e6tur hann festast vi\u00f0 iPhone 11\/12\/13\/14\/15\/16 snjalls\u00edma og hla\u00f0a \u00fer\u00e1\u00f0laust. Hle\u00f0slubankinn er me\u00f0 tengi fyrir USB-C og Lightning sem \u00fe\u00fd\u00f0ir a\u00f0 \u00fea\u00f0 er h\u00e6gt a\u00f0 hla\u00f0a \u00f6ll snjallt\u00e6ki fr\u00e1 Apple \u00f3h\u00e1\u00f0 \u00fatg\u00e1fu t\u00e6kis. \u00de\u00e1 hle\u00f0lur hle\u00f0slubankinn l\u00edka Android t\u00e6ki, spjaldt\u00f6lvur og heyrnart\u00f3l \u00ed gegnum USB-C tengi\u00f0. Hle\u00f0lubankann m\u00e1 taka me\u00f0 \u00ed flugv\u00e9l og \u00fev\u00ed er upplagt a\u00f0 taka hann me\u00f0 \u00ed fer\u00f0alagi\u00f0 innanlands og utanlands. \u2013 Sj\u00e1\u00f0u myndband af v\u00f6runni ne\u00f0ar \u00e1 \u00feessari s\u00ed\u00f0u \u2013 Litur: Svartur \u2013 St\u00e6r\u00f0: 10,3 x 6,8 x 1,4 cm \u2013 \u00deyngd: 176 g \u2013 Rafhla\u00f0a: Polymer Lithium \u2013 Lightning Input: 5V=2.4A (12W) \u2013 Type-C input: 5V=3A, 9V=2A (18W) \u2013 Type-C output: 5V=2.4A, 9V=2.22A, 12V=1.67A (20W) \u2013 Wireless charging output: 5W\/7.5W\/10W\/15W (max \u2013 Multi-port output: 5V=3A(Max) \u2013 Lei\u00f0beiningar fylgja me\u00f0 \u2013 Vottun: CE\/Rohs\/FCC","breadcrumb":{"@id":"https:\/\/joyroom.is\/vara\/jr-pbm08-pro\/#breadcrumb"},"inLanguage":"en-US","potentialAction":[{"@type":"ReadAction","target":["https:\/\/joyroom.is\/vara\/jr-pbm08-pro\/"]}]},{"@type":"ImageObject","inLanguage":"en-US","@id":"https:\/\/joyroom.is\/vara\/jr-pbm08-pro\/#primaryimage","url":"https:\/\/joyroom.is\/wp-content\/uploads\/2025\/07\/JR-PBM08-PRO.jpg","contentUrl":"https:\/\/joyroom.is\/wp-content\/uploads\/2025\/07\/JR-PBM08-PRO.jpg","width":1600,"height":1600},{"@type":"BreadcrumbList","@id":"https:\/\/joyroom.is\/vara\/jr-pbm08-pro\/#breadcrumb","itemListElement":[{"@type":"ListItem","position":1,"name":"Home","item":"https:\/\/joyroom.is\/"},{"@type":"ListItem","position":2,"name":"Shop","item":"https:\/\/www.vorulagerinn.is\/heildsala\/en\/shop\/"},{"@type":"ListItem","position":3,"name":"\u00d6flugur 10.000mAh 20W iPhone MagSafe hle\u00f0slubanki fyrir f\u00f3lk \u00e1 fer\u00f0inni"}]},{"@type":"WebSite","@id":"https:\/\/joyroom.is\/#website","url":"https:\/\/joyroom.is\/","name":"Joyroom \u00e1 \u00cdslandi","description":"Vali&eth; er einfalt","publisher":{"@id":"https:\/\/joyroom.is\/#organization"},"alternateName":"Joyroom","potentialAction":[{"@type":"SearchAction","target":{"@type":"EntryPoint","urlTemplate":"https:\/\/joyroom.is\/?s={search_term_string}"},"query-input":{"@type":"PropertyValueSpecification","valueRequired":true,"valueName":"search_term_string"}}],"inLanguage":"en-US"},{"@type":"Organization","@id":"https:\/\/joyroom.is\/#organization","name":"Joyroom \u00e1 \u00cdslandi","alternateName":"Joyroom","url":"https:\/\/joyroom.is\/","logo":{"@type":"ImageObject","inLanguage":"en-US","@id":"https:\/\/joyroom.is\/#\/schema\/logo\/image\/","url":"https:\/\/joyroom.is\/wp-content\/uploads\/2024\/08\/JR.jpg","contentUrl":"https:\/\/joyroom.is\/wp-content\/uploads\/2024\/08\/JR.jpg","width":1200,"height":1200,"caption":"Joyroom \u00e1 \u00cdslandi"},"image":{"@id":"https:\/\/joyroom.is\/#\/schema\/logo\/image\/"}}]}},"_links":{"self":[{"href":"https:\/\/joyroom.is\/en\/wp-json\/wp\/v2\/product\/25109","targetHints":{"allow":["GET"]}}],"collection":[{"href":"https:\/\/joyroom.is\/en\/wp-json\/wp\/v2\/product"}],"about":[{"href":"https:\/\/joyroom.is\/en\/wp-json\/wp\/v2\/types\/product"}],"wp:featuredmedia":[{"embeddable":true,"href":"https:\/\/joyroom.is\/en\/wp-json\/wp\/v2\/media\/25099"}],"wp:attachment":[{"href":"https:\/\/joyroom.is\/en\/wp-json\/wp\/v2\/media?parent=25109"}],"wp:term":[{"taxonomy":"product_brand","embeddable":true,"href":"https:\/\/joyroom.is\/en\/wp-json\/wp\/v2\/product_brand?post=25109"},{"taxonomy":"product_cat","embeddable":true,"href":"https:\/\/joyroom.is\/en\/wp-json\/wp\/v2\/product_cat?post=25109"},{"taxonomy":"product_tag","embeddable":true,"href":"https:\/\/joyroom.is\/en\/wp-json\/wp\/v2\/product_tag?post=25109"}],"curies":[{"name":"wp","href":"https:\/\/api.w.org\/{rel}","templated":true}]}}