{"id":25127,"date":"2025-07-16T10:51:30","date_gmt":"2025-07-16T10:51:30","guid":{"rendered":"https:\/\/joyroom.is\/product\/jr-w13\/"},"modified":"2026-02-15T17:11:35","modified_gmt":"2026-02-15T17:11:35","slug":"jr-w13","status":"publish","type":"product","link":"https:\/\/joyroom.is\/en\/product\/jr-w13\/","title":{"rendered":"Fer\u00f0ahle\u00f0slubanki fyrir Apple snjall\u00far, iPhone, iPads, heyrnart\u00f3l (USB-C &amp; Lightning hle\u00f0slusn\u00farur)"},"content":{"rendered":"<div style=\"width: 720px;\" class=\"wp-video\"><video class=\"wp-video-shortcode\" id=\"video-25127-1\" width=\"720\" height=\"960\" preload=\"metadata\" controls=\"controls\"><source type=\"video\/mp4\" src=\"https:\/\/fodurlandid.is\/wp-content\/uploads\/2025\/07\/JR-W13.mp4?_=1\" \/><a href=\"https:\/\/fodurlandid.is\/wp-content\/uploads\/2025\/07\/JR-W13.mp4\">https:\/\/fodurlandid.is\/wp-content\/uploads\/2025\/07\/JR-W13.mp4<\/a><\/video><\/div>\n","protected":false},"excerpt":{"rendered":"<p>Fj\u00f6lnota fer\u00f0ahle\u00f0slubanki me\u00f0 5.000mAh rafhl\u00f6\u00f0u sem getur hla\u00f0i\u00f0 \u00f6ll helstu snjallt\u00e6ki (Apple og Android). Hle\u00f0slubankinn er me\u00f0 segul sem heldur Apple snjall\u00farinu f\u00f6stu \u00e1 me\u00f0an hann hle\u00f0ur \u00fari\u00f0 \u00fer\u00e1\u00f0laust. Hle\u00f0slubankinn er me\u00f0 USB-C og Lightning hle\u00f0slusn\u00farur. Lightning sn\u00farann hle\u00f0ur eldri \u00fatg\u00e1fur af iPhone, iPods og AirPods en USB-C sn\u00faran hle\u00f0ur \u00f6ll n\u00fdrri Apple t\u00e6ki og Android snjalls\u00edma, spjaldt\u00f6lvur, heyrnart\u00f3l o.fl. \u00dea\u00f0 m\u00e1 taka hle\u00f0slubankann me\u00f0 \u00ed flugv\u00e9l.<\/p>\n<p>Fr\u00e1b\u00e6r fer\u00f0af\u00e9lagi sem fer l\u00edti\u00f0 fyrir \u00ed t\u00f6sku.<\/p>\n<p>\u2013 Sj\u00e1 myndband ne\u00f0ar \u00e1 s\u00ed\u00f0u<br \/>\n\u2013 Litur: Svartur<br \/>\n\u2013 St\u00e6r\u00f0: 7,1 x 4,2 x 4,2 cm<br \/>\n\u2013 \u00deyngd: 155g<br \/>\n\u2013 Rafhla\u00f0a: 5.000mAh<br \/>\n\u2013 Input Type-C: 5V \u2013 3A, 9V- 2A<br \/>\n\u2013 Input Lightning: 9V=2A<br \/>\n\u2013 Output Wireless charging: 3W<br \/>\n\u2013 Output Type-C: 5V-3A, 9V=2.22A, 12V=1.67A<br \/>\n\u2013 Output Lightning: 5V=3A, 9V=2.22A, 12V=1.67A<br \/>\n\u2013 Vottun: CE\/RoHS\/FCC<\/p>\n","protected":false},"featured_media":25119,"template":"","meta":[],"product_brand":[],"product_cat":[443],"product_tag":[],"class_list":{"0":"post-25127","1":"product","2":"type-product","3":"status-publish","4":"has-post-thumbnail","6":"product_cat-hledslubanki-ferdarafhlada","8":"first","9":"instock","10":"taxable","11":"shipping-taxable","12":"purchasable","13":"product-type-simple"},"yoast_head":"<!-- This site is optimized with the Yoast SEO Premium plugin v21.5 (Yoast SEO v27.4) - https:\/\/yoast.com\/product\/yoast-seo-premium-wordpress\/ -->\n<title>Fer\u00f0ahle\u00f0slubanki fyrir Apple snjall\u00far, iPhone, iPads, heyrnart\u00f3l (USB-C &amp; Lightning hle\u00f0slusn\u00farur) | Joyroom<\/title>\n<meta name=\"description\" content=\"Fj\u00f6lnota fer\u00f0ahle\u00f0slubanki me\u00f0 5.000mAh rafhl\u00f6\u00f0u sem getur hla\u00f0i\u00f0 \u00f6ll helstu snjallt\u00e6ki (Apple og Android). Hle\u00f0slubankinn er me\u00f0 segul sem heldur Apple snjall\u00farinu f\u00f6stu \u00e1 me\u00f0an hann hle\u00f0ur \u00fari\u00f0 \u00fer\u00e1\u00f0laust. Hle\u00f0slubankinn er me\u00f0 USB-C og Lightning hle\u00f0slusn\u00farur. Lightning sn\u00farann hle\u00f0ur eldri \u00fatg\u00e1fur af iPhone, iPods og AirPods en USB-C sn\u00faran hle\u00f0ur \u00f6ll n\u00fdrri Apple t\u00e6ki og Android snjalls\u00edma, spjaldt\u00f6lvur, heyrnart\u00f3l o.fl. \u00dea\u00f0 m\u00e1 taka hle\u00f0slubankann me\u00f0 \u00ed flugv\u00e9l.  Fr\u00e1b\u00e6r fer\u00f0af\u00e9lagi sem fer l\u00edti\u00f0 fyrir \u00ed t\u00f6sku.  \u2013 Sj\u00e1 myndband ne\u00f0ar \u00e1 s\u00ed\u00f0u \u2013 Litur: Svartur \u2013 St\u00e6r\u00f0: 7,1 x 4,2 x 4,2 cm \u2013 \u00deyngd: 155g \u2013 Rafhla\u00f0a: 5.000mAh \u2013 Input Type-C: 5V \u2013 3A, 9V- 2A \u2013 Input Lightning: 9V=2A \u2013 Output Wireless charging: 3W \u2013 Output Type-C: 5V-3A, 9V=2.22A, 12V=1.67A \u2013 Output Lightning: 5V=3A, 9V=2.22A, 12V=1.67A \u2013 Vottun: CE\/RoHS\/FCC\" \/>\n<meta name=\"robots\" content=\"index, follow, max-snippet:-1, max-image-preview:large, max-video-preview:-1\" \/>\n<link rel=\"canonical\" href=\"https:\/\/joyroom.is\/vara\/jr-w13\/\" \/>\n<meta property=\"og:locale\" content=\"en_US\" \/>\n<meta property=\"og:type\" content=\"article\" \/>\n<meta property=\"og:title\" content=\"Fer\u00f0ahle\u00f0slubanki fyrir Apple snjall\u00far, iPhone, iPads, heyrnart\u00f3l (USB-C &amp; Lightning hle\u00f0slusn\u00farur)\" \/>\n<meta property=\"og:description\" content=\"Fj\u00f6lnota fer\u00f0ahle\u00f0slubanki me\u00f0 5.000mAh rafhl\u00f6\u00f0u sem getur hla\u00f0i\u00f0 \u00f6ll helstu snjallt\u00e6ki (Apple og Android). Hle\u00f0slubankinn er me\u00f0 segul sem heldur Apple snjall\u00farinu f\u00f6stu \u00e1 me\u00f0an hann hle\u00f0ur \u00fari\u00f0 \u00fer\u00e1\u00f0laust. Hle\u00f0slubankinn er me\u00f0 USB-C og Lightning hle\u00f0slusn\u00farur. Lightning sn\u00farann hle\u00f0ur eldri \u00fatg\u00e1fur af iPhone, iPods og AirPods en USB-C sn\u00faran hle\u00f0ur \u00f6ll n\u00fdrri Apple t\u00e6ki og Android snjalls\u00edma, spjaldt\u00f6lvur, heyrnart\u00f3l o.fl. \u00dea\u00f0 m\u00e1 taka hle\u00f0slubankann me\u00f0 \u00ed flugv\u00e9l.  Fr\u00e1b\u00e6r fer\u00f0af\u00e9lagi sem fer l\u00edti\u00f0 fyrir \u00ed t\u00f6sku.  \u2013 Sj\u00e1 myndband ne\u00f0ar \u00e1 s\u00ed\u00f0u \u2013 Litur: Svartur \u2013 St\u00e6r\u00f0: 7,1 x 4,2 x 4,2 cm \u2013 \u00deyngd: 155g \u2013 Rafhla\u00f0a: 5.000mAh \u2013 Input Type-C: 5V \u2013 3A, 9V- 2A \u2013 Input Lightning: 9V=2A \u2013 Output Wireless charging: 3W \u2013 Output Type-C: 5V-3A, 9V=2.22A, 12V=1.67A \u2013 Output Lightning: 5V=3A, 9V=2.22A, 12V=1.67A \u2013 Vottun: CE\/RoHS\/FCC\" \/>\n<meta property=\"og:url\" content=\"https:\/\/joyroom.is\/vara\/jr-w13\/\" \/>\n<meta property=\"og:site_name\" content=\"Joyroom\" \/>\n<meta property=\"article:modified_time\" content=\"2026-02-15T17:11:35+00:00\" \/>\n<meta property=\"og:image\" content=\"https:\/\/joyroom.is\/wp-content\/uploads\/2025\/07\/JR-W13_6.jpg\" \/>\n\t<meta property=\"og:image:width\" content=\"600\" \/>\n\t<meta property=\"og:image:height\" content=\"600\" \/>\n\t<meta property=\"og:image:type\" content=\"image\/jpeg\" \/>\n<meta name=\"twitter:card\" content=\"summary_large_image\" \/>\n<script type=\"application\/ld+json\" class=\"yoast-schema-graph\">{\"@context\":\"https:\\\/\\\/schema.org\",\"@graph\":[{\"@type\":\"WebPage\",\"@id\":\"https:\\\/\\\/joyroom.is\\\/vara\\\/jr-w13\\\/\",\"url\":\"https:\\\/\\\/joyroom.is\\\/vara\\\/jr-w13\\\/\",\"name\":\"Fer\u00f0ahle\u00f0slubanki fyrir Apple snjall\u00far, iPhone, iPads, heyrnart\u00f3l (USB-C &amp; Lightning hle\u00f0slusn\u00farur) | Joyroom\",\"isPartOf\":{\"@id\":\"https:\\\/\\\/joyroom.is\\\/#website\"},\"primaryImageOfPage\":{\"@id\":\"https:\\\/\\\/joyroom.is\\\/vara\\\/jr-w13\\\/#primaryimage\"},\"image\":{\"@id\":\"https:\\\/\\\/joyroom.is\\\/vara\\\/jr-w13\\\/#primaryimage\"},\"thumbnailUrl\":\"https:\\\/\\\/joyroom.is\\\/wp-content\\\/uploads\\\/2025\\\/07\\\/JR-W13_6.jpg\",\"datePublished\":\"2025-07-16T10:51:30+00:00\",\"dateModified\":\"2026-02-15T17:11:35+00:00\",\"description\":\"Fj\u00f6lnota fer\u00f0ahle\u00f0slubanki me\u00f0 5.000mAh rafhl\u00f6\u00f0u sem getur hla\u00f0i\u00f0 \u00f6ll helstu snjallt\u00e6ki (Apple og Android). Hle\u00f0slubankinn er me\u00f0 segul sem heldur Apple snjall\u00farinu f\u00f6stu \u00e1 me\u00f0an hann hle\u00f0ur \u00fari\u00f0 \u00fer\u00e1\u00f0laust. Hle\u00f0slubankinn er me\u00f0 USB-C og Lightning hle\u00f0slusn\u00farur. Lightning sn\u00farann hle\u00f0ur eldri \u00fatg\u00e1fur af iPhone, iPods og AirPods en USB-C sn\u00faran hle\u00f0ur \u00f6ll n\u00fdrri Apple t\u00e6ki og Android snjalls\u00edma, spjaldt\u00f6lvur, heyrnart\u00f3l o.fl. \u00dea\u00f0 m\u00e1 taka hle\u00f0slubankann me\u00f0 \u00ed flugv\u00e9l. Fr\u00e1b\u00e6r fer\u00f0af\u00e9lagi sem fer l\u00edti\u00f0 fyrir \u00ed t\u00f6sku. \u2013 Sj\u00e1 myndband ne\u00f0ar \u00e1 s\u00ed\u00f0u \u2013 Litur: Svartur \u2013 St\u00e6r\u00f0: 7,1 x 4,2 x 4,2 cm \u2013 \u00deyngd: 155g \u2013 Rafhla\u00f0a: 5.000mAh \u2013 Input Type-C: 5V \u2013 3A, 9V- 2A \u2013 Input Lightning: 9V=2A \u2013 Output Wireless charging: 3W \u2013 Output Type-C: 5V-3A, 9V=2.22A, 12V=1.67A \u2013 Output Lightning: 5V=3A, 9V=2.22A, 12V=1.67A \u2013 Vottun: CE\\\/RoHS\\\/FCC\",\"breadcrumb\":{\"@id\":\"https:\\\/\\\/joyroom.is\\\/vara\\\/jr-w13\\\/#breadcrumb\"},\"inLanguage\":\"en-US\",\"potentialAction\":[{\"@type\":\"ReadAction\",\"target\":[\"https:\\\/\\\/joyroom.is\\\/vara\\\/jr-w13\\\/\"]}]},{\"@type\":\"ImageObject\",\"inLanguage\":\"en-US\",\"@id\":\"https:\\\/\\\/joyroom.is\\\/vara\\\/jr-w13\\\/#primaryimage\",\"url\":\"https:\\\/\\\/joyroom.is\\\/wp-content\\\/uploads\\\/2025\\\/07\\\/JR-W13_6.jpg\",\"contentUrl\":\"https:\\\/\\\/joyroom.is\\\/wp-content\\\/uploads\\\/2025\\\/07\\\/JR-W13_6.jpg\",\"width\":600,\"height\":600},{\"@type\":\"BreadcrumbList\",\"@id\":\"https:\\\/\\\/joyroom.is\\\/vara\\\/jr-w13\\\/#breadcrumb\",\"itemListElement\":[{\"@type\":\"ListItem\",\"position\":1,\"name\":\"Home\",\"item\":\"https:\\\/\\\/joyroom.is\\\/\"},{\"@type\":\"ListItem\",\"position\":2,\"name\":\"Shop\",\"item\":\"https:\\\/\\\/www.vorulagerinn.is\\\/heildsala\\\/en\\\/shop\\\/\"},{\"@type\":\"ListItem\",\"position\":3,\"name\":\"Fer\u00f0ahle\u00f0slubanki fyrir Apple snjall\u00far, iPhone, iPads, heyrnart\u00f3l (USB-C &amp; Lightning hle\u00f0slusn\u00farur)\"}]},{\"@type\":\"WebSite\",\"@id\":\"https:\\\/\\\/joyroom.is\\\/#website\",\"url\":\"https:\\\/\\\/joyroom.is\\\/\",\"name\":\"Joyroom \u00e1 \u00cdslandi\",\"description\":\"Vali&eth; er einfalt\",\"publisher\":{\"@id\":\"https:\\\/\\\/joyroom.is\\\/#organization\"},\"alternateName\":\"Joyroom\",\"potentialAction\":[{\"@type\":\"SearchAction\",\"target\":{\"@type\":\"EntryPoint\",\"urlTemplate\":\"https:\\\/\\\/joyroom.is\\\/?s={search_term_string}\"},\"query-input\":{\"@type\":\"PropertyValueSpecification\",\"valueRequired\":true,\"valueName\":\"search_term_string\"}}],\"inLanguage\":\"en-US\"},{\"@type\":\"Organization\",\"@id\":\"https:\\\/\\\/joyroom.is\\\/#organization\",\"name\":\"Joyroom \u00e1 \u00cdslandi\",\"alternateName\":\"Joyroom\",\"url\":\"https:\\\/\\\/joyroom.is\\\/\",\"logo\":{\"@type\":\"ImageObject\",\"inLanguage\":\"en-US\",\"@id\":\"https:\\\/\\\/joyroom.is\\\/#\\\/schema\\\/logo\\\/image\\\/\",\"url\":\"https:\\\/\\\/joyroom.is\\\/wp-content\\\/uploads\\\/2024\\\/08\\\/JR.jpg\",\"contentUrl\":\"https:\\\/\\\/joyroom.is\\\/wp-content\\\/uploads\\\/2024\\\/08\\\/JR.jpg\",\"width\":1200,\"height\":1200,\"caption\":\"Joyroom \u00e1 \u00cdslandi\"},\"image\":{\"@id\":\"https:\\\/\\\/joyroom.is\\\/#\\\/schema\\\/logo\\\/image\\\/\"}}]}<\/script>\n<!-- \/ Yoast SEO Premium plugin. -->","yoast_head_json":{"title":"Fer\u00f0ahle\u00f0slubanki fyrir Apple snjall\u00far, iPhone, iPads, heyrnart\u00f3l (USB-C &amp; Lightning hle\u00f0slusn\u00farur) | Joyroom","description":"Fj\u00f6lnota fer\u00f0ahle\u00f0slubanki me\u00f0 5.000mAh rafhl\u00f6\u00f0u sem getur hla\u00f0i\u00f0 \u00f6ll helstu snjallt\u00e6ki (Apple og Android). Hle\u00f0slubankinn er me\u00f0 segul sem heldur Apple snjall\u00farinu f\u00f6stu \u00e1 me\u00f0an hann hle\u00f0ur \u00fari\u00f0 \u00fer\u00e1\u00f0laust. Hle\u00f0slubankinn er me\u00f0 USB-C og Lightning hle\u00f0slusn\u00farur. Lightning sn\u00farann hle\u00f0ur eldri \u00fatg\u00e1fur af iPhone, iPods og AirPods en USB-C sn\u00faran hle\u00f0ur \u00f6ll n\u00fdrri Apple t\u00e6ki og Android snjalls\u00edma, spjaldt\u00f6lvur, heyrnart\u00f3l o.fl. \u00dea\u00f0 m\u00e1 taka hle\u00f0slubankann me\u00f0 \u00ed flugv\u00e9l.  Fr\u00e1b\u00e6r fer\u00f0af\u00e9lagi sem fer l\u00edti\u00f0 fyrir \u00ed t\u00f6sku.  \u2013 Sj\u00e1 myndband ne\u00f0ar \u00e1 s\u00ed\u00f0u \u2013 Litur: Svartur \u2013 St\u00e6r\u00f0: 7,1 x 4,2 x 4,2 cm \u2013 \u00deyngd: 155g \u2013 Rafhla\u00f0a: 5.000mAh \u2013 Input Type-C: 5V \u2013 3A, 9V- 2A \u2013 Input Lightning: 9V=2A \u2013 Output Wireless charging: 3W \u2013 Output Type-C: 5V-3A, 9V=2.22A, 12V=1.67A \u2013 Output Lightning: 5V=3A, 9V=2.22A, 12V=1.67A \u2013 Vottun: CE\/RoHS\/FCC","robots":{"index":"index","follow":"follow","max-snippet":"max-snippet:-1","max-image-preview":"max-image-preview:large","max-video-preview":"max-video-preview:-1"},"canonical":"https:\/\/joyroom.is\/vara\/jr-w13\/","og_locale":"en_US","og_type":"article","og_title":"Fer\u00f0ahle\u00f0slubanki fyrir Apple snjall\u00far, iPhone, iPads, heyrnart\u00f3l (USB-C &amp; Lightning hle\u00f0slusn\u00farur)","og_description":"Fj\u00f6lnota fer\u00f0ahle\u00f0slubanki me\u00f0 5.000mAh rafhl\u00f6\u00f0u sem getur hla\u00f0i\u00f0 \u00f6ll helstu snjallt\u00e6ki (Apple og Android). Hle\u00f0slubankinn er me\u00f0 segul sem heldur Apple snjall\u00farinu f\u00f6stu \u00e1 me\u00f0an hann hle\u00f0ur \u00fari\u00f0 \u00fer\u00e1\u00f0laust. Hle\u00f0slubankinn er me\u00f0 USB-C og Lightning hle\u00f0slusn\u00farur. Lightning sn\u00farann hle\u00f0ur eldri \u00fatg\u00e1fur af iPhone, iPods og AirPods en USB-C sn\u00faran hle\u00f0ur \u00f6ll n\u00fdrri Apple t\u00e6ki og Android snjalls\u00edma, spjaldt\u00f6lvur, heyrnart\u00f3l o.fl. \u00dea\u00f0 m\u00e1 taka hle\u00f0slubankann me\u00f0 \u00ed flugv\u00e9l.  Fr\u00e1b\u00e6r fer\u00f0af\u00e9lagi sem fer l\u00edti\u00f0 fyrir \u00ed t\u00f6sku.  \u2013 Sj\u00e1 myndband ne\u00f0ar \u00e1 s\u00ed\u00f0u \u2013 Litur: Svartur \u2013 St\u00e6r\u00f0: 7,1 x 4,2 x 4,2 cm \u2013 \u00deyngd: 155g \u2013 Rafhla\u00f0a: 5.000mAh \u2013 Input Type-C: 5V \u2013 3A, 9V- 2A \u2013 Input Lightning: 9V=2A \u2013 Output Wireless charging: 3W \u2013 Output Type-C: 5V-3A, 9V=2.22A, 12V=1.67A \u2013 Output Lightning: 5V=3A, 9V=2.22A, 12V=1.67A \u2013 Vottun: CE\/RoHS\/FCC","og_url":"https:\/\/joyroom.is\/vara\/jr-w13\/","og_site_name":"Joyroom","article_modified_time":"2026-02-15T17:11:35+00:00","og_image":[{"width":600,"height":600,"url":"https:\/\/joyroom.is\/wp-content\/uploads\/2025\/07\/JR-W13_6.jpg","type":"image\/jpeg"}],"twitter_card":"summary_large_image","schema":{"@context":"https:\/\/schema.org","@graph":[{"@type":"WebPage","@id":"https:\/\/joyroom.is\/vara\/jr-w13\/","url":"https:\/\/joyroom.is\/vara\/jr-w13\/","name":"Fer\u00f0ahle\u00f0slubanki fyrir Apple snjall\u00far, iPhone, iPads, heyrnart\u00f3l (USB-C &amp; Lightning hle\u00f0slusn\u00farur) | Joyroom","isPartOf":{"@id":"https:\/\/joyroom.is\/#website"},"primaryImageOfPage":{"@id":"https:\/\/joyroom.is\/vara\/jr-w13\/#primaryimage"},"image":{"@id":"https:\/\/joyroom.is\/vara\/jr-w13\/#primaryimage"},"thumbnailUrl":"https:\/\/joyroom.is\/wp-content\/uploads\/2025\/07\/JR-W13_6.jpg","datePublished":"2025-07-16T10:51:30+00:00","dateModified":"2026-02-15T17:11:35+00:00","description":"Fj\u00f6lnota fer\u00f0ahle\u00f0slubanki me\u00f0 5.000mAh rafhl\u00f6\u00f0u sem getur hla\u00f0i\u00f0 \u00f6ll helstu snjallt\u00e6ki (Apple og Android). Hle\u00f0slubankinn er me\u00f0 segul sem heldur Apple snjall\u00farinu f\u00f6stu \u00e1 me\u00f0an hann hle\u00f0ur \u00fari\u00f0 \u00fer\u00e1\u00f0laust. Hle\u00f0slubankinn er me\u00f0 USB-C og Lightning hle\u00f0slusn\u00farur. Lightning sn\u00farann hle\u00f0ur eldri \u00fatg\u00e1fur af iPhone, iPods og AirPods en USB-C sn\u00faran hle\u00f0ur \u00f6ll n\u00fdrri Apple t\u00e6ki og Android snjalls\u00edma, spjaldt\u00f6lvur, heyrnart\u00f3l o.fl. \u00dea\u00f0 m\u00e1 taka hle\u00f0slubankann me\u00f0 \u00ed flugv\u00e9l. Fr\u00e1b\u00e6r fer\u00f0af\u00e9lagi sem fer l\u00edti\u00f0 fyrir \u00ed t\u00f6sku. \u2013 Sj\u00e1 myndband ne\u00f0ar \u00e1 s\u00ed\u00f0u \u2013 Litur: Svartur \u2013 St\u00e6r\u00f0: 7,1 x 4,2 x 4,2 cm \u2013 \u00deyngd: 155g \u2013 Rafhla\u00f0a: 5.000mAh \u2013 Input Type-C: 5V \u2013 3A, 9V- 2A \u2013 Input Lightning: 9V=2A \u2013 Output Wireless charging: 3W \u2013 Output Type-C: 5V-3A, 9V=2.22A, 12V=1.67A \u2013 Output Lightning: 5V=3A, 9V=2.22A, 12V=1.67A \u2013 Vottun: CE\/RoHS\/FCC","breadcrumb":{"@id":"https:\/\/joyroom.is\/vara\/jr-w13\/#breadcrumb"},"inLanguage":"en-US","potentialAction":[{"@type":"ReadAction","target":["https:\/\/joyroom.is\/vara\/jr-w13\/"]}]},{"@type":"ImageObject","inLanguage":"en-US","@id":"https:\/\/joyroom.is\/vara\/jr-w13\/#primaryimage","url":"https:\/\/joyroom.is\/wp-content\/uploads\/2025\/07\/JR-W13_6.jpg","contentUrl":"https:\/\/joyroom.is\/wp-content\/uploads\/2025\/07\/JR-W13_6.jpg","width":600,"height":600},{"@type":"BreadcrumbList","@id":"https:\/\/joyroom.is\/vara\/jr-w13\/#breadcrumb","itemListElement":[{"@type":"ListItem","position":1,"name":"Home","item":"https:\/\/joyroom.is\/"},{"@type":"ListItem","position":2,"name":"Shop","item":"https:\/\/www.vorulagerinn.is\/heildsala\/en\/shop\/"},{"@type":"ListItem","position":3,"name":"Fer\u00f0ahle\u00f0slubanki fyrir Apple snjall\u00far, iPhone, iPads, heyrnart\u00f3l (USB-C &amp; Lightning hle\u00f0slusn\u00farur)"}]},{"@type":"WebSite","@id":"https:\/\/joyroom.is\/#website","url":"https:\/\/joyroom.is\/","name":"Joyroom \u00e1 \u00cdslandi","description":"Vali&eth; er einfalt","publisher":{"@id":"https:\/\/joyroom.is\/#organization"},"alternateName":"Joyroom","potentialAction":[{"@type":"SearchAction","target":{"@type":"EntryPoint","urlTemplate":"https:\/\/joyroom.is\/?s={search_term_string}"},"query-input":{"@type":"PropertyValueSpecification","valueRequired":true,"valueName":"search_term_string"}}],"inLanguage":"en-US"},{"@type":"Organization","@id":"https:\/\/joyroom.is\/#organization","name":"Joyroom \u00e1 \u00cdslandi","alternateName":"Joyroom","url":"https:\/\/joyroom.is\/","logo":{"@type":"ImageObject","inLanguage":"en-US","@id":"https:\/\/joyroom.is\/#\/schema\/logo\/image\/","url":"https:\/\/joyroom.is\/wp-content\/uploads\/2024\/08\/JR.jpg","contentUrl":"https:\/\/joyroom.is\/wp-content\/uploads\/2024\/08\/JR.jpg","width":1200,"height":1200,"caption":"Joyroom \u00e1 \u00cdslandi"},"image":{"@id":"https:\/\/joyroom.is\/#\/schema\/logo\/image\/"}}]}},"_links":{"self":[{"href":"https:\/\/joyroom.is\/en\/wp-json\/wp\/v2\/product\/25127","targetHints":{"allow":["GET"]}}],"collection":[{"href":"https:\/\/joyroom.is\/en\/wp-json\/wp\/v2\/product"}],"about":[{"href":"https:\/\/joyroom.is\/en\/wp-json\/wp\/v2\/types\/product"}],"wp:featuredmedia":[{"embeddable":true,"href":"https:\/\/joyroom.is\/en\/wp-json\/wp\/v2\/media\/25119"}],"wp:attachment":[{"href":"https:\/\/joyroom.is\/en\/wp-json\/wp\/v2\/media?parent=25127"}],"wp:term":[{"taxonomy":"product_brand","embeddable":true,"href":"https:\/\/joyroom.is\/en\/wp-json\/wp\/v2\/product_brand?post=25127"},{"taxonomy":"product_cat","embeddable":true,"href":"https:\/\/joyroom.is\/en\/wp-json\/wp\/v2\/product_cat?post=25127"},{"taxonomy":"product_tag","embeddable":true,"href":"https:\/\/joyroom.is\/en\/wp-json\/wp\/v2\/product_tag?post=25127"}],"curies":[{"name":"wp","href":"https:\/\/api.w.org\/{rel}","templated":true}]}}