{"id":25134,"date":"2025-07-16T10:44:00","date_gmt":"2025-07-16T10:44:00","guid":{"rendered":"https:\/\/joyroom.is\/product\/jr-pbf27\/"},"modified":"2026-02-15T17:09:48","modified_gmt":"2026-02-15T17:09:48","slug":"jr-pbf27","status":"publish","type":"product","link":"https:\/\/joyroom.is\/en\/product\/jr-pbf27\/","title":{"rendered":"St\u00edlhreinn, l\u00edtill og nettur 22,5W hle\u00f0slubanki me\u00f0 10.000mAh rafhl\u00f6\u00f0u, USB-C &amp; Lightning sn\u00faru)"},"content":{"rendered":"","protected":false},"excerpt":{"rendered":"<p>St\u00edlhreinn og \u00f6flugur 10.000mAh hra\u00f0hle\u00f0slubanki \/ fer\u00f0arafhla\u00f0a me\u00f0 22,5W hle\u00f0slugetu sem s\u00e9r til \u00feess a\u00f0 t\u00e6kin \u00fe\u00edn eru \u00e1valt hla\u00f0in \u00feegar \u00e1 \u00fearf a\u00f0 halda hvar og hven\u00e6r sem er. Fer\u00f0arafhla\u00f0an er me\u00f0 innbygg\u00f0a USB-C og Lightning hle\u00f0slusn\u00farur \u00e1samt USB-C tengi. \u00dea\u00f0 er h\u00e6gt a\u00f0 hla\u00f0a \u00f6ll Apple t\u00e6ki (iPhone, iWatch og Airpods) \u00feegar \u00feess er \u00fe\u00f6rf. \u00de\u00e1 getur \u00fe\u00fa hla\u00f0i\u00f0 \u00f6ll t\u00e6ki sem nota USB-C tengi s.s. Android, Samsung, Xiaomi, Huawei, Nokia, MacBook o.fl. Hle\u00f0slubankinn gerir \u00fe\u00e9r kleift a\u00f0 hla\u00f0a allt a\u00f0 \u00ferj\u00fa t\u00e6ki \u00ed einu.<\/p>\n<p>Hle\u00f0slubankinn er me\u00f0 LED skj\u00e1 sem s\u00fdnir hversu mikil rafhla\u00f0a er eftir. \u00dea\u00f0 er innbygg\u00f0ur \u201esmart\u201c kubbur sem tryggir vernd gegn ofhle\u00f0slu, ofhitnun og skammhlaupi. \u00dea\u00f0 m\u00e1 taka hle\u00f0slubankann me\u00f0 \u00ed flugv\u00e9l.<\/p>\n<p>Fr\u00e1b\u00e6r fer\u00f0af\u00e9lagi sem fer l\u00edti\u00f0 sem ekkert fyrir \u00ed t\u00f6sku.<\/p>\n<p>Litur: Svartur<br \/>\nSt\u00e6r\u00f0: 7,8 x 6,3 x 2,7 cm<br \/>\n\u00deyngd: 179g<br \/>\nRafhla\u00f0a: 10.000mAh<br \/>\nInput: 5V=3.0A, 9V=2.0A, 12V=1.5A\uff0818W\uff09<br \/>\nOutput: 5V=2.4A, 9V=2.22A, 10V=2.25A, 12V=1.67A\uff0822.5W\uff09<br \/>\nOutput: 5V=2.4A, 9V=2.22A\uff0820W\uff09<br \/>\nUSB-C \u00ed USB-A hle\u00f0slusn\u00fara fylgir me\u00f0<br \/>\nVottun: CE\/RoHS\/FCC<\/p>\n","protected":false},"featured_media":25128,"template":"","meta":[],"product_brand":[],"product_cat":[443],"product_tag":[],"class_list":{"0":"post-25134","1":"product","2":"type-product","3":"status-publish","4":"has-post-thumbnail","6":"product_cat-hledslubanki-ferdarafhlada","8":"first","9":"instock","10":"taxable","11":"shipping-taxable","12":"purchasable","13":"product-type-simple"},"yoast_head":"<!-- This site is optimized with the Yoast SEO Premium plugin v21.5 (Yoast SEO v27.4) - https:\/\/yoast.com\/product\/yoast-seo-premium-wordpress\/ -->\n<title>St\u00edlhreinn, l\u00edtill og nettur 22,5W hle\u00f0slubanki me\u00f0 10.000mAh rafhl\u00f6\u00f0u, USB-C &amp; Lightning sn\u00faru) | Joyroom<\/title>\n<meta name=\"description\" content=\"St\u00edlhreinn og \u00f6flugur 10.000mAh hra\u00f0hle\u00f0slubanki \/ fer\u00f0arafhla\u00f0a me\u00f0 22,5W hle\u00f0slugetu sem s\u00e9r til \u00feess a\u00f0 t\u00e6kin \u00fe\u00edn eru \u00e1valt hla\u00f0in \u00feegar \u00e1 \u00fearf a\u00f0 halda hvar og hven\u00e6r sem er. Fer\u00f0arafhla\u00f0an er me\u00f0 innbygg\u00f0a USB-C og Lightning hle\u00f0slusn\u00farur \u00e1samt USB-C tengi. \u00dea\u00f0 er h\u00e6gt a\u00f0 hla\u00f0a \u00f6ll Apple t\u00e6ki (iPhone, iWatch og Airpods) \u00feegar \u00feess er \u00fe\u00f6rf. \u00de\u00e1 getur \u00fe\u00fa hla\u00f0i\u00f0 \u00f6ll t\u00e6ki sem nota USB-C tengi s.s. Android, Samsung, Xiaomi, Huawei, Nokia, MacBook o.fl. Hle\u00f0slubankinn gerir \u00fe\u00e9r kleift a\u00f0 hla\u00f0a allt a\u00f0 \u00ferj\u00fa t\u00e6ki \u00ed einu.  Hle\u00f0slubankinn er me\u00f0 LED skj\u00e1 sem s\u00fdnir hversu mikil rafhla\u00f0a er eftir. \u00dea\u00f0 er innbygg\u00f0ur \u201esmart\u201c kubbur sem tryggir vernd gegn ofhle\u00f0slu, ofhitnun og skammhlaupi. \u00dea\u00f0 m\u00e1 taka hle\u00f0slubankann me\u00f0 \u00ed flugv\u00e9l.  Fr\u00e1b\u00e6r fer\u00f0af\u00e9lagi sem fer l\u00edti\u00f0 sem ekkert fyrir \u00ed t\u00f6sku.  Litur: Svartur St\u00e6r\u00f0: 7,8 x 6,3 x 2,7 cm \u00deyngd: 179g Rafhla\u00f0a: 10.000mAh Input: 5V=3.0A, 9V=2.0A, 12V=1.5A\uff0818W\uff09 Output: 5V=2.4A, 9V=2.22A, 10V=2.25A, 12V=1.67A\uff0822.5W\uff09 Output: 5V=2.4A, 9V=2.22A\uff0820W\uff09 USB-C \u00ed USB-A hle\u00f0slusn\u00fara fylgir me\u00f0 Vottun: CE\/RoHS\/FCC\" \/>\n<meta name=\"robots\" content=\"index, follow, max-snippet:-1, max-image-preview:large, max-video-preview:-1\" \/>\n<link rel=\"canonical\" href=\"https:\/\/joyroom.is\/vara\/jr-pbf27\/\" \/>\n<meta property=\"og:locale\" content=\"en_US\" \/>\n<meta property=\"og:type\" content=\"article\" \/>\n<meta property=\"og:title\" content=\"St\u00edlhreinn, l\u00edtill og nettur 22,5W hle\u00f0slubanki me\u00f0 10.000mAh rafhl\u00f6\u00f0u, USB-C &amp; Lightning sn\u00faru)\" \/>\n<meta property=\"og:description\" content=\"St\u00edlhreinn og \u00f6flugur 10.000mAh hra\u00f0hle\u00f0slubanki \/ fer\u00f0arafhla\u00f0a me\u00f0 22,5W hle\u00f0slugetu sem s\u00e9r til \u00feess a\u00f0 t\u00e6kin \u00fe\u00edn eru \u00e1valt hla\u00f0in \u00feegar \u00e1 \u00fearf a\u00f0 halda hvar og hven\u00e6r sem er. Fer\u00f0arafhla\u00f0an er me\u00f0 innbygg\u00f0a USB-C og Lightning hle\u00f0slusn\u00farur \u00e1samt USB-C tengi. \u00dea\u00f0 er h\u00e6gt a\u00f0 hla\u00f0a \u00f6ll Apple t\u00e6ki (iPhone, iWatch og Airpods) \u00feegar \u00feess er \u00fe\u00f6rf. \u00de\u00e1 getur \u00fe\u00fa hla\u00f0i\u00f0 \u00f6ll t\u00e6ki sem nota USB-C tengi s.s. Android, Samsung, Xiaomi, Huawei, Nokia, MacBook o.fl. Hle\u00f0slubankinn gerir \u00fe\u00e9r kleift a\u00f0 hla\u00f0a allt a\u00f0 \u00ferj\u00fa t\u00e6ki \u00ed einu.  Hle\u00f0slubankinn er me\u00f0 LED skj\u00e1 sem s\u00fdnir hversu mikil rafhla\u00f0a er eftir. \u00dea\u00f0 er innbygg\u00f0ur \u201esmart\u201c kubbur sem tryggir vernd gegn ofhle\u00f0slu, ofhitnun og skammhlaupi. \u00dea\u00f0 m\u00e1 taka hle\u00f0slubankann me\u00f0 \u00ed flugv\u00e9l.  Fr\u00e1b\u00e6r fer\u00f0af\u00e9lagi sem fer l\u00edti\u00f0 sem ekkert fyrir \u00ed t\u00f6sku.  Litur: Svartur St\u00e6r\u00f0: 7,8 x 6,3 x 2,7 cm \u00deyngd: 179g Rafhla\u00f0a: 10.000mAh Input: 5V=3.0A, 9V=2.0A, 12V=1.5A\uff0818W\uff09 Output: 5V=2.4A, 9V=2.22A, 10V=2.25A, 12V=1.67A\uff0822.5W\uff09 Output: 5V=2.4A, 9V=2.22A\uff0820W\uff09 USB-C \u00ed USB-A hle\u00f0slusn\u00fara fylgir me\u00f0 Vottun: CE\/RoHS\/FCC\" \/>\n<meta property=\"og:url\" content=\"https:\/\/joyroom.is\/vara\/jr-pbf27\/\" \/>\n<meta property=\"og:site_name\" content=\"Joyroom\" \/>\n<meta property=\"article:modified_time\" content=\"2026-02-15T17:09:48+00:00\" \/>\n<meta property=\"og:image\" content=\"https:\/\/joyroom.is\/wp-content\/uploads\/2025\/07\/JR-PBF27.jpg\" \/>\n\t<meta property=\"og:image:width\" content=\"600\" \/>\n\t<meta property=\"og:image:height\" content=\"600\" \/>\n\t<meta property=\"og:image:type\" content=\"image\/jpeg\" \/>\n<meta name=\"twitter:card\" content=\"summary_large_image\" \/>\n<script type=\"application\/ld+json\" class=\"yoast-schema-graph\">{\"@context\":\"https:\\\/\\\/schema.org\",\"@graph\":[{\"@type\":\"WebPage\",\"@id\":\"https:\\\/\\\/joyroom.is\\\/vara\\\/jr-pbf27\\\/\",\"url\":\"https:\\\/\\\/joyroom.is\\\/vara\\\/jr-pbf27\\\/\",\"name\":\"St\u00edlhreinn, l\u00edtill og nettur 22,5W hle\u00f0slubanki me\u00f0 10.000mAh rafhl\u00f6\u00f0u, USB-C &amp; Lightning sn\u00faru) | Joyroom\",\"isPartOf\":{\"@id\":\"https:\\\/\\\/joyroom.is\\\/#website\"},\"primaryImageOfPage\":{\"@id\":\"https:\\\/\\\/joyroom.is\\\/vara\\\/jr-pbf27\\\/#primaryimage\"},\"image\":{\"@id\":\"https:\\\/\\\/joyroom.is\\\/vara\\\/jr-pbf27\\\/#primaryimage\"},\"thumbnailUrl\":\"https:\\\/\\\/joyroom.is\\\/wp-content\\\/uploads\\\/2025\\\/07\\\/JR-PBF27.jpg\",\"datePublished\":\"2025-07-16T10:44:00+00:00\",\"dateModified\":\"2026-02-15T17:09:48+00:00\",\"description\":\"St\u00edlhreinn og \u00f6flugur 10.000mAh hra\u00f0hle\u00f0slubanki \\\/ fer\u00f0arafhla\u00f0a me\u00f0 22,5W hle\u00f0slugetu sem s\u00e9r til \u00feess a\u00f0 t\u00e6kin \u00fe\u00edn eru \u00e1valt hla\u00f0in \u00feegar \u00e1 \u00fearf a\u00f0 halda hvar og hven\u00e6r sem er. Fer\u00f0arafhla\u00f0an er me\u00f0 innbygg\u00f0a USB-C og Lightning hle\u00f0slusn\u00farur \u00e1samt USB-C tengi. \u00dea\u00f0 er h\u00e6gt a\u00f0 hla\u00f0a \u00f6ll Apple t\u00e6ki (iPhone, iWatch og Airpods) \u00feegar \u00feess er \u00fe\u00f6rf. \u00de\u00e1 getur \u00fe\u00fa hla\u00f0i\u00f0 \u00f6ll t\u00e6ki sem nota USB-C tengi s.s. Android, Samsung, Xiaomi, Huawei, Nokia, MacBook o.fl. Hle\u00f0slubankinn gerir \u00fe\u00e9r kleift a\u00f0 hla\u00f0a allt a\u00f0 \u00ferj\u00fa t\u00e6ki \u00ed einu. Hle\u00f0slubankinn er me\u00f0 LED skj\u00e1 sem s\u00fdnir hversu mikil rafhla\u00f0a er eftir. \u00dea\u00f0 er innbygg\u00f0ur \u201esmart\u201c kubbur sem tryggir vernd gegn ofhle\u00f0slu, ofhitnun og skammhlaupi. \u00dea\u00f0 m\u00e1 taka hle\u00f0slubankann me\u00f0 \u00ed flugv\u00e9l. Fr\u00e1b\u00e6r fer\u00f0af\u00e9lagi sem fer l\u00edti\u00f0 sem ekkert fyrir \u00ed t\u00f6sku. Litur: Svartur St\u00e6r\u00f0: 7,8 x 6,3 x 2,7 cm \u00deyngd: 179g Rafhla\u00f0a: 10.000mAh Input: 5V=3.0A, 9V=2.0A, 12V=1.5A\uff0818W\uff09 Output: 5V=2.4A, 9V=2.22A, 10V=2.25A, 12V=1.67A\uff0822.5W\uff09 Output: 5V=2.4A, 9V=2.22A\uff0820W\uff09 USB-C \u00ed USB-A hle\u00f0slusn\u00fara fylgir me\u00f0 Vottun: CE\\\/RoHS\\\/FCC\",\"breadcrumb\":{\"@id\":\"https:\\\/\\\/joyroom.is\\\/vara\\\/jr-pbf27\\\/#breadcrumb\"},\"inLanguage\":\"en-US\",\"potentialAction\":[{\"@type\":\"ReadAction\",\"target\":[\"https:\\\/\\\/joyroom.is\\\/vara\\\/jr-pbf27\\\/\"]}]},{\"@type\":\"ImageObject\",\"inLanguage\":\"en-US\",\"@id\":\"https:\\\/\\\/joyroom.is\\\/vara\\\/jr-pbf27\\\/#primaryimage\",\"url\":\"https:\\\/\\\/joyroom.is\\\/wp-content\\\/uploads\\\/2025\\\/07\\\/JR-PBF27.jpg\",\"contentUrl\":\"https:\\\/\\\/joyroom.is\\\/wp-content\\\/uploads\\\/2025\\\/07\\\/JR-PBF27.jpg\",\"width\":600,\"height\":600},{\"@type\":\"BreadcrumbList\",\"@id\":\"https:\\\/\\\/joyroom.is\\\/vara\\\/jr-pbf27\\\/#breadcrumb\",\"itemListElement\":[{\"@type\":\"ListItem\",\"position\":1,\"name\":\"Home\",\"item\":\"https:\\\/\\\/joyroom.is\\\/\"},{\"@type\":\"ListItem\",\"position\":2,\"name\":\"Shop\",\"item\":\"https:\\\/\\\/www.vorulagerinn.is\\\/heildsala\\\/en\\\/shop\\\/\"},{\"@type\":\"ListItem\",\"position\":3,\"name\":\"St\u00edlhreinn, l\u00edtill og nettur 22,5W hle\u00f0slubanki me\u00f0 10.000mAh rafhl\u00f6\u00f0u, USB-C &amp; Lightning sn\u00faru)\"}]},{\"@type\":\"WebSite\",\"@id\":\"https:\\\/\\\/joyroom.is\\\/#website\",\"url\":\"https:\\\/\\\/joyroom.is\\\/\",\"name\":\"Joyroom \u00e1 \u00cdslandi\",\"description\":\"Vali&eth; er einfalt\",\"publisher\":{\"@id\":\"https:\\\/\\\/joyroom.is\\\/#organization\"},\"alternateName\":\"Joyroom\",\"potentialAction\":[{\"@type\":\"SearchAction\",\"target\":{\"@type\":\"EntryPoint\",\"urlTemplate\":\"https:\\\/\\\/joyroom.is\\\/?s={search_term_string}\"},\"query-input\":{\"@type\":\"PropertyValueSpecification\",\"valueRequired\":true,\"valueName\":\"search_term_string\"}}],\"inLanguage\":\"en-US\"},{\"@type\":\"Organization\",\"@id\":\"https:\\\/\\\/joyroom.is\\\/#organization\",\"name\":\"Joyroom \u00e1 \u00cdslandi\",\"alternateName\":\"Joyroom\",\"url\":\"https:\\\/\\\/joyroom.is\\\/\",\"logo\":{\"@type\":\"ImageObject\",\"inLanguage\":\"en-US\",\"@id\":\"https:\\\/\\\/joyroom.is\\\/#\\\/schema\\\/logo\\\/image\\\/\",\"url\":\"https:\\\/\\\/joyroom.is\\\/wp-content\\\/uploads\\\/2024\\\/08\\\/JR.jpg\",\"contentUrl\":\"https:\\\/\\\/joyroom.is\\\/wp-content\\\/uploads\\\/2024\\\/08\\\/JR.jpg\",\"width\":1200,\"height\":1200,\"caption\":\"Joyroom \u00e1 \u00cdslandi\"},\"image\":{\"@id\":\"https:\\\/\\\/joyroom.is\\\/#\\\/schema\\\/logo\\\/image\\\/\"}}]}<\/script>\n<!-- \/ Yoast SEO Premium plugin. -->","yoast_head_json":{"title":"St\u00edlhreinn, l\u00edtill og nettur 22,5W hle\u00f0slubanki me\u00f0 10.000mAh rafhl\u00f6\u00f0u, USB-C &amp; Lightning sn\u00faru) | Joyroom","description":"St\u00edlhreinn og \u00f6flugur 10.000mAh hra\u00f0hle\u00f0slubanki \/ fer\u00f0arafhla\u00f0a me\u00f0 22,5W hle\u00f0slugetu sem s\u00e9r til \u00feess a\u00f0 t\u00e6kin \u00fe\u00edn eru \u00e1valt hla\u00f0in \u00feegar \u00e1 \u00fearf a\u00f0 halda hvar og hven\u00e6r sem er. Fer\u00f0arafhla\u00f0an er me\u00f0 innbygg\u00f0a USB-C og Lightning hle\u00f0slusn\u00farur \u00e1samt USB-C tengi. \u00dea\u00f0 er h\u00e6gt a\u00f0 hla\u00f0a \u00f6ll Apple t\u00e6ki (iPhone, iWatch og Airpods) \u00feegar \u00feess er \u00fe\u00f6rf. \u00de\u00e1 getur \u00fe\u00fa hla\u00f0i\u00f0 \u00f6ll t\u00e6ki sem nota USB-C tengi s.s. Android, Samsung, Xiaomi, Huawei, Nokia, MacBook o.fl. Hle\u00f0slubankinn gerir \u00fe\u00e9r kleift a\u00f0 hla\u00f0a allt a\u00f0 \u00ferj\u00fa t\u00e6ki \u00ed einu.  Hle\u00f0slubankinn er me\u00f0 LED skj\u00e1 sem s\u00fdnir hversu mikil rafhla\u00f0a er eftir. \u00dea\u00f0 er innbygg\u00f0ur \u201esmart\u201c kubbur sem tryggir vernd gegn ofhle\u00f0slu, ofhitnun og skammhlaupi. \u00dea\u00f0 m\u00e1 taka hle\u00f0slubankann me\u00f0 \u00ed flugv\u00e9l.  Fr\u00e1b\u00e6r fer\u00f0af\u00e9lagi sem fer l\u00edti\u00f0 sem ekkert fyrir \u00ed t\u00f6sku.  Litur: Svartur St\u00e6r\u00f0: 7,8 x 6,3 x 2,7 cm \u00deyngd: 179g Rafhla\u00f0a: 10.000mAh Input: 5V=3.0A, 9V=2.0A, 12V=1.5A\uff0818W\uff09 Output: 5V=2.4A, 9V=2.22A, 10V=2.25A, 12V=1.67A\uff0822.5W\uff09 Output: 5V=2.4A, 9V=2.22A\uff0820W\uff09 USB-C \u00ed USB-A hle\u00f0slusn\u00fara fylgir me\u00f0 Vottun: CE\/RoHS\/FCC","robots":{"index":"index","follow":"follow","max-snippet":"max-snippet:-1","max-image-preview":"max-image-preview:large","max-video-preview":"max-video-preview:-1"},"canonical":"https:\/\/joyroom.is\/vara\/jr-pbf27\/","og_locale":"en_US","og_type":"article","og_title":"St\u00edlhreinn, l\u00edtill og nettur 22,5W hle\u00f0slubanki me\u00f0 10.000mAh rafhl\u00f6\u00f0u, USB-C &amp; Lightning sn\u00faru)","og_description":"St\u00edlhreinn og \u00f6flugur 10.000mAh hra\u00f0hle\u00f0slubanki \/ fer\u00f0arafhla\u00f0a me\u00f0 22,5W hle\u00f0slugetu sem s\u00e9r til \u00feess a\u00f0 t\u00e6kin \u00fe\u00edn eru \u00e1valt hla\u00f0in \u00feegar \u00e1 \u00fearf a\u00f0 halda hvar og hven\u00e6r sem er. Fer\u00f0arafhla\u00f0an er me\u00f0 innbygg\u00f0a USB-C og Lightning hle\u00f0slusn\u00farur \u00e1samt USB-C tengi. \u00dea\u00f0 er h\u00e6gt a\u00f0 hla\u00f0a \u00f6ll Apple t\u00e6ki (iPhone, iWatch og Airpods) \u00feegar \u00feess er \u00fe\u00f6rf. \u00de\u00e1 getur \u00fe\u00fa hla\u00f0i\u00f0 \u00f6ll t\u00e6ki sem nota USB-C tengi s.s. Android, Samsung, Xiaomi, Huawei, Nokia, MacBook o.fl. Hle\u00f0slubankinn gerir \u00fe\u00e9r kleift a\u00f0 hla\u00f0a allt a\u00f0 \u00ferj\u00fa t\u00e6ki \u00ed einu.  Hle\u00f0slubankinn er me\u00f0 LED skj\u00e1 sem s\u00fdnir hversu mikil rafhla\u00f0a er eftir. \u00dea\u00f0 er innbygg\u00f0ur \u201esmart\u201c kubbur sem tryggir vernd gegn ofhle\u00f0slu, ofhitnun og skammhlaupi. \u00dea\u00f0 m\u00e1 taka hle\u00f0slubankann me\u00f0 \u00ed flugv\u00e9l.  Fr\u00e1b\u00e6r fer\u00f0af\u00e9lagi sem fer l\u00edti\u00f0 sem ekkert fyrir \u00ed t\u00f6sku.  Litur: Svartur St\u00e6r\u00f0: 7,8 x 6,3 x 2,7 cm \u00deyngd: 179g Rafhla\u00f0a: 10.000mAh Input: 5V=3.0A, 9V=2.0A, 12V=1.5A\uff0818W\uff09 Output: 5V=2.4A, 9V=2.22A, 10V=2.25A, 12V=1.67A\uff0822.5W\uff09 Output: 5V=2.4A, 9V=2.22A\uff0820W\uff09 USB-C \u00ed USB-A hle\u00f0slusn\u00fara fylgir me\u00f0 Vottun: CE\/RoHS\/FCC","og_url":"https:\/\/joyroom.is\/vara\/jr-pbf27\/","og_site_name":"Joyroom","article_modified_time":"2026-02-15T17:09:48+00:00","og_image":[{"width":600,"height":600,"url":"https:\/\/joyroom.is\/wp-content\/uploads\/2025\/07\/JR-PBF27.jpg","type":"image\/jpeg"}],"twitter_card":"summary_large_image","schema":{"@context":"https:\/\/schema.org","@graph":[{"@type":"WebPage","@id":"https:\/\/joyroom.is\/vara\/jr-pbf27\/","url":"https:\/\/joyroom.is\/vara\/jr-pbf27\/","name":"St\u00edlhreinn, l\u00edtill og nettur 22,5W hle\u00f0slubanki me\u00f0 10.000mAh rafhl\u00f6\u00f0u, USB-C &amp; Lightning sn\u00faru) | Joyroom","isPartOf":{"@id":"https:\/\/joyroom.is\/#website"},"primaryImageOfPage":{"@id":"https:\/\/joyroom.is\/vara\/jr-pbf27\/#primaryimage"},"image":{"@id":"https:\/\/joyroom.is\/vara\/jr-pbf27\/#primaryimage"},"thumbnailUrl":"https:\/\/joyroom.is\/wp-content\/uploads\/2025\/07\/JR-PBF27.jpg","datePublished":"2025-07-16T10:44:00+00:00","dateModified":"2026-02-15T17:09:48+00:00","description":"St\u00edlhreinn og \u00f6flugur 10.000mAh hra\u00f0hle\u00f0slubanki \/ fer\u00f0arafhla\u00f0a me\u00f0 22,5W hle\u00f0slugetu sem s\u00e9r til \u00feess a\u00f0 t\u00e6kin \u00fe\u00edn eru \u00e1valt hla\u00f0in \u00feegar \u00e1 \u00fearf a\u00f0 halda hvar og hven\u00e6r sem er. Fer\u00f0arafhla\u00f0an er me\u00f0 innbygg\u00f0a USB-C og Lightning hle\u00f0slusn\u00farur \u00e1samt USB-C tengi. \u00dea\u00f0 er h\u00e6gt a\u00f0 hla\u00f0a \u00f6ll Apple t\u00e6ki (iPhone, iWatch og Airpods) \u00feegar \u00feess er \u00fe\u00f6rf. \u00de\u00e1 getur \u00fe\u00fa hla\u00f0i\u00f0 \u00f6ll t\u00e6ki sem nota USB-C tengi s.s. Android, Samsung, Xiaomi, Huawei, Nokia, MacBook o.fl. Hle\u00f0slubankinn gerir \u00fe\u00e9r kleift a\u00f0 hla\u00f0a allt a\u00f0 \u00ferj\u00fa t\u00e6ki \u00ed einu. Hle\u00f0slubankinn er me\u00f0 LED skj\u00e1 sem s\u00fdnir hversu mikil rafhla\u00f0a er eftir. \u00dea\u00f0 er innbygg\u00f0ur \u201esmart\u201c kubbur sem tryggir vernd gegn ofhle\u00f0slu, ofhitnun og skammhlaupi. \u00dea\u00f0 m\u00e1 taka hle\u00f0slubankann me\u00f0 \u00ed flugv\u00e9l. Fr\u00e1b\u00e6r fer\u00f0af\u00e9lagi sem fer l\u00edti\u00f0 sem ekkert fyrir \u00ed t\u00f6sku. Litur: Svartur St\u00e6r\u00f0: 7,8 x 6,3 x 2,7 cm \u00deyngd: 179g Rafhla\u00f0a: 10.000mAh Input: 5V=3.0A, 9V=2.0A, 12V=1.5A\uff0818W\uff09 Output: 5V=2.4A, 9V=2.22A, 10V=2.25A, 12V=1.67A\uff0822.5W\uff09 Output: 5V=2.4A, 9V=2.22A\uff0820W\uff09 USB-C \u00ed USB-A hle\u00f0slusn\u00fara fylgir me\u00f0 Vottun: CE\/RoHS\/FCC","breadcrumb":{"@id":"https:\/\/joyroom.is\/vara\/jr-pbf27\/#breadcrumb"},"inLanguage":"en-US","potentialAction":[{"@type":"ReadAction","target":["https:\/\/joyroom.is\/vara\/jr-pbf27\/"]}]},{"@type":"ImageObject","inLanguage":"en-US","@id":"https:\/\/joyroom.is\/vara\/jr-pbf27\/#primaryimage","url":"https:\/\/joyroom.is\/wp-content\/uploads\/2025\/07\/JR-PBF27.jpg","contentUrl":"https:\/\/joyroom.is\/wp-content\/uploads\/2025\/07\/JR-PBF27.jpg","width":600,"height":600},{"@type":"BreadcrumbList","@id":"https:\/\/joyroom.is\/vara\/jr-pbf27\/#breadcrumb","itemListElement":[{"@type":"ListItem","position":1,"name":"Home","item":"https:\/\/joyroom.is\/"},{"@type":"ListItem","position":2,"name":"Shop","item":"https:\/\/www.vorulagerinn.is\/heildsala\/en\/shop\/"},{"@type":"ListItem","position":3,"name":"St\u00edlhreinn, l\u00edtill og nettur 22,5W hle\u00f0slubanki me\u00f0 10.000mAh rafhl\u00f6\u00f0u, USB-C &amp; Lightning sn\u00faru)"}]},{"@type":"WebSite","@id":"https:\/\/joyroom.is\/#website","url":"https:\/\/joyroom.is\/","name":"Joyroom \u00e1 \u00cdslandi","description":"Vali&eth; er einfalt","publisher":{"@id":"https:\/\/joyroom.is\/#organization"},"alternateName":"Joyroom","potentialAction":[{"@type":"SearchAction","target":{"@type":"EntryPoint","urlTemplate":"https:\/\/joyroom.is\/?s={search_term_string}"},"query-input":{"@type":"PropertyValueSpecification","valueRequired":true,"valueName":"search_term_string"}}],"inLanguage":"en-US"},{"@type":"Organization","@id":"https:\/\/joyroom.is\/#organization","name":"Joyroom \u00e1 \u00cdslandi","alternateName":"Joyroom","url":"https:\/\/joyroom.is\/","logo":{"@type":"ImageObject","inLanguage":"en-US","@id":"https:\/\/joyroom.is\/#\/schema\/logo\/image\/","url":"https:\/\/joyroom.is\/wp-content\/uploads\/2024\/08\/JR.jpg","contentUrl":"https:\/\/joyroom.is\/wp-content\/uploads\/2024\/08\/JR.jpg","width":1200,"height":1200,"caption":"Joyroom \u00e1 \u00cdslandi"},"image":{"@id":"https:\/\/joyroom.is\/#\/schema\/logo\/image\/"}}]}},"_links":{"self":[{"href":"https:\/\/joyroom.is\/en\/wp-json\/wp\/v2\/product\/25134","targetHints":{"allow":["GET"]}}],"collection":[{"href":"https:\/\/joyroom.is\/en\/wp-json\/wp\/v2\/product"}],"about":[{"href":"https:\/\/joyroom.is\/en\/wp-json\/wp\/v2\/types\/product"}],"wp:featuredmedia":[{"embeddable":true,"href":"https:\/\/joyroom.is\/en\/wp-json\/wp\/v2\/media\/25128"}],"wp:attachment":[{"href":"https:\/\/joyroom.is\/en\/wp-json\/wp\/v2\/media?parent=25134"}],"wp:term":[{"taxonomy":"product_brand","embeddable":true,"href":"https:\/\/joyroom.is\/en\/wp-json\/wp\/v2\/product_brand?post=25134"},{"taxonomy":"product_cat","embeddable":true,"href":"https:\/\/joyroom.is\/en\/wp-json\/wp\/v2\/product_cat?post=25134"},{"taxonomy":"product_tag","embeddable":true,"href":"https:\/\/joyroom.is\/en\/wp-json\/wp\/v2\/product_tag?post=25134"}],"curies":[{"name":"wp","href":"https:\/\/api.w.org\/{rel}","templated":true}]}}