{"id":25150,"date":"2025-07-16T10:15:14","date_gmt":"2025-07-16T10:15:14","guid":{"rendered":"https:\/\/joyroom.is\/product\/jr-pbm02\/"},"modified":"2026-02-15T17:10:56","modified_gmt":"2026-02-15T17:10:56","slug":"jr-pbm02","status":"publish","type":"product","link":"https:\/\/joyroom.is\/en\/product\/jr-pbm02\/","title":{"rendered":"22,5W \u00fer\u00e1\u00f0laus 10.000mAh MagSafe hle\u00f0slubanki fyrir iPhone, Apple Watch og iPods"},"content":{"rendered":"","protected":false},"excerpt":{"rendered":"<p>Fj\u00f6lnota 22,5W MagSafe 10.000mAh hle\u00f0slubanki sem hle\u00f0slur Apple t\u00e6kin \u00fe\u00edn \u00fer\u00e1\u00f0laust \u00feegar \u00e1 \u00fearf a\u00f0 halda t.d. \u00ed vinnunni, \u00ed b\u00edlnum, \u00ed fer\u00f0alaginu e\u00f0a erlendis. Hle\u00f0slubankinn er me\u00f0 MagSafe og festir sig vi\u00f0 iPhone, Apple Watch og Airpods og hle\u00f0ur \u00fer\u00e1\u00f0laust. \u00c1 me\u00f0an \u00fe\u00fa hle\u00f0ur s\u00edmann getur \u00fe\u00fa nota\u00f0 hle\u00f0slubankann sem s\u00edmahaldara \u00fev\u00ed hann er me\u00f0 innbygg\u00f0um standi.<\/p>\n<p>Hle\u00f0slubankinn hle\u00f0ur l\u00edka Apple Watch snjall\u00farin og iPods heyrnart\u00f3lin \u00fer\u00e1\u00f0laust. Hle\u00f0slubankinn er me\u00f0 innbygg\u00f0ri USB-C hle\u00f0slusn\u00faru sem h\u00e6gt er a\u00f0 nota til a\u00f0 hla\u00f0a iPad spjaldt\u00f6lvu \u00e1samt \u00f6llum \u00f6\u00f0rum t\u00e6kjum sem nota USB-C hle\u00f0slutengi t.d Android s\u00edmar og margt fleira.<\/p>\n<p>Fr\u00e1b\u00e6r fer\u00f0af\u00e9lagi sem fer vel \u00ed t\u00f6sku og m\u00e1 taka me\u00f0 \u00ed flugv\u00e9l.<\/p>\n<p>Litur: Svartur<br \/>\nSt\u00e6r\u00f0: 10,7 X 6,95 X 2,0 cm (l*b*h)<br \/>\n\u00deyngd: 0,210 g<br \/>\nRafhla\u00f0a: 10.000 mAh \/ 22,5W<br \/>\nType-C Port\/Type-C Cable Input: 5V\u23933A, 9V\u23932A, 12V\u23931.5A<br \/>\nType-C Port\/Type-C Cable Output: 5V\u23932.4A, 9V\u23932.22A, 10V\u23932.25, 12V\u23931.67A<br \/>\nWireless Output: 5W, 7.5W, 10W, 15W (Max)<br \/>\nMulti-Port Output: 5V\u23932.4A (Max)<br \/>\n\u00der\u00e1\u00f0laus hle\u00f0sla fyrir iPhone 12\/13\/14\/15\/16<br \/>\n\u00der\u00e1\u00f0laus hle\u00f0sla fyrir Apple Watch &amp; Apple iPods<br \/>\nUSB-C hle\u00f0slusn\u00fara<br \/>\nVottun: CE\/RoHS\/FCC<\/p>\n","protected":false},"featured_media":25144,"template":"","meta":[],"product_brand":[],"product_cat":[443],"product_tag":[],"class_list":{"0":"post-25150","1":"product","2":"type-product","3":"status-publish","4":"has-post-thumbnail","6":"product_cat-hledslubanki-ferdarafhlada","8":"first","9":"instock","10":"taxable","11":"shipping-taxable","12":"purchasable","13":"product-type-simple"},"yoast_head":"<!-- This site is optimized with the Yoast SEO Premium plugin v21.5 (Yoast SEO v27.4) - https:\/\/yoast.com\/product\/yoast-seo-premium-wordpress\/ -->\n<title>22,5W \u00fer\u00e1\u00f0laus 10.000mAh MagSafe hle\u00f0slubanki fyrir iPhone, Apple Watch og iPods | Joyroom<\/title>\n<meta name=\"description\" content=\"Fj\u00f6lnota 22,5W MagSafe 10.000mAh hle\u00f0slubanki sem hle\u00f0slur Apple t\u00e6kin \u00fe\u00edn \u00fer\u00e1\u00f0laust \u00feegar \u00e1 \u00fearf a\u00f0 halda t.d. \u00ed vinnunni, \u00ed b\u00edlnum, \u00ed fer\u00f0alaginu e\u00f0a erlendis. Hle\u00f0slubankinn er me\u00f0 MagSafe og festir sig vi\u00f0 iPhone, Apple Watch og Airpods og hle\u00f0ur \u00fer\u00e1\u00f0laust. \u00c1 me\u00f0an \u00fe\u00fa hle\u00f0ur s\u00edmann getur \u00fe\u00fa nota\u00f0 hle\u00f0slubankann sem s\u00edmahaldara \u00fev\u00ed hann er me\u00f0 innbygg\u00f0um standi.  Hle\u00f0slubankinn hle\u00f0ur l\u00edka Apple Watch snjall\u00farin og iPods heyrnart\u00f3lin \u00fer\u00e1\u00f0laust. Hle\u00f0slubankinn er me\u00f0 innbygg\u00f0ri USB-C hle\u00f0slusn\u00faru sem h\u00e6gt er a\u00f0 nota til a\u00f0 hla\u00f0a iPad spjaldt\u00f6lvu \u00e1samt \u00f6llum \u00f6\u00f0rum t\u00e6kjum sem nota USB-C hle\u00f0slutengi t.d Android s\u00edmar og margt fleira.  Fr\u00e1b\u00e6r fer\u00f0af\u00e9lagi sem fer vel \u00ed t\u00f6sku og m\u00e1 taka me\u00f0 \u00ed flugv\u00e9l.  Litur: Svartur St\u00e6r\u00f0: 10,7 X 6,95 X 2,0 cm (l*b*h) \u00deyngd: 0,210 g Rafhla\u00f0a: 10.000 mAh \/ 22,5W Type-C Port\/Type-C Cable Input: 5V\u23933A, 9V\u23932A, 12V\u23931.5A Type-C Port\/Type-C Cable Output: 5V\u23932.4A, 9V\u23932.22A, 10V\u23932.25, 12V\u23931.67A Wireless Output: 5W, 7.5W, 10W, 15W (Max) Multi-Port Output: 5V\u23932.4A (Max) \u00der\u00e1\u00f0laus hle\u00f0sla fyrir iPhone 12\/13\/14\/15\/16 \u00der\u00e1\u00f0laus hle\u00f0sla fyrir Apple Watch &amp; Apple iPods USB-C hle\u00f0slusn\u00fara Vottun: CE\/RoHS\/FCC\" \/>\n<meta name=\"robots\" content=\"index, follow, max-snippet:-1, max-image-preview:large, max-video-preview:-1\" \/>\n<link rel=\"canonical\" href=\"https:\/\/joyroom.is\/vara\/jr-pbm02\/\" \/>\n<meta property=\"og:locale\" content=\"en_US\" \/>\n<meta property=\"og:type\" content=\"article\" \/>\n<meta property=\"og:title\" content=\"22,5W \u00fer\u00e1\u00f0laus 10.000mAh MagSafe hle\u00f0slubanki fyrir iPhone, Apple Watch og iPods\" \/>\n<meta property=\"og:description\" content=\"Fj\u00f6lnota 22,5W MagSafe 10.000mAh hle\u00f0slubanki sem hle\u00f0slur Apple t\u00e6kin \u00fe\u00edn \u00fer\u00e1\u00f0laust \u00feegar \u00e1 \u00fearf a\u00f0 halda t.d. \u00ed vinnunni, \u00ed b\u00edlnum, \u00ed fer\u00f0alaginu e\u00f0a erlendis. Hle\u00f0slubankinn er me\u00f0 MagSafe og festir sig vi\u00f0 iPhone, Apple Watch og Airpods og hle\u00f0ur \u00fer\u00e1\u00f0laust. \u00c1 me\u00f0an \u00fe\u00fa hle\u00f0ur s\u00edmann getur \u00fe\u00fa nota\u00f0 hle\u00f0slubankann sem s\u00edmahaldara \u00fev\u00ed hann er me\u00f0 innbygg\u00f0um standi.  Hle\u00f0slubankinn hle\u00f0ur l\u00edka Apple Watch snjall\u00farin og iPods heyrnart\u00f3lin \u00fer\u00e1\u00f0laust. Hle\u00f0slubankinn er me\u00f0 innbygg\u00f0ri USB-C hle\u00f0slusn\u00faru sem h\u00e6gt er a\u00f0 nota til a\u00f0 hla\u00f0a iPad spjaldt\u00f6lvu \u00e1samt \u00f6llum \u00f6\u00f0rum t\u00e6kjum sem nota USB-C hle\u00f0slutengi t.d Android s\u00edmar og margt fleira.  Fr\u00e1b\u00e6r fer\u00f0af\u00e9lagi sem fer vel \u00ed t\u00f6sku og m\u00e1 taka me\u00f0 \u00ed flugv\u00e9l.  Litur: Svartur St\u00e6r\u00f0: 10,7 X 6,95 X 2,0 cm (l*b*h) \u00deyngd: 0,210 g Rafhla\u00f0a: 10.000 mAh \/ 22,5W Type-C Port\/Type-C Cable Input: 5V\u23933A, 9V\u23932A, 12V\u23931.5A Type-C Port\/Type-C Cable Output: 5V\u23932.4A, 9V\u23932.22A, 10V\u23932.25, 12V\u23931.67A Wireless Output: 5W, 7.5W, 10W, 15W (Max) Multi-Port Output: 5V\u23932.4A (Max) \u00der\u00e1\u00f0laus hle\u00f0sla fyrir iPhone 12\/13\/14\/15\/16 \u00der\u00e1\u00f0laus hle\u00f0sla fyrir Apple Watch &amp; Apple iPods USB-C hle\u00f0slusn\u00fara Vottun: CE\/RoHS\/FCC\" \/>\n<meta property=\"og:url\" content=\"https:\/\/joyroom.is\/vara\/jr-pbm02\/\" \/>\n<meta property=\"og:site_name\" content=\"Joyroom\" \/>\n<meta property=\"article:modified_time\" content=\"2026-02-15T17:10:56+00:00\" \/>\n<meta property=\"og:image\" content=\"https:\/\/joyroom.is\/wp-content\/uploads\/2025\/07\/JR-PBM02_.jpg\" \/>\n\t<meta property=\"og:image:width\" content=\"600\" \/>\n\t<meta property=\"og:image:height\" content=\"600\" \/>\n\t<meta property=\"og:image:type\" content=\"image\/jpeg\" \/>\n<meta name=\"twitter:card\" content=\"summary_large_image\" \/>\n<script type=\"application\/ld+json\" class=\"yoast-schema-graph\">{\"@context\":\"https:\\\/\\\/schema.org\",\"@graph\":[{\"@type\":\"WebPage\",\"@id\":\"https:\\\/\\\/joyroom.is\\\/vara\\\/jr-pbm02\\\/\",\"url\":\"https:\\\/\\\/joyroom.is\\\/vara\\\/jr-pbm02\\\/\",\"name\":\"22,5W \u00fer\u00e1\u00f0laus 10.000mAh MagSafe hle\u00f0slubanki fyrir iPhone, Apple Watch og iPods | Joyroom\",\"isPartOf\":{\"@id\":\"https:\\\/\\\/joyroom.is\\\/#website\"},\"primaryImageOfPage\":{\"@id\":\"https:\\\/\\\/joyroom.is\\\/vara\\\/jr-pbm02\\\/#primaryimage\"},\"image\":{\"@id\":\"https:\\\/\\\/joyroom.is\\\/vara\\\/jr-pbm02\\\/#primaryimage\"},\"thumbnailUrl\":\"https:\\\/\\\/joyroom.is\\\/wp-content\\\/uploads\\\/2025\\\/07\\\/JR-PBM02_.jpg\",\"datePublished\":\"2025-07-16T10:15:14+00:00\",\"dateModified\":\"2026-02-15T17:10:56+00:00\",\"description\":\"Fj\u00f6lnota 22,5W MagSafe 10.000mAh hle\u00f0slubanki sem hle\u00f0slur Apple t\u00e6kin \u00fe\u00edn \u00fer\u00e1\u00f0laust \u00feegar \u00e1 \u00fearf a\u00f0 halda t.d. \u00ed vinnunni, \u00ed b\u00edlnum, \u00ed fer\u00f0alaginu e\u00f0a erlendis. Hle\u00f0slubankinn er me\u00f0 MagSafe og festir sig vi\u00f0 iPhone, Apple Watch og Airpods og hle\u00f0ur \u00fer\u00e1\u00f0laust. \u00c1 me\u00f0an \u00fe\u00fa hle\u00f0ur s\u00edmann getur \u00fe\u00fa nota\u00f0 hle\u00f0slubankann sem s\u00edmahaldara \u00fev\u00ed hann er me\u00f0 innbygg\u00f0um standi. Hle\u00f0slubankinn hle\u00f0ur l\u00edka Apple Watch snjall\u00farin og iPods heyrnart\u00f3lin \u00fer\u00e1\u00f0laust. Hle\u00f0slubankinn er me\u00f0 innbygg\u00f0ri USB-C hle\u00f0slusn\u00faru sem h\u00e6gt er a\u00f0 nota til a\u00f0 hla\u00f0a iPad spjaldt\u00f6lvu \u00e1samt \u00f6llum \u00f6\u00f0rum t\u00e6kjum sem nota USB-C hle\u00f0slutengi t.d Android s\u00edmar og margt fleira. Fr\u00e1b\u00e6r fer\u00f0af\u00e9lagi sem fer vel \u00ed t\u00f6sku og m\u00e1 taka me\u00f0 \u00ed flugv\u00e9l. Litur: Svartur St\u00e6r\u00f0: 10,7 X 6,95 X 2,0 cm (l*b*h) \u00deyngd: 0,210 g Rafhla\u00f0a: 10.000 mAh \\\/ 22,5W Type-C Port\\\/Type-C Cable Input: 5V\u23933A, 9V\u23932A, 12V\u23931.5A Type-C Port\\\/Type-C Cable Output: 5V\u23932.4A, 9V\u23932.22A, 10V\u23932.25, 12V\u23931.67A Wireless Output: 5W, 7.5W, 10W, 15W (Max) Multi-Port Output: 5V\u23932.4A (Max) \u00der\u00e1\u00f0laus hle\u00f0sla fyrir iPhone 12\\\/13\\\/14\\\/15\\\/16 \u00der\u00e1\u00f0laus hle\u00f0sla fyrir Apple Watch &amp; Apple iPods USB-C hle\u00f0slusn\u00fara Vottun: CE\\\/RoHS\\\/FCC\",\"breadcrumb\":{\"@id\":\"https:\\\/\\\/joyroom.is\\\/vara\\\/jr-pbm02\\\/#breadcrumb\"},\"inLanguage\":\"en-US\",\"potentialAction\":[{\"@type\":\"ReadAction\",\"target\":[\"https:\\\/\\\/joyroom.is\\\/vara\\\/jr-pbm02\\\/\"]}]},{\"@type\":\"ImageObject\",\"inLanguage\":\"en-US\",\"@id\":\"https:\\\/\\\/joyroom.is\\\/vara\\\/jr-pbm02\\\/#primaryimage\",\"url\":\"https:\\\/\\\/joyroom.is\\\/wp-content\\\/uploads\\\/2025\\\/07\\\/JR-PBM02_.jpg\",\"contentUrl\":\"https:\\\/\\\/joyroom.is\\\/wp-content\\\/uploads\\\/2025\\\/07\\\/JR-PBM02_.jpg\",\"width\":600,\"height\":600},{\"@type\":\"BreadcrumbList\",\"@id\":\"https:\\\/\\\/joyroom.is\\\/vara\\\/jr-pbm02\\\/#breadcrumb\",\"itemListElement\":[{\"@type\":\"ListItem\",\"position\":1,\"name\":\"Home\",\"item\":\"https:\\\/\\\/joyroom.is\\\/\"},{\"@type\":\"ListItem\",\"position\":2,\"name\":\"Shop\",\"item\":\"https:\\\/\\\/www.vorulagerinn.is\\\/heildsala\\\/en\\\/shop\\\/\"},{\"@type\":\"ListItem\",\"position\":3,\"name\":\"22,5W \u00fer\u00e1\u00f0laus 10.000mAh MagSafe hle\u00f0slubanki fyrir iPhone, Apple Watch og iPods\"}]},{\"@type\":\"WebSite\",\"@id\":\"https:\\\/\\\/joyroom.is\\\/#website\",\"url\":\"https:\\\/\\\/joyroom.is\\\/\",\"name\":\"Joyroom \u00e1 \u00cdslandi\",\"description\":\"Vali&eth; er einfalt\",\"publisher\":{\"@id\":\"https:\\\/\\\/joyroom.is\\\/#organization\"},\"alternateName\":\"Joyroom\",\"potentialAction\":[{\"@type\":\"SearchAction\",\"target\":{\"@type\":\"EntryPoint\",\"urlTemplate\":\"https:\\\/\\\/joyroom.is\\\/?s={search_term_string}\"},\"query-input\":{\"@type\":\"PropertyValueSpecification\",\"valueRequired\":true,\"valueName\":\"search_term_string\"}}],\"inLanguage\":\"en-US\"},{\"@type\":\"Organization\",\"@id\":\"https:\\\/\\\/joyroom.is\\\/#organization\",\"name\":\"Joyroom \u00e1 \u00cdslandi\",\"alternateName\":\"Joyroom\",\"url\":\"https:\\\/\\\/joyroom.is\\\/\",\"logo\":{\"@type\":\"ImageObject\",\"inLanguage\":\"en-US\",\"@id\":\"https:\\\/\\\/joyroom.is\\\/#\\\/schema\\\/logo\\\/image\\\/\",\"url\":\"https:\\\/\\\/joyroom.is\\\/wp-content\\\/uploads\\\/2024\\\/08\\\/JR.jpg\",\"contentUrl\":\"https:\\\/\\\/joyroom.is\\\/wp-content\\\/uploads\\\/2024\\\/08\\\/JR.jpg\",\"width\":1200,\"height\":1200,\"caption\":\"Joyroom \u00e1 \u00cdslandi\"},\"image\":{\"@id\":\"https:\\\/\\\/joyroom.is\\\/#\\\/schema\\\/logo\\\/image\\\/\"}}]}<\/script>\n<!-- \/ Yoast SEO Premium plugin. -->","yoast_head_json":{"title":"22,5W \u00fer\u00e1\u00f0laus 10.000mAh MagSafe hle\u00f0slubanki fyrir iPhone, Apple Watch og iPods | Joyroom","description":"Fj\u00f6lnota 22,5W MagSafe 10.000mAh hle\u00f0slubanki sem hle\u00f0slur Apple t\u00e6kin \u00fe\u00edn \u00fer\u00e1\u00f0laust \u00feegar \u00e1 \u00fearf a\u00f0 halda t.d. \u00ed vinnunni, \u00ed b\u00edlnum, \u00ed fer\u00f0alaginu e\u00f0a erlendis. Hle\u00f0slubankinn er me\u00f0 MagSafe og festir sig vi\u00f0 iPhone, Apple Watch og Airpods og hle\u00f0ur \u00fer\u00e1\u00f0laust. \u00c1 me\u00f0an \u00fe\u00fa hle\u00f0ur s\u00edmann getur \u00fe\u00fa nota\u00f0 hle\u00f0slubankann sem s\u00edmahaldara \u00fev\u00ed hann er me\u00f0 innbygg\u00f0um standi.  Hle\u00f0slubankinn hle\u00f0ur l\u00edka Apple Watch snjall\u00farin og iPods heyrnart\u00f3lin \u00fer\u00e1\u00f0laust. Hle\u00f0slubankinn er me\u00f0 innbygg\u00f0ri USB-C hle\u00f0slusn\u00faru sem h\u00e6gt er a\u00f0 nota til a\u00f0 hla\u00f0a iPad spjaldt\u00f6lvu \u00e1samt \u00f6llum \u00f6\u00f0rum t\u00e6kjum sem nota USB-C hle\u00f0slutengi t.d Android s\u00edmar og margt fleira.  Fr\u00e1b\u00e6r fer\u00f0af\u00e9lagi sem fer vel \u00ed t\u00f6sku og m\u00e1 taka me\u00f0 \u00ed flugv\u00e9l.  Litur: Svartur St\u00e6r\u00f0: 10,7 X 6,95 X 2,0 cm (l*b*h) \u00deyngd: 0,210 g Rafhla\u00f0a: 10.000 mAh \/ 22,5W Type-C Port\/Type-C Cable Input: 5V\u23933A, 9V\u23932A, 12V\u23931.5A Type-C Port\/Type-C Cable Output: 5V\u23932.4A, 9V\u23932.22A, 10V\u23932.25, 12V\u23931.67A Wireless Output: 5W, 7.5W, 10W, 15W (Max) Multi-Port Output: 5V\u23932.4A (Max) \u00der\u00e1\u00f0laus hle\u00f0sla fyrir iPhone 12\/13\/14\/15\/16 \u00der\u00e1\u00f0laus hle\u00f0sla fyrir Apple Watch &amp; Apple iPods USB-C hle\u00f0slusn\u00fara Vottun: CE\/RoHS\/FCC","robots":{"index":"index","follow":"follow","max-snippet":"max-snippet:-1","max-image-preview":"max-image-preview:large","max-video-preview":"max-video-preview:-1"},"canonical":"https:\/\/joyroom.is\/vara\/jr-pbm02\/","og_locale":"en_US","og_type":"article","og_title":"22,5W \u00fer\u00e1\u00f0laus 10.000mAh MagSafe hle\u00f0slubanki fyrir iPhone, Apple Watch og iPods","og_description":"Fj\u00f6lnota 22,5W MagSafe 10.000mAh hle\u00f0slubanki sem hle\u00f0slur Apple t\u00e6kin \u00fe\u00edn \u00fer\u00e1\u00f0laust \u00feegar \u00e1 \u00fearf a\u00f0 halda t.d. \u00ed vinnunni, \u00ed b\u00edlnum, \u00ed fer\u00f0alaginu e\u00f0a erlendis. Hle\u00f0slubankinn er me\u00f0 MagSafe og festir sig vi\u00f0 iPhone, Apple Watch og Airpods og hle\u00f0ur \u00fer\u00e1\u00f0laust. \u00c1 me\u00f0an \u00fe\u00fa hle\u00f0ur s\u00edmann getur \u00fe\u00fa nota\u00f0 hle\u00f0slubankann sem s\u00edmahaldara \u00fev\u00ed hann er me\u00f0 innbygg\u00f0um standi.  Hle\u00f0slubankinn hle\u00f0ur l\u00edka Apple Watch snjall\u00farin og iPods heyrnart\u00f3lin \u00fer\u00e1\u00f0laust. Hle\u00f0slubankinn er me\u00f0 innbygg\u00f0ri USB-C hle\u00f0slusn\u00faru sem h\u00e6gt er a\u00f0 nota til a\u00f0 hla\u00f0a iPad spjaldt\u00f6lvu \u00e1samt \u00f6llum \u00f6\u00f0rum t\u00e6kjum sem nota USB-C hle\u00f0slutengi t.d Android s\u00edmar og margt fleira.  Fr\u00e1b\u00e6r fer\u00f0af\u00e9lagi sem fer vel \u00ed t\u00f6sku og m\u00e1 taka me\u00f0 \u00ed flugv\u00e9l.  Litur: Svartur St\u00e6r\u00f0: 10,7 X 6,95 X 2,0 cm (l*b*h) \u00deyngd: 0,210 g Rafhla\u00f0a: 10.000 mAh \/ 22,5W Type-C Port\/Type-C Cable Input: 5V\u23933A, 9V\u23932A, 12V\u23931.5A Type-C Port\/Type-C Cable Output: 5V\u23932.4A, 9V\u23932.22A, 10V\u23932.25, 12V\u23931.67A Wireless Output: 5W, 7.5W, 10W, 15W (Max) Multi-Port Output: 5V\u23932.4A (Max) \u00der\u00e1\u00f0laus hle\u00f0sla fyrir iPhone 12\/13\/14\/15\/16 \u00der\u00e1\u00f0laus hle\u00f0sla fyrir Apple Watch &amp; Apple iPods USB-C hle\u00f0slusn\u00fara Vottun: CE\/RoHS\/FCC","og_url":"https:\/\/joyroom.is\/vara\/jr-pbm02\/","og_site_name":"Joyroom","article_modified_time":"2026-02-15T17:10:56+00:00","og_image":[{"width":600,"height":600,"url":"https:\/\/joyroom.is\/wp-content\/uploads\/2025\/07\/JR-PBM02_.jpg","type":"image\/jpeg"}],"twitter_card":"summary_large_image","schema":{"@context":"https:\/\/schema.org","@graph":[{"@type":"WebPage","@id":"https:\/\/joyroom.is\/vara\/jr-pbm02\/","url":"https:\/\/joyroom.is\/vara\/jr-pbm02\/","name":"22,5W \u00fer\u00e1\u00f0laus 10.000mAh MagSafe hle\u00f0slubanki fyrir iPhone, Apple Watch og iPods | Joyroom","isPartOf":{"@id":"https:\/\/joyroom.is\/#website"},"primaryImageOfPage":{"@id":"https:\/\/joyroom.is\/vara\/jr-pbm02\/#primaryimage"},"image":{"@id":"https:\/\/joyroom.is\/vara\/jr-pbm02\/#primaryimage"},"thumbnailUrl":"https:\/\/joyroom.is\/wp-content\/uploads\/2025\/07\/JR-PBM02_.jpg","datePublished":"2025-07-16T10:15:14+00:00","dateModified":"2026-02-15T17:10:56+00:00","description":"Fj\u00f6lnota 22,5W MagSafe 10.000mAh hle\u00f0slubanki sem hle\u00f0slur Apple t\u00e6kin \u00fe\u00edn \u00fer\u00e1\u00f0laust \u00feegar \u00e1 \u00fearf a\u00f0 halda t.d. \u00ed vinnunni, \u00ed b\u00edlnum, \u00ed fer\u00f0alaginu e\u00f0a erlendis. Hle\u00f0slubankinn er me\u00f0 MagSafe og festir sig vi\u00f0 iPhone, Apple Watch og Airpods og hle\u00f0ur \u00fer\u00e1\u00f0laust. \u00c1 me\u00f0an \u00fe\u00fa hle\u00f0ur s\u00edmann getur \u00fe\u00fa nota\u00f0 hle\u00f0slubankann sem s\u00edmahaldara \u00fev\u00ed hann er me\u00f0 innbygg\u00f0um standi. Hle\u00f0slubankinn hle\u00f0ur l\u00edka Apple Watch snjall\u00farin og iPods heyrnart\u00f3lin \u00fer\u00e1\u00f0laust. Hle\u00f0slubankinn er me\u00f0 innbygg\u00f0ri USB-C hle\u00f0slusn\u00faru sem h\u00e6gt er a\u00f0 nota til a\u00f0 hla\u00f0a iPad spjaldt\u00f6lvu \u00e1samt \u00f6llum \u00f6\u00f0rum t\u00e6kjum sem nota USB-C hle\u00f0slutengi t.d Android s\u00edmar og margt fleira. Fr\u00e1b\u00e6r fer\u00f0af\u00e9lagi sem fer vel \u00ed t\u00f6sku og m\u00e1 taka me\u00f0 \u00ed flugv\u00e9l. Litur: Svartur St\u00e6r\u00f0: 10,7 X 6,95 X 2,0 cm (l*b*h) \u00deyngd: 0,210 g Rafhla\u00f0a: 10.000 mAh \/ 22,5W Type-C Port\/Type-C Cable Input: 5V\u23933A, 9V\u23932A, 12V\u23931.5A Type-C Port\/Type-C Cable Output: 5V\u23932.4A, 9V\u23932.22A, 10V\u23932.25, 12V\u23931.67A Wireless Output: 5W, 7.5W, 10W, 15W (Max) Multi-Port Output: 5V\u23932.4A (Max) \u00der\u00e1\u00f0laus hle\u00f0sla fyrir iPhone 12\/13\/14\/15\/16 \u00der\u00e1\u00f0laus hle\u00f0sla fyrir Apple Watch &amp; Apple iPods USB-C hle\u00f0slusn\u00fara Vottun: CE\/RoHS\/FCC","breadcrumb":{"@id":"https:\/\/joyroom.is\/vara\/jr-pbm02\/#breadcrumb"},"inLanguage":"en-US","potentialAction":[{"@type":"ReadAction","target":["https:\/\/joyroom.is\/vara\/jr-pbm02\/"]}]},{"@type":"ImageObject","inLanguage":"en-US","@id":"https:\/\/joyroom.is\/vara\/jr-pbm02\/#primaryimage","url":"https:\/\/joyroom.is\/wp-content\/uploads\/2025\/07\/JR-PBM02_.jpg","contentUrl":"https:\/\/joyroom.is\/wp-content\/uploads\/2025\/07\/JR-PBM02_.jpg","width":600,"height":600},{"@type":"BreadcrumbList","@id":"https:\/\/joyroom.is\/vara\/jr-pbm02\/#breadcrumb","itemListElement":[{"@type":"ListItem","position":1,"name":"Home","item":"https:\/\/joyroom.is\/"},{"@type":"ListItem","position":2,"name":"Shop","item":"https:\/\/www.vorulagerinn.is\/heildsala\/en\/shop\/"},{"@type":"ListItem","position":3,"name":"22,5W \u00fer\u00e1\u00f0laus 10.000mAh MagSafe hle\u00f0slubanki fyrir iPhone, Apple Watch og iPods"}]},{"@type":"WebSite","@id":"https:\/\/joyroom.is\/#website","url":"https:\/\/joyroom.is\/","name":"Joyroom \u00e1 \u00cdslandi","description":"Vali&eth; er einfalt","publisher":{"@id":"https:\/\/joyroom.is\/#organization"},"alternateName":"Joyroom","potentialAction":[{"@type":"SearchAction","target":{"@type":"EntryPoint","urlTemplate":"https:\/\/joyroom.is\/?s={search_term_string}"},"query-input":{"@type":"PropertyValueSpecification","valueRequired":true,"valueName":"search_term_string"}}],"inLanguage":"en-US"},{"@type":"Organization","@id":"https:\/\/joyroom.is\/#organization","name":"Joyroom \u00e1 \u00cdslandi","alternateName":"Joyroom","url":"https:\/\/joyroom.is\/","logo":{"@type":"ImageObject","inLanguage":"en-US","@id":"https:\/\/joyroom.is\/#\/schema\/logo\/image\/","url":"https:\/\/joyroom.is\/wp-content\/uploads\/2024\/08\/JR.jpg","contentUrl":"https:\/\/joyroom.is\/wp-content\/uploads\/2024\/08\/JR.jpg","width":1200,"height":1200,"caption":"Joyroom \u00e1 \u00cdslandi"},"image":{"@id":"https:\/\/joyroom.is\/#\/schema\/logo\/image\/"}}]}},"_links":{"self":[{"href":"https:\/\/joyroom.is\/en\/wp-json\/wp\/v2\/product\/25150","targetHints":{"allow":["GET"]}}],"collection":[{"href":"https:\/\/joyroom.is\/en\/wp-json\/wp\/v2\/product"}],"about":[{"href":"https:\/\/joyroom.is\/en\/wp-json\/wp\/v2\/types\/product"}],"wp:featuredmedia":[{"embeddable":true,"href":"https:\/\/joyroom.is\/en\/wp-json\/wp\/v2\/media\/25144"}],"wp:attachment":[{"href":"https:\/\/joyroom.is\/en\/wp-json\/wp\/v2\/media?parent=25150"}],"wp:term":[{"taxonomy":"product_brand","embeddable":true,"href":"https:\/\/joyroom.is\/en\/wp-json\/wp\/v2\/product_brand?post=25150"},{"taxonomy":"product_cat","embeddable":true,"href":"https:\/\/joyroom.is\/en\/wp-json\/wp\/v2\/product_cat?post=25150"},{"taxonomy":"product_tag","embeddable":true,"href":"https:\/\/joyroom.is\/en\/wp-json\/wp\/v2\/product_tag?post=25150"}],"curies":[{"name":"wp","href":"https:\/\/api.w.org\/{rel}","templated":true}]}}