{"id":25159,"date":"2025-07-16T10:00:41","date_gmt":"2025-07-16T10:00:41","guid":{"rendered":"https:\/\/joyroom.is\/product\/jr-pr1\/"},"modified":"2026-02-15T17:08:20","modified_gmt":"2026-02-15T17:08:20","slug":"jr-pr1","status":"publish","type":"product","link":"https:\/\/joyroom.is\/en\/product\/jr-pr1\/","title":{"rendered":"Hle\u00f0slubanki 22,5W me\u00f0 10.000mAh rafhl\u00f6\u00f0u me\u00f0 70 cm \u00fatdraganlega USB-C sn\u00faru"},"content":{"rendered":"","protected":false},"excerpt":{"rendered":"<p>Traustur 10.000mAh hle\u00f0slubanki sem gerir \u00fe\u00e9r kleift a\u00f0 hla\u00f0a t\u00e6kin \u00fe\u00edn \u00e1 fer\u00f0inni. \u00dea\u00f0 er LED skj\u00e1r \u00e1 hle\u00f0slubankanum sem s\u00fdnir st\u00f6\u00f0u rafhl\u00f6\u00f0u \u00ed raunt\u00edma. Innbygg\u00f0 USB-C \u00fatdraganleg 70 cm hle\u00f0slusn\u00fara \u00e1samt USB-C tengi. \u00d6flugur og nettur hle\u00f0slubanki sem hle\u00f0ur snjalls\u00edma, spjaldt\u00f6lvur, heyrnart\u00f3l \u00e1samt \u00f6\u00f0rum t\u00e6kjum sem eru me\u00f0 USB-C tengi (Android). Vernd gegn ofhle\u00f0slu, ofhitnun, skammhlaupi o.fl. \u00dea\u00f0 m\u00e1 taka hle\u00f0slubankann me\u00f0 \u00ed flugv\u00e9l.<\/p>\n<p>Litur: Svartur<br \/>\nSt\u00e6r\u00f0: 10,2 x 6 x 3 cm<br \/>\n\u00deyngd: 200 g<br \/>\nRafhla\u00f0a: Polymer Lithium<br \/>\n10.000mAh<br \/>\nInput: 5V- 3.0A, 9V-2.0A, 12V=1.5A<br \/>\nOutput Cable: 5V -2.4A, 9V-2.22A, 10V -2.25A, 12V-1.67A<br \/>\nMulti-Port Output: 5V=2.4A<br \/>\nVottun: CE\/Rohs<\/p>\n","protected":false},"featured_media":25151,"template":"","meta":[],"product_brand":[],"product_cat":[443],"product_tag":[],"class_list":{"0":"post-25159","1":"product","2":"type-product","3":"status-publish","4":"has-post-thumbnail","6":"product_cat-hledslubanki-ferdarafhlada","8":"first","9":"instock","10":"taxable","11":"shipping-taxable","12":"purchasable","13":"product-type-simple"},"yoast_head":"<!-- This site is optimized with the Yoast SEO Premium plugin v21.5 (Yoast SEO v27.4) - https:\/\/yoast.com\/product\/yoast-seo-premium-wordpress\/ -->\n<title>Hle\u00f0slubanki 22,5W me\u00f0 10.000mAh rafhl\u00f6\u00f0u me\u00f0 70 cm \u00fatdraganlega USB-C sn\u00faru | Joyroom<\/title>\n<meta name=\"description\" content=\"Traustur 10.000mAh hle\u00f0slubanki sem gerir \u00fe\u00e9r kleift a\u00f0 hla\u00f0a t\u00e6kin \u00fe\u00edn \u00e1 fer\u00f0inni. \u00dea\u00f0 er LED skj\u00e1r \u00e1 hle\u00f0slubankanum sem s\u00fdnir st\u00f6\u00f0u rafhl\u00f6\u00f0u \u00ed raunt\u00edma. Innbygg\u00f0 USB-C \u00fatdraganleg 70 cm hle\u00f0slusn\u00fara \u00e1samt USB-C tengi. \u00d6flugur og nettur hle\u00f0slubanki sem hle\u00f0ur snjalls\u00edma, spjaldt\u00f6lvur, heyrnart\u00f3l \u00e1samt \u00f6\u00f0rum t\u00e6kjum sem eru me\u00f0 USB-C tengi (Android). Vernd gegn ofhle\u00f0slu, ofhitnun, skammhlaupi o.fl. \u00dea\u00f0 m\u00e1 taka hle\u00f0slubankann me\u00f0 \u00ed flugv\u00e9l.  Litur: Svartur St\u00e6r\u00f0: 10,2 x 6 x 3 cm \u00deyngd: 200 g Rafhla\u00f0a: Polymer Lithium 10.000mAh Input: 5V- 3.0A, 9V-2.0A, 12V=1.5A Output Cable: 5V -2.4A, 9V-2.22A, 10V -2.25A, 12V-1.67A Multi-Port Output: 5V=2.4A Vottun: CE\/Rohs\" \/>\n<meta name=\"robots\" content=\"index, follow, max-snippet:-1, max-image-preview:large, max-video-preview:-1\" \/>\n<link rel=\"canonical\" href=\"https:\/\/joyroom.is\/vara\/jr-pr1\/\" \/>\n<meta property=\"og:locale\" content=\"en_US\" \/>\n<meta property=\"og:type\" content=\"article\" \/>\n<meta property=\"og:title\" content=\"Hle\u00f0slubanki 22,5W me\u00f0 10.000mAh rafhl\u00f6\u00f0u me\u00f0 70 cm \u00fatdraganlega USB-C sn\u00faru\" \/>\n<meta property=\"og:description\" content=\"Traustur 10.000mAh hle\u00f0slubanki sem gerir \u00fe\u00e9r kleift a\u00f0 hla\u00f0a t\u00e6kin \u00fe\u00edn \u00e1 fer\u00f0inni. \u00dea\u00f0 er LED skj\u00e1r \u00e1 hle\u00f0slubankanum sem s\u00fdnir st\u00f6\u00f0u rafhl\u00f6\u00f0u \u00ed raunt\u00edma. Innbygg\u00f0 USB-C \u00fatdraganleg 70 cm hle\u00f0slusn\u00fara \u00e1samt USB-C tengi. \u00d6flugur og nettur hle\u00f0slubanki sem hle\u00f0ur snjalls\u00edma, spjaldt\u00f6lvur, heyrnart\u00f3l \u00e1samt \u00f6\u00f0rum t\u00e6kjum sem eru me\u00f0 USB-C tengi (Android). Vernd gegn ofhle\u00f0slu, ofhitnun, skammhlaupi o.fl. \u00dea\u00f0 m\u00e1 taka hle\u00f0slubankann me\u00f0 \u00ed flugv\u00e9l.  Litur: Svartur St\u00e6r\u00f0: 10,2 x 6 x 3 cm \u00deyngd: 200 g Rafhla\u00f0a: Polymer Lithium 10.000mAh Input: 5V- 3.0A, 9V-2.0A, 12V=1.5A Output Cable: 5V -2.4A, 9V-2.22A, 10V -2.25A, 12V-1.67A Multi-Port Output: 5V=2.4A Vottun: CE\/Rohs\" \/>\n<meta property=\"og:url\" content=\"https:\/\/joyroom.is\/vara\/jr-pr1\/\" \/>\n<meta property=\"og:site_name\" content=\"Joyroom\" \/>\n<meta property=\"article:modified_time\" content=\"2026-02-15T17:08:20+00:00\" \/>\n<meta property=\"og:image\" content=\"https:\/\/joyroom.is\/wp-content\/uploads\/2025\/07\/JR-PR1-1.jpg\" \/>\n\t<meta property=\"og:image:width\" content=\"600\" \/>\n\t<meta property=\"og:image:height\" content=\"600\" \/>\n\t<meta property=\"og:image:type\" content=\"image\/jpeg\" \/>\n<meta name=\"twitter:card\" content=\"summary_large_image\" \/>\n<script type=\"application\/ld+json\" class=\"yoast-schema-graph\">{\"@context\":\"https:\\\/\\\/schema.org\",\"@graph\":[{\"@type\":\"WebPage\",\"@id\":\"https:\\\/\\\/joyroom.is\\\/vara\\\/jr-pr1\\\/\",\"url\":\"https:\\\/\\\/joyroom.is\\\/vara\\\/jr-pr1\\\/\",\"name\":\"Hle\u00f0slubanki 22,5W me\u00f0 10.000mAh rafhl\u00f6\u00f0u me\u00f0 70 cm \u00fatdraganlega USB-C sn\u00faru | Joyroom\",\"isPartOf\":{\"@id\":\"https:\\\/\\\/joyroom.is\\\/#website\"},\"primaryImageOfPage\":{\"@id\":\"https:\\\/\\\/joyroom.is\\\/vara\\\/jr-pr1\\\/#primaryimage\"},\"image\":{\"@id\":\"https:\\\/\\\/joyroom.is\\\/vara\\\/jr-pr1\\\/#primaryimage\"},\"thumbnailUrl\":\"https:\\\/\\\/joyroom.is\\\/wp-content\\\/uploads\\\/2025\\\/07\\\/JR-PR1-1.jpg\",\"datePublished\":\"2025-07-16T10:00:41+00:00\",\"dateModified\":\"2026-02-15T17:08:20+00:00\",\"description\":\"Traustur 10.000mAh hle\u00f0slubanki sem gerir \u00fe\u00e9r kleift a\u00f0 hla\u00f0a t\u00e6kin \u00fe\u00edn \u00e1 fer\u00f0inni. \u00dea\u00f0 er LED skj\u00e1r \u00e1 hle\u00f0slubankanum sem s\u00fdnir st\u00f6\u00f0u rafhl\u00f6\u00f0u \u00ed raunt\u00edma. Innbygg\u00f0 USB-C \u00fatdraganleg 70 cm hle\u00f0slusn\u00fara \u00e1samt USB-C tengi. \u00d6flugur og nettur hle\u00f0slubanki sem hle\u00f0ur snjalls\u00edma, spjaldt\u00f6lvur, heyrnart\u00f3l \u00e1samt \u00f6\u00f0rum t\u00e6kjum sem eru me\u00f0 USB-C tengi (Android). Vernd gegn ofhle\u00f0slu, ofhitnun, skammhlaupi o.fl. \u00dea\u00f0 m\u00e1 taka hle\u00f0slubankann me\u00f0 \u00ed flugv\u00e9l. Litur: Svartur St\u00e6r\u00f0: 10,2 x 6 x 3 cm \u00deyngd: 200 g Rafhla\u00f0a: Polymer Lithium 10.000mAh Input: 5V- 3.0A, 9V-2.0A, 12V=1.5A Output Cable: 5V -2.4A, 9V-2.22A, 10V -2.25A, 12V-1.67A Multi-Port Output: 5V=2.4A Vottun: CE\\\/Rohs\",\"breadcrumb\":{\"@id\":\"https:\\\/\\\/joyroom.is\\\/vara\\\/jr-pr1\\\/#breadcrumb\"},\"inLanguage\":\"en-US\",\"potentialAction\":[{\"@type\":\"ReadAction\",\"target\":[\"https:\\\/\\\/joyroom.is\\\/vara\\\/jr-pr1\\\/\"]}]},{\"@type\":\"ImageObject\",\"inLanguage\":\"en-US\",\"@id\":\"https:\\\/\\\/joyroom.is\\\/vara\\\/jr-pr1\\\/#primaryimage\",\"url\":\"https:\\\/\\\/joyroom.is\\\/wp-content\\\/uploads\\\/2025\\\/07\\\/JR-PR1-1.jpg\",\"contentUrl\":\"https:\\\/\\\/joyroom.is\\\/wp-content\\\/uploads\\\/2025\\\/07\\\/JR-PR1-1.jpg\",\"width\":600,\"height\":600},{\"@type\":\"BreadcrumbList\",\"@id\":\"https:\\\/\\\/joyroom.is\\\/vara\\\/jr-pr1\\\/#breadcrumb\",\"itemListElement\":[{\"@type\":\"ListItem\",\"position\":1,\"name\":\"Home\",\"item\":\"https:\\\/\\\/joyroom.is\\\/\"},{\"@type\":\"ListItem\",\"position\":2,\"name\":\"Shop\",\"item\":\"https:\\\/\\\/www.vorulagerinn.is\\\/heildsala\\\/en\\\/shop\\\/\"},{\"@type\":\"ListItem\",\"position\":3,\"name\":\"Hle\u00f0slubanki 22,5W me\u00f0 10.000mAh rafhl\u00f6\u00f0u me\u00f0 70 cm \u00fatdraganlega USB-C sn\u00faru\"}]},{\"@type\":\"WebSite\",\"@id\":\"https:\\\/\\\/joyroom.is\\\/#website\",\"url\":\"https:\\\/\\\/joyroom.is\\\/\",\"name\":\"Joyroom \u00e1 \u00cdslandi\",\"description\":\"Vali&eth; er einfalt\",\"publisher\":{\"@id\":\"https:\\\/\\\/joyroom.is\\\/#organization\"},\"alternateName\":\"Joyroom\",\"potentialAction\":[{\"@type\":\"SearchAction\",\"target\":{\"@type\":\"EntryPoint\",\"urlTemplate\":\"https:\\\/\\\/joyroom.is\\\/?s={search_term_string}\"},\"query-input\":{\"@type\":\"PropertyValueSpecification\",\"valueRequired\":true,\"valueName\":\"search_term_string\"}}],\"inLanguage\":\"en-US\"},{\"@type\":\"Organization\",\"@id\":\"https:\\\/\\\/joyroom.is\\\/#organization\",\"name\":\"Joyroom \u00e1 \u00cdslandi\",\"alternateName\":\"Joyroom\",\"url\":\"https:\\\/\\\/joyroom.is\\\/\",\"logo\":{\"@type\":\"ImageObject\",\"inLanguage\":\"en-US\",\"@id\":\"https:\\\/\\\/joyroom.is\\\/#\\\/schema\\\/logo\\\/image\\\/\",\"url\":\"https:\\\/\\\/joyroom.is\\\/wp-content\\\/uploads\\\/2024\\\/08\\\/JR.jpg\",\"contentUrl\":\"https:\\\/\\\/joyroom.is\\\/wp-content\\\/uploads\\\/2024\\\/08\\\/JR.jpg\",\"width\":1200,\"height\":1200,\"caption\":\"Joyroom \u00e1 \u00cdslandi\"},\"image\":{\"@id\":\"https:\\\/\\\/joyroom.is\\\/#\\\/schema\\\/logo\\\/image\\\/\"}}]}<\/script>\n<!-- \/ Yoast SEO Premium plugin. -->","yoast_head_json":{"title":"Hle\u00f0slubanki 22,5W me\u00f0 10.000mAh rafhl\u00f6\u00f0u me\u00f0 70 cm \u00fatdraganlega USB-C sn\u00faru | Joyroom","description":"Traustur 10.000mAh hle\u00f0slubanki sem gerir \u00fe\u00e9r kleift a\u00f0 hla\u00f0a t\u00e6kin \u00fe\u00edn \u00e1 fer\u00f0inni. \u00dea\u00f0 er LED skj\u00e1r \u00e1 hle\u00f0slubankanum sem s\u00fdnir st\u00f6\u00f0u rafhl\u00f6\u00f0u \u00ed raunt\u00edma. Innbygg\u00f0 USB-C \u00fatdraganleg 70 cm hle\u00f0slusn\u00fara \u00e1samt USB-C tengi. \u00d6flugur og nettur hle\u00f0slubanki sem hle\u00f0ur snjalls\u00edma, spjaldt\u00f6lvur, heyrnart\u00f3l \u00e1samt \u00f6\u00f0rum t\u00e6kjum sem eru me\u00f0 USB-C tengi (Android). Vernd gegn ofhle\u00f0slu, ofhitnun, skammhlaupi o.fl. \u00dea\u00f0 m\u00e1 taka hle\u00f0slubankann me\u00f0 \u00ed flugv\u00e9l.  Litur: Svartur St\u00e6r\u00f0: 10,2 x 6 x 3 cm \u00deyngd: 200 g Rafhla\u00f0a: Polymer Lithium 10.000mAh Input: 5V- 3.0A, 9V-2.0A, 12V=1.5A Output Cable: 5V -2.4A, 9V-2.22A, 10V -2.25A, 12V-1.67A Multi-Port Output: 5V=2.4A Vottun: CE\/Rohs","robots":{"index":"index","follow":"follow","max-snippet":"max-snippet:-1","max-image-preview":"max-image-preview:large","max-video-preview":"max-video-preview:-1"},"canonical":"https:\/\/joyroom.is\/vara\/jr-pr1\/","og_locale":"en_US","og_type":"article","og_title":"Hle\u00f0slubanki 22,5W me\u00f0 10.000mAh rafhl\u00f6\u00f0u me\u00f0 70 cm \u00fatdraganlega USB-C sn\u00faru","og_description":"Traustur 10.000mAh hle\u00f0slubanki sem gerir \u00fe\u00e9r kleift a\u00f0 hla\u00f0a t\u00e6kin \u00fe\u00edn \u00e1 fer\u00f0inni. \u00dea\u00f0 er LED skj\u00e1r \u00e1 hle\u00f0slubankanum sem s\u00fdnir st\u00f6\u00f0u rafhl\u00f6\u00f0u \u00ed raunt\u00edma. Innbygg\u00f0 USB-C \u00fatdraganleg 70 cm hle\u00f0slusn\u00fara \u00e1samt USB-C tengi. \u00d6flugur og nettur hle\u00f0slubanki sem hle\u00f0ur snjalls\u00edma, spjaldt\u00f6lvur, heyrnart\u00f3l \u00e1samt \u00f6\u00f0rum t\u00e6kjum sem eru me\u00f0 USB-C tengi (Android). Vernd gegn ofhle\u00f0slu, ofhitnun, skammhlaupi o.fl. \u00dea\u00f0 m\u00e1 taka hle\u00f0slubankann me\u00f0 \u00ed flugv\u00e9l.  Litur: Svartur St\u00e6r\u00f0: 10,2 x 6 x 3 cm \u00deyngd: 200 g Rafhla\u00f0a: Polymer Lithium 10.000mAh Input: 5V- 3.0A, 9V-2.0A, 12V=1.5A Output Cable: 5V -2.4A, 9V-2.22A, 10V -2.25A, 12V-1.67A Multi-Port Output: 5V=2.4A Vottun: CE\/Rohs","og_url":"https:\/\/joyroom.is\/vara\/jr-pr1\/","og_site_name":"Joyroom","article_modified_time":"2026-02-15T17:08:20+00:00","og_image":[{"width":600,"height":600,"url":"https:\/\/joyroom.is\/wp-content\/uploads\/2025\/07\/JR-PR1-1.jpg","type":"image\/jpeg"}],"twitter_card":"summary_large_image","schema":{"@context":"https:\/\/schema.org","@graph":[{"@type":"WebPage","@id":"https:\/\/joyroom.is\/vara\/jr-pr1\/","url":"https:\/\/joyroom.is\/vara\/jr-pr1\/","name":"Hle\u00f0slubanki 22,5W me\u00f0 10.000mAh rafhl\u00f6\u00f0u me\u00f0 70 cm \u00fatdraganlega USB-C sn\u00faru | Joyroom","isPartOf":{"@id":"https:\/\/joyroom.is\/#website"},"primaryImageOfPage":{"@id":"https:\/\/joyroom.is\/vara\/jr-pr1\/#primaryimage"},"image":{"@id":"https:\/\/joyroom.is\/vara\/jr-pr1\/#primaryimage"},"thumbnailUrl":"https:\/\/joyroom.is\/wp-content\/uploads\/2025\/07\/JR-PR1-1.jpg","datePublished":"2025-07-16T10:00:41+00:00","dateModified":"2026-02-15T17:08:20+00:00","description":"Traustur 10.000mAh hle\u00f0slubanki sem gerir \u00fe\u00e9r kleift a\u00f0 hla\u00f0a t\u00e6kin \u00fe\u00edn \u00e1 fer\u00f0inni. \u00dea\u00f0 er LED skj\u00e1r \u00e1 hle\u00f0slubankanum sem s\u00fdnir st\u00f6\u00f0u rafhl\u00f6\u00f0u \u00ed raunt\u00edma. Innbygg\u00f0 USB-C \u00fatdraganleg 70 cm hle\u00f0slusn\u00fara \u00e1samt USB-C tengi. \u00d6flugur og nettur hle\u00f0slubanki sem hle\u00f0ur snjalls\u00edma, spjaldt\u00f6lvur, heyrnart\u00f3l \u00e1samt \u00f6\u00f0rum t\u00e6kjum sem eru me\u00f0 USB-C tengi (Android). Vernd gegn ofhle\u00f0slu, ofhitnun, skammhlaupi o.fl. \u00dea\u00f0 m\u00e1 taka hle\u00f0slubankann me\u00f0 \u00ed flugv\u00e9l. Litur: Svartur St\u00e6r\u00f0: 10,2 x 6 x 3 cm \u00deyngd: 200 g Rafhla\u00f0a: Polymer Lithium 10.000mAh Input: 5V- 3.0A, 9V-2.0A, 12V=1.5A Output Cable: 5V -2.4A, 9V-2.22A, 10V -2.25A, 12V-1.67A Multi-Port Output: 5V=2.4A Vottun: CE\/Rohs","breadcrumb":{"@id":"https:\/\/joyroom.is\/vara\/jr-pr1\/#breadcrumb"},"inLanguage":"en-US","potentialAction":[{"@type":"ReadAction","target":["https:\/\/joyroom.is\/vara\/jr-pr1\/"]}]},{"@type":"ImageObject","inLanguage":"en-US","@id":"https:\/\/joyroom.is\/vara\/jr-pr1\/#primaryimage","url":"https:\/\/joyroom.is\/wp-content\/uploads\/2025\/07\/JR-PR1-1.jpg","contentUrl":"https:\/\/joyroom.is\/wp-content\/uploads\/2025\/07\/JR-PR1-1.jpg","width":600,"height":600},{"@type":"BreadcrumbList","@id":"https:\/\/joyroom.is\/vara\/jr-pr1\/#breadcrumb","itemListElement":[{"@type":"ListItem","position":1,"name":"Home","item":"https:\/\/joyroom.is\/"},{"@type":"ListItem","position":2,"name":"Shop","item":"https:\/\/www.vorulagerinn.is\/heildsala\/en\/shop\/"},{"@type":"ListItem","position":3,"name":"Hle\u00f0slubanki 22,5W me\u00f0 10.000mAh rafhl\u00f6\u00f0u me\u00f0 70 cm \u00fatdraganlega USB-C sn\u00faru"}]},{"@type":"WebSite","@id":"https:\/\/joyroom.is\/#website","url":"https:\/\/joyroom.is\/","name":"Joyroom \u00e1 \u00cdslandi","description":"Vali&eth; er einfalt","publisher":{"@id":"https:\/\/joyroom.is\/#organization"},"alternateName":"Joyroom","potentialAction":[{"@type":"SearchAction","target":{"@type":"EntryPoint","urlTemplate":"https:\/\/joyroom.is\/?s={search_term_string}"},"query-input":{"@type":"PropertyValueSpecification","valueRequired":true,"valueName":"search_term_string"}}],"inLanguage":"en-US"},{"@type":"Organization","@id":"https:\/\/joyroom.is\/#organization","name":"Joyroom \u00e1 \u00cdslandi","alternateName":"Joyroom","url":"https:\/\/joyroom.is\/","logo":{"@type":"ImageObject","inLanguage":"en-US","@id":"https:\/\/joyroom.is\/#\/schema\/logo\/image\/","url":"https:\/\/joyroom.is\/wp-content\/uploads\/2024\/08\/JR.jpg","contentUrl":"https:\/\/joyroom.is\/wp-content\/uploads\/2024\/08\/JR.jpg","width":1200,"height":1200,"caption":"Joyroom \u00e1 \u00cdslandi"},"image":{"@id":"https:\/\/joyroom.is\/#\/schema\/logo\/image\/"}}]}},"_links":{"self":[{"href":"https:\/\/joyroom.is\/en\/wp-json\/wp\/v2\/product\/25159","targetHints":{"allow":["GET"]}}],"collection":[{"href":"https:\/\/joyroom.is\/en\/wp-json\/wp\/v2\/product"}],"about":[{"href":"https:\/\/joyroom.is\/en\/wp-json\/wp\/v2\/types\/product"}],"wp:featuredmedia":[{"embeddable":true,"href":"https:\/\/joyroom.is\/en\/wp-json\/wp\/v2\/media\/25151"}],"wp:attachment":[{"href":"https:\/\/joyroom.is\/en\/wp-json\/wp\/v2\/media?parent=25159"}],"wp:term":[{"taxonomy":"product_brand","embeddable":true,"href":"https:\/\/joyroom.is\/en\/wp-json\/wp\/v2\/product_brand?post=25159"},{"taxonomy":"product_cat","embeddable":true,"href":"https:\/\/joyroom.is\/en\/wp-json\/wp\/v2\/product_cat?post=25159"},{"taxonomy":"product_tag","embeddable":true,"href":"https:\/\/joyroom.is\/en\/wp-json\/wp\/v2\/product_tag?post=25159"}],"curies":[{"name":"wp","href":"https:\/\/api.w.org\/{rel}","templated":true}]}}