{"id":25264,"date":"2025-09-10T12:12:13","date_gmt":"2025-09-10T12:12:13","guid":{"rendered":"https:\/\/joyroom.is\/product\/jr-zs356\/"},"modified":"2025-10-02T12:26:43","modified_gmt":"2025-10-02T12:26:43","slug":"jr-zs356","status":"publish","type":"product","link":"https:\/\/joyroom.is\/en\/product\/jr-zs356\/","title":{"rendered":"S\u00edmahaldari me\u00f0 sogsk\u00e1l fest \u00e1 innr\u00e9ttingu e\u00f0a r\u00fa\u00f0u b\u00edlsins"},"content":{"rendered":"","protected":false},"excerpt":{"rendered":"<p>St\u00edlhreinn og sterkur s\u00edmahaldari sem heldur snjalls\u00edmanum st\u00f6\u00f0ugum \u00e1 akstri og gerir b\u00edlstj\u00f3ranum au\u00f0velt a\u00f0 svara \u00ed s\u00edmann og\/e\u00f0a nota GPS g\u00f6tukort. S\u00edmahaldarinn er festur me\u00f0 sogsk\u00e1l \u00e1 framr\u00fa\u00f0una e\u00f0a m\u00e6labor\u00f0i\u00f0 \u00ed b\u00edlnum. Au\u00f0velt a\u00f0 setja upp og taka aftur ni\u00f0ur. \u00dea\u00f0 er h\u00e6gt a\u00f0 sn\u00faa s\u00edmanum \u00ed 360 gr\u00e1\u00f0ur og 120 gr\u00e1\u00f0ur til hli\u00f0ar sem gerir \u00f6kumanni kleift a\u00f0 a\u00f0laga s\u00edmann a\u00f0 s\u00ednum \u00fe\u00f6rfum. Segulhringur til a\u00f0 festa aftan \u00e1 snjalls\u00edma e\u00f0a s\u00edmahulstur (valkv\u00e6tt) fylgir me\u00f0.<\/p>\n<p>\u2013 Litur: Svartur<br \/>\n\u2013 St\u00e6r\u00f0: 10 x 7,4 cm<br \/>\n\u2013 S\u00edmast\u00e6r\u00f0: 4 \u2013 7\u2033<br \/>\n\u2013 \u00deyngd: 100g<br \/>\n\u2013 Efni: PC og\u00a0 ABS<br \/>\n\u2013 Vottun: ROHS og UKCA<\/p>\n","protected":false},"featured_media":25260,"template":"","meta":[],"product_brand":[418],"product_cat":[434],"product_tag":[],"class_list":{"0":"post-25264","1":"product","2":"type-product","3":"status-publish","4":"has-post-thumbnail","6":"product_brand-joyroom","7":"product_cat-simahaldari-i-bil","9":"first","10":"instock","11":"taxable","12":"shipping-taxable","13":"purchasable","14":"product-type-simple"},"yoast_head":"<!-- This site is optimized with the Yoast SEO Premium plugin v21.5 (Yoast SEO v27.4) - https:\/\/yoast.com\/product\/yoast-seo-premium-wordpress\/ -->\n<title>S\u00edmahaldari me\u00f0 sogsk\u00e1l fest \u00e1 innr\u00e9ttingu e\u00f0a r\u00fa\u00f0u b\u00edlsins<\/title>\n<meta name=\"description\" content=\"St\u00edlhreinn, sterkur og st\u00f6\u00f0ugur s\u00edmahaldari sem festur me\u00f0 sogsk\u00e1l \u00e1 framr\u00fa\u00f0una e\u00f0a m\u00e6labor\u00f0i\u00f0 \u00ed b\u00edlnum. Au\u00f0velt a\u00f0 setja upp og taka aftur ni\u00f0ur.\" \/>\n<meta name=\"robots\" content=\"index, follow, max-snippet:-1, max-image-preview:large, max-video-preview:-1\" \/>\n<link rel=\"canonical\" href=\"https:\/\/joyroom.is\/vara\/jr-zs356\/\" \/>\n<meta property=\"og:locale\" content=\"en_US\" \/>\n<meta property=\"og:type\" content=\"article\" \/>\n<meta property=\"og:title\" content=\"S\u00edmahaldari me\u00f0 sogsk\u00e1l fest \u00e1 innr\u00e9ttingu e\u00f0a r\u00fa\u00f0u b\u00edlsins\" \/>\n<meta property=\"og:description\" content=\"St\u00edlhreinn, sterkur og st\u00f6\u00f0ugur s\u00edmahaldari sem festur me\u00f0 sogsk\u00e1l \u00e1 framr\u00fa\u00f0una e\u00f0a m\u00e6labor\u00f0i\u00f0 \u00ed b\u00edlnum. Au\u00f0velt a\u00f0 setja upp og taka aftur ni\u00f0ur.\" \/>\n<meta property=\"og:url\" content=\"https:\/\/joyroom.is\/vara\/jr-zs356\/\" \/>\n<meta property=\"og:site_name\" content=\"Joyroom\" \/>\n<meta property=\"article:modified_time\" content=\"2025-10-02T12:26:43+00:00\" \/>\n<meta property=\"og:image\" content=\"https:\/\/joyroom.is\/wp-content\/uploads\/2025\/09\/JR-ZS356.jpg\" \/>\n\t<meta property=\"og:image:width\" content=\"600\" \/>\n\t<meta property=\"og:image:height\" content=\"600\" \/>\n\t<meta property=\"og:image:type\" content=\"image\/jpeg\" \/>\n<meta name=\"twitter:card\" content=\"summary_large_image\" \/>\n<meta name=\"twitter:label1\" content=\"Est. reading time\" \/>\n\t<meta name=\"twitter:data1\" content=\"1 minute\" \/>\n<script type=\"application\/ld+json\" class=\"yoast-schema-graph\">{\"@context\":\"https:\\\/\\\/schema.org\",\"@graph\":[{\"@type\":\"WebPage\",\"@id\":\"https:\\\/\\\/joyroom.is\\\/vara\\\/jr-zs356\\\/\",\"url\":\"https:\\\/\\\/joyroom.is\\\/vara\\\/jr-zs356\\\/\",\"name\":\"S\u00edmahaldari me\u00f0 sogsk\u00e1l fest \u00e1 innr\u00e9ttingu e\u00f0a r\u00fa\u00f0u b\u00edlsins\",\"isPartOf\":{\"@id\":\"https:\\\/\\\/joyroom.is\\\/#website\"},\"primaryImageOfPage\":{\"@id\":\"https:\\\/\\\/joyroom.is\\\/vara\\\/jr-zs356\\\/#primaryimage\"},\"image\":{\"@id\":\"https:\\\/\\\/joyroom.is\\\/vara\\\/jr-zs356\\\/#primaryimage\"},\"thumbnailUrl\":\"https:\\\/\\\/joyroom.is\\\/wp-content\\\/uploads\\\/2025\\\/09\\\/JR-ZS356.jpg\",\"datePublished\":\"2025-09-10T12:12:13+00:00\",\"dateModified\":\"2025-10-02T12:26:43+00:00\",\"description\":\"St\u00edlhreinn, sterkur og st\u00f6\u00f0ugur s\u00edmahaldari sem festur me\u00f0 sogsk\u00e1l \u00e1 framr\u00fa\u00f0una e\u00f0a m\u00e6labor\u00f0i\u00f0 \u00ed b\u00edlnum. Au\u00f0velt a\u00f0 setja upp og taka aftur ni\u00f0ur.\",\"breadcrumb\":{\"@id\":\"https:\\\/\\\/joyroom.is\\\/vara\\\/jr-zs356\\\/#breadcrumb\"},\"inLanguage\":\"en-US\",\"potentialAction\":[{\"@type\":\"ReadAction\",\"target\":[\"https:\\\/\\\/joyroom.is\\\/vara\\\/jr-zs356\\\/\"]}]},{\"@type\":\"ImageObject\",\"inLanguage\":\"en-US\",\"@id\":\"https:\\\/\\\/joyroom.is\\\/vara\\\/jr-zs356\\\/#primaryimage\",\"url\":\"https:\\\/\\\/joyroom.is\\\/wp-content\\\/uploads\\\/2025\\\/09\\\/JR-ZS356.jpg\",\"contentUrl\":\"https:\\\/\\\/joyroom.is\\\/wp-content\\\/uploads\\\/2025\\\/09\\\/JR-ZS356.jpg\",\"width\":600,\"height\":600},{\"@type\":\"BreadcrumbList\",\"@id\":\"https:\\\/\\\/joyroom.is\\\/vara\\\/jr-zs356\\\/#breadcrumb\",\"itemListElement\":[{\"@type\":\"ListItem\",\"position\":1,\"name\":\"Home\",\"item\":\"https:\\\/\\\/joyroom.is\\\/\"},{\"@type\":\"ListItem\",\"position\":2,\"name\":\"Shop\",\"item\":\"https:\\\/\\\/www.vorulagerinn.is\\\/heildsala\\\/en\\\/shop\\\/\"},{\"@type\":\"ListItem\",\"position\":3,\"name\":\"S\u00edmahaldari me\u00f0 sogsk\u00e1l fest \u00e1 innr\u00e9ttingu e\u00f0a r\u00fa\u00f0u b\u00edlsins\"}]},{\"@type\":\"WebSite\",\"@id\":\"https:\\\/\\\/joyroom.is\\\/#website\",\"url\":\"https:\\\/\\\/joyroom.is\\\/\",\"name\":\"Joyroom \u00e1 \u00cdslandi\",\"description\":\"Vali&eth; er einfalt\",\"publisher\":{\"@id\":\"https:\\\/\\\/joyroom.is\\\/#organization\"},\"alternateName\":\"Joyroom\",\"potentialAction\":[{\"@type\":\"SearchAction\",\"target\":{\"@type\":\"EntryPoint\",\"urlTemplate\":\"https:\\\/\\\/joyroom.is\\\/?s={search_term_string}\"},\"query-input\":{\"@type\":\"PropertyValueSpecification\",\"valueRequired\":true,\"valueName\":\"search_term_string\"}}],\"inLanguage\":\"en-US\"},{\"@type\":\"Organization\",\"@id\":\"https:\\\/\\\/joyroom.is\\\/#organization\",\"name\":\"Joyroom \u00e1 \u00cdslandi\",\"alternateName\":\"Joyroom\",\"url\":\"https:\\\/\\\/joyroom.is\\\/\",\"logo\":{\"@type\":\"ImageObject\",\"inLanguage\":\"en-US\",\"@id\":\"https:\\\/\\\/joyroom.is\\\/#\\\/schema\\\/logo\\\/image\\\/\",\"url\":\"https:\\\/\\\/joyroom.is\\\/wp-content\\\/uploads\\\/2024\\\/08\\\/JR.jpg\",\"contentUrl\":\"https:\\\/\\\/joyroom.is\\\/wp-content\\\/uploads\\\/2024\\\/08\\\/JR.jpg\",\"width\":1200,\"height\":1200,\"caption\":\"Joyroom \u00e1 \u00cdslandi\"},\"image\":{\"@id\":\"https:\\\/\\\/joyroom.is\\\/#\\\/schema\\\/logo\\\/image\\\/\"}}]}<\/script>\n<!-- \/ Yoast SEO Premium plugin. -->","yoast_head_json":{"title":"S\u00edmahaldari me\u00f0 sogsk\u00e1l fest \u00e1 innr\u00e9ttingu e\u00f0a r\u00fa\u00f0u b\u00edlsins","description":"St\u00edlhreinn, sterkur og st\u00f6\u00f0ugur s\u00edmahaldari sem festur me\u00f0 sogsk\u00e1l \u00e1 framr\u00fa\u00f0una e\u00f0a m\u00e6labor\u00f0i\u00f0 \u00ed b\u00edlnum. Au\u00f0velt a\u00f0 setja upp og taka aftur ni\u00f0ur.","robots":{"index":"index","follow":"follow","max-snippet":"max-snippet:-1","max-image-preview":"max-image-preview:large","max-video-preview":"max-video-preview:-1"},"canonical":"https:\/\/joyroom.is\/vara\/jr-zs356\/","og_locale":"en_US","og_type":"article","og_title":"S\u00edmahaldari me\u00f0 sogsk\u00e1l fest \u00e1 innr\u00e9ttingu e\u00f0a r\u00fa\u00f0u b\u00edlsins","og_description":"St\u00edlhreinn, sterkur og st\u00f6\u00f0ugur s\u00edmahaldari sem festur me\u00f0 sogsk\u00e1l \u00e1 framr\u00fa\u00f0una e\u00f0a m\u00e6labor\u00f0i\u00f0 \u00ed b\u00edlnum. Au\u00f0velt a\u00f0 setja upp og taka aftur ni\u00f0ur.","og_url":"https:\/\/joyroom.is\/vara\/jr-zs356\/","og_site_name":"Joyroom","article_modified_time":"2025-10-02T12:26:43+00:00","og_image":[{"width":600,"height":600,"url":"https:\/\/joyroom.is\/wp-content\/uploads\/2025\/09\/JR-ZS356.jpg","type":"image\/jpeg"}],"twitter_card":"summary_large_image","twitter_misc":{"Est. reading time":"1 minute"},"schema":{"@context":"https:\/\/schema.org","@graph":[{"@type":"WebPage","@id":"https:\/\/joyroom.is\/vara\/jr-zs356\/","url":"https:\/\/joyroom.is\/vara\/jr-zs356\/","name":"S\u00edmahaldari me\u00f0 sogsk\u00e1l fest \u00e1 innr\u00e9ttingu e\u00f0a r\u00fa\u00f0u b\u00edlsins","isPartOf":{"@id":"https:\/\/joyroom.is\/#website"},"primaryImageOfPage":{"@id":"https:\/\/joyroom.is\/vara\/jr-zs356\/#primaryimage"},"image":{"@id":"https:\/\/joyroom.is\/vara\/jr-zs356\/#primaryimage"},"thumbnailUrl":"https:\/\/joyroom.is\/wp-content\/uploads\/2025\/09\/JR-ZS356.jpg","datePublished":"2025-09-10T12:12:13+00:00","dateModified":"2025-10-02T12:26:43+00:00","description":"St\u00edlhreinn, sterkur og st\u00f6\u00f0ugur s\u00edmahaldari sem festur me\u00f0 sogsk\u00e1l \u00e1 framr\u00fa\u00f0una e\u00f0a m\u00e6labor\u00f0i\u00f0 \u00ed b\u00edlnum. Au\u00f0velt a\u00f0 setja upp og taka aftur ni\u00f0ur.","breadcrumb":{"@id":"https:\/\/joyroom.is\/vara\/jr-zs356\/#breadcrumb"},"inLanguage":"en-US","potentialAction":[{"@type":"ReadAction","target":["https:\/\/joyroom.is\/vara\/jr-zs356\/"]}]},{"@type":"ImageObject","inLanguage":"en-US","@id":"https:\/\/joyroom.is\/vara\/jr-zs356\/#primaryimage","url":"https:\/\/joyroom.is\/wp-content\/uploads\/2025\/09\/JR-ZS356.jpg","contentUrl":"https:\/\/joyroom.is\/wp-content\/uploads\/2025\/09\/JR-ZS356.jpg","width":600,"height":600},{"@type":"BreadcrumbList","@id":"https:\/\/joyroom.is\/vara\/jr-zs356\/#breadcrumb","itemListElement":[{"@type":"ListItem","position":1,"name":"Home","item":"https:\/\/joyroom.is\/"},{"@type":"ListItem","position":2,"name":"Shop","item":"https:\/\/www.vorulagerinn.is\/heildsala\/en\/shop\/"},{"@type":"ListItem","position":3,"name":"S\u00edmahaldari me\u00f0 sogsk\u00e1l fest \u00e1 innr\u00e9ttingu e\u00f0a r\u00fa\u00f0u b\u00edlsins"}]},{"@type":"WebSite","@id":"https:\/\/joyroom.is\/#website","url":"https:\/\/joyroom.is\/","name":"Joyroom \u00e1 \u00cdslandi","description":"Vali&eth; er einfalt","publisher":{"@id":"https:\/\/joyroom.is\/#organization"},"alternateName":"Joyroom","potentialAction":[{"@type":"SearchAction","target":{"@type":"EntryPoint","urlTemplate":"https:\/\/joyroom.is\/?s={search_term_string}"},"query-input":{"@type":"PropertyValueSpecification","valueRequired":true,"valueName":"search_term_string"}}],"inLanguage":"en-US"},{"@type":"Organization","@id":"https:\/\/joyroom.is\/#organization","name":"Joyroom \u00e1 \u00cdslandi","alternateName":"Joyroom","url":"https:\/\/joyroom.is\/","logo":{"@type":"ImageObject","inLanguage":"en-US","@id":"https:\/\/joyroom.is\/#\/schema\/logo\/image\/","url":"https:\/\/joyroom.is\/wp-content\/uploads\/2024\/08\/JR.jpg","contentUrl":"https:\/\/joyroom.is\/wp-content\/uploads\/2024\/08\/JR.jpg","width":1200,"height":1200,"caption":"Joyroom \u00e1 \u00cdslandi"},"image":{"@id":"https:\/\/joyroom.is\/#\/schema\/logo\/image\/"}}]}},"_links":{"self":[{"href":"https:\/\/joyroom.is\/en\/wp-json\/wp\/v2\/product\/25264","targetHints":{"allow":["GET"]}}],"collection":[{"href":"https:\/\/joyroom.is\/en\/wp-json\/wp\/v2\/product"}],"about":[{"href":"https:\/\/joyroom.is\/en\/wp-json\/wp\/v2\/types\/product"}],"wp:featuredmedia":[{"embeddable":true,"href":"https:\/\/joyroom.is\/en\/wp-json\/wp\/v2\/media\/25260"}],"wp:attachment":[{"href":"https:\/\/joyroom.is\/en\/wp-json\/wp\/v2\/media?parent=25264"}],"wp:term":[{"taxonomy":"product_brand","embeddable":true,"href":"https:\/\/joyroom.is\/en\/wp-json\/wp\/v2\/product_brand?post=25264"},{"taxonomy":"product_cat","embeddable":true,"href":"https:\/\/joyroom.is\/en\/wp-json\/wp\/v2\/product_cat?post=25264"},{"taxonomy":"product_tag","embeddable":true,"href":"https:\/\/joyroom.is\/en\/wp-json\/wp\/v2\/product_tag?post=25264"}],"curies":[{"name":"wp","href":"https:\/\/api.w.org\/{rel}","templated":true}]}}