{"id":25340,"date":"2025-12-09T07:19:36","date_gmt":"2025-12-09T07:19:36","guid":{"rendered":"https:\/\/joyroom.is\/product\/jr-zs511\/"},"modified":"2026-02-04T15:29:40","modified_gmt":"2026-02-04T15:29:40","slug":"jr-zs511","status":"publish","type":"product","link":"https:\/\/joyroom.is\/en\/product\/jr-zs511\/","title":{"rendered":"S\u00f3lgleraugnafesting me\u00f0 segulfestingu \u00e1 s\u00f3lskyggni b\u00edlsins"},"content":{"rendered":"","protected":false},"excerpt":{"rendered":"<p>Gl\u00e6sileg s\u00f3lgleraugnafesting sem heldur s\u00f3lgleraugunum \u00fe\u00ednum f\u00f6stum \u00e1 s\u00ednum sta\u00f0 \u00e1 sl\u00e9ttum sem hol\u00f3ttum vegum. \u00dea\u00f0 er au\u00f0velt a\u00f0 opna og loka festingunni me\u00f0 annarri hendi \u00e1n \u00feess a\u00f0 trufla akstur. V\u00f6ndu\u00f0 festing sem hentar \u00f6llum gleraugum \/ s\u00f3lgleraugum.<\/p>\n<p>&#8211; Litur: Svartur<br \/>\n&#8211; \u00deyngd: 32g<br \/>\n&#8211; St\u00e6r\u00f0: 9,5 x 2,5 x 4,5 cm<br \/>\n&#8211; Efni: ABS + PC + le\u00f0ur<\/p>\n","protected":false},"featured_media":25334,"template":"","meta":[],"product_brand":[],"product_cat":[435],"product_tag":[],"class_list":{"0":"post-25340","1":"product","2":"type-product","3":"status-publish","4":"has-post-thumbnail","6":"product_cat-festingar-og-standar","8":"first","9":"instock","10":"taxable","11":"shipping-taxable","12":"purchasable","13":"product-type-simple"},"yoast_head":"<!-- This site is optimized with the Yoast SEO Premium plugin v21.5 (Yoast SEO v27.5) - https:\/\/yoast.com\/product\/yoast-seo-premium-wordpress\/ -->\n<title>S\u00f3lgleraugnafesting me\u00f0 segulfestingu \u00e1 s\u00f3lskyggni b\u00edlsins | Joyroom<\/title>\n<meta name=\"description\" content=\"Gl\u00e6sileg s\u00f3lgleraugnafesting sem heldur s\u00f3lgleraugunum \u00fe\u00ednum f\u00f6stum \u00e1 s\u00ednum sta\u00f0 \u00e1 sl\u00e9ttum sem hol\u00f3ttum vegum. \u00dea\u00f0 er au\u00f0velt a\u00f0 opna og loka festingunni me\u00f0 annarri hendi \u00e1n \u00feess a\u00f0 trufla akstur. V\u00f6ndu\u00f0 festing sem hentar \u00f6llum gleraugum \/ s\u00f3lgleraugum.  - Litur: Svartur - \u00deyngd: 32g - St\u00e6r\u00f0: 9,5 x 2,5 x 4,5 cm - Efni: ABS + PC + le\u00f0ur\" \/>\n<meta name=\"robots\" content=\"index, follow, max-snippet:-1, max-image-preview:large, max-video-preview:-1\" \/>\n<link rel=\"canonical\" href=\"https:\/\/joyroom.is\/vara\/jr-zs511\/\" \/>\n<meta property=\"og:locale\" content=\"en_US\" \/>\n<meta property=\"og:type\" content=\"article\" \/>\n<meta property=\"og:title\" content=\"S\u00f3lgleraugnafesting me\u00f0 segulfestingu \u00e1 s\u00f3lskyggni b\u00edlsins\" \/>\n<meta property=\"og:description\" content=\"Gl\u00e6sileg s\u00f3lgleraugnafesting sem heldur s\u00f3lgleraugunum \u00fe\u00ednum f\u00f6stum \u00e1 s\u00ednum sta\u00f0 \u00e1 sl\u00e9ttum sem hol\u00f3ttum vegum. \u00dea\u00f0 er au\u00f0velt a\u00f0 opna og loka festingunni me\u00f0 annarri hendi \u00e1n \u00feess a\u00f0 trufla akstur. V\u00f6ndu\u00f0 festing sem hentar \u00f6llum gleraugum \/ s\u00f3lgleraugum.  - Litur: Svartur - \u00deyngd: 32g - St\u00e6r\u00f0: 9,5 x 2,5 x 4,5 cm - Efni: ABS + PC + le\u00f0ur\" \/>\n<meta property=\"og:url\" content=\"https:\/\/joyroom.is\/vara\/jr-zs511\/\" \/>\n<meta property=\"og:site_name\" content=\"Joyroom\" \/>\n<meta property=\"article:modified_time\" content=\"2026-02-04T15:29:40+00:00\" \/>\n<meta property=\"og:image\" content=\"https:\/\/joyroom.is\/wp-content\/uploads\/2025\/12\/JR-ZS511.jpg\" \/>\n\t<meta property=\"og:image:width\" content=\"600\" \/>\n\t<meta property=\"og:image:height\" content=\"600\" \/>\n\t<meta property=\"og:image:type\" content=\"image\/jpeg\" \/>\n<meta name=\"twitter:card\" content=\"summary_large_image\" \/>\n<script type=\"application\/ld+json\" class=\"yoast-schema-graph\">{\"@context\":\"https:\\\/\\\/schema.org\",\"@graph\":[{\"@type\":\"WebPage\",\"@id\":\"https:\\\/\\\/joyroom.is\\\/vara\\\/jr-zs511\\\/\",\"url\":\"https:\\\/\\\/joyroom.is\\\/vara\\\/jr-zs511\\\/\",\"name\":\"S\u00f3lgleraugnafesting me\u00f0 segulfestingu \u00e1 s\u00f3lskyggni b\u00edlsins | Joyroom\",\"isPartOf\":{\"@id\":\"https:\\\/\\\/joyroom.is\\\/#website\"},\"primaryImageOfPage\":{\"@id\":\"https:\\\/\\\/joyroom.is\\\/vara\\\/jr-zs511\\\/#primaryimage\"},\"image\":{\"@id\":\"https:\\\/\\\/joyroom.is\\\/vara\\\/jr-zs511\\\/#primaryimage\"},\"thumbnailUrl\":\"https:\\\/\\\/joyroom.is\\\/wp-content\\\/uploads\\\/2025\\\/12\\\/JR-ZS511.jpg\",\"datePublished\":\"2025-12-09T07:19:36+00:00\",\"dateModified\":\"2026-02-04T15:29:40+00:00\",\"description\":\"Gl\u00e6sileg s\u00f3lgleraugnafesting sem heldur s\u00f3lgleraugunum \u00fe\u00ednum f\u00f6stum \u00e1 s\u00ednum sta\u00f0 \u00e1 sl\u00e9ttum sem hol\u00f3ttum vegum. \u00dea\u00f0 er au\u00f0velt a\u00f0 opna og loka festingunni me\u00f0 annarri hendi \u00e1n \u00feess a\u00f0 trufla akstur. V\u00f6ndu\u00f0 festing sem hentar \u00f6llum gleraugum \\\/ s\u00f3lgleraugum. - Litur: Svartur - \u00deyngd: 32g - St\u00e6r\u00f0: 9,5 x 2,5 x 4,5 cm - Efni: ABS + PC + le\u00f0ur\",\"breadcrumb\":{\"@id\":\"https:\\\/\\\/joyroom.is\\\/vara\\\/jr-zs511\\\/#breadcrumb\"},\"inLanguage\":\"en-US\",\"potentialAction\":[{\"@type\":\"ReadAction\",\"target\":[\"https:\\\/\\\/joyroom.is\\\/vara\\\/jr-zs511\\\/\"]}]},{\"@type\":\"ImageObject\",\"inLanguage\":\"en-US\",\"@id\":\"https:\\\/\\\/joyroom.is\\\/vara\\\/jr-zs511\\\/#primaryimage\",\"url\":\"https:\\\/\\\/joyroom.is\\\/wp-content\\\/uploads\\\/2025\\\/12\\\/JR-ZS511.jpg\",\"contentUrl\":\"https:\\\/\\\/joyroom.is\\\/wp-content\\\/uploads\\\/2025\\\/12\\\/JR-ZS511.jpg\",\"width\":600,\"height\":600},{\"@type\":\"BreadcrumbList\",\"@id\":\"https:\\\/\\\/joyroom.is\\\/vara\\\/jr-zs511\\\/#breadcrumb\",\"itemListElement\":[{\"@type\":\"ListItem\",\"position\":1,\"name\":\"Home\",\"item\":\"https:\\\/\\\/joyroom.is\\\/\"},{\"@type\":\"ListItem\",\"position\":2,\"name\":\"Shop\",\"item\":\"https:\\\/\\\/www.vorulagerinn.is\\\/heildsala\\\/en\\\/shop\\\/\"},{\"@type\":\"ListItem\",\"position\":3,\"name\":\"S\u00f3lgleraugnafesting me\u00f0 segulfestingu \u00e1 s\u00f3lskyggni b\u00edlsins\"}]},{\"@type\":\"WebSite\",\"@id\":\"https:\\\/\\\/joyroom.is\\\/#website\",\"url\":\"https:\\\/\\\/joyroom.is\\\/\",\"name\":\"Joyroom \u00e1 \u00cdslandi\",\"description\":\"Vali&eth; er einfalt\",\"publisher\":{\"@id\":\"https:\\\/\\\/joyroom.is\\\/#organization\"},\"alternateName\":\"Joyroom\",\"potentialAction\":[{\"@type\":\"SearchAction\",\"target\":{\"@type\":\"EntryPoint\",\"urlTemplate\":\"https:\\\/\\\/joyroom.is\\\/?s={search_term_string}\"},\"query-input\":{\"@type\":\"PropertyValueSpecification\",\"valueRequired\":true,\"valueName\":\"search_term_string\"}}],\"inLanguage\":\"en-US\"},{\"@type\":\"Organization\",\"@id\":\"https:\\\/\\\/joyroom.is\\\/#organization\",\"name\":\"Joyroom \u00e1 \u00cdslandi\",\"alternateName\":\"Joyroom\",\"url\":\"https:\\\/\\\/joyroom.is\\\/\",\"logo\":{\"@type\":\"ImageObject\",\"inLanguage\":\"en-US\",\"@id\":\"https:\\\/\\\/joyroom.is\\\/#\\\/schema\\\/logo\\\/image\\\/\",\"url\":\"https:\\\/\\\/joyroom.is\\\/wp-content\\\/uploads\\\/2024\\\/08\\\/JR.jpg\",\"contentUrl\":\"https:\\\/\\\/joyroom.is\\\/wp-content\\\/uploads\\\/2024\\\/08\\\/JR.jpg\",\"width\":1200,\"height\":1200,\"caption\":\"Joyroom \u00e1 \u00cdslandi\"},\"image\":{\"@id\":\"https:\\\/\\\/joyroom.is\\\/#\\\/schema\\\/logo\\\/image\\\/\"}}]}<\/script>\n<!-- \/ Yoast SEO Premium plugin. -->","yoast_head_json":{"title":"S\u00f3lgleraugnafesting me\u00f0 segulfestingu \u00e1 s\u00f3lskyggni b\u00edlsins | Joyroom","description":"Gl\u00e6sileg s\u00f3lgleraugnafesting sem heldur s\u00f3lgleraugunum \u00fe\u00ednum f\u00f6stum \u00e1 s\u00ednum sta\u00f0 \u00e1 sl\u00e9ttum sem hol\u00f3ttum vegum. \u00dea\u00f0 er au\u00f0velt a\u00f0 opna og loka festingunni me\u00f0 annarri hendi \u00e1n \u00feess a\u00f0 trufla akstur. V\u00f6ndu\u00f0 festing sem hentar \u00f6llum gleraugum \/ s\u00f3lgleraugum.  - Litur: Svartur - \u00deyngd: 32g - St\u00e6r\u00f0: 9,5 x 2,5 x 4,5 cm - Efni: ABS + PC + le\u00f0ur","robots":{"index":"index","follow":"follow","max-snippet":"max-snippet:-1","max-image-preview":"max-image-preview:large","max-video-preview":"max-video-preview:-1"},"canonical":"https:\/\/joyroom.is\/vara\/jr-zs511\/","og_locale":"en_US","og_type":"article","og_title":"S\u00f3lgleraugnafesting me\u00f0 segulfestingu \u00e1 s\u00f3lskyggni b\u00edlsins","og_description":"Gl\u00e6sileg s\u00f3lgleraugnafesting sem heldur s\u00f3lgleraugunum \u00fe\u00ednum f\u00f6stum \u00e1 s\u00ednum sta\u00f0 \u00e1 sl\u00e9ttum sem hol\u00f3ttum vegum. \u00dea\u00f0 er au\u00f0velt a\u00f0 opna og loka festingunni me\u00f0 annarri hendi \u00e1n \u00feess a\u00f0 trufla akstur. V\u00f6ndu\u00f0 festing sem hentar \u00f6llum gleraugum \/ s\u00f3lgleraugum.  - Litur: Svartur - \u00deyngd: 32g - St\u00e6r\u00f0: 9,5 x 2,5 x 4,5 cm - Efni: ABS + PC + le\u00f0ur","og_url":"https:\/\/joyroom.is\/vara\/jr-zs511\/","og_site_name":"Joyroom","article_modified_time":"2026-02-04T15:29:40+00:00","og_image":[{"width":600,"height":600,"url":"https:\/\/joyroom.is\/wp-content\/uploads\/2025\/12\/JR-ZS511.jpg","type":"image\/jpeg"}],"twitter_card":"summary_large_image","schema":{"@context":"https:\/\/schema.org","@graph":[{"@type":"WebPage","@id":"https:\/\/joyroom.is\/vara\/jr-zs511\/","url":"https:\/\/joyroom.is\/vara\/jr-zs511\/","name":"S\u00f3lgleraugnafesting me\u00f0 segulfestingu \u00e1 s\u00f3lskyggni b\u00edlsins | Joyroom","isPartOf":{"@id":"https:\/\/joyroom.is\/#website"},"primaryImageOfPage":{"@id":"https:\/\/joyroom.is\/vara\/jr-zs511\/#primaryimage"},"image":{"@id":"https:\/\/joyroom.is\/vara\/jr-zs511\/#primaryimage"},"thumbnailUrl":"https:\/\/joyroom.is\/wp-content\/uploads\/2025\/12\/JR-ZS511.jpg","datePublished":"2025-12-09T07:19:36+00:00","dateModified":"2026-02-04T15:29:40+00:00","description":"Gl\u00e6sileg s\u00f3lgleraugnafesting sem heldur s\u00f3lgleraugunum \u00fe\u00ednum f\u00f6stum \u00e1 s\u00ednum sta\u00f0 \u00e1 sl\u00e9ttum sem hol\u00f3ttum vegum. \u00dea\u00f0 er au\u00f0velt a\u00f0 opna og loka festingunni me\u00f0 annarri hendi \u00e1n \u00feess a\u00f0 trufla akstur. V\u00f6ndu\u00f0 festing sem hentar \u00f6llum gleraugum \/ s\u00f3lgleraugum. - Litur: Svartur - \u00deyngd: 32g - St\u00e6r\u00f0: 9,5 x 2,5 x 4,5 cm - Efni: ABS + PC + le\u00f0ur","breadcrumb":{"@id":"https:\/\/joyroom.is\/vara\/jr-zs511\/#breadcrumb"},"inLanguage":"en-US","potentialAction":[{"@type":"ReadAction","target":["https:\/\/joyroom.is\/vara\/jr-zs511\/"]}]},{"@type":"ImageObject","inLanguage":"en-US","@id":"https:\/\/joyroom.is\/vara\/jr-zs511\/#primaryimage","url":"https:\/\/joyroom.is\/wp-content\/uploads\/2025\/12\/JR-ZS511.jpg","contentUrl":"https:\/\/joyroom.is\/wp-content\/uploads\/2025\/12\/JR-ZS511.jpg","width":600,"height":600},{"@type":"BreadcrumbList","@id":"https:\/\/joyroom.is\/vara\/jr-zs511\/#breadcrumb","itemListElement":[{"@type":"ListItem","position":1,"name":"Home","item":"https:\/\/joyroom.is\/"},{"@type":"ListItem","position":2,"name":"Shop","item":"https:\/\/www.vorulagerinn.is\/heildsala\/en\/shop\/"},{"@type":"ListItem","position":3,"name":"S\u00f3lgleraugnafesting me\u00f0 segulfestingu \u00e1 s\u00f3lskyggni b\u00edlsins"}]},{"@type":"WebSite","@id":"https:\/\/joyroom.is\/#website","url":"https:\/\/joyroom.is\/","name":"Joyroom \u00e1 \u00cdslandi","description":"Vali&eth; er einfalt","publisher":{"@id":"https:\/\/joyroom.is\/#organization"},"alternateName":"Joyroom","potentialAction":[{"@type":"SearchAction","target":{"@type":"EntryPoint","urlTemplate":"https:\/\/joyroom.is\/?s={search_term_string}"},"query-input":{"@type":"PropertyValueSpecification","valueRequired":true,"valueName":"search_term_string"}}],"inLanguage":"en-US"},{"@type":"Organization","@id":"https:\/\/joyroom.is\/#organization","name":"Joyroom \u00e1 \u00cdslandi","alternateName":"Joyroom","url":"https:\/\/joyroom.is\/","logo":{"@type":"ImageObject","inLanguage":"en-US","@id":"https:\/\/joyroom.is\/#\/schema\/logo\/image\/","url":"https:\/\/joyroom.is\/wp-content\/uploads\/2024\/08\/JR.jpg","contentUrl":"https:\/\/joyroom.is\/wp-content\/uploads\/2024\/08\/JR.jpg","width":1200,"height":1200,"caption":"Joyroom \u00e1 \u00cdslandi"},"image":{"@id":"https:\/\/joyroom.is\/#\/schema\/logo\/image\/"}}]}},"_links":{"self":[{"href":"https:\/\/joyroom.is\/en\/wp-json\/wp\/v2\/product\/25340","targetHints":{"allow":["GET"]}}],"collection":[{"href":"https:\/\/joyroom.is\/en\/wp-json\/wp\/v2\/product"}],"about":[{"href":"https:\/\/joyroom.is\/en\/wp-json\/wp\/v2\/types\/product"}],"wp:featuredmedia":[{"embeddable":true,"href":"https:\/\/joyroom.is\/en\/wp-json\/wp\/v2\/media\/25334"}],"wp:attachment":[{"href":"https:\/\/joyroom.is\/en\/wp-json\/wp\/v2\/media?parent=25340"}],"wp:term":[{"taxonomy":"product_brand","embeddable":true,"href":"https:\/\/joyroom.is\/en\/wp-json\/wp\/v2\/product_brand?post=25340"},{"taxonomy":"product_cat","embeddable":true,"href":"https:\/\/joyroom.is\/en\/wp-json\/wp\/v2\/product_cat?post=25340"},{"taxonomy":"product_tag","embeddable":true,"href":"https:\/\/joyroom.is\/en\/wp-json\/wp\/v2\/product_tag?post=25340"}],"curies":[{"name":"wp","href":"https:\/\/api.w.org\/{rel}","templated":true}]}}