{"id":25358,"date":"2025-11-13T12:49:55","date_gmt":"2025-11-13T12:49:55","guid":{"rendered":"https:\/\/joyroom.is\/product\/jr-17sj02\/"},"modified":"2025-11-13T12:49:55","modified_gmt":"2025-11-13T12:49:55","slug":"jr-17sj02","status":"publish","type":"product","link":"https:\/\/joyroom.is\/en\/product\/jr-17sj02\/","title":{"rendered":"S\u00edmahulstur gl\u00e6rt fyrir iPhone 17 Pro"},"content":{"rendered":"","protected":false},"excerpt":{"rendered":"<p>Hulstri\u00f0 er gl\u00e6rt og veitir v\u00f6rn gegn hnjaski, ripsum og h\u00f6ggum. Sv\u00e6\u00f0i\u00f0 \u00ed kringum myndav\u00e9larnar a\u00f0 aftan eru h\u00e6kka\u00f0ar til a\u00f0 veita enn meiri v\u00f6rn auk \u00feess er h\u00f6ggv\u00f6rn \u00e1 \u00f6llum fj\u00f6rum hornum s\u00edmahulstursins.<\/p>\n<p>Gl\u00e6silegt iPhone 17 Pro s\u00edmahulstur sem veitir v\u00f6rn fyrir m\u00f6gulegu hnjaski og g\u00e6ti spara\u00f0 \u00fe\u00e9r d\u00fdran vi\u00f0ger\u00f0arkostna\u00f0.<\/p>\n<p>\u2013 Litur: Gl\u00e6rt<br \/>\n\u2013 Efni: H\u00f6gg\u00feoli\u00f0 TPU og PC<br \/>\n\u2013 Hulstur fyrir: iPhone 17 Pro<\/p>\n","protected":false},"featured_media":25356,"template":"","meta":[],"product_brand":[],"product_cat":[446],"product_tag":[],"class_list":{"0":"post-25358","1":"product","2":"type-product","3":"status-publish","4":"has-post-thumbnail","6":"product_cat-simahulstur","8":"first","9":"instock","10":"taxable","11":"shipping-taxable","12":"purchasable","13":"product-type-simple"},"yoast_head":"<!-- This site is optimized with the Yoast SEO Premium plugin v21.5 (Yoast SEO v27.4) - https:\/\/yoast.com\/product\/yoast-seo-premium-wordpress\/ -->\n<title>S\u00edmahulstur gl\u00e6rt fyrir iPhone 17 Pro | Joyroom<\/title>\n<meta name=\"description\" content=\"Hulstri\u00f0 er gl\u00e6rt og veitir v\u00f6rn gegn hnjaski, ripsum og h\u00f6ggum. Sv\u00e6\u00f0i\u00f0 \u00ed kringum myndav\u00e9larnar a\u00f0 aftan eru h\u00e6kka\u00f0ar til a\u00f0 veita enn meiri v\u00f6rn auk \u00feess er h\u00f6ggv\u00f6rn \u00e1 \u00f6llum fj\u00f6rum hornum s\u00edmahulstursins.  Gl\u00e6silegt iPhone 17 Pro s\u00edmahulstur sem veitir v\u00f6rn fyrir m\u00f6gulegu hnjaski og g\u00e6ti spara\u00f0 \u00fe\u00e9r d\u00fdran vi\u00f0ger\u00f0arkostna\u00f0.  \u2013 Litur: Gl\u00e6rt \u2013 Efni: H\u00f6gg\u00feoli\u00f0 TPU og PC \u2013 Hulstur fyrir: iPhone 17 Pro\" \/>\n<meta name=\"robots\" content=\"index, follow, max-snippet:-1, max-image-preview:large, max-video-preview:-1\" \/>\n<link rel=\"canonical\" href=\"https:\/\/joyroom.is\/vara\/jr-17sj02\/\" \/>\n<meta property=\"og:locale\" content=\"en_US\" \/>\n<meta property=\"og:type\" content=\"article\" \/>\n<meta property=\"og:title\" content=\"S\u00edmahulstur gl\u00e6rt fyrir iPhone 17 Pro\" \/>\n<meta property=\"og:description\" content=\"Hulstri\u00f0 er gl\u00e6rt og veitir v\u00f6rn gegn hnjaski, ripsum og h\u00f6ggum. Sv\u00e6\u00f0i\u00f0 \u00ed kringum myndav\u00e9larnar a\u00f0 aftan eru h\u00e6kka\u00f0ar til a\u00f0 veita enn meiri v\u00f6rn auk \u00feess er h\u00f6ggv\u00f6rn \u00e1 \u00f6llum fj\u00f6rum hornum s\u00edmahulstursins.  Gl\u00e6silegt iPhone 17 Pro s\u00edmahulstur sem veitir v\u00f6rn fyrir m\u00f6gulegu hnjaski og g\u00e6ti spara\u00f0 \u00fe\u00e9r d\u00fdran vi\u00f0ger\u00f0arkostna\u00f0.  \u2013 Litur: Gl\u00e6rt \u2013 Efni: H\u00f6gg\u00feoli\u00f0 TPU og PC \u2013 Hulstur fyrir: iPhone 17 Pro\" \/>\n<meta property=\"og:url\" content=\"https:\/\/joyroom.is\/vara\/jr-17sj02\/\" \/>\n<meta property=\"og:site_name\" content=\"Joyroom\" \/>\n<meta property=\"og:image\" content=\"https:\/\/joyroom.is\/wp-content\/uploads\/2024\/08\/JR.jpg\" \/>\n\t<meta property=\"og:image:width\" content=\"1200\" \/>\n\t<meta property=\"og:image:height\" content=\"1200\" \/>\n\t<meta property=\"og:image:type\" content=\"image\/jpeg\" \/>\n<meta name=\"twitter:card\" content=\"summary_large_image\" \/>\n<script type=\"application\/ld+json\" class=\"yoast-schema-graph\">{\"@context\":\"https:\\\/\\\/schema.org\",\"@graph\":[{\"@type\":\"WebPage\",\"@id\":\"https:\\\/\\\/joyroom.is\\\/vara\\\/jr-17sj02\\\/\",\"url\":\"https:\\\/\\\/joyroom.is\\\/vara\\\/jr-17sj02\\\/\",\"name\":\"S\u00edmahulstur gl\u00e6rt fyrir iPhone 17 Pro | Joyroom\",\"isPartOf\":{\"@id\":\"https:\\\/\\\/joyroom.is\\\/#website\"},\"primaryImageOfPage\":{\"@id\":\"https:\\\/\\\/joyroom.is\\\/vara\\\/jr-17sj02\\\/#primaryimage\"},\"image\":{\"@id\":\"https:\\\/\\\/joyroom.is\\\/vara\\\/jr-17sj02\\\/#primaryimage\"},\"thumbnailUrl\":\"https:\\\/\\\/joyroom.is\\\/wp-content\\\/uploads\\\/2025\\\/12\\\/JR-17SJ02.png\",\"datePublished\":\"2025-11-13T12:49:55+00:00\",\"description\":\"Hulstri\u00f0 er gl\u00e6rt og veitir v\u00f6rn gegn hnjaski, ripsum og h\u00f6ggum. Sv\u00e6\u00f0i\u00f0 \u00ed kringum myndav\u00e9larnar a\u00f0 aftan eru h\u00e6kka\u00f0ar til a\u00f0 veita enn meiri v\u00f6rn auk \u00feess er h\u00f6ggv\u00f6rn \u00e1 \u00f6llum fj\u00f6rum hornum s\u00edmahulstursins. Gl\u00e6silegt iPhone 17 Pro s\u00edmahulstur sem veitir v\u00f6rn fyrir m\u00f6gulegu hnjaski og g\u00e6ti spara\u00f0 \u00fe\u00e9r d\u00fdran vi\u00f0ger\u00f0arkostna\u00f0. \u2013 Litur: Gl\u00e6rt \u2013 Efni: H\u00f6gg\u00feoli\u00f0 TPU og PC \u2013 Hulstur fyrir: iPhone 17 Pro\",\"breadcrumb\":{\"@id\":\"https:\\\/\\\/joyroom.is\\\/vara\\\/jr-17sj02\\\/#breadcrumb\"},\"inLanguage\":\"en-US\",\"potentialAction\":[{\"@type\":\"ReadAction\",\"target\":[\"https:\\\/\\\/joyroom.is\\\/vara\\\/jr-17sj02\\\/\"]}]},{\"@type\":\"ImageObject\",\"inLanguage\":\"en-US\",\"@id\":\"https:\\\/\\\/joyroom.is\\\/vara\\\/jr-17sj02\\\/#primaryimage\",\"url\":\"https:\\\/\\\/joyroom.is\\\/wp-content\\\/uploads\\\/2025\\\/12\\\/JR-17SJ02.png\",\"contentUrl\":\"https:\\\/\\\/joyroom.is\\\/wp-content\\\/uploads\\\/2025\\\/12\\\/JR-17SJ02.png\",\"width\":600,\"height\":600},{\"@type\":\"BreadcrumbList\",\"@id\":\"https:\\\/\\\/joyroom.is\\\/vara\\\/jr-17sj02\\\/#breadcrumb\",\"itemListElement\":[{\"@type\":\"ListItem\",\"position\":1,\"name\":\"Home\",\"item\":\"https:\\\/\\\/joyroom.is\\\/\"},{\"@type\":\"ListItem\",\"position\":2,\"name\":\"Shop\",\"item\":\"https:\\\/\\\/www.vorulagerinn.is\\\/heildsala\\\/en\\\/shop\\\/\"},{\"@type\":\"ListItem\",\"position\":3,\"name\":\"S\u00edmahulstur gl\u00e6rt fyrir iPhone 17 Pro\"}]},{\"@type\":\"WebSite\",\"@id\":\"https:\\\/\\\/joyroom.is\\\/#website\",\"url\":\"https:\\\/\\\/joyroom.is\\\/\",\"name\":\"Joyroom \u00e1 \u00cdslandi\",\"description\":\"Vali&eth; er einfalt\",\"publisher\":{\"@id\":\"https:\\\/\\\/joyroom.is\\\/#organization\"},\"alternateName\":\"Joyroom\",\"potentialAction\":[{\"@type\":\"SearchAction\",\"target\":{\"@type\":\"EntryPoint\",\"urlTemplate\":\"https:\\\/\\\/joyroom.is\\\/?s={search_term_string}\"},\"query-input\":{\"@type\":\"PropertyValueSpecification\",\"valueRequired\":true,\"valueName\":\"search_term_string\"}}],\"inLanguage\":\"en-US\"},{\"@type\":\"Organization\",\"@id\":\"https:\\\/\\\/joyroom.is\\\/#organization\",\"name\":\"Joyroom \u00e1 \u00cdslandi\",\"alternateName\":\"Joyroom\",\"url\":\"https:\\\/\\\/joyroom.is\\\/\",\"logo\":{\"@type\":\"ImageObject\",\"inLanguage\":\"en-US\",\"@id\":\"https:\\\/\\\/joyroom.is\\\/#\\\/schema\\\/logo\\\/image\\\/\",\"url\":\"https:\\\/\\\/joyroom.is\\\/wp-content\\\/uploads\\\/2024\\\/08\\\/JR.jpg\",\"contentUrl\":\"https:\\\/\\\/joyroom.is\\\/wp-content\\\/uploads\\\/2024\\\/08\\\/JR.jpg\",\"width\":1200,\"height\":1200,\"caption\":\"Joyroom \u00e1 \u00cdslandi\"},\"image\":{\"@id\":\"https:\\\/\\\/joyroom.is\\\/#\\\/schema\\\/logo\\\/image\\\/\"}}]}<\/script>\n<!-- \/ Yoast SEO Premium plugin. -->","yoast_head_json":{"title":"S\u00edmahulstur gl\u00e6rt fyrir iPhone 17 Pro | Joyroom","description":"Hulstri\u00f0 er gl\u00e6rt og veitir v\u00f6rn gegn hnjaski, ripsum og h\u00f6ggum. Sv\u00e6\u00f0i\u00f0 \u00ed kringum myndav\u00e9larnar a\u00f0 aftan eru h\u00e6kka\u00f0ar til a\u00f0 veita enn meiri v\u00f6rn auk \u00feess er h\u00f6ggv\u00f6rn \u00e1 \u00f6llum fj\u00f6rum hornum s\u00edmahulstursins.  Gl\u00e6silegt iPhone 17 Pro s\u00edmahulstur sem veitir v\u00f6rn fyrir m\u00f6gulegu hnjaski og g\u00e6ti spara\u00f0 \u00fe\u00e9r d\u00fdran vi\u00f0ger\u00f0arkostna\u00f0.  \u2013 Litur: Gl\u00e6rt \u2013 Efni: H\u00f6gg\u00feoli\u00f0 TPU og PC \u2013 Hulstur fyrir: iPhone 17 Pro","robots":{"index":"index","follow":"follow","max-snippet":"max-snippet:-1","max-image-preview":"max-image-preview:large","max-video-preview":"max-video-preview:-1"},"canonical":"https:\/\/joyroom.is\/vara\/jr-17sj02\/","og_locale":"en_US","og_type":"article","og_title":"S\u00edmahulstur gl\u00e6rt fyrir iPhone 17 Pro","og_description":"Hulstri\u00f0 er gl\u00e6rt og veitir v\u00f6rn gegn hnjaski, ripsum og h\u00f6ggum. Sv\u00e6\u00f0i\u00f0 \u00ed kringum myndav\u00e9larnar a\u00f0 aftan eru h\u00e6kka\u00f0ar til a\u00f0 veita enn meiri v\u00f6rn auk \u00feess er h\u00f6ggv\u00f6rn \u00e1 \u00f6llum fj\u00f6rum hornum s\u00edmahulstursins.  Gl\u00e6silegt iPhone 17 Pro s\u00edmahulstur sem veitir v\u00f6rn fyrir m\u00f6gulegu hnjaski og g\u00e6ti spara\u00f0 \u00fe\u00e9r d\u00fdran vi\u00f0ger\u00f0arkostna\u00f0.  \u2013 Litur: Gl\u00e6rt \u2013 Efni: H\u00f6gg\u00feoli\u00f0 TPU og PC \u2013 Hulstur fyrir: iPhone 17 Pro","og_url":"https:\/\/joyroom.is\/vara\/jr-17sj02\/","og_site_name":"Joyroom","og_image":[{"width":1200,"height":1200,"url":"https:\/\/joyroom.is\/wp-content\/uploads\/2024\/08\/JR.jpg","type":"image\/jpeg"}],"twitter_card":"summary_large_image","schema":{"@context":"https:\/\/schema.org","@graph":[{"@type":"WebPage","@id":"https:\/\/joyroom.is\/vara\/jr-17sj02\/","url":"https:\/\/joyroom.is\/vara\/jr-17sj02\/","name":"S\u00edmahulstur gl\u00e6rt fyrir iPhone 17 Pro | Joyroom","isPartOf":{"@id":"https:\/\/joyroom.is\/#website"},"primaryImageOfPage":{"@id":"https:\/\/joyroom.is\/vara\/jr-17sj02\/#primaryimage"},"image":{"@id":"https:\/\/joyroom.is\/vara\/jr-17sj02\/#primaryimage"},"thumbnailUrl":"https:\/\/joyroom.is\/wp-content\/uploads\/2025\/12\/JR-17SJ02.png","datePublished":"2025-11-13T12:49:55+00:00","description":"Hulstri\u00f0 er gl\u00e6rt og veitir v\u00f6rn gegn hnjaski, ripsum og h\u00f6ggum. Sv\u00e6\u00f0i\u00f0 \u00ed kringum myndav\u00e9larnar a\u00f0 aftan eru h\u00e6kka\u00f0ar til a\u00f0 veita enn meiri v\u00f6rn auk \u00feess er h\u00f6ggv\u00f6rn \u00e1 \u00f6llum fj\u00f6rum hornum s\u00edmahulstursins. Gl\u00e6silegt iPhone 17 Pro s\u00edmahulstur sem veitir v\u00f6rn fyrir m\u00f6gulegu hnjaski og g\u00e6ti spara\u00f0 \u00fe\u00e9r d\u00fdran vi\u00f0ger\u00f0arkostna\u00f0. \u2013 Litur: Gl\u00e6rt \u2013 Efni: H\u00f6gg\u00feoli\u00f0 TPU og PC \u2013 Hulstur fyrir: iPhone 17 Pro","breadcrumb":{"@id":"https:\/\/joyroom.is\/vara\/jr-17sj02\/#breadcrumb"},"inLanguage":"en-US","potentialAction":[{"@type":"ReadAction","target":["https:\/\/joyroom.is\/vara\/jr-17sj02\/"]}]},{"@type":"ImageObject","inLanguage":"en-US","@id":"https:\/\/joyroom.is\/vara\/jr-17sj02\/#primaryimage","url":"https:\/\/joyroom.is\/wp-content\/uploads\/2025\/12\/JR-17SJ02.png","contentUrl":"https:\/\/joyroom.is\/wp-content\/uploads\/2025\/12\/JR-17SJ02.png","width":600,"height":600},{"@type":"BreadcrumbList","@id":"https:\/\/joyroom.is\/vara\/jr-17sj02\/#breadcrumb","itemListElement":[{"@type":"ListItem","position":1,"name":"Home","item":"https:\/\/joyroom.is\/"},{"@type":"ListItem","position":2,"name":"Shop","item":"https:\/\/www.vorulagerinn.is\/heildsala\/en\/shop\/"},{"@type":"ListItem","position":3,"name":"S\u00edmahulstur gl\u00e6rt fyrir iPhone 17 Pro"}]},{"@type":"WebSite","@id":"https:\/\/joyroom.is\/#website","url":"https:\/\/joyroom.is\/","name":"Joyroom \u00e1 \u00cdslandi","description":"Vali&eth; er einfalt","publisher":{"@id":"https:\/\/joyroom.is\/#organization"},"alternateName":"Joyroom","potentialAction":[{"@type":"SearchAction","target":{"@type":"EntryPoint","urlTemplate":"https:\/\/joyroom.is\/?s={search_term_string}"},"query-input":{"@type":"PropertyValueSpecification","valueRequired":true,"valueName":"search_term_string"}}],"inLanguage":"en-US"},{"@type":"Organization","@id":"https:\/\/joyroom.is\/#organization","name":"Joyroom \u00e1 \u00cdslandi","alternateName":"Joyroom","url":"https:\/\/joyroom.is\/","logo":{"@type":"ImageObject","inLanguage":"en-US","@id":"https:\/\/joyroom.is\/#\/schema\/logo\/image\/","url":"https:\/\/joyroom.is\/wp-content\/uploads\/2024\/08\/JR.jpg","contentUrl":"https:\/\/joyroom.is\/wp-content\/uploads\/2024\/08\/JR.jpg","width":1200,"height":1200,"caption":"Joyroom \u00e1 \u00cdslandi"},"image":{"@id":"https:\/\/joyroom.is\/#\/schema\/logo\/image\/"}}]}},"_links":{"self":[{"href":"https:\/\/joyroom.is\/en\/wp-json\/wp\/v2\/product\/25358","targetHints":{"allow":["GET"]}}],"collection":[{"href":"https:\/\/joyroom.is\/en\/wp-json\/wp\/v2\/product"}],"about":[{"href":"https:\/\/joyroom.is\/en\/wp-json\/wp\/v2\/types\/product"}],"wp:featuredmedia":[{"embeddable":true,"href":"https:\/\/joyroom.is\/en\/wp-json\/wp\/v2\/media\/25356"}],"wp:attachment":[{"href":"https:\/\/joyroom.is\/en\/wp-json\/wp\/v2\/media?parent=25358"}],"wp:term":[{"taxonomy":"product_brand","embeddable":true,"href":"https:\/\/joyroom.is\/en\/wp-json\/wp\/v2\/product_brand?post=25358"},{"taxonomy":"product_cat","embeddable":true,"href":"https:\/\/joyroom.is\/en\/wp-json\/wp\/v2\/product_cat?post=25358"},{"taxonomy":"product_tag","embeddable":true,"href":"https:\/\/joyroom.is\/en\/wp-json\/wp\/v2\/product_tag?post=25358"}],"curies":[{"name":"wp","href":"https:\/\/api.w.org\/{rel}","templated":true}]}}